{"id":9,"date":"2008-01-10T09:47:12","date_gmt":"2008-01-10T07:47:12","guid":{"rendered":"http:\/\/org.utu.fi:80\/tyyala\/vare\/wp_14_testi\/?page_id=9"},"modified":"2026-02-19T15:53:02","modified_gmt":"2026-02-19T13:53:02","slug":"toiminta","status":"publish","type":"page","link":"https:\/\/tyyala.utu.fi\/vare\/toiminta\/","title":{"rendered":"Toiminta"},"content":{"rendered":"<p><img loading=\"lazy\" decoding=\"async\" class=\"alignleft\" style=\"border: 2px solid black;margin-left: 10px\" title=\"Keramiikan polttoa Kuralassa 1999.\" src=\"https:\/\/tyyala.utu.fi\/vare\/wp-content\/uploads\/sites\/14\/kuvat\/Poltto6.JPG\" alt=\" Keramiikan polttoa Kuralassa 1999.\" width=\"281\" height=\"189\" \/><\/p>\n<p style=\"text-align: justify\">Vareen toiminta perustuu j\u00e4senist\u00f6lle j\u00e4rjestett\u00e4viin tapahtumiin, ekskursioihin ja luentoihin. Samalla yksi ainej\u00e4rjest\u00f6n keskeisist\u00e4 teht\u00e4vist\u00e4 on my\u00f6s arkeologian opiskelun mielekkyydest\u00e4 huolehtiminen. Yhdistys toimii sek\u00e4 tapahtumien j\u00e4rjest\u00e4-misess\u00e4 ja koulutuspoliittisessa vaikuttamisessa yhteisty\u00f6ss\u00e4 muiden muassa historia-aineiden, kult-tuurintutkimuksen ja geologian oppiaineiden ainej\u00e4rjest\u00f6jen kanssa. N\u00e4it\u00e4 ovat historia-aineiden <strong>Kritiikki<\/strong>, folkloristiikan, etnologian ja uskontotieteen opiskelijoiden ainej\u00e4rjest\u00f6 <strong>Kutu <\/strong>sek\u00e4 geologian opiskelijoiden ainej\u00e4rjest\u00f6 <strong>Pulterit<\/strong>.<\/p>\n<p>Vareen toimintaan ja sen tuottamiseen ovat tervetulleita kaikki arkeologian opiskelijat. Lue lis\u00e4\u00e4 <span style=\"color: #000080\"><a style=\"color: #000080\" href=\"https:\/\/tyyala.utu.fi\/vare\/jaseneksi\/\">j\u00e4seneksi liittymisest\u00e4<\/a><\/span> ja seuraa tietoa yhdistyksen tapahtumista Vareen <a href=\"https:\/\/chat.whatsapp.com\/I6ZJgbBusUxGHbwn7jm3qd\">Whatsapp<span style=\"color: #000080\">-ryhm\u00e4ss\u00e4<\/span><\/a>, <span style=\"color: #000080\"><a style=\"color: #000080\" href=\"https:\/\/www.instagram.com\/vare.ry\/\">Instagramissa<\/a><\/span>,<span style=\"color: #000080\"><a style=\"color: #000080\" href=\"https:\/\/lists.utu.fi\/mailman\/listinfo\/vare\"> s\u00e4hk\u00f6postilistalla <\/a><\/span>sek\u00e4 t\u00e4\u00e4ll\u00e4 nettisivuilla.<\/p>\n<p><strong>Vuotuisperinteet<br \/>\n<\/strong>Vareen kuin niin monen muunkin ainej\u00e4rjest\u00f6n toiminnan perustan luovat perinteikk\u00e4\u00e4t vuotuisjuhlat. Uusille opiskelijoille tapahtumista merkitt\u00e4vin lienee\u00a0 kuitenkin syksyisin j\u00e4rjestett\u00e4v\u00e4t <strong><em>k<\/em><em>astajaiset<\/em><\/strong>, jotka j\u00e4rjestet\u00e4\u00e4n yhteisten perusopintojen ja siten yhteisten fuksien vuoksi yhdess\u00e4 Kritiikin kanssa. Syksyn muita vuosittaisia opiskelijatapahtumia ovat <strong><em>Halloween-teemabileet<\/em><\/strong>, <em><strong>pikkujoulut<\/strong> <\/em>ja arkeologian oppiaineen kanssa yhdess\u00e4 vietett\u00e4v\u00e4t jouluinen<strong><em> puurohetki<\/em><\/strong>.<\/p>\n<p style=\"text-align: justify\">Kev\u00e4tlukukauden aloittaa ensimm\u00e4isen vuoden opiskelijoiden vanhoille opiskelijoille j\u00e4rjest\u00e4m\u00e4t syksyn kastajaisia vastaavat <strong><em>ko<\/em><em>stajaiset<\/em><\/strong>. Vareen <strong><em>talvijuhlia<\/em><\/strong> on nimest\u00e4\u00e4n poiketen juhlittu p\u00e4\u00e4s\u00e4\u00e4nt\u00f6isesti kev\u00e4ttalvella, mutta aina vaihtuvalla teemalla. Huhtikuussa j\u00e4rjestet\u00e4\u00e4n perinteisesti\u00a0<strong><em>Ucon wacat<\/em> <\/strong>Kutun ja Sugrin kanssa.\u00a0Kev\u00e4\u00e4n viimeiset suuret tapahtumat ovat <strong><em>v<\/em><em>appu<\/em><\/strong>, mihin kuuluu oman boolipisteen hoito, muiden ainej\u00e4rjest\u00f6jen pisteill\u00e4 kiert\u00e4minen sek\u00e4 TYYn vappukulkue, jossa Vareen edustaja kantaa yhdistyksen lippua airueen kanssa, sek\u00e4 arkeologian oppiaineen kanssa vietetyt <strong>kentt\u00e4kauden avajaiset.<\/strong><\/p>\n<p>Vare toimii yhteisty\u00f6ss\u00e4 muiden Suomen arkeologian opiskelija-ainej\u00e4rjest\u00f6jen <strong>Fibula<\/strong> (Helsinki) ja <strong>Meteli<\/strong> (Oulu) kanssa ja on aikaisemmin j\u00e4rjest\u00e4nyt vuorovuosin opiskelijoille suunnatun seminaarin <em><strong>v<\/strong><strong>arjop\u00e4iv\u00e4t<\/strong>,\u00a0<\/em>joissa p\u00e4\u00e4si helposti luomaan kontakteja ja harjoittelemaan esitelmien pitoa.<\/p>\n<p style=\"text-align: justify\">Sek\u00e4 syksyll\u00e4 ett\u00e4 kev\u00e4\u00e4ll\u00e4 j\u00e4rjestett\u00e4vi\u00e4 tapahtumia ovat muun muassa muinaisj\u00e4\u00e4nn\u00f6sretket, joista syksyn retki sijoittuu yleens\u00e4 Turun alueelle ja kev\u00e4inen hieman kauemmas tai jopa ulkomaille. Leffaillat, baarikierrokset, saunaillat ja erilaiset peli-illat kuuluvat my\u00f6s varelaisten lukuvuoden tapahtumiin.<\/p>\n<p style=\"text-align: justify\"><strong>Arkeologian opiskelijan arki<\/strong><img loading=\"lazy\" decoding=\"async\" class=\"alignright\" style=\"border: 2px solid black;margin-left: 10px\" title=\"Kampakeramiikan valmistusta Kuralassa 1999.\" src=\"https:\/\/tyyala.utu.fi\/vare\/wp-content\/uploads\/sites\/14\/kuvat\/Kertsujen_tekeminen3.JPG\" alt=\"\" width=\"286\" height=\"190\" \/><br \/>\nVareen jatkuvaan toimintaan kuuluvat jokaviikkoiset keskiviikkokahvitukset Geotalon kahvihuoneessa. Nyt jo lakkautetut perjantai-iltaisin vietett\u00e4v\u00e4t p\u00e4ivystykset j\u00e4rjestettiin aikaisemmin aina vaihtuvassa ravintolassa joka toinen perjantai.<\/p>\n<p style=\"text-align: justify\">Ajoittain j\u00e4rjestet\u00e4\u00e4n erilaisia opintoja tukevia kerhoja, kursseja ja piirej\u00e4. Aikaisemmin on kokoonnuttu muun muassa teoriapiiriin, osallistuttu keramiikkakerhoon, tehty kokeellista arkeologiaa ja joskus on j\u00e4rjestetty pienimuotoisia kaivauksiakin.<\/p>\n","protected":false},"excerpt":{"rendered":"<p>Vareen toiminta perustuu j\u00e4senist\u00f6lle j\u00e4rjestett\u00e4viin tapahtumiin, ekskursioihin ja luentoihin. Samalla yksi ainej\u00e4rjest\u00f6n keskeisist\u00e4 teht\u00e4vist\u00e4 on my\u00f6s arkeologian opiskelun mielekkyydest\u00e4 huolehtiminen. Yhdistys toimii sek\u00e4 tapahtumien j\u00e4rjest\u00e4-misess\u00e4 ja koulutuspoliittisessa vaikuttamisessa yhteisty\u00f6ss\u00e4 muiden muassa historia-aineiden, kult-tuurintutkimuksen ja geologian oppiaineiden ainej\u00e4rjest\u00f6jen kanssa. N\u00e4it\u00e4 ovat historia-aineiden Kritiikki, folkloristiikan, etnologian ja uskontotieteen opiskelijoiden ainej\u00e4rjest\u00f6 Kutu sek\u00e4 geologian opiskelijoiden ainej\u00e4rjest\u00f6 Pulterit. Vareen [&hellip;]<\/p>\n","protected":false},"author":23,"featured_media":0,"parent":0,"menu_order":1,"comment_status":"closed","ping_status":"closed","template":"","meta":{"_kad_blocks_custom_css":"","_kad_blocks_head_custom_js":"","_kad_blocks_body_custom_js":"","_kad_blocks_footer_custom_js":"","footnotes":""},"class_list":["post-9","page","type-page","status-publish","czr-hentry"],"taxonomy_info":[],"featured_image_src_large":false,"author_info":{"display_name":"mijuhe","author_link":"https:\/\/tyyala.utu.fi\/vare\/author\/mijuhe\/"},"comment_info":0,"_links":{"self":[{"href":"https:\/\/tyyala.utu.fi\/vare\/wp-json\/wp\/v2\/pages\/9","targetHints":{"allow":["GET"]}}],"collection":[{"href":"https:\/\/tyyala.utu.fi\/vare\/wp-json\/wp\/v2\/pages"}],"about":[{"href":"https:\/\/tyyala.utu.fi\/vare\/wp-json\/wp\/v2\/types\/page"}],"author":[{"embeddable":true,"href":"https:\/\/tyyala.utu.fi\/vare\/wp-json\/wp\/v2\/users\/23"}],"replies":[{"embeddable":true,"href":"https:\/\/tyyala.utu.fi\/vare\/wp-json\/wp\/v2\/comments?post=9"}],"version-history":[{"count":30,"href":"https:\/\/tyyala.utu.fi\/vare\/wp-json\/wp\/v2\/pages\/9\/revisions"}],"predecessor-version":[{"id":4735,"href":"https:\/\/tyyala.utu.fi\/vare\/wp-json\/wp\/v2\/pages\/9\/revisions\/4735"}],"wp:attachment":[{"href":"https:\/\/tyyala.utu.fi\/vare\/wp-json\/wp\/v2\/media?parent=9"}],"curies":[{"name":"wp","href":"https:\/\/api.w.org\/{rel}","templated":true}]}}