{"id":7,"date":"2008-01-10T09:45:47","date_gmt":"2008-01-10T07:45:47","guid":{"rendered":"http:\/\/org.utu.fi:80\/tyyala\/vare\/wp_14_testi\/?page_id=7"},"modified":"2026-02-19T15:59:24","modified_gmt":"2026-02-19T13:59:24","slug":"varelia","status":"publish","type":"page","link":"https:\/\/tyyala.utu.fi\/vare\/varelia\/","title":{"rendered":"Varelia"},"content":{"rendered":"\n<h4 class=\"wp-block-heading\"><strong>Toimitus<\/strong> 2026<\/h4>\n\n\n\n<p><strong>Anni Korhonen <\/strong>(aekorh[at]utu.fi)<\/p>\n\n\n\n<p>P\u00e4\u00e4toimittaja<\/p>\n\n\n\n<p><\/p>\n\n\n\n<p><strong>Uusin numero<\/strong><\/p>\n\n\n\n<p><a href=\"https:\/\/drive.google.com\/file\/d\/1cPbuxbuZ9YSghQphIWDwJGQmOs9pdJf5\/view?usp=drive_link\" data-type=\"URL\" data-id=\"https:\/\/issuu.com\/varelia-lehti\/docs\/varelia1-22\" target=\"_blank\" rel=\"noreferrer noopener\">Varelia 1\/25<\/a><\/p>\n\n\n\n<hr class=\"wp-block-separator has-css-opacity is-style-wide\" \/>\n\n\n\n<ul class=\"wp-block-list\">\n<li>Jo vuodesta 1974 l\u00e4htien<\/li>\n\n\n\n<li>Ilmestyy kerran vuodessa<\/li>\n<\/ul>\n\n\n<div class=\"wp-block-image is-style-rounded\">\n<figure class=\"alignright size-large is-resized\"><a href=\"https:\/\/tyyala.utu.fi\/vare\/wp-content\/uploads\/sites\/14\/300898132_412384194212231_3720163498384510800_n-1.jpg\"><img loading=\"lazy\" decoding=\"async\" width=\"1024\" height=\"978\" src=\"https:\/\/tyyala.utu.fi\/vare\/wp-content\/uploads\/sites\/14\/300898132_412384194212231_3720163498384510800_n-1-1024x978.jpg\" alt=\"\" class=\"wp-image-4290\" style=\"width:295px;height:282px\" title=\"Varelian numero 2\/1999\" srcset=\"https:\/\/tyyala.utu.fi\/vare\/wp-content\/uploads\/sites\/14\/300898132_412384194212231_3720163498384510800_n-1-1024x978.jpg 1024w, https:\/\/tyyala.utu.fi\/vare\/wp-content\/uploads\/sites\/14\/300898132_412384194212231_3720163498384510800_n-1-300x286.jpg 300w, https:\/\/tyyala.utu.fi\/vare\/wp-content\/uploads\/sites\/14\/300898132_412384194212231_3720163498384510800_n-1-768x733.jpg 768w, https:\/\/tyyala.utu.fi\/vare\/wp-content\/uploads\/sites\/14\/300898132_412384194212231_3720163498384510800_n-1-1536x1466.jpg 1536w, https:\/\/tyyala.utu.fi\/vare\/wp-content\/uploads\/sites\/14\/300898132_412384194212231_3720163498384510800_n-1-676x645.jpg 676w, https:\/\/tyyala.utu.fi\/vare\/wp-content\/uploads\/sites\/14\/300898132_412384194212231_3720163498384510800_n-1.jpg 2048w\" sizes=\"auto, (max-width: 1024px) 100vw, 1024px\" \/><\/a><\/figure><\/div>\n\n\n<p>Varelia on Turun yliopiston arkeologian ainej\u00e4rjest\u00f6 Vare ry:n lehti. Siin\u00e4 julkaistaan artikkeleja laidasta laitaan opiskelusta, arkeologiasta ja yhdistyksen toiminnasta. Sana on vapaa; juttuja julkaistaan sit\u00e4 mukaa kun niit\u00e4 saadaan. Artikkelien kirjoittajat edustavat sekalaista sakkia ensimm\u00e4isen vuoden opiskelijoista jo valmistuneisiin arkeologeihin ja oppiaineen henkil\u00f6kuntaan. My\u00f6s poikkitieteellisi\u00e4 vieraskyni\u00e4 ilmestyy ajoittain.<\/p>\n\n\n\n<p><span style=\"color: #000000\">Vareliaa julkaistaan nyky\u00e4\u00e4n verkossa. Linkit uusiin numeroihiin l\u00f6ytyv\u00e4t <a style=\"color: #000000\" href=\"https:\/\/www.facebook.com\/Varelia-185537208150975\">Varelian Facebookista<\/a>.<\/span><\/p>\n\n\n\n<p>Palautetta, juttuvinkkej\u00e4, artikkeleita, kuvia, piirroksia, teht\u00e4vi\u00e4 ja kaikkea muuta voi toimittaa suoraan s\u00e4hk\u00f6postitse Varelian toimitukselle. Artikkelit otetaan vastaan mieluiten yleisimpien tekstink\u00e4sittelyformaattien (rtf, doc, txt) muodossa. Jutut voivat sis\u00e4lt\u00e4\u00e4 kuvia, joiden kuvaaja tulee ilmoittaa. Valokuvat ja piirrokset otetaan vastaan skannattuina tai digitaalisina. Painettaessa kuvat tulostetaan p\u00e4\u00e4asiassa mustavalkoisina.<\/p>\n\n\n\n<hr class=\"wp-block-separator has-css-opacity is-style-wide\" \/>\n\n\n\n<h4 class=\"wp-block-heading\"><b>Vareliaa vuodesta 1974 l\u00e4htien<\/b><\/h4>\n\n\n\n<p>Vareen omaa lehte\u00e4 Vareliaa on julkaistu vuodesta 1974 l\u00e4htien. Idea julkaisuun l\u00e4hti tarpeesta saada aikaan arkeologian opiskelijoiden sis\u00e4inen informaatiolehti. Vuosina 1974-1980 lehti ilmestyi yksipuolisena A4-kokoisena vahakopionippuna, kunnes vuoden 1981 alusta Varelia alkoi ilmesty\u00e4 offset-painoksena. Vuonna 1983 lehti merkittiin julkaisurekisteriin ja vuodesta 1984 lehti on paria poikkeusta lukuun ottamatta julkaistu A5-koossa. (Laukkanen 1981, 4-6.)<\/p>\n\n\n\n<p>Lehden sis\u00e4lt\u00f6 laajeni tiedotteesta varsinaiseksi ainej\u00e4rjest\u00f6lehdeksi nopeasti. Jo vuodesta 1976 lehdess\u00e4 on julkaistu runsaasti artikkeleita ja pienempi\u00e4 kirjoituksia. (Laukkanen 1981, Pukkila 1989.) Aiheina ovat olleet retket, matkakertomukset, humoristiset kertomukset, opintoasiat, opiskelijael\u00e4m\u00e4. Lehdess\u00e4 on julkaistu vuosien varrella my\u00f6s runsaasti karikatyyrej\u00e4 ja sarjakuvia. Aina 2000-luvulla asti, nettisivujen ja s\u00e4hk\u00f6postilistojen muokattua tiedotuksen tapoja, Varelia toimi my\u00f6s t\u00e4rke\u00e4n\u00e4 tiedonl\u00e4hteen\u00e4 Vareen ajankohtaisista tapahtumista.<\/p>\n\n\n\n<h4 class=\"wp-block-heading\"><b>Varelian vastaavat toimittajat ja p\u00e4\u00e4toimittajat:<\/b><\/h4>\n\n\n\n<ul class=\"wp-block-list\">\n<li>Sofia J\u00e4\u00e4tteenm\u00e4ki ja Martta Hillukkala (2025)<\/li>\n\n\n\n<li>Hanna Isokorpi (2024)<\/li>\n\n\n\n<li>Veera Laukkanen ja Alina M\u00e4lki\u00e4 (2022-2023)<\/li>\n\n\n\n<li>Jussi Moisio (2021-2022)<\/li>\n\n\n\n<li>Jere Lepp\u00e4nen (2019-2020)<\/li>\n\n\n\n<li>Oona Jalonen (2017-2018)<\/li>\n\n\n\n<li>Joonas Kinnunen (2016)<\/li>\n\n\n\n<li>Ilari Aalto (2010-2015)<\/li>\n\n\n\n<li>Paula Myllymaa (2009)<\/li>\n\n\n\n<li>Minerva Piha (2006-2008)<\/li>\n\n\n\n<li>Maija Helamaa (2004-2005)<\/li>\n\n\n\n<li>Laura Pirinen (2003)<\/li>\n\n\n\n<li>Juha Ruohonen (2001-2002)<\/li>\n\n\n\n<li>Mia Lempi\u00e4inen (1999-2000)<\/li>\n\n\n\n<li>Jukka Palm (1995-1998)<\/li>\n\n\n\n<li>Tiina J\u00e4k\u00e4r\u00e4 (1994)<\/li>\n\n\n\n<li>Jouko Pukkila (1993)<\/li>\n\n\n\n<li>Jyrki Palo (1991-1992)<\/li>\n\n\n\n<li>Jouko Pukkila (1989-1990)<\/li>\n\n\n\n<li>Sirkka-Liisa Sepp\u00e4l\u00e4 (1988)<\/li>\n\n\n\n<li>Outi Suoranta ja Sirkka-Liisa Sepp\u00e4l\u00e4 (1987)<\/li>\n\n\n\n<li>Outi Suoranta (1985-1986)<\/li>\n\n\n\n<li>Leena Koivisto (1984)<\/li>\n\n\n\n<li>Hilkka Oksala (1983)<\/li>\n\n\n\n<li>Arja Missonen (1982)<\/li>\n\n\n\n<li>Vareen johtokunta (1976-1981)<\/li>\n\n\n\n<li>Kimmo Sepp\u00e4nen (1974-1975)<\/li>\n<\/ul>\n\n\n\n<hr class=\"wp-block-separator has-css-opacity is-style-wide\" \/>\n\n\n\n<h4 class=\"wp-block-heading\"><strong>L\u00e4hteet:<\/strong><\/h4>\n\n\n\n<p>Laukkanen, Esa, 1984. Varelia 10-vuotiaaksi. <em>Varelia<\/em> 1984:1: 4-7.<br>Pukkila, Jouko, 1989. Varelia 1974-1980 eli aika ennen offsetia. <em>Varelia <\/em> 1989:1: 32-35.<br><em>Varelia<\/em>. Turun yliopiston arkeologian opiskelijoiden Vare ry:n julkaisu.<\/p>\n\n\n\n<hr class=\"wp-block-separator has-css-opacity is-style-wide\" \/>\n","protected":false},"excerpt":{"rendered":"<p>Toimitus 2026 Anni Korhonen (aekorh[at]utu.fi) P\u00e4\u00e4toimittaja Uusin numero Varelia 1\/25 Varelia on Turun yliopiston arkeologian ainej\u00e4rjest\u00f6 Vare ry:n lehti. Siin\u00e4 julkaistaan artikkeleja laidasta laitaan opiskelusta, arkeologiasta ja yhdistyksen toiminnasta. Sana on vapaa; juttuja julkaistaan sit\u00e4 mukaa kun niit\u00e4 saadaan. Artikkelien kirjoittajat edustavat sekalaista sakkia ensimm\u00e4isen vuoden opiskelijoista jo valmistuneisiin arkeologeihin ja oppiaineen henkil\u00f6kuntaan. My\u00f6s poikkitieteellisi\u00e4 [&hellip;]<\/p>\n","protected":false},"author":3430,"featured_media":0,"parent":0,"menu_order":0,"comment_status":"closed","ping_status":"closed","template":"","meta":{"_kad_blocks_custom_css":"","_kad_blocks_head_custom_js":"","_kad_blocks_body_custom_js":"","_kad_blocks_footer_custom_js":"","footnotes":""},"class_list":["post-7","page","type-page","status-publish","czr-hentry"],"taxonomy_info":[],"featured_image_src_large":false,"author_info":{"display_name":"aomalk","author_link":"https:\/\/tyyala.utu.fi\/vare\/author\/aomalk\/"},"comment_info":0,"_links":{"self":[{"href":"https:\/\/tyyala.utu.fi\/vare\/wp-json\/wp\/v2\/pages\/7","targetHints":{"allow":["GET"]}}],"collection":[{"href":"https:\/\/tyyala.utu.fi\/vare\/wp-json\/wp\/v2\/pages"}],"about":[{"href":"https:\/\/tyyala.utu.fi\/vare\/wp-json\/wp\/v2\/types\/page"}],"author":[{"embeddable":true,"href":"https:\/\/tyyala.utu.fi\/vare\/wp-json\/wp\/v2\/users\/3430"}],"replies":[{"embeddable":true,"href":"https:\/\/tyyala.utu.fi\/vare\/wp-json\/wp\/v2\/comments?post=7"}],"version-history":[{"count":65,"href":"https:\/\/tyyala.utu.fi\/vare\/wp-json\/wp\/v2\/pages\/7\/revisions"}],"predecessor-version":[{"id":4737,"href":"https:\/\/tyyala.utu.fi\/vare\/wp-json\/wp\/v2\/pages\/7\/revisions\/4737"}],"wp:attachment":[{"href":"https:\/\/tyyala.utu.fi\/vare\/wp-json\/wp\/v2\/media?parent=7"}],"curies":[{"name":"wp","href":"https:\/\/api.w.org\/{rel}","templated":true}]}}