{"id":6,"date":"2008-01-10T09:45:37","date_gmt":"2008-01-10T07:45:37","guid":{"rendered":"http:\/\/org.utu.fi:80\/tyyala\/vare\/wp_14_testi\/?page_id=6"},"modified":"2026-02-19T16:06:46","modified_gmt":"2026-02-19T14:06:46","slug":"yhdistys","status":"publish","type":"page","link":"https:\/\/tyyala.utu.fi\/vare\/yhdistys\/","title":{"rendered":"Yhdistyksen historiaa"},"content":{"rendered":"\n<p>Arkeologian yhdistys Vare ry on vuonna 1962 perustettu Turun yliopiston arkeologian opiskelijoiden ainej\u00e4rjest\u00f6. Yhdistyksen nimi <em>vare<\/em> merkitsee vanhoissa varsinaissuomalaisissa murteissa hautarauniota tai hiidenkiuasta.<\/p>\n\n\n\n<p><\/p>\n\n\n\n<p><strong>Vare arkeologian oppiaineen alkuaikoina<\/strong><br><em>Arkeologian opiskelijoitten ja harrastajainkerho<\/em> perustettiin 19.11.1962<em>\u00b9<\/em>. Perustajaj\u00e4senin\u00e4 olivat koolla Ulla Kaasalainen, Isto Kauhanen, Teija Korte, Pipsa Kuisma, Ulla K\u00e4pynen, Jukka Laakso, Lasse Laaksonen, Pirjo Lahtiper\u00e4, Ville Luho ja Heikki Mattinen. Kerhon seuraavassa kokouksessa p\u00e4\u00e4tettiin s\u00e4\u00e4nn\u00f6ist\u00e4 ja nimest\u00e4, johon p\u00e4\u00e4dyttiin \u00e4\u00e4nest\u00e4m\u00e4ll\u00e4 seitsem\u00e4n ehdotuksen joukosta. Yhdistyksen alkutaipaleen aikana turkulaiset opiskelijat k\u00e4viv\u00e4t suorittamassa opintoja Helsingiss\u00e4 ja opiskeluolosuhteet olivat muutenkin vaatimattomat. Arkeologian opetus k\u00e4ynnistyi Turussa varsinaisesti vasta vuonna 1969.<\/p>\n\n\n<div class=\"wp-block-image\">\n<figure class=\"alignright\"><a href=\"https:\/\/tyyala.utu.fi\/vare\/wp-content\/uploads\/sites\/14\/kuvat\/TYA_MV_176.jpg\"><img decoding=\"async\" src=\"https:\/\/tyyala.utu.fi\/vare\/wp-content\/uploads\/sites\/14\/kuvat\/TYA_MV_176.jpg\" alt=\"\" title=\"R\u00f6ykki\u00f6n dokumentointia Liedon Kotokallion kaivauksilla kes\u00e4ll\u00e4 1966. Kuva: Pirjo Lahtiper\u00e4. Turun yliopiston arkeologian oppiaineen arkisto. \" \/><\/a><\/figure><\/div>\n\n\n<p>Opintojen alkuvaiheessa dosentti Ville Luholla oli merkitt\u00e4v\u00e4 osa Vareen toiminnassa. H\u00e4n muun muassa toimi kerhon syksyn ja kev\u00e4\u00e4n muinaisj\u00e4\u00e4nn\u00f6sretkien matkanjohtajana, piti esitelmi\u00e4 ja tuki Vareen toimintaa monin tavoin. Yht\u00e4\u00e4n v\u00e4hempi ei ollut my\u00f6sk\u00e4\u00e4n Liedon Vanhalinnan, sek\u00e4 Mauno ja Ester Wanhalinnan merkitys Vareen alkutaipaleella. Varelaiset viettiv\u00e4t 1960-luvulla runsaasti aikaa Vanhalinnassa, jossa pidettiin muun muassa kerhon kokouksia ja pikkujoulujuhlia yhdess\u00e4 Kritiikin kanssa. Vare sai my\u00f6s mahdollisuuden tutkia kerhon nimen alkul\u00e4hdett\u00e4 eli pronssikautista hautar\u00f6ykki\u00f6t\u00e4 yhdistyksen puheenjohtaja Pirjo Lahtiper\u00e4n johdolla Liedon Vanhalinnan Kotokalliolla kahtena kes\u00e4n\u00e4 1965 ja 1966.<\/p>\n\n\n\n<p>1970-luvun aikana Vare muotoutui selke\u00e4mmin opiskelijayhdistykseksi. Vuonna 1974 vanha nimi Arkeologian kerho Vare muutettiin nykyiseen nimeen <em>Arkeologian yhdistys Vare<\/em>. Samana vuonna alettiin my\u00f6s julkaista omaa lehte\u00e4, <em>Vareliaa<\/em>. Yhdistyksen toiminta muodostui edelleen p\u00e4\u00e4asiassa kev\u00e4t- ja syysretkist\u00e4, sek\u00e4 lukuisista vierailevien esitelm\u00f6itsij\u00f6iden pit\u00e4mist\u00e4 esitelm\u00e4tilaisuuksista, joita pidettiin p\u00e4\u00e4asiassa kokousten j\u00e4lkeen. Yhdistys alkoi my\u00f6s ottaa voimakkaammin kantaa opetusta koskevissa seikoissa.<\/p>\n\n\n\n<p>Toukokuussa 1975 Vare j\u00e4rjesti yhdess\u00e4 Helsingin yliopiston arkeologian opiskelijaj\u00e4rjest\u00f6 Fibulan kanssa Turussa Kuralan Kyl\u00e4m\u00e4ke\u00e4 k\u00e4sittelev\u00e4n seminaarin. Kyl\u00e4m\u00e4ke\u00e4 uhkasi alistaminen uudisrakentamiselle ja sen suojelemiseksi tehtiin todenn\u00e4k\u00f6isesti kaikki mahdollinen. Samana vuonna Vareesta tuli rekister\u00f6ity yhdistys. S\u00e4\u00e4nn\u00f6llinen osallistuminen pohjoismaisten arkeologian opiskelijoiden Kontaktiseminaariin alkoi ja vuonna 1976 yhdistys is\u00e4nn\u00f6i Ruissalossa pidetty\u00e4 Kontaktiseminaaria.<\/p>\n\n\n\n<p><em>(Kuva: Dokumentointia Vareen kaivauksella Liedon Vanhalinnan Kotokalliolla kes\u00e4ll\u00e4 1966. Kuvaaja Pirjo Lahtiper\u00e4. Turun yliopiston arkeologian oppiaineen arkisto.)<\/em><\/p>\n\n\n\n<p><strong><em>Perinteiden vakiintumisen aika<br><\/em><\/strong>Vuosikymmenen puoliv\u00e4li oli yhdistykselle kuitenkin p\u00e4\u00e4asiassa hiljaista aikaa. Asiat alkoivat muuttua vuosikymmenen loppuun tultaessa. Vuonna 1977 k\u00e4ynnistyi Vareen 1990-luvulle asti kest\u00e4nyt kaivaushanke Turun (ent. Maarian) J\u00e4k\u00e4rl\u00e4n kivikautisella asuinpaikalla. Syksyll\u00e4 1979 Vare j\u00e4rjesti Liedon Keetterim\u00e4en hautar\u00f6ykki\u00f6ll\u00e4 kaivaukset, jotka Mauno ja Ester Wanhalinna kustansivat. Vareeseen perustettiin 1978 opintopiiri, joka seuraavalla vuosikymmenell\u00e4 nimettiin uudelleen teoriapiiriksi. Alettiin j\u00e4rjest\u00e4\u00e4 kaivauksia esittelevi\u00e4 iltoja ja hallitus edusti aktiivisesti yhdistyst\u00e4 erin\u00e4isiss\u00e4 tilaisuuksissa.<\/p>\n\n\n<div class=\"wp-block-image\">\n<figure class=\"alignright\"><a href=\"http:\/\/org.utu.fi\/tyyala\/vare\/wp-content\/uploads\/sites\/14\/kuvat\/tya61-1.jpg\"><img decoding=\"async\" src=\"https:\/\/tyyala.utu.fi\/vare\/wp-content\/uploads\/sites\/14\/kuvat\/tya61-1.jpg\" alt=\"\" title=\"Tukholman Slagstan pronssikautisilla kalliopiirroksilla Varen retkell\u00e4 Tukholmaan syksyll\u00e4 1980. Henkil\u00f6t vasemmalta: Anssi Herttuala, Hille Jaanusson, Leena Lehtinen, Timo Virtanen, Heikki Schneider, Maija Mikkonen, Anu Oivio, Erkki Renvall. Kuva: Tapani Tuovinen 1980. Turun yliopiston arkeologian oppiaineen arkisto.\" \/><\/a><\/figure><\/div>\n\n\n<p>1970- ja 1980-lukujen vaihteessa Vareen toiminta alkoi vahvistua entisest\u00e4\u00e4n. Vareen 20-vuotisjuhlavuoteen 1982 menness\u00e4 yhdistykselle oli ehtinyt muutamassa vuodessa synty\u00e4 jo useita uusia perinteit\u00e4, joista monet jatkuivat l\u00e4hes sellaisinaan aina 1990-luvulle ja 2000-luvulle asti. T\u00e4llaisia pitk\u00e4\u00e4n jatkuneita perinteit\u00e4 ja toimintamuotoja olivat teoriapiirin ohella muun muassa Arkeologian klubin eli A-klubin kokoontumiset paikallisissa ravintoloissa, Vare-sauna, Ylioppilaskyl\u00e4ss\u00e4 toimintansa aloittanut keramiikkakerho sek\u00e4 p\u00e4ivystykset laitoksen tiloissa keskiviikkoisin klo 12-13.<\/p>\n\n\n\n<p>1980-luvulla vietettyj\u00e4 perinteit\u00e4 olivat my\u00f6s Juliuksen p\u00e4iv\u00e4n vietto pizzan merkeiss\u00e4, Littoistenj\u00e4rvell\u00e4 sijainneella Riihituvalla vietetyt erityiset vuotuisjuhlat. My\u00f6s yhdistyksen kevyt liikuntaharrastus oli vire\u00e4\u00e4 ja varelaiset osallistuivat usein esimerkiksi TYYn j\u00e4rjest\u00e4miin kilpailuihin ja laskiaisriehaan. Pikkujouluja alettiin j\u00e4rjest\u00e4\u00e4 s\u00e4\u00e4nn\u00f6llisesti yhdess\u00e4 kansatieteen ja folkloristiikan ainej\u00e4rjest\u00f6 Nefa-Turun ja uskontotieteen edellisen vuosikymmenen puoliv\u00e4liss\u00e4 toimintansa aloittaneen ainej\u00e4rjest\u00f6 Nirvanan kanssa. Vuosikymmenen alussa n\u00e4ist\u00e4 useat legendaarisiksi muodostuneet juhlat j\u00e4rjestettiin oikeustieteen opiskelijoiden Lexin juhlatilalla Kirkkotiell\u00e4 yhdistettyn\u00e4 naamiaisteemaan.<\/p>\n\n\n\n<p><em>(Kuva: Vareen syysretkell\u00e4 Tukholmassa 1980. Kuvaaja Tapani Tuovinen. Turun yliopiston arkeologian oppiaineen arkisto.)<\/em><\/p>\n\n\n\n<h4 class=\"wp-block-heading\"><strong>L\u00e4hteet<\/strong><\/h4>\n\n\n\n<p>\u00b9 Luku perustuu Vareen 20-vuotisjuhlavuonna <em>Juhla-Vareliassa<\/em> 1982:3 julkaistuun, Jari Laukkasen, Jari Sj\u00f6lundin ja Pertti Itkosen laatimaan artikkeliin <em>Vareliaaninen aika<\/em> <em>1962-1982<\/em><br>Arkeologian yhdistys Vare ry:n hallitusten kokousten p\u00f6yt\u00e4kirjat ja toimintakertomukset.<br>Varelia. Arkeologian yhdistys Vare ry:n lehti.<\/p>\n","protected":false},"excerpt":{"rendered":"<p>Arkeologian yhdistys Vare ry on vuonna 1962 perustettu Turun yliopiston arkeologian opiskelijoiden ainej\u00e4rjest\u00f6. Yhdistyksen nimi vare merkitsee vanhoissa varsinaissuomalaisissa murteissa hautarauniota tai hiidenkiuasta. Vare arkeologian oppiaineen alkuaikoinaArkeologian opiskelijoitten ja harrastajainkerho perustettiin 19.11.1962\u00b9. Perustajaj\u00e4senin\u00e4 olivat koolla Ulla Kaasalainen, Isto Kauhanen, Teija Korte, Pipsa Kuisma, Ulla K\u00e4pynen, Jukka Laakso, Lasse Laaksonen, Pirjo Lahtiper\u00e4, Ville Luho ja Heikki [&hellip;]<\/p>\n","protected":false},"author":23,"featured_media":0,"parent":0,"menu_order":0,"comment_status":"closed","ping_status":"closed","template":"","meta":{"_kad_blocks_custom_css":"","_kad_blocks_head_custom_js":"","_kad_blocks_body_custom_js":"","_kad_blocks_footer_custom_js":"","footnotes":""},"class_list":["post-6","page","type-page","status-publish","czr-hentry"],"taxonomy_info":[],"featured_image_src_large":false,"author_info":{"display_name":"mijuhe","author_link":"https:\/\/tyyala.utu.fi\/vare\/author\/mijuhe\/"},"comment_info":0,"_links":{"self":[{"href":"https:\/\/tyyala.utu.fi\/vare\/wp-json\/wp\/v2\/pages\/6","targetHints":{"allow":["GET"]}}],"collection":[{"href":"https:\/\/tyyala.utu.fi\/vare\/wp-json\/wp\/v2\/pages"}],"about":[{"href":"https:\/\/tyyala.utu.fi\/vare\/wp-json\/wp\/v2\/types\/page"}],"author":[{"embeddable":true,"href":"https:\/\/tyyala.utu.fi\/vare\/wp-json\/wp\/v2\/users\/23"}],"replies":[{"embeddable":true,"href":"https:\/\/tyyala.utu.fi\/vare\/wp-json\/wp\/v2\/comments?post=6"}],"version-history":[{"count":66,"href":"https:\/\/tyyala.utu.fi\/vare\/wp-json\/wp\/v2\/pages\/6\/revisions"}],"predecessor-version":[{"id":4745,"href":"https:\/\/tyyala.utu.fi\/vare\/wp-json\/wp\/v2\/pages\/6\/revisions\/4745"}],"wp:attachment":[{"href":"https:\/\/tyyala.utu.fi\/vare\/wp-json\/wp\/v2\/media?parent=6"}],"curies":[{"name":"wp","href":"https:\/\/api.w.org\/{rel}","templated":true}]}}