{"id":4653,"date":"2026-02-19T12:30:21","date_gmt":"2026-02-19T10:30:21","guid":{"rendered":"https:\/\/tyyala.utu.fi\/vare\/?page_id=4653"},"modified":"2026-03-05T10:49:10","modified_gmt":"2026-03-05T08:49:10","slug":"kuukausitiedotteet","status":"publish","type":"page","link":"https:\/\/tyyala.utu.fi\/vare\/kuukausitiedotteet\/","title":{"rendered":"Tiedotteet"},"content":{"rendered":"\n<p>Kuukausittain julkaistava tietopaketti Vareen tulevista tapahtumista<\/p>\n\n\n\n<div class=\"wp-block-group\"><div class=\"wp-block-group__inner-container is-layout-constrained wp-block-group-is-layout-constrained\"><style>.kb-posts-id-4653_e80ca0-b4 .kb-post-list-item{display:grid;}<\/style><ul class=\"wp-block-kadence-posts kb-posts kadence-posts-list kb-posts-id-4653_e80ca0-b4 content-wrap grid-cols kb-posts-style-boxed grid-sm-col-2 grid-lg-col-3 item-image-style-above\"><li class=\"kb-post-list-item\">\n\t<article class=\"entry content-bg loop-entry post-4818 post type-post status-publish format-standard category-tiedote czr-hentry\">\n\t\t\t\t<div class=\"entry-content-wrap\">\n\t\t\t<header class=\"entry-header\">\n\t\t<div class=\"entry-taxonomies\">\n\t\t<span class=\"category-links term-links category-style-normal\">\n\t\t\t<a href=\"https:\/\/tyyala.utu.fi\/vare\/category\/tiedote\/\" rel=\"category tag\">tiedote<\/a>\t\t<\/span>\n\t<\/div><!-- .entry-taxonomies -->\n\t<h2 class=\"entry-title\"><a href=\"https:\/\/tyyala.utu.fi\/vare\/2026\/04\/huhtikuun-kuukausitiedote-3\/\" rel=\"bookmark\">Huhtikuun kuukausitiedote<\/a><\/h2>\t<div class=\"entry-meta entry-meta-divider-dot\">\n\t<span class=\"posted-by\"><span class=\"meta-label\">By<\/span><span class=\"author vcard\"><span class=\"fn n\">mkhill<\/span><\/span><\/span>\t\t\t<span class=\"posted-on\">\n\t\t\t\t<time class=\"entry-date published\" datetime=\"2026-04-01T17:50:25+03:00\">01\/04\/2026<\/time><time class=\"updated\" datetime=\"2026-04-01T17:50:26+03:00\">01\/04\/2026<\/time>\t\t\t<\/span>\n\t\t\t\t<\/div><!-- .entry-meta -->\n\t<\/header><!-- .entry-header -->\n\t<div class=\"entry-summary\">\n\t\t<p>Huhtikuu on pian t\u00e4\u00e4ll\u00e4 ja niin my\u00f6s vappu! Vareella on t\u00e4n\u00e4 vuonna monipuolista vapputapahtumaa aina lasersodasta perinteiseen piknikkiin, joten jokaiselle l\u00f6ytyy varmasti jotakin tekemist\u00e4? Tapahtumista tulee l\u00e4hemp\u00e4n\u00e4 tarkempaa tietoa, joten muista seurailla Vareen tiedotuskanavia!? 1.4. Keka klo 14-16 Geotalon kahvihuoneessa 10.4.&nbsp;Kutu x Sugri x Vare: Ucon Wacat Arcanumin keitti\u00f6ss\u00e4&nbsp;klo 18-&gt; 13.4. Rauta-aika leffailta klo 17&nbsp; [&hellip;]<\/p>\n\t<\/div><!-- .entry-summary -->\n\t<footer class=\"entry-footer\">\n\t\t\t<div class=\"entry-actions\">\n\t\t\t<p class=\"more-link-wrap\">\n\t\t\t\t<a href=\"https:\/\/tyyala.utu.fi\/vare\/2026\/04\/huhtikuun-kuukausitiedote-3\/\" class=\"post-more-link\">\n\t\t\t\t\tRead More<span class=\"screen-reader-text\"> Huhtikuun kuukausitiedote<\/span><span class=\"kadence-svg-iconset svg-baseline\"><svg aria-hidden=\"true\" class=\"kadence-svg-icon kadence-arrow-right-alt-svg\" fill=\"currentColor\" version=\"1.1\" xmlns=\"http:\/\/www.w3.org\/2000\/svg\" width=\"27\" height=\"28\" viewBox=\"0 0 27 28\"><title>Continue<\/title><path d=\"M27 13.953c0 0.141-0.063 0.281-0.156 0.375l-6 5.531c-0.156 0.141-0.359 0.172-0.547 0.094-0.172-0.078-0.297-0.25-0.297-0.453v-3.5h-19.5c-0.281 0-0.5-0.219-0.5-0.5v-3c0-0.281 0.219-0.5 0.5-0.5h19.5v-3.5c0-0.203 0.109-0.375 0.297-0.453s0.391-0.047 0.547 0.078l6 5.469c0.094 0.094 0.156 0.219 0.156 0.359v0z\"><\/path>\n\t\t\t<\/svg><\/span>\t\t\t\t<\/a>\n\t\t\t<\/p>\n\t\t<\/div><!-- .entry-actions -->\n\t\t<\/footer><!-- .entry-footer -->\t\t<\/div>\n\t<\/article>\n<\/li>\n<li class=\"kb-post-list-item\">\n\t<article class=\"entry content-bg loop-entry post-4774 post type-post status-publish format-standard category-tiedote czr-hentry\">\n\t\t\t\t<div class=\"entry-content-wrap\">\n\t\t\t<header class=\"entry-header\">\n\t\t<div class=\"entry-taxonomies\">\n\t\t<span class=\"category-links term-links category-style-normal\">\n\t\t\t<a href=\"https:\/\/tyyala.utu.fi\/vare\/category\/tiedote\/\" rel=\"category tag\">tiedote<\/a>\t\t<\/span>\n\t<\/div><!-- .entry-taxonomies -->\n\t<h2 class=\"entry-title\"><a href=\"https:\/\/tyyala.utu.fi\/vare\/2026\/03\/maaliskuun-kuukausitiedote-4\/\" rel=\"bookmark\">Maaliskuun kuukausitiedote<\/a><\/h2>\t<div class=\"entry-meta entry-meta-divider-dot\">\n\t<span class=\"posted-by\"><span class=\"meta-label\">By<\/span><span class=\"author vcard\"><span class=\"fn n\">mkhill<\/span><\/span><\/span>\t\t\t<span class=\"posted-on\">\n\t\t\t\t<time class=\"entry-date published\" datetime=\"2026-03-05T10:45:11+02:00\">05\/03\/2026<\/time><time class=\"updated\" datetime=\"2026-03-05T11:33:17+02:00\">05\/03\/2026<\/time>\t\t\t<\/span>\n\t\t\t\t<\/div><!-- .entry-meta -->\n\t<\/header><!-- .entry-header -->\n\t<div class=\"entry-summary\">\n\t\t<p>Helmikuu on melkein taputeltu ja valtoimenaan virtaavien sulamisvesien mukana saapuu maaliskuun kuukausitiedote! Kev\u00e4isess\u00e4 r\u00e4nt\u00e4sateessa kastuneita vaatteita voi kuivatella mm. pubivisassa tai Mustien Haalareiden bileiss\u00e4 Maaliskuun tapahtumat: 4.3. klo 11-13 Keka Geotalon kahvihuoneessa&nbsp; 5.3. klo 18-22&nbsp; Vare x ESN Uni Turku pubivisa Saaristobaarissa. Luvassa kolme eri visaa, joista kaikista on mahdollisuus voittaa palkintoja!&nbsp; 11.3. klo 14-16 [&hellip;]<\/p>\n\t<\/div><!-- .entry-summary -->\n\t<footer class=\"entry-footer\">\n\t\t\t<div class=\"entry-actions\">\n\t\t\t<p class=\"more-link-wrap\">\n\t\t\t\t<a href=\"https:\/\/tyyala.utu.fi\/vare\/2026\/03\/maaliskuun-kuukausitiedote-4\/\" class=\"post-more-link\">\n\t\t\t\t\tRead More<span class=\"screen-reader-text\"> Maaliskuun kuukausitiedote<\/span><span class=\"kadence-svg-iconset svg-baseline\"><svg aria-hidden=\"true\" class=\"kadence-svg-icon kadence-arrow-right-alt-svg\" fill=\"currentColor\" version=\"1.1\" xmlns=\"http:\/\/www.w3.org\/2000\/svg\" width=\"27\" height=\"28\" viewBox=\"0 0 27 28\"><title>Continue<\/title><path d=\"M27 13.953c0 0.141-0.063 0.281-0.156 0.375l-6 5.531c-0.156 0.141-0.359 0.172-0.547 0.094-0.172-0.078-0.297-0.25-0.297-0.453v-3.5h-19.5c-0.281 0-0.5-0.219-0.5-0.5v-3c0-0.281 0.219-0.5 0.5-0.5h19.5v-3.5c0-0.203 0.109-0.375 0.297-0.453s0.391-0.047 0.547 0.078l6 5.469c0.094 0.094 0.156 0.219 0.156 0.359v0z\"><\/path>\n\t\t\t<\/svg><\/span>\t\t\t\t<\/a>\n\t\t\t<\/p>\n\t\t<\/div><!-- .entry-actions -->\n\t\t<\/footer><!-- .entry-footer -->\t\t<\/div>\n\t<\/article>\n<\/li>\n<li class=\"kb-post-list-item\">\n\t<article class=\"entry content-bg loop-entry post-4705 post type-post status-publish format-standard category-tiedote czr-hentry\">\n\t\t\t\t<div class=\"entry-content-wrap\">\n\t\t\t<header class=\"entry-header\">\n\t\t<div class=\"entry-taxonomies\">\n\t\t<span class=\"category-links term-links category-style-normal\">\n\t\t\t<a href=\"https:\/\/tyyala.utu.fi\/vare\/category\/tiedote\/\" rel=\"category tag\">tiedote<\/a>\t\t<\/span>\n\t<\/div><!-- .entry-taxonomies -->\n\t<h2 class=\"entry-title\"><a href=\"https:\/\/tyyala.utu.fi\/vare\/2026\/02\/yhdistyksen-historiaa\/\" rel=\"bookmark\">Yhdistyksen historiaa<\/a><\/h2>\t<div class=\"entry-meta entry-meta-divider-dot\">\n\t<span class=\"posted-by\"><span class=\"meta-label\">By<\/span><span class=\"author vcard\"><span class=\"fn n\">mkhill<\/span><\/span><\/span>\t\t\t<span class=\"posted-on\">\n\t\t\t\t<time class=\"entry-date published updated\" datetime=\"2026-02-19T14:54:58+02:00\">19\/02\/2026<\/time>\t\t\t<\/span>\n\t\t\t\t<\/div><!-- .entry-meta -->\n\t<\/header><!-- .entry-header -->\n\t<div class=\"entry-summary\">\n\t\t\t<\/div><!-- .entry-summary -->\n\t<footer class=\"entry-footer\">\n\t\t\t<div class=\"entry-actions\">\n\t\t\t<p class=\"more-link-wrap\">\n\t\t\t\t<a href=\"https:\/\/tyyala.utu.fi\/vare\/2026\/02\/yhdistyksen-historiaa\/\" class=\"post-more-link\">\n\t\t\t\t\tRead More<span class=\"screen-reader-text\"> Yhdistyksen historiaa<\/span><span class=\"kadence-svg-iconset svg-baseline\"><svg aria-hidden=\"true\" class=\"kadence-svg-icon kadence-arrow-right-alt-svg\" fill=\"currentColor\" version=\"1.1\" xmlns=\"http:\/\/www.w3.org\/2000\/svg\" width=\"27\" height=\"28\" viewBox=\"0 0 27 28\"><title>Continue<\/title><path d=\"M27 13.953c0 0.141-0.063 0.281-0.156 0.375l-6 5.531c-0.156 0.141-0.359 0.172-0.547 0.094-0.172-0.078-0.297-0.25-0.297-0.453v-3.5h-19.5c-0.281 0-0.5-0.219-0.5-0.5v-3c0-0.281 0.219-0.5 0.5-0.5h19.5v-3.5c0-0.203 0.109-0.375 0.297-0.453s0.391-0.047 0.547 0.078l6 5.469c0.094 0.094 0.156 0.219 0.156 0.359v0z\"><\/path>\n\t\t\t<\/svg><\/span>\t\t\t\t<\/a>\n\t\t\t<\/p>\n\t\t<\/div><!-- .entry-actions -->\n\t\t<\/footer><!-- .entry-footer -->\t\t<\/div>\n\t<\/article>\n<\/li>\n<li class=\"kb-post-list-item\">\n\t<article class=\"entry content-bg loop-entry post-4644 post type-post status-publish format-standard category-tiedote czr-hentry\">\n\t\t\t\t<div class=\"entry-content-wrap\">\n\t\t\t<header class=\"entry-header\">\n\t\t<div class=\"entry-taxonomies\">\n\t\t<span class=\"category-links term-links category-style-normal\">\n\t\t\t<a href=\"https:\/\/tyyala.utu.fi\/vare\/category\/tiedote\/\" rel=\"category tag\">tiedote<\/a>\t\t<\/span>\n\t<\/div><!-- .entry-taxonomies -->\n\t<h2 class=\"entry-title\"><a href=\"https:\/\/tyyala.utu.fi\/vare\/2026\/01\/vareen-haalarit-tulevat-taas\/\" rel=\"bookmark\">Vareen haalarit tulevat taas!<\/a><\/h2>\t<div class=\"entry-meta entry-meta-divider-dot\">\n\t<span class=\"posted-by\"><span class=\"meta-label\">By<\/span><span class=\"author vcard\"><span class=\"fn n\">mkhill<\/span><\/span><\/span>\t\t\t<span class=\"posted-on\">\n\t\t\t\t<time class=\"entry-date published updated\" datetime=\"2026-01-30T13:22:16+02:00\">30\/01\/2026<\/time>\t\t\t<\/span>\n\t\t\t\t<\/div><!-- .entry-meta -->\n\t<\/header><!-- .entry-header -->\n\t<div class=\"entry-summary\">\n\t\t<p>Heippa arkeologit ja arkeologimieliset, Nyt on mahdollista tilata Vareen haalareita vuosimallia 2026!Mik\u00e4li et ole aivan varma haalarisi koosta, piipahda l\u00e4hiviikkoina haalarisovituksissa tai keskiviikkokahvituksissa testaamassa eri kokoja. Tilaukseen osallistumalla sitoudut maksamaan haalarit (hinta tulee olemaan n. 30\u20ac riippuen viimeisist\u00e4 sponsoreista). Tilauslomake on auki 30.1.-22.2.2026. Tiedot poistetaan, kun haalarit on saatu jaettua. Tilaa haalarit t\u00e4st\u00e4: https:\/\/forms.cloud.microsoft\/e\/HsJZkh7eQZ HUOM! [&hellip;]<\/p>\n\t<\/div><!-- .entry-summary -->\n\t<footer class=\"entry-footer\">\n\t\t\t<div class=\"entry-actions\">\n\t\t\t<p class=\"more-link-wrap\">\n\t\t\t\t<a href=\"https:\/\/tyyala.utu.fi\/vare\/2026\/01\/vareen-haalarit-tulevat-taas\/\" class=\"post-more-link\">\n\t\t\t\t\tRead More<span class=\"screen-reader-text\"> Vareen haalarit tulevat taas!<\/span><span class=\"kadence-svg-iconset svg-baseline\"><svg aria-hidden=\"true\" class=\"kadence-svg-icon kadence-arrow-right-alt-svg\" fill=\"currentColor\" version=\"1.1\" xmlns=\"http:\/\/www.w3.org\/2000\/svg\" width=\"27\" height=\"28\" viewBox=\"0 0 27 28\"><title>Continue<\/title><path d=\"M27 13.953c0 0.141-0.063 0.281-0.156 0.375l-6 5.531c-0.156 0.141-0.359 0.172-0.547 0.094-0.172-0.078-0.297-0.25-0.297-0.453v-3.5h-19.5c-0.281 0-0.5-0.219-0.5-0.5v-3c0-0.281 0.219-0.5 0.5-0.5h19.5v-3.5c0-0.203 0.109-0.375 0.297-0.453s0.391-0.047 0.547 0.078l6 5.469c0.094 0.094 0.156 0.219 0.156 0.359v0z\"><\/path>\n\t\t\t<\/svg><\/span>\t\t\t\t<\/a>\n\t\t\t<\/p>\n\t\t<\/div><!-- .entry-actions -->\n\t\t<\/footer><!-- .entry-footer -->\t\t<\/div>\n\t<\/article>\n<\/li>\n<li class=\"kb-post-list-item\">\n\t<article class=\"entry content-bg loop-entry post-4642 post type-post status-publish format-standard category-tiedote czr-hentry\">\n\t\t\t\t<div class=\"entry-content-wrap\">\n\t\t\t<header class=\"entry-header\">\n\t\t<div class=\"entry-taxonomies\">\n\t\t<span class=\"category-links term-links category-style-normal\">\n\t\t\t<a href=\"https:\/\/tyyala.utu.fi\/vare\/category\/tiedote\/\" rel=\"category tag\">tiedote<\/a>\t\t<\/span>\n\t<\/div><!-- .entry-taxonomies -->\n\t<h2 class=\"entry-title\"><a href=\"https:\/\/tyyala.utu.fi\/vare\/2026\/01\/helmikuun-kuukausitiedote-4\/\" rel=\"bookmark\">Helmikuun kuukausitiedote<\/a><\/h2>\t<div class=\"entry-meta entry-meta-divider-dot\">\n\t<span class=\"posted-by\"><span class=\"meta-label\">By<\/span><span class=\"author vcard\"><span class=\"fn n\">mkhill<\/span><\/span><\/span>\t\t\t<span class=\"posted-on\">\n\t\t\t\t<time class=\"entry-date published updated\" datetime=\"2026-01-30T13:20:40+02:00\">30\/01\/2026<\/time>\t\t\t<\/span>\n\t\t\t\t<\/div><!-- .entry-meta -->\n\t<\/header><!-- .entry-header -->\n\t<div class=\"entry-summary\">\n\t\t<p>Helmikuun tapahtumat: 4.2. klo 11-13 Keskiviikkokahvitus Geotalon kahvihuoneessa ja haalarisovitus klo 12-14 9.2. klo 18 Poikkitieteteellinen pulkkam\u00e4ki Optiman kanssa! Lis\u00e4tietoja ja tarkempi paikka my\u00f6hemmin? 11.2. klo 11-15 Yst\u00e4v\u00e4np\u00e4iv\u00e4keka ISHAn kanssa Geotalon kahvihuoneessa. Tule nauttimaan yst\u00e4v\u00e4np\u00e4iv\u00e4herkuista ja tutustumaan ISHAn toimintaan?Lis\u00e4ksi kahvituksen yhteydess\u00e4 haalarisovitus klo 12-15 18.2. klo 11-15 Keskiviikkokahvitus Geotalon kahvihuoneessa ja haalarisovitus klo 12-14 24.2. [&hellip;]<\/p>\n\t<\/div><!-- .entry-summary -->\n\t<footer class=\"entry-footer\">\n\t\t\t<div class=\"entry-actions\">\n\t\t\t<p class=\"more-link-wrap\">\n\t\t\t\t<a href=\"https:\/\/tyyala.utu.fi\/vare\/2026\/01\/helmikuun-kuukausitiedote-4\/\" class=\"post-more-link\">\n\t\t\t\t\tRead More<span class=\"screen-reader-text\"> Helmikuun kuukausitiedote<\/span><span class=\"kadence-svg-iconset svg-baseline\"><svg aria-hidden=\"true\" class=\"kadence-svg-icon kadence-arrow-right-alt-svg\" fill=\"currentColor\" version=\"1.1\" xmlns=\"http:\/\/www.w3.org\/2000\/svg\" width=\"27\" height=\"28\" viewBox=\"0 0 27 28\"><title>Continue<\/title><path d=\"M27 13.953c0 0.141-0.063 0.281-0.156 0.375l-6 5.531c-0.156 0.141-0.359 0.172-0.547 0.094-0.172-0.078-0.297-0.25-0.297-0.453v-3.5h-19.5c-0.281 0-0.5-0.219-0.5-0.5v-3c0-0.281 0.219-0.5 0.5-0.5h19.5v-3.5c0-0.203 0.109-0.375 0.297-0.453s0.391-0.047 0.547 0.078l6 5.469c0.094 0.094 0.156 0.219 0.156 0.359v0z\"><\/path>\n\t\t\t<\/svg><\/span>\t\t\t\t<\/a>\n\t\t\t<\/p>\n\t\t<\/div><!-- .entry-actions -->\n\t\t<\/footer><!-- .entry-footer -->\t\t<\/div>\n\t<\/article>\n<\/li>\n<li class=\"kb-post-list-item\">\n\t<article class=\"entry content-bg loop-entry post-4634 post type-post status-publish format-standard category-tiedote czr-hentry\">\n\t\t\t\t<div class=\"entry-content-wrap\">\n\t\t\t<header class=\"entry-header\">\n\t\t<div class=\"entry-taxonomies\">\n\t\t<span class=\"category-links term-links category-style-normal\">\n\t\t\t<a href=\"https:\/\/tyyala.utu.fi\/vare\/category\/tiedote\/\" rel=\"category tag\">tiedote<\/a>\t\t<\/span>\n\t<\/div><!-- .entry-taxonomies -->\n\t<h2 class=\"entry-title\"><a href=\"https:\/\/tyyala.utu.fi\/vare\/2026\/01\/tammikuun-kuukausitiedote-3\/\" rel=\"bookmark\">Tammikuun kuukausitiedote<\/a><\/h2>\t<div class=\"entry-meta entry-meta-divider-dot\">\n\t<span class=\"posted-by\"><span class=\"meta-label\">By<\/span><span class=\"author vcard\"><span class=\"fn n\">mkhill<\/span><\/span><\/span>\t\t\t<span class=\"posted-on\">\n\t\t\t\t<time class=\"entry-date published updated\" datetime=\"2026-01-20T10:29:02+02:00\">20\/01\/2026<\/time>\t\t\t<\/span>\n\t\t\t\t<\/div><!-- .entry-meta -->\n\t<\/header><!-- .entry-header -->\n\t<div class=\"entry-summary\">\n\t\t<p>Heippa varelaiset! Tammikuu on jo yli puoliv\u00e4lin, mutta ikin\u00e4 ei ole liian my\u00f6h\u00e4ist\u00e4 kuukausitiedotteelle!\u00a0Hallituksen vaihtuessa tapahtumissakin tapahtuu joitain muutoksia, esimerkiksi keskiviikkokahvitukset j\u00e4rjestet\u00e4\u00e4n j\u00e4senist\u00f6n iloksi jatkossa joka keskiviikko!? Tarkka aika on viel\u00e4 hakusessa, joten Geotalon kahvihuoneeseen saa tulla antamaan palautetta sopivasta ajankohdasta. Perjantaip\u00e4ivystykset sen sijaan j\u00e4\u00e4v\u00e4t v\u00e4h\u00e4isen k\u00e4vij\u00e4m\u00e4\u00e4r\u00e4n vuoksi toistaiseksi tauolle, mutta vastavaa toimintaa pohditaan hallituksessa [&hellip;]<\/p>\n\t<\/div><!-- .entry-summary -->\n\t<footer class=\"entry-footer\">\n\t\t\t<div class=\"entry-actions\">\n\t\t\t<p class=\"more-link-wrap\">\n\t\t\t\t<a href=\"https:\/\/tyyala.utu.fi\/vare\/2026\/01\/tammikuun-kuukausitiedote-3\/\" class=\"post-more-link\">\n\t\t\t\t\tRead More<span class=\"screen-reader-text\"> Tammikuun kuukausitiedote<\/span><span class=\"kadence-svg-iconset svg-baseline\"><svg aria-hidden=\"true\" class=\"kadence-svg-icon kadence-arrow-right-alt-svg\" fill=\"currentColor\" version=\"1.1\" xmlns=\"http:\/\/www.w3.org\/2000\/svg\" width=\"27\" height=\"28\" viewBox=\"0 0 27 28\"><title>Continue<\/title><path d=\"M27 13.953c0 0.141-0.063 0.281-0.156 0.375l-6 5.531c-0.156 0.141-0.359 0.172-0.547 0.094-0.172-0.078-0.297-0.25-0.297-0.453v-3.5h-19.5c-0.281 0-0.5-0.219-0.5-0.5v-3c0-0.281 0.219-0.5 0.5-0.5h19.5v-3.5c0-0.203 0.109-0.375 0.297-0.453s0.391-0.047 0.547 0.078l6 5.469c0.094 0.094 0.156 0.219 0.156 0.359v0z\"><\/path>\n\t\t\t<\/svg><\/span>\t\t\t\t<\/a>\n\t\t\t<\/p>\n\t\t<\/div><!-- .entry-actions -->\n\t\t<\/footer><!-- .entry-footer -->\t\t<\/div>\n\t<\/article>\n<\/li>\n<\/ul><\/div><\/div>\n","protected":false},"excerpt":{"rendered":"<p>Kuukausittain julkaistava tietopaketti Vareen tulevista tapahtumista<\/p>\n","protected":false},"author":3486,"featured_media":0,"parent":0,"menu_order":0,"comment_status":"closed","ping_status":"closed","template":"","meta":{"_kad_blocks_custom_css":"","_kad_blocks_head_custom_js":"","_kad_blocks_body_custom_js":"","_kad_blocks_footer_custom_js":"","footnotes":""},"class_list":["post-4653","page","type-page","status-publish","czr-hentry"],"taxonomy_info":[],"featured_image_src_large":false,"author_info":{"display_name":"mkhill","author_link":"https:\/\/tyyala.utu.fi\/vare\/author\/mkhill\/"},"comment_info":0,"_links":{"self":[{"href":"https:\/\/tyyala.utu.fi\/vare\/wp-json\/wp\/v2\/pages\/4653","targetHints":{"allow":["GET"]}}],"collection":[{"href":"https:\/\/tyyala.utu.fi\/vare\/wp-json\/wp\/v2\/pages"}],"about":[{"href":"https:\/\/tyyala.utu.fi\/vare\/wp-json\/wp\/v2\/types\/page"}],"author":[{"embeddable":true,"href":"https:\/\/tyyala.utu.fi\/vare\/wp-json\/wp\/v2\/users\/3486"}],"replies":[{"embeddable":true,"href":"https:\/\/tyyala.utu.fi\/vare\/wp-json\/wp\/v2\/comments?post=4653"}],"version-history":[{"count":8,"href":"https:\/\/tyyala.utu.fi\/vare\/wp-json\/wp\/v2\/pages\/4653\/revisions"}],"predecessor-version":[{"id":4779,"href":"https:\/\/tyyala.utu.fi\/vare\/wp-json\/wp\/v2\/pages\/4653\/revisions\/4779"}],"wp:attachment":[{"href":"https:\/\/tyyala.utu.fi\/vare\/wp-json\/wp\/v2\/media?parent=4653"}],"curies":[{"name":"wp","href":"https:\/\/api.w.org\/{rel}","templated":true}]}}