{"id":4553,"date":"2025-03-05T14:19:11","date_gmt":"2025-03-05T12:19:11","guid":{"rendered":"https:\/\/tyyala.utu.fi\/vare\/?page_id=4553"},"modified":"2026-02-19T15:04:56","modified_gmt":"2026-02-19T13:04:56","slug":"kirjasto","status":"publish","type":"page","link":"https:\/\/tyyala.utu.fi\/vare\/kirjasto\/","title":{"rendered":"Kirjasto"},"content":{"rendered":"\n<p>Vareen kirjasto sijaitsee Geotalon 1. kerroksen IT-tilassa 108, joten kirjastoon p\u00e4\u00e4see vain Geotalon kulkukortilla. Kirjahyllyn nelj\u00e4 ylint\u00e4 hylly\u00e4 kuuluvat Vare ry:n kirjastoon. Teokset l\u00f6ytyv\u00e4t hyllyst\u00e4 kategorioittain (arkeologia, historia, kulttuurintutkimus, muut). Teokset on laitettu poikkeuksellisesti aakkosj\u00e4rjestykseen kirjan nimen mukaan, eik\u00e4 siis kirjailijan\/tekij\u00e4n sukunimen mukaan. Lista lainattavista kirjoista l\u00f6ytyy alta.<\/p>\n\n\n\n<p>Kirjojen lainaaminen on mahdollista Vareen j\u00e4senist\u00f6lle ja arkeologian opiskelijoille. Kirjojen laina-aika on yksi kuukausi. Lainaajan tulee ilmoittaa kirjastosta l\u00f6ytyv\u00e4\u00e4n taulukkoon omat tietonsa ennen lainausta ja kuitattava kirja palautetuksi lainan p\u00e4\u00e4ttyess\u00e4. Huomioikaa, ett\u00e4 kirjoja ei voi varata.<\/p>\n\n\n\n<p>Kirjastonhoitajaan saa tarvittaessa yhteytt\u00e4 laittamalla s\u00e4hk\u00f6postia osoitteeseen tekuok[at]utu.fi<\/p>\n\n\n\n<h2 class=\"wp-block-heading\">Kirjalista<\/h2>\n\n\n\n<div class=\"wp-block-group\"><div class=\"wp-block-group__inner-container is-layout-constrained wp-block-group-is-layout-constrained\">\n<p><strong>Arkeologia&nbsp;<\/strong><\/p>\n\n\n\n<figure class=\"wp-block-table\"><table class=\"has-fixed-layout\"><tbody><tr><td><strong>Tekij\u00e4<\/strong>&nbsp;<\/td><td><strong>Teos<\/strong>&nbsp;<\/td><td><strong>Julkaisusarja<\/strong>&nbsp;<\/td><\/tr><tr><td>Trigger, Bruce G.&nbsp;<\/td><td>A history of archaeological thought&nbsp;<\/td><td>&nbsp;<\/td><\/tr><tr><td>Turun Maakuntamuseo&nbsp;<\/td><td>Aarnikotka &#8211; keskiaikaa keskell\u00e4 Turkua&nbsp;<\/td><td>Julkaisuja 5&nbsp;<\/td><\/tr><tr><td>Greene, Kevin&nbsp;<\/td><td>Archaeology: an introduction&nbsp;<\/td><td>&nbsp;<\/td><\/tr><tr><td>Gamble, Clive&nbsp;<\/td><td>Archaeology: the basics&nbsp;<\/td><td>&nbsp;&nbsp;&nbsp;<\/td><\/tr><tr><td>Renfrew, Colin; Bahn, Paul&nbsp;<\/td><td>Archaeology: Theories, methods and practice&nbsp;<\/td><td>&nbsp;<\/td><\/tr><tr><td>Turun Maakuntamuseo&nbsp;<\/td><td>Arkeologisia kaivauksia turussa 1990-luvulla&nbsp;<\/td><td>Turun maakuntamuseo: Raportteja 20.&nbsp;<\/td><\/tr><tr><td>Kolehmainen, Alfred&nbsp;<\/td><td>Asumukset aikojen alussa&nbsp;<\/td><td>&nbsp;<\/td><\/tr><tr><td>Kosmowska-Ceranowicz, B. (toim.)&nbsp;<\/td><td>Baltic amber and other fossil resins&nbsp;<\/td><td>&nbsp;<\/td><\/tr><tr><td>Nockert, Margareta&nbsp;<\/td><td>Bockstensmannen och hans dr\u00e4kt&nbsp;<\/td><td>&nbsp;&nbsp;&nbsp;<\/td><\/tr><tr><td>Jaanits, L. et al.&nbsp;<\/td><td>Eesti esiajalugu&nbsp;<\/td><td>&nbsp;&nbsp;&nbsp;<\/td><\/tr><tr><td>Lehtonen, Kaisa&nbsp;<\/td><td>Esihistorian j\u00e4ljet Kaarinassa&nbsp;<\/td><td>&nbsp;&nbsp;&nbsp;<\/td><\/tr><tr><td>Hietala, Elsa&nbsp;<\/td><td>Esihistorian j\u00e4ljill\u00e4 Liedossa&nbsp;<\/td><td>&nbsp;&nbsp;&nbsp;<\/td><\/tr><tr><td>Paner, Henryk; Jakobielski, Stefan (toim.)&nbsp;<\/td><td>Gda?sk Archaeological Museum African Reports, vol. 3, 2005&nbsp;<\/td><td>&nbsp;<\/td><\/tr><tr><td>Orser, Charles E. Jr.&nbsp;<\/td><td>Historical archaeology 2nd edition&nbsp;<\/td><td>&nbsp;<\/td><\/tr><tr><td>Deetz, James&nbsp;<\/td><td>In Small Things Forgotten: An Archaeology of Early American Life&nbsp;<\/td><td>&nbsp;<\/td><\/tr><tr><td>Halinen, Petri; Immonen, Visa; Lavento, Mika; Mikkola, Terhi; Siiri\u00e4inen, Ari; Uino, Pirjo&nbsp;<\/td><td>Johdatus arkeologiaan&nbsp;<\/td><td>&nbsp;<\/td><\/tr><tr><td>Riikonen, Jaana; toim. Korkeakosti-V\u00e4is\u00e4nen, Kristiina&nbsp;<\/td><td>Karhunhammas 12: Naisenhauta Kaarinan Kirkkom\u00e4ess\u00e4&nbsp;<\/td><td>Karhunhammas 12&nbsp;<\/td><\/tr><tr><td>Toim. Pukkila, Jouko (toim.)&nbsp;<\/td><td>Karhunhammas 13&nbsp;<\/td><td>Karhunhammas 13&nbsp;<\/td><\/tr><tr><td>Nallinmaa-Luoto, Terhi&nbsp;<\/td><td>Karhunhammas 3: Tampere &#8211; Vilusenharju: Nuoremman rautakauden kalmisto Pirkanmaalla&nbsp;<\/td><td>Karhunhammas 3&nbsp;<\/td><\/tr><tr><td>Ik\u00e4heimo, Markus; Kostet, Juhani&nbsp;<\/td><td>Kokeellinen tutkimus&nbsp;<\/td><td>Turun maakuntamuseo: Monisteita 1&nbsp;<\/td><\/tr><tr><td>Autio, Eero&nbsp;<\/td><td>Kotkat, hirvet, karhut: Permil\u00e4ist\u00e4 pronssitaidetta&nbsp;<\/td><td>&nbsp;<\/td><\/tr><tr><td>Asplund, Henrik&nbsp;<\/td><td>Kymittae: Sites, centrality and long-term settlement change in the Kemi\u00f6nsaari region in SW Finland&nbsp;<\/td><td>Turun yliopiston julkaisuja&nbsp;<\/td><\/tr><tr><td>Pellinen, Hanna-Maria (toim.)&nbsp;<\/td><td>Maasta, kivest\u00e4 ja hengest\u00e4. Markus Hiekkanen Festschrift&nbsp;<\/td><td>&nbsp;&nbsp;&nbsp;<\/td><\/tr><tr><td>M\u00e4ntyl\u00e4, Sari (toim.)&nbsp;<\/td><td>Miekka &#8211; Menneisyys &#8211; Maisema&nbsp;<\/td><td>&nbsp;<\/td><\/tr><tr><td>Nordfors, Ulla; Meriluoto, Maj (toim.)&nbsp;<\/td><td>Muinais-DNA: Avain menneisyyteen&nbsp;<\/td><td>&nbsp;<\/td><\/tr><tr><td>Pellinen, Hanna-Maria (toim.)&nbsp;<\/td><td>Muinaistutkija 2 2005&nbsp;<\/td><td>&nbsp;&nbsp;&nbsp;<\/td><\/tr><tr><td>Pellinen, Hanna-Maria (toim.)&nbsp;<\/td><td>Muinaistutkija 3 2005&nbsp;<\/td><td>&nbsp;&nbsp;&nbsp;<\/td><\/tr><tr><td>Immonen, Visa; Haimila,Miikka (toim.)&nbsp;<\/td><td>Mustaa valkoisella. Yst\u00e4v\u00e4kirja arkeologian lehtori Kristiina Korkeakoski-V\u00e4is\u00e4selle&nbsp;<\/td><td>&nbsp;<\/td><\/tr><tr><td>Sepp\u00e4, Johanna; N\u00e4r\u00e4nen, Jari&nbsp;<\/td><td>Poikkiter\u00e4isten kvartsinuolenk\u00e4rkien tehokkuus. Savimuotit pronssivalussa&nbsp;<\/td><td>Turun Maaakuntamuseo. Monisteita 13&nbsp;<\/td><\/tr><tr><td>Beard, Mary&nbsp;<\/td><td>Pompeii&nbsp;<\/td><td>&nbsp;<\/td><\/tr><tr><td>Barber, E. J. W.&nbsp;<\/td><td>Prehistoric textiles. The development of cloth in the Neolithic and Bronze Ages&nbsp;<\/td><td>&nbsp;<\/td><\/tr><tr><td>Harjula, Janne; Immonen, Visa; Ruohonen, Juha&nbsp;<\/td><td>Puukenkien kopinaa &#8211; Henrik Asplundin juhlakirja&nbsp;<\/td><td>Karhunhammas 19&nbsp;<\/td><\/tr><tr><td>Ruohonen, Juha&nbsp;<\/td><td>Ravattulan Ristim\u00e4ki ja Aurajokilaakson varhaisin seurakunnallinen j\u00e4rjest\u00e4ytyminen&nbsp;<\/td><td>Karhunkammas 22&nbsp;<\/td><\/tr><tr><td>Aaltonen, Turkka; Laitinen, Eero&nbsp;<\/td><td>Sarvi- ja luuty\u00f6t&nbsp;<\/td><td>&nbsp;<\/td><\/tr><tr><td>Heinonen, Tuuli; Ehrnsten, Frida; Harjula, Janne et al. (toim)<\/td><td>Shattered and Scattered Pasts. Festschrift for professor Georg Haggr\u00e9n <\/td><td>Archeologia Medii Aevi Finlandiae XXXI<\/td><\/tr><tr><td>Laul, Silvia; Valk, Heiki&nbsp;<\/td><td>Siks\u00e4l\u00e4: A community at the frontiers, iron age and medieval&nbsp;<\/td><td>&nbsp;<\/td><\/tr><tr><td>Jensen, J\u00f8rgen<\/td><td>Prehistory of Denmark<\/td><td><\/td><\/tr><tr><td>Creutz, Kristina&nbsp;<\/td><td>Tension and tradition. A study of Late Iron Age spearheads around the Baltic Sea&nbsp;<\/td><td>These and papers in archaeology N.S.A 8&nbsp;<\/td><\/tr><tr><td>Wild, John Peter&nbsp;<\/td><td>Textiles in archaeology&nbsp;<\/td><td>&nbsp;&nbsp;&nbsp;<\/td><\/tr><tr><td>Tallgren, A. M.&nbsp;<\/td><td>Tietojemme rajoilta historiassa &#8211; Kokoelma muinais- ja sivistyshistoriallisia kirjoituksia&nbsp;<\/td><td>&nbsp;<\/td><\/tr><tr><td>Tuomola, Simo&nbsp;<\/td><td>Turun kaupungin selviytymistarina l\u00e4pi vuosisatojen 8000 eKr. &#8211; 1600 jKr.&nbsp;<\/td><td>&nbsp;<\/td><\/tr><tr><td>Uotila, Kari; Haggr\u00e9n, Georg; Carpelan, Maria; Helamaa, Maija (toim.)&nbsp;<\/td><td>Uuden torin kantilla 1650-1827 Vol. 1.&nbsp;<\/td><td>&nbsp;<\/td><\/tr><tr><td>Uotila, Kari; Helamaa, Maija; Haggr\u00e9n, Georg; Niemel\u00e4, Tia (toim.)&nbsp;<\/td><td>Uuden torin kantilla 1650-1827 Vol. 2&nbsp;<\/td><td>&nbsp;<\/td><\/tr><tr><td>Purhonen, Paula (toim.)&nbsp;<\/td><td>Vainionm\u00e4ki &#8211; A merovingian period cemetery in Laitila, Finland&nbsp;<\/td><td>&nbsp;<\/td><\/tr><tr><td>Rammo, Riina; Ratas, Jaana&nbsp;<\/td><td>Vasken v\u00e4lkett\u00e4 Viron vaatteissa. Spiraalikoristelun tuhatvuotinen perinne&nbsp;<\/td><td>&nbsp;&nbsp;&nbsp;<\/td><\/tr><tr><td>Uotila, Kari (toim.)&nbsp;<\/td><td>Vesilahden Laukko &#8211; Linna, Kartano, Koti&nbsp;<\/td><td>Archaeologia Medii Aevi Finlandiae IV&nbsp;<\/td><\/tr><tr><td>Lahden historiallinen museo&nbsp;<\/td><td>Viikingit ja id\u00e4n aarteet&nbsp;<\/td><td>&nbsp;<\/td><\/tr><tr><td>Tomtlund, Jan-Erik&nbsp;<\/td><td>Vikingatid &#8211; Historiska museet Stockholm Juni 2003 &#8211; Juni 2004&nbsp;<\/td><td>&nbsp;&nbsp;&nbsp;<\/td><\/tr><tr><td>Terho, Henrik (toim.)&nbsp;<\/td><td>Vuodet, vuodenajat, Vanhalinna&nbsp;<\/td><td>&nbsp;<\/td><\/tr><\/tbody><\/table><\/figure>\n<\/div><\/div>\n\n\n\n<div class=\"wp-block-group\"><div class=\"wp-block-group__inner-container is-layout-constrained wp-block-group-is-layout-constrained\">\n<p><strong>Historia&nbsp;<\/strong><\/p>\n\n\n\n<figure class=\"wp-block-table\"><table class=\"has-fixed-layout\"><tbody><tr><td><strong>Tekij\u00e4<\/strong>&nbsp;<\/td><td><strong>Teos<\/strong>&nbsp;<\/td><td><strong>Julkaisusarja<\/strong>&nbsp;<\/td><\/tr><tr><td>Geijer, Agnes et al.&nbsp;<\/td><td>Drottning Margaretas gyllene kjortel i Uppsala domkyrka&nbsp;<\/td><td>&nbsp;&nbsp;&nbsp;<\/td><\/tr><tr><td>Taylor, Miles&nbsp;<\/td><td>Empress &#8211; Queen Victoria and India&nbsp;<\/td><td>&nbsp;<\/td><\/tr><tr><td>Saarensivu, Aarno; Sainio, Arvo (toim.)&nbsp;<\/td><td>Historiaa Ty\u00f6kirjana&nbsp;<\/td><td>&nbsp;<\/td><\/tr><tr><td>Hanska, Jussi; Vainio-Korhonen, Kirsi&nbsp;<\/td><td>Huoneentaulun maailma &#8211; Kasvatus ja koulutus Suomessa keskiajalta 1860-luvulle&nbsp;<\/td><td>&nbsp;<\/td><\/tr><tr><td>Ollila, Anne&nbsp;<\/td><td>Jalo velvollisuus: Virkanaisena 1800-luvun lopun Suomessa&nbsp;<\/td><td>&nbsp;<\/td><\/tr><tr><td>Huurre, Matti; Ker\u00e4nen Jorma&nbsp;<\/td><td>Kainuun historia I&nbsp;<\/td><td>&nbsp;&nbsp;&nbsp;<\/td><\/tr><tr><td>Turpeinen, Oiva&nbsp;<\/td><td>Kainuun historia II&nbsp;<\/td><td>&nbsp;&nbsp;&nbsp;<\/td><\/tr><tr><td>Heikkinen, Antero&nbsp;<\/td><td>Kainuun historia III&nbsp;<\/td><td>&nbsp;&nbsp;&nbsp;<\/td><\/tr><tr><td>Sparre, Louis&nbsp;<\/td><td>Kalevalan kansaa katsomassa &#8211; Muistiinpanoja kauko-Karjalan retkelt\u00e4 v. 1892&nbsp;<\/td><td>&nbsp;<\/td><\/tr><tr><td>Litzen, Veikko; Tuhkanen, Totti (toim.)&nbsp;<\/td><td>Keskiajan kulttuurihistorian lukukirja&nbsp;<\/td><td>Turun yliopiston t\u00e4ydennyskoulutuskeskuksen julkaisuja A:54&nbsp;<\/td><\/tr><tr><td>Ojanen, Eero; Jalonen Olli&nbsp;<\/td><td>Kymmenen vuosituhatta&nbsp;<\/td><td>&nbsp;&nbsp;&nbsp;<\/td><\/tr><tr><td>Steffa, Liisa; Steffa, Tim&nbsp;<\/td><td>Muisto Syv\u00e4rilt\u00e4 &#8211; Sota-ajan puhdety\u00f6t&nbsp;<\/td><td>&nbsp;&nbsp;&nbsp;<\/td><\/tr><tr><td>Utrio, Kaari&nbsp;<\/td><td>Perhekirja: Eurooppalaisen perheen historia&nbsp;<\/td><td>&nbsp;<\/td><\/tr><tr><td>Linder Marja-Liisa et al.&nbsp;<\/td><td>Ristin ja Olavin kansaa &#8211; Keskiajan usko ja kirkko H\u00e4meess\u00e4 ja Satakunnassa&nbsp;<\/td><td>Tampereen museoiden julkaisuja 55&nbsp;<\/td><\/tr><tr><td>Oksala, Hilkka (toim.)&nbsp;<\/td><td>Saariputhaan juurila &#8211; Pohjoisen rajajokivarren kyl\u00e4perinnett\u00e4&nbsp;<\/td><td>&nbsp;<\/td><\/tr><tr><td>Kokko, Marja&nbsp;<\/td><td>Sisaret, toverit: naisten j\u00e4rjest\u00e4ytyinen, ryhm\u00e4tietoisuus ja kansallistuminen Jyv\u00e4skyl\u00e4ss\u00e4 1800-luvun lopulta 1930-luvulle&nbsp;<\/td><td>&nbsp;<\/td><\/tr><tr><td>Kupila, Sanna; S\u00f6derstr\u00f6m, Marita (toim.)&nbsp;<\/td><td>Turun katuja ja toreja &#8211; Nimist\u00f6historiaa keskiajalta nykyp\u00e4iv\u00e4\u00e4&nbsp;<\/td><td>Turun Museokeskuksen julkaisuja 53&nbsp;<\/td><\/tr><tr><td>Lepokorpi, Nina (toim.)&nbsp;<\/td><td>Turun linna &#8211; P\u00e4\u00e4linnan opaskirja&nbsp;<\/td><td>&nbsp;<\/td><\/tr><tr><td>Santavuori, Martti&nbsp;<\/td><td>Turun linna &#8211; Sotasokeat 1970&nbsp;<\/td><td>&nbsp;<\/td><\/tr><tr><td>Appelgren, Kari et. Al&nbsp;<\/td><td>Turun linna &#8211; Tyylihuoneet&nbsp;<\/td><td>&nbsp;<\/td><\/tr><tr><td>Gardberg, C. J.&nbsp;<\/td><td>Turun linnan kolme Katarinaa&nbsp;<\/td><td>&nbsp;&nbsp;&nbsp;<\/td><\/tr><tr><td>Turun Maakuntamuseo&nbsp;<\/td><td>Turun nimist\u00f6 1: Turun kaupunkialueen muodostuminen Turun asemakaavallinen kehitys keskiajalta vuoden 1827 suurpaloon&nbsp;<\/td><td>&nbsp;<\/td><\/tr><tr><td>Turun kaupunki&nbsp;<\/td><td>Turun vanhimmat puistot: Tuomiokirkonpuisto &#8211; Brahenpuisto &#8211; Porthaninpuisto&nbsp;<\/td><td>&nbsp;<\/td><\/tr><\/tbody><\/table><\/figure>\n<\/div><\/div>\n\n\n\n<div class=\"wp-block-group\"><div class=\"wp-block-group__inner-container is-layout-constrained wp-block-group-is-layout-constrained\">\n<p><strong>Kulttuurintutkimus&nbsp;<\/strong><\/p>\n\n\n\n<figure class=\"wp-block-table\"><table class=\"has-fixed-layout\"><tbody><tr><td><strong>Tekij\u00e4<\/strong>&nbsp;<\/td><td><strong>Teos<\/strong>&nbsp;<\/td><td><strong>Julkaisusarja<\/strong>&nbsp;<\/td><\/tr><tr><td>Pallo, Sirje&nbsp;<\/td><td>Eesti perem\u00e4rgid&nbsp;<\/td><td>&nbsp;&nbsp;&nbsp;<\/td><\/tr><tr><td>Astel, Eevi&nbsp;<\/td><td>Eesti v\u00f6\u00f6d&nbsp;<\/td><td>&nbsp;&nbsp;&nbsp;<\/td><\/tr><tr><td>Varsinais-Suomen liitto ja Satakuntaliitto&nbsp;<\/td><td>Heraldiikka &#8211; ajaton viestint\u00e4muoto&nbsp;<\/td><td>&nbsp;<\/td><\/tr><tr><td>Niemi, A. R.&nbsp;<\/td><td>Kalevalan selityksi\u00e4&nbsp;<\/td><td>&nbsp;<\/td><\/tr><tr><td>Raitio, Sari&nbsp;<\/td><td>Kankaiden aloituksia ja lopetuksia sek\u00e4 putkihulpioiden kutominen loimipainoisissa pystykangaspuissa&nbsp;<\/td><td>Turun Maakuntamuseo. Monisteita 2&nbsp;<\/td><\/tr><tr><td>Heikkinen, Minna (toim.)&nbsp;<\/td><td>Keinut, filmit, kerhot ja tatsat &#8211; Etnologinen katse nuorisokulttuurin tutkimukseen&nbsp;<\/td><td>Turun maakuntamuseon julkaisuja 11&nbsp;<\/td><\/tr><tr><td>Hovi, Antti (toim.)&nbsp;<\/td><td>Matka Etel\u00e4-Suomen perinnemaisemiin ja esihistoriaan&nbsp;<\/td><td>&nbsp;<\/td><\/tr><tr><td>Lehtinen, Ildiko; Sihvo, Pirkko&nbsp;<\/td><td>Rahwaan puku &#8211; Folk Costume&nbsp;<\/td><td>&nbsp;<\/td><\/tr><tr><td>Hannusas, Susan; Raitio, Sari&nbsp;<\/td><td>Morsinkov\u00e4rj\u00e4ys &#8211; historiaa ja kokeiluja&nbsp;<\/td><td>Turun maakuntamuseo: Monisteita 12&nbsp;<\/td><\/tr><tr><td>M\u00e4ntyl\u00e4, Sari (toim.)&nbsp;<\/td><td>Rituals and relations &#8211; Studies on the society and material culture of the baltic finns&nbsp;<\/td><td>&nbsp;<\/td><\/tr><tr><td>P\u00f6yh\u00f6nen, Anne&nbsp;<\/td><td>Yl\u00e4kuu ja Alakuu &#8211; Ajoituksen taito suomalaisessa kansanperinteess\u00e4&nbsp;<\/td><td>&nbsp;&nbsp;&nbsp;<\/td><\/tr><\/tbody><\/table><\/figure>\n<\/div><\/div>\n\n\n\n<div class=\"wp-block-group\"><div class=\"wp-block-group__inner-container is-layout-constrained wp-block-group-is-layout-constrained\">\n<p><strong>Muut&nbsp;<\/strong><\/p>\n\n\n\n<figure class=\"wp-block-table\"><table class=\"has-fixed-layout\"><tbody><tr><td><strong>Tekij\u00e4<\/strong>&nbsp;<\/td><td><strong>Teos<\/strong>&nbsp;<\/td><td><strong>Julkaisusarja<\/strong>&nbsp;<\/td><\/tr><tr><td>Lappalainen, Markku; Kivek\u00e4s, Matti; Lahti, Johannes&nbsp;<\/td><td>Aurajokilaakso &#8211; El\u00e4v\u00e4 kansallismaisema&nbsp;<\/td><td>&nbsp;<\/td><\/tr><tr><td>Enqvist, Johanna (toim.)&nbsp;<\/td><td>Fibula 30 v.&nbsp;<\/td><td>Fibula 1\/1999&nbsp;<\/td><\/tr><tr><td>Niemel\u00e4, Tia (toim.)&nbsp;<\/td><td>Fibula ry 50 vuotta: Arkeologian ainej\u00e4rjest\u00f6n vaiheita 1969-2019&nbsp;<\/td><td>&nbsp;<\/td><\/tr><tr><td>Haamies, Pekka (toim.)&nbsp;<\/td><td>Henrikinkadun helmi: Turun yliopiston kulttuurien tutkimuksen laitoksen tiedotuslehti 1\/2009&nbsp;<\/td><td>Turun yliopiston kulttuurien tutkimuksen laitoksen tiedotuslehti 1\/2009&nbsp;<\/td><\/tr><tr><td>Kormano, Riitta (toim.)&nbsp;<\/td><td>Hetkinen ja muistij\u00e4lki &#8211; Turun kaupungin taidekokoelman julkiset teokset&nbsp;<\/td><td>Turun museokeskuksen julkaisuja 56&nbsp;<\/td><\/tr><tr><td>Arkeologian yhdistys Vare, Turku&nbsp;<\/td><td>Lapionpistoja &#8211; Kertomuksia Arkeologian yhdistys Vareesta vuosilta 1962-2012&nbsp;<\/td><td>&nbsp;<\/td><\/tr><tr><td>Turun Maakuntamuseo&nbsp;<\/td><td>Museotiedote Turusta&nbsp;<\/td><td>(2) 2006&nbsp;<\/td><\/tr><tr><td>Salonen, P\u00e4ivi (toim.)&nbsp;<\/td><td>M\u00e4\u00e4likk\u00e4 1\/2008&nbsp;<\/td><td>M\u00e4\u00e4likk\u00e4 1\/2008&nbsp;<\/td><\/tr><tr><td>Lammi, Antti; Konttinen, Olavi&nbsp;<\/td><td>Puheenjohtajan opas 1963&nbsp;<\/td><td>&nbsp;<\/td><\/tr><tr><td>Lappalainen, Ari&nbsp;<\/td><td>Puukoukusta Rapalaan&nbsp;<\/td><td>Kalastusmuseoyhdistys ry&nbsp;<\/td><\/tr><tr><td>Laaksonen, Irma&nbsp;<\/td><td>Suomalainen kulttuuri: Keski-Suomen k\u00e4si- ja taideteollisuusoppilaitos&nbsp;<\/td><td>&nbsp;<\/td><\/tr><tr><td>Turun yliopiston ylioppilaskunta&nbsp;<\/td><td>Turun yliopiston ylioppilaskunnan laulukirja 1946&nbsp;<\/td><td>&nbsp;<\/td><\/tr><tr><td>Miettinen, Lasse; Raimo, Olli&nbsp;<\/td><td>Yhdistystoimijan opas TYY:n alayhdistyksille 2003&nbsp;<\/td><td>&nbsp;<\/td><\/tr><\/tbody><\/table><\/figure>\n<\/div><\/div>\n","protected":false},"excerpt":{"rendered":"<p>Vareen kirjasto sijaitsee Geotalon 1. kerroksen IT-tilassa 108, joten kirjastoon p\u00e4\u00e4see vain Geotalon kulkukortilla. Kirjahyllyn nelj\u00e4 ylint\u00e4 hylly\u00e4 kuuluvat Vare ry:n kirjastoon. Teokset l\u00f6ytyv\u00e4t hyllyst\u00e4 kategorioittain (arkeologia, historia, kulttuurintutkimus, muut). Teokset on laitettu poikkeuksellisesti aakkosj\u00e4rjestykseen kirjan nimen mukaan, eik\u00e4 siis kirjailijan\/tekij\u00e4n sukunimen mukaan. Lista lainattavista kirjoista l\u00f6ytyy alta. Kirjojen lainaaminen on mahdollista Vareen j\u00e4senist\u00f6lle ja [&hellip;]<\/p>\n","protected":false},"author":3477,"featured_media":0,"parent":0,"menu_order":0,"comment_status":"closed","ping_status":"closed","template":"","meta":{"_kad_blocks_custom_css":"","_kad_blocks_head_custom_js":"","_kad_blocks_body_custom_js":"","_kad_blocks_footer_custom_js":"","footnotes":""},"class_list":["post-4553","page","type-page","status-publish","czr-hentry"],"taxonomy_info":[],"featured_image_src_large":false,"author_info":{"display_name":"visohlutufi","author_link":"https:\/\/tyyala.utu.fi\/vare\/author\/visohlutufi\/"},"comment_info":0,"_links":{"self":[{"href":"https:\/\/tyyala.utu.fi\/vare\/wp-json\/wp\/v2\/pages\/4553","targetHints":{"allow":["GET"]}}],"collection":[{"href":"https:\/\/tyyala.utu.fi\/vare\/wp-json\/wp\/v2\/pages"}],"about":[{"href":"https:\/\/tyyala.utu.fi\/vare\/wp-json\/wp\/v2\/types\/page"}],"author":[{"embeddable":true,"href":"https:\/\/tyyala.utu.fi\/vare\/wp-json\/wp\/v2\/users\/3477"}],"replies":[{"embeddable":true,"href":"https:\/\/tyyala.utu.fi\/vare\/wp-json\/wp\/v2\/comments?post=4553"}],"version-history":[{"count":9,"href":"https:\/\/tyyala.utu.fi\/vare\/wp-json\/wp\/v2\/pages\/4553\/revisions"}],"predecessor-version":[{"id":4720,"href":"https:\/\/tyyala.utu.fi\/vare\/wp-json\/wp\/v2\/pages\/4553\/revisions\/4720"}],"wp:attachment":[{"href":"https:\/\/tyyala.utu.fi\/vare\/wp-json\/wp\/v2\/media?parent=4553"}],"curies":[{"name":"wp","href":"https:\/\/api.w.org\/{rel}","templated":true}]}}