{"id":4348,"date":"2022-12-06T17:10:21","date_gmt":"2022-12-06T15:10:21","guid":{"rendered":"https:\/\/tyyala.utu.fi\/vare\/?page_id=4348"},"modified":"2022-12-06T17:23:57","modified_gmt":"2022-12-06T15:23:57","slug":"palaute-ehdotukset","status":"publish","type":"page","link":"https:\/\/tyyala.utu.fi\/vare\/palaute-ehdotukset\/","title":{"rendered":"Palaute\/Ehdotukset"},"content":{"rendered":"\n<p>T\u00e4\u00e4ll\u00e4 voit antaa avointa palautetta Vareen tapahtumista ja yleisestikin kaikesta toiminnasta suoraan hallitukselle. Tapahtumaehdotukset ovat erityisen tervetulleita! Voit antaa nimesi ja s\u00e4hk\u00f6postisi, jos tahdot viestiisi vastauksen, tai pysy\u00e4 anonyymin\u00e4.<\/p>\n\n\n\n<p>Yksityisesti sopolle voi viestitt\u00e4\u00e4 <a rel=\"noreferrer noopener\" href=\"https:\/\/tyyala.utu.fi\/vare\/sopoloota\/\" target=\"_blank\">t\u00e4\u00e4lt\u00e4<\/a>, jos et halua koko hallituksen lukevan viesti\u00e4si. Muiden hallituslaisten s\u00e4hk\u00f6postiosoitteet l\u00f6ytyv\u00e4t <a href=\"https:\/\/tyyala.utu.fi\/vare\/hallitus\/\" target=\"_blank\" rel=\"noreferrer noopener\">t\u00e4\u00e4lt\u00e4<\/a>, jos haluat kohdistaa viestisi tietylle toimihenkil\u00f6lle.<\/p>\n\n\n\n<div class=\"wpcf7 no-js\" id=\"wpcf7-f4353-o1\" lang=\"fi\" dir=\"ltr\" data-wpcf7-id=\"4353\">\n<div class=\"screen-reader-response\"><p role=\"status\" aria-live=\"polite\" aria-atomic=\"true\"><\/p> <ul><\/ul><\/div>\n<form action=\"\/vare\/wp-json\/wp\/v2\/pages\/4348#wpcf7-f4353-o1\" method=\"post\" class=\"wpcf7-form init\" aria-label=\"Yhteydenottolomake\" novalidate=\"novalidate\" data-status=\"init\">\n<fieldset class=\"hidden-fields-container\"><input type=\"hidden\" name=\"_wpcf7\" value=\"4353\" \/><input type=\"hidden\" name=\"_wpcf7_version\" value=\"6.1.4\" \/><input type=\"hidden\" name=\"_wpcf7_locale\" value=\"fi\" \/><input type=\"hidden\" name=\"_wpcf7_unit_tag\" value=\"wpcf7-f4353-o1\" \/><input type=\"hidden\" name=\"_wpcf7_container_post\" value=\"0\" \/><input type=\"hidden\" name=\"_wpcf7_posted_data_hash\" value=\"\" \/><input type=\"hidden\" name=\"_wpcf7_recaptcha_response\" value=\"\" \/>\n<\/fieldset>\n<p><label> Nimi (jos haluat)<br \/>\n<span class=\"wpcf7-form-control-wrap\" data-name=\"your-name\"><input size=\"40\" maxlength=\"400\" class=\"wpcf7-form-control wpcf7-text\" aria-invalid=\"false\" value=\"\" type=\"text\" name=\"your-name\" \/><\/span> <\/label>\n<\/p>\n<p><label> S\u00e4hk\u00f6posti (jos haluat)<br \/>\n<span class=\"wpcf7-form-control-wrap\" data-name=\"your-email\"><input size=\"40\" maxlength=\"400\" class=\"wpcf7-form-control wpcf7-email wpcf7-text wpcf7-validates-as-email\" aria-invalid=\"false\" value=\"\" type=\"email\" name=\"your-email\" \/><\/span> <\/label>\n<\/p>\n<p><label> Aihe (pakollinen)<br \/>\n<span class=\"wpcf7-form-control-wrap\" data-name=\"aihe\"><input size=\"40\" maxlength=\"400\" class=\"wpcf7-form-control wpcf7-text\" aria-invalid=\"false\" value=\"\" type=\"text\" name=\"aihe\" \/><\/span> <\/label>\n<\/p>\n<p><label> Viesti (pakollinen)<br \/>\n<span class=\"wpcf7-form-control-wrap\" data-name=\"your-message\"><textarea cols=\"40\" rows=\"10\" maxlength=\"2000\" class=\"wpcf7-form-control wpcf7-textarea wpcf7-validates-as-required\" aria-required=\"true\" aria-invalid=\"false\" name=\"your-message\"><\/textarea><\/span> <\/label>\n<\/p>\n<p><input class=\"wpcf7-form-control wpcf7-submit has-spinner\" type=\"submit\" value=\"L\u00e4het\u00e4\" \/>\n<\/p><div class=\"wpcf7-response-output\" aria-hidden=\"true\"><\/div>\n<\/form>\n<\/div>\n\n","protected":false},"excerpt":{"rendered":"<p>T\u00e4\u00e4ll\u00e4 voit antaa avointa palautetta Vareen tapahtumista ja yleisestikin kaikesta toiminnasta suoraan hallitukselle. Tapahtumaehdotukset ovat erityisen tervetulleita! Voit antaa nimesi ja s\u00e4hk\u00f6postisi, jos tahdot viestiisi vastauksen, tai pysy\u00e4 anonyymin\u00e4. Yksityisesti sopolle voi viestitt\u00e4\u00e4 t\u00e4\u00e4lt\u00e4, jos et halua koko hallituksen lukevan viesti\u00e4si. Muiden hallituslaisten s\u00e4hk\u00f6postiosoitteet l\u00f6ytyv\u00e4t t\u00e4\u00e4lt\u00e4, jos haluat kohdistaa viestisi tietylle toimihenkil\u00f6lle.<\/p>\n","protected":false},"author":2934,"featured_media":0,"parent":0,"menu_order":0,"comment_status":"closed","ping_status":"closed","template":"","meta":{"_kad_blocks_custom_css":"","_kad_blocks_head_custom_js":"","_kad_blocks_body_custom_js":"","_kad_blocks_footer_custom_js":"","footnotes":""},"class_list":["post-4348","page","type-page","status-publish","czr-hentry"],"taxonomy_info":[],"featured_image_src_large":false,"author_info":{"display_name":"aakett","author_link":"https:\/\/tyyala.utu.fi\/vare\/author\/aakett\/"},"comment_info":0,"_links":{"self":[{"href":"https:\/\/tyyala.utu.fi\/vare\/wp-json\/wp\/v2\/pages\/4348","targetHints":{"allow":["GET"]}}],"collection":[{"href":"https:\/\/tyyala.utu.fi\/vare\/wp-json\/wp\/v2\/pages"}],"about":[{"href":"https:\/\/tyyala.utu.fi\/vare\/wp-json\/wp\/v2\/types\/page"}],"author":[{"embeddable":true,"href":"https:\/\/tyyala.utu.fi\/vare\/wp-json\/wp\/v2\/users\/2934"}],"replies":[{"embeddable":true,"href":"https:\/\/tyyala.utu.fi\/vare\/wp-json\/wp\/v2\/comments?post=4348"}],"version-history":[{"count":5,"href":"https:\/\/tyyala.utu.fi\/vare\/wp-json\/wp\/v2\/pages\/4348\/revisions"}],"predecessor-version":[{"id":4358,"href":"https:\/\/tyyala.utu.fi\/vare\/wp-json\/wp\/v2\/pages\/4348\/revisions\/4358"}],"wp:attachment":[{"href":"https:\/\/tyyala.utu.fi\/vare\/wp-json\/wp\/v2\/media?parent=4348"}],"curies":[{"name":"wp","href":"https:\/\/api.w.org\/{rel}","templated":true}]}}