{"id":4144,"date":"2022-04-28T19:10:54","date_gmt":"2022-04-28T16:10:54","guid":{"rendered":"https:\/\/tyyala.utu.fi\/vare\/?page_id=4144"},"modified":"2026-02-19T12:42:44","modified_gmt":"2026-02-19T10:42:44","slug":"sopoloota","status":"publish","type":"page","link":"https:\/\/tyyala.utu.fi\/vare\/sopoloota\/","title":{"rendered":"Sosiaalipolitiikka"},"content":{"rendered":"\n<p>Me Vareessa noudatamme TYY:n turvallisen tilan periaatteita. Turvallinen tila tarkoittaa, ett\u00e4 kaikilla on vapaus olla oma itsens\u00e4, ilmaista itse\u00e4\u00e4n vapaasti ja olla osallinen kaikessa toiminnassa. Turvallisessa tilassa kaikki h\u00e4irint\u00e4 on ehdottomasti kielletty\u00e4. H\u00e4irint\u00e4\u00e4 on mik\u00e4 tahansa toiminta tai k\u00e4yt\u00f6s, joka on toista alistavaa, vihamielisen ja ep\u00e4miellytt\u00e4v\u00e4n ilmapiirin luomista tai ihmisen tai ihmisryhm\u00e4n uhkailua. Lis\u00e4\u00e4 aiheesta p\u00e4\u00e4set lukemaan <a href=\"https:\/\/www.tyy.fi\/fi\/yhdenvertaisuus\" target=\"_blank\" rel=\"noreferrer noopener\">TYY:n sivuilta<\/a>.<\/p>\n\n\n\n<p>Sosiaalipoliittinen vastaava eli Sopo on vastuussa opiskelijan hyvinvointiin liittyvist\u00e4 asioista kuten jaksamisesta, toimeentulosta, yhdenvertaisuudesta ja saavutettavuudesta. Vuoden 2026 Sopona toimii Martta Hillukkala (mkhill [at] utu.fi). Jos sinulla on jotakin huolia, tarvetta juttuseuralle, tai ihan vain avointa palautetta Vareen toiminnasta mit\u00e4 haluaisit kuultavan, niin t\u00e4lt\u00e4 sivulta saat <strong>anonyymisti <\/strong>yhteyden sopoomme.<\/p>\n\n\n\n<div class=\"wpcf7 no-js\" id=\"wpcf7-f4155-o1\" lang=\"fi\" dir=\"ltr\" data-wpcf7-id=\"4155\">\n<div class=\"screen-reader-response\"><p role=\"status\" aria-live=\"polite\" aria-atomic=\"true\"><\/p> <ul><\/ul><\/div>\n<form action=\"\/vare\/wp-json\/wp\/v2\/pages\/4144#wpcf7-f4155-o1\" method=\"post\" class=\"wpcf7-form init\" aria-label=\"Yhteydenottolomake\" novalidate=\"novalidate\" data-status=\"init\">\n<fieldset class=\"hidden-fields-container\"><input type=\"hidden\" name=\"_wpcf7\" value=\"4155\" \/><input type=\"hidden\" name=\"_wpcf7_version\" value=\"6.1.4\" \/><input type=\"hidden\" name=\"_wpcf7_locale\" value=\"fi\" \/><input type=\"hidden\" name=\"_wpcf7_unit_tag\" value=\"wpcf7-f4155-o1\" \/><input type=\"hidden\" name=\"_wpcf7_container_post\" value=\"0\" \/><input type=\"hidden\" name=\"_wpcf7_posted_data_hash\" value=\"\" \/><input type=\"hidden\" name=\"_wpcf7_recaptcha_response\" value=\"\" \/>\n<\/fieldset>\n<p><label> Aihe<br \/>\n<span class=\"wpcf7-form-control-wrap\" data-name=\"your-subject\"><input size=\"40\" maxlength=\"400\" class=\"wpcf7-form-control wpcf7-text wpcf7-validates-as-required\" aria-required=\"true\" aria-invalid=\"false\" value=\"\" type=\"text\" name=\"your-subject\" \/><\/span> <\/label>\n<\/p>\n<p><label> Viesti<br \/>\n<span class=\"wpcf7-form-control-wrap\" data-name=\"your-message\"><textarea cols=\"40\" rows=\"10\" maxlength=\"2000\" class=\"wpcf7-form-control wpcf7-textarea wpcf7-validates-as-required\" aria-required=\"true\" aria-invalid=\"false\" name=\"your-message\"><\/textarea><\/span> <\/label>\n<\/p>\n<p><input class=\"wpcf7-form-control wpcf7-submit has-spinner\" type=\"submit\" value=\"L\u00e4het\u00e4\" \/>\n<\/p><div class=\"wpcf7-response-output\" aria-hidden=\"true\"><\/div>\n<\/form>\n<\/div>\n\n","protected":false},"excerpt":{"rendered":"<p>Me Vareessa noudatamme TYY:n turvallisen tilan periaatteita. Turvallinen tila tarkoittaa, ett\u00e4 kaikilla on vapaus olla oma itsens\u00e4, ilmaista itse\u00e4\u00e4n vapaasti ja olla osallinen kaikessa toiminnassa. Turvallisessa tilassa kaikki h\u00e4irint\u00e4 on ehdottomasti kielletty\u00e4. H\u00e4irint\u00e4\u00e4 on mik\u00e4 tahansa toiminta tai k\u00e4yt\u00f6s, joka on toista alistavaa, vihamielisen ja ep\u00e4miellytt\u00e4v\u00e4n ilmapiirin luomista tai ihmisen tai ihmisryhm\u00e4n uhkailua. Lis\u00e4\u00e4 aiheesta [&hellip;]<\/p>\n","protected":false},"author":2934,"featured_media":0,"parent":0,"menu_order":0,"comment_status":"closed","ping_status":"closed","template":"","meta":{"_kad_blocks_custom_css":"","_kad_blocks_head_custom_js":"","_kad_blocks_body_custom_js":"","_kad_blocks_footer_custom_js":"","footnotes":""},"class_list":["post-4144","page","type-page","status-publish","czr-hentry"],"taxonomy_info":[],"featured_image_src_large":false,"author_info":{"display_name":"aakett","author_link":"https:\/\/tyyala.utu.fi\/vare\/author\/aakett\/"},"comment_info":0,"_links":{"self":[{"href":"https:\/\/tyyala.utu.fi\/vare\/wp-json\/wp\/v2\/pages\/4144","targetHints":{"allow":["GET"]}}],"collection":[{"href":"https:\/\/tyyala.utu.fi\/vare\/wp-json\/wp\/v2\/pages"}],"about":[{"href":"https:\/\/tyyala.utu.fi\/vare\/wp-json\/wp\/v2\/types\/page"}],"author":[{"embeddable":true,"href":"https:\/\/tyyala.utu.fi\/vare\/wp-json\/wp\/v2\/users\/2934"}],"replies":[{"embeddable":true,"href":"https:\/\/tyyala.utu.fi\/vare\/wp-json\/wp\/v2\/comments?post=4144"}],"version-history":[{"count":10,"href":"https:\/\/tyyala.utu.fi\/vare\/wp-json\/wp\/v2\/pages\/4144\/revisions"}],"predecessor-version":[{"id":4667,"href":"https:\/\/tyyala.utu.fi\/vare\/wp-json\/wp\/v2\/pages\/4144\/revisions\/4667"}],"wp:attachment":[{"href":"https:\/\/tyyala.utu.fi\/vare\/wp-json\/wp\/v2\/media?parent=4144"}],"curies":[{"name":"wp","href":"https:\/\/api.w.org\/{rel}","templated":true}]}}