{"id":4133,"date":"2022-04-26T15:51:31","date_gmt":"2022-04-26T12:51:31","guid":{"rendered":"https:\/\/tyyala.utu.fi\/vare\/?page_id=4133"},"modified":"2026-03-30T21:57:27","modified_gmt":"2026-03-30T18:57:27","slug":"kokousten-poytakirjat","status":"publish","type":"page","link":"https:\/\/tyyala.utu.fi\/vare\/kokousten-poytakirjat\/","title":{"rendered":"Kokousten p\u00f6yt\u00e4kirjat"},"content":{"rendered":"\n<p>Toimintamme l\u00e4pin\u00e4kyvyyden edist\u00e4miseksi kokoamme t\u00e4lle sivulle Vareen hallituksen kokousten p\u00f6yt\u00e4kirjat j\u00e4senist\u00f6n n\u00e4ht\u00e4v\u00e4ksi.<\/p>\n\n\n\n<div class=\"wp-block-buttons is-content-justification-left is-layout-flex wp-container-core-buttons-is-layout-fdcfc74e wp-block-buttons-is-layout-flex\">\n<div class=\"wp-block-button has-custom-width wp-block-button__width-75 is-style-fill\"><a class=\"wp-block-button__link has-luminous-vivid-amber-to-luminous-vivid-orange-gradient-background has-text-color has-background has-link-color has-medium-font-size has-custom-font-size wp-element-button\" href=\"https:\/\/drive.google.com\/drive\/folders\/1zmYsqSN-Apu4GfTGNNWRgeSQFcaxILQ3?usp=sharing\" style=\"border-radius:14px;color:#ffffff\"><strong>Vuoden 2026 p\u00f6yt\u00e4kirjat<\/strong><\/a><\/div>\n<\/div>\n\n\n\n<div style=\"height:72px\" aria-hidden=\"true\" class=\"wp-block-spacer\"><\/div>\n\n\n\n<p>Aiempien vuosien p\u00f6yt\u00e4kirjat:<\/p>\n\n\n\n<ul class=\"wp-block-list\">\n<li><a href=\"https:\/\/drive.google.com\/drive\/u\/1\/folders\/1nJEP69w_AHDzYQXE9_3Yi53SRhCX4n13\" data-type=\"link\" data-id=\"https:\/\/drive.google.com\/drive\/u\/1\/folders\/1nJEP69w_AHDzYQXE9_3Yi53SRhCX4n13\">2025<\/a><\/li>\n\n\n\n<li><a href=\"https:\/\/drive.google.com\/drive\/folders\/https:\/\/drive.google.com\/drive\/u\/1\/folders\/1koly0-RCpSHxAxx60jeXqZkhs3UyMvUZ\" data-type=\"link\" data-id=\"https:\/\/drive.google.com\/drive\/folders\/https:\/\/drive.google.com\/drive\/u\/1\/folders\/1koly0-RCpSHxAxx60jeXqZkhs3UyMvUZ\">2024<\/a><\/li>\n\n\n\n<li><a href=\"https:\/\/drive.google.com\/drive\/folders\/14EMpDOQcb525HZtn7Mpb4crqarw-BXvf?usp=sharing\" data-type=\"link\" data-id=\"https:\/\/drive.google.com\/drive\/folders\/14EMpDOQcb525HZtn7Mpb4crqarw-BXvf?usp=sharing\">2023<\/a><\/li>\n\n\n\n<li><a href=\"https:\/\/drive.google.com\/drive\/folders\/10OuwhyZIsnC5gtxpHpPZfqmUX_9iCxLk?usp=sharing\" data-type=\"link\" data-id=\"https:\/\/drive.google.com\/drive\/folders\/10OuwhyZIsnC5gtxpHpPZfqmUX_9iCxLk?usp=sharing\">2022<\/a><\/li>\n\n\n\n<li><a href=\"https:\/\/drive.google.com\/drive\/folders\/1S4KsWhubQawSMXneDKHdZgZWWn4Csb_o?usp=sharing\" data-type=\"link\" data-id=\"https:\/\/drive.google.com\/drive\/folders\/1S4KsWhubQawSMXneDKHdZgZWWn4Csb_o?usp=sharing\">2021<\/a><\/li>\n<\/ul>\n","protected":false},"excerpt":{"rendered":"<p>Toimintamme l\u00e4pin\u00e4kyvyyden edist\u00e4miseksi kokoamme t\u00e4lle sivulle Vareen hallituksen kokousten p\u00f6yt\u00e4kirjat j\u00e4senist\u00f6n n\u00e4ht\u00e4v\u00e4ksi. Aiempien vuosien p\u00f6yt\u00e4kirjat:<\/p>\n","protected":false},"author":2934,"featured_media":0,"parent":0,"menu_order":0,"comment_status":"closed","ping_status":"closed","template":"","meta":{"_kad_blocks_custom_css":"","_kad_blocks_head_custom_js":"","_kad_blocks_body_custom_js":"","_kad_blocks_footer_custom_js":"","footnotes":""},"class_list":["post-4133","page","type-page","status-publish","czr-hentry"],"taxonomy_info":[],"featured_image_src_large":false,"author_info":{"display_name":"aakett","author_link":"https:\/\/tyyala.utu.fi\/vare\/author\/aakett\/"},"comment_info":0,"_links":{"self":[{"href":"https:\/\/tyyala.utu.fi\/vare\/wp-json\/wp\/v2\/pages\/4133","targetHints":{"allow":["GET"]}}],"collection":[{"href":"https:\/\/tyyala.utu.fi\/vare\/wp-json\/wp\/v2\/pages"}],"about":[{"href":"https:\/\/tyyala.utu.fi\/vare\/wp-json\/wp\/v2\/types\/page"}],"author":[{"embeddable":true,"href":"https:\/\/tyyala.utu.fi\/vare\/wp-json\/wp\/v2\/users\/2934"}],"replies":[{"embeddable":true,"href":"https:\/\/tyyala.utu.fi\/vare\/wp-json\/wp\/v2\/comments?post=4133"}],"version-history":[{"count":27,"href":"https:\/\/tyyala.utu.fi\/vare\/wp-json\/wp\/v2\/pages\/4133\/revisions"}],"predecessor-version":[{"id":4813,"href":"https:\/\/tyyala.utu.fi\/vare\/wp-json\/wp\/v2\/pages\/4133\/revisions\/4813"}],"wp:attachment":[{"href":"https:\/\/tyyala.utu.fi\/vare\/wp-json\/wp\/v2\/media?parent=4133"}],"curies":[{"name":"wp","href":"https:\/\/api.w.org\/{rel}","templated":true}]}}