{"id":3044,"date":"2019-03-26T17:33:34","date_gmt":"2019-03-26T15:33:34","guid":{"rendered":"http:\/\/tyyala.utu.fi\/vare\/?page_id=3044"},"modified":"2026-02-19T17:17:57","modified_gmt":"2026-02-19T15:17:57","slug":"jaseneksi","status":"publish","type":"page","link":"https:\/\/tyyala.utu.fi\/vare\/jaseneksi\/","title":{"rendered":"J\u00e4seneksi"},"content":{"rendered":"\n<p>Vareen toimintaan ja sen suunnittelemiseen ovat tervetulleita kaikki arkeologian p\u00e4\u00e4- ja sivuaineopiskelijat sek\u00e4 muutkin j\u00e4rjest\u00f6n toiminnasta kiinnostuneet. Vareen j\u00e4senen\u00e4 p\u00e4\u00e4see mukaan kaikkiin yhdistyksen j\u00e4rjest\u00e4miin tapahtumiin ja saa mahdollisuuden alennuksiin museoiden sis\u00e4\u00e4np\u00e4\u00e4symaksuista, oikeuden hakea yhdistykselt\u00e4 opintomatkakorvausta sek\u00e4 todella tyylikk\u00e4\u00e4t haalarit. Vareen j\u00e4senkortin saat noudettua tapahtumista ainaisj\u00e4senmaksun kuittia vastaan.<\/p>\n\n\n\n<p><br>Vareen hallitukseen puolestaan otetaan uusia j\u00e4seni\u00e4 syksyisin ja kev\u00e4isin, jolloin siit\u00e4 tiedotetaan Vareen s\u00e4hk\u00f6postilistalla ja Instagramissa. Uusille toimijoille ideoineen on aina tarvetta!<\/p>\n\n\n\n<p><br><br>Yhdistyksen j\u00e4seneksi p\u00e4\u00e4set t\u00e4ytt\u00e4m\u00e4ll\u00e4 t\u00e4ll\u00e4 sivulla olevan lomakkeen ja maksamalla ainaisj\u00e4senmaksun (<strong>10 \u20ac<\/strong>) tilille:<\/p>\n\n\n\n<p><strong>FI83 4309 0010 6204 33<\/strong><\/p>\n\n\n\n<p>k\u00e4yt\u00e4 nime\u00e4 Arkeologian Yhdistys Vare R.y ja viitett\u00e4 <strong>5115<\/strong>.<\/p>\n\n\n<style>.kadence-column3044_18e568-02 > .kt-inside-inner-col,.kadence-column3044_18e568-02 > .kt-inside-inner-col:before{border-top-left-radius:0px;border-top-right-radius:0px;border-bottom-right-radius:0px;border-bottom-left-radius:0px;}.kadence-column3044_18e568-02 > .kt-inside-inner-col{column-gap:var(--global-kb-gap-sm, 1rem);}.kadence-column3044_18e568-02 > .kt-inside-inner-col{flex-direction:column;}.kadence-column3044_18e568-02 > .kt-inside-inner-col > .aligncenter{width:100%;}.kadence-column3044_18e568-02 > .kt-inside-inner-col:before{opacity:0.3;}.kadence-column3044_18e568-02{position:relative;}@media all and (max-width: 1024px){.kadence-column3044_18e568-02 > .kt-inside-inner-col{flex-direction:column;justify-content:center;}}@media all and (max-width: 767px){.kadence-column3044_18e568-02 > .kt-inside-inner-col{flex-direction:column;justify-content:center;}}<\/style>\n<div class=\"wp-block-kadence-column kadence-column3044_18e568-02\"><div class=\"kt-inside-inner-col\"><style>.kadence-column3044_2430a6-f3 > .kt-inside-inner-col,.kadence-column3044_2430a6-f3 > .kt-inside-inner-col:before{border-top-left-radius:0px;border-top-right-radius:0px;border-bottom-right-radius:0px;border-bottom-left-radius:0px;}.kadence-column3044_2430a6-f3 > .kt-inside-inner-col{column-gap:var(--global-kb-gap-sm, 1rem);}.kadence-column3044_2430a6-f3 > .kt-inside-inner-col{flex-direction:column;}.kadence-column3044_2430a6-f3 > .kt-inside-inner-col > .aligncenter{width:100%;}.kadence-column3044_2430a6-f3 > .kt-inside-inner-col:before{opacity:0.3;}.kadence-column3044_2430a6-f3{position:relative;}@media all and (max-width: 1024px){.kadence-column3044_2430a6-f3 > .kt-inside-inner-col{flex-direction:column;justify-content:center;}}@media all and (max-width: 767px){.kadence-column3044_2430a6-f3 > .kt-inside-inner-col{flex-direction:column;justify-content:center;}}<\/style>\n<div class=\"wp-block-kadence-column kadence-column3044_2430a6-f3\"><div class=\"kt-inside-inner-col\"><\/div><\/div>\n<\/div><\/div>\n\n\n\n<p><strong>J\u00e4senlomake:<\/strong><\/p>\n\n\n\n<div class=\"wp-block-contact-form-7-contact-form-selector\">\n<div class=\"wpcf7 no-js\" id=\"wpcf7-f4753-o1\" lang=\"fi\" dir=\"ltr\" data-wpcf7-id=\"4753\">\n<div class=\"screen-reader-response\"><p role=\"status\" aria-live=\"polite\" aria-atomic=\"true\"><\/p> <ul><\/ul><\/div>\n<form action=\"\/vare\/wp-json\/wp\/v2\/pages\/3044#wpcf7-f4753-o1\" method=\"post\" class=\"wpcf7-form init\" aria-label=\"Yhteydenottolomake\" novalidate=\"novalidate\" data-status=\"init\">\n<fieldset class=\"hidden-fields-container\"><input type=\"hidden\" name=\"_wpcf7\" value=\"4753\" \/><input type=\"hidden\" name=\"_wpcf7_version\" value=\"6.1.4\" \/><input type=\"hidden\" name=\"_wpcf7_locale\" value=\"fi\" \/><input type=\"hidden\" name=\"_wpcf7_unit_tag\" value=\"wpcf7-f4753-o1\" \/><input type=\"hidden\" name=\"_wpcf7_container_post\" value=\"0\" \/><input type=\"hidden\" name=\"_wpcf7_posted_data_hash\" value=\"\" \/><input type=\"hidden\" name=\"_wpcf7_recaptcha_response\" value=\"\" \/>\n<\/fieldset>\n<p><label> Etu- ja sukunimesi<br \/>\n<span class=\"wpcf7-form-control-wrap\" data-name=\"your-name\"><input size=\"40\" maxlength=\"400\" class=\"wpcf7-form-control wpcf7-text wpcf7-validates-as-required\" autocomplete=\"name\" aria-required=\"true\" aria-invalid=\"false\" value=\"\" type=\"text\" name=\"your-name\" \/><\/span> <\/label>\n<\/p>\n<p><label> S\u00e4hk\u00f6postiosoitteesi<br \/>\n<span class=\"wpcf7-form-control-wrap\" data-name=\"your-email\"><input size=\"40\" maxlength=\"400\" class=\"wpcf7-form-control wpcf7-email wpcf7-validates-as-required wpcf7-text wpcf7-validates-as-email\" autocomplete=\"email\" aria-required=\"true\" aria-invalid=\"false\" value=\"\" type=\"email\" name=\"your-email\" \/><\/span> <\/label>\n<\/p>\n<p><label> Kotipaikkakuntasi (eli miss\u00e4 olet kirjoilla)<br \/>\n<span class=\"wpcf7-form-control-wrap\" data-name=\"text-338\"><input size=\"40\" maxlength=\"400\" class=\"wpcf7-form-control wpcf7-text\" aria-invalid=\"false\" value=\"\" type=\"text\" name=\"text-338\" \/><\/span> <\/label>\n<\/p>\n<p><label> Oletko TYY:n j\u00e4sen?<br \/>\n<span class=\"wpcf7-form-control-wrap\" data-name=\"checkbox-996\"><span class=\"wpcf7-form-control wpcf7-checkbox\"><span class=\"wpcf7-list-item first\"><label><input type=\"checkbox\" name=\"checkbox-996[]\" value=\"Kyll\u00e4\" \/><span class=\"wpcf7-list-item-label\">Kyll\u00e4<\/span><\/label><\/span><span class=\"wpcf7-list-item last\"><label><input type=\"checkbox\" name=\"checkbox-996[]\" value=\"En\" \/><span class=\"wpcf7-list-item-label\">En<\/span><\/label><\/span><\/span><\/span> <\/label>\n<\/p>\n<p><label> J\u00e4senmaksun maksaminen<br \/>\n<span class=\"wpcf7-form-control-wrap\" data-name=\"checkbox-599\"><span class=\"wpcf7-form-control wpcf7-checkbox wpcf7-validates-as-required\"><span class=\"wpcf7-list-item first\"><label><input type=\"checkbox\" name=\"checkbox-599[]\" value=\"Maksan l\u00e4hetetty\u00e4ni lomakkeen\" \/><span class=\"wpcf7-list-item-label\">Maksan l\u00e4hetetty\u00e4ni lomakkeen<\/span><\/label><\/span><span class=\"wpcf7-list-item last\"><label><input type=\"checkbox\" name=\"checkbox-599[]\" value=\"Olen jo maksanut\" \/><span class=\"wpcf7-list-item-label\">Olen jo maksanut<\/span><\/label><\/span><\/span><\/span> <\/label>\n<\/p>\n<p><label> Tarkastathan, ett\u00e4 tietosi ovat oikein. <\/label><br \/>\n<label> Tiedot tarvitaan Vareen j\u00e4senrekisteri\u00e4 varten, eik\u00e4 niit\u00e4 levitet\u00e4 sen ulkopuolelle. <\/label>\n<\/p>\n<p><input class=\"wpcf7-form-control wpcf7-submit has-spinner\" type=\"submit\" value=\"L\u00e4het\u00e4\" \/>\n<\/p><div class=\"wpcf7-response-output\" aria-hidden=\"true\"><\/div>\n<\/form>\n<\/div>\n<\/div>\n\n\n\n<p><br><br><\/p>\n\n\n\n<p><\/p>\n","protected":false},"excerpt":{"rendered":"<p>Vareen toimintaan ja sen suunnittelemiseen ovat tervetulleita kaikki arkeologian p\u00e4\u00e4- ja sivuaineopiskelijat sek\u00e4 muutkin j\u00e4rjest\u00f6n toiminnasta kiinnostuneet. Vareen j\u00e4senen\u00e4 p\u00e4\u00e4see mukaan kaikkiin yhdistyksen j\u00e4rjest\u00e4miin tapahtumiin ja saa mahdollisuuden alennuksiin museoiden sis\u00e4\u00e4np\u00e4\u00e4symaksuista, oikeuden hakea yhdistykselt\u00e4 opintomatkakorvausta sek\u00e4 todella tyylikk\u00e4\u00e4t haalarit. Vareen j\u00e4senkortin saat noudettua tapahtumista ainaisj\u00e4senmaksun kuittia vastaan. Vareen hallitukseen puolestaan otetaan uusia j\u00e4seni\u00e4 syksyisin ja [&hellip;]<\/p>\n","protected":false},"author":779,"featured_media":0,"parent":0,"menu_order":0,"comment_status":"closed","ping_status":"closed","template":"","meta":{"_kad_blocks_custom_css":"","_kad_blocks_head_custom_js":"","_kad_blocks_body_custom_js":"","_kad_blocks_footer_custom_js":"","footnotes":""},"class_list":["post-3044","page","type-page","status-publish","czr-hentry"],"taxonomy_info":[],"featured_image_src_large":false,"author_info":{"display_name":"Akseli Tolvi","author_link":"https:\/\/tyyala.utu.fi\/vare\/author\/akselitolvi\/"},"comment_info":0,"_links":{"self":[{"href":"https:\/\/tyyala.utu.fi\/vare\/wp-json\/wp\/v2\/pages\/3044","targetHints":{"allow":["GET"]}}],"collection":[{"href":"https:\/\/tyyala.utu.fi\/vare\/wp-json\/wp\/v2\/pages"}],"about":[{"href":"https:\/\/tyyala.utu.fi\/vare\/wp-json\/wp\/v2\/types\/page"}],"author":[{"embeddable":true,"href":"https:\/\/tyyala.utu.fi\/vare\/wp-json\/wp\/v2\/users\/779"}],"replies":[{"embeddable":true,"href":"https:\/\/tyyala.utu.fi\/vare\/wp-json\/wp\/v2\/comments?post=3044"}],"version-history":[{"count":24,"href":"https:\/\/tyyala.utu.fi\/vare\/wp-json\/wp\/v2\/pages\/3044\/revisions"}],"predecessor-version":[{"id":4763,"href":"https:\/\/tyyala.utu.fi\/vare\/wp-json\/wp\/v2\/pages\/3044\/revisions\/4763"}],"wp:attachment":[{"href":"https:\/\/tyyala.utu.fi\/vare\/wp-json\/wp\/v2\/media?parent=3044"}],"curies":[{"name":"wp","href":"https:\/\/api.w.org\/{rel}","templated":true}]}}