{"id":2916,"date":"2017-10-28T20:17:33","date_gmt":"2017-10-28T17:17:33","guid":{"rendered":"http:\/\/tyyala.utu.fi\/vare\/?page_id=2916"},"modified":"2019-08-31T23:32:25","modified_gmt":"2019-08-31T20:32:25","slug":"varelaisten-laulu","status":"publish","type":"page","link":"https:\/\/tyyala.utu.fi\/vare\/varelaisten-laulu\/","title":{"rendered":"Varelaisten laulu"},"content":{"rendered":"<p>Vareen 55-vuotisvuosijuhlia varten sanoitettu arkeologijuomalaulu.<\/p>\n<p>\u00a0<\/p>\n<p><strong>Ruukun palanen<\/strong><\/p>\n<p><em>Sanat: Nea Komulainen<\/em><\/p>\n<p><em>(Robinin Frontside Ollien melodiaan)<\/em><\/p>\n<p>\u00a0<\/p>\n<p>Varelaiset<\/p>\n<p>Kaivauksilla taas<\/p>\n<p>P\u00e4iv\u00e4t paiskii vaan<\/p>\n<p>Kes\u00e4aamussa, kauniissa<\/p>\n<p>Seulat heiluu taas<\/p>\n<p>\u00a0<\/p>\n<p>Ei tiili\u00e4, ei nauloja<\/p>\n<p>Ei l\u00f6yt\u00f6j\u00e4 miss\u00e4\u00e4n<\/p>\n<p>Sitten pari kertsuu sielt\u00e4 ilmestyy<\/p>\n<p>Ja sekottaa heti mun p\u00e4\u00e4n<\/p>\n<p>\u00a0<\/p>\n<p>Hei lainaa, kundi sun lastaa<\/p>\n<p>\u00a0<\/p>\n<p>M\u00e4 silmi\u00e4ni usko en<\/p>\n<p>Kun m\u00e4 vihdoin l\u00f6ysin sen<\/p>\n<p>T\u00e4ydellisen ruukun palasen<\/p>\n<p>Muu sivuosaan pelkk\u00e4\u00e4n j\u00e4i<\/p>\n<p>Kun m\u00e4 kaivoin yll\u00e4tt\u00e4in<\/p>\n<p>T\u00e4ydellisen ruukun palasen<\/p>\n<p>\u00a0<\/p>\n<p>Woo-oo-oo, ruukun palasen<\/p>\n<p>Woo-oo-oo<\/p>\n<p>\u00a0<\/p>\n<p>Varelaiset<\/p>\n<p>Sen kes\u00e4n j\u00e4lkeen<\/p>\n<p>Joutui luennoille taas<\/p>\n<p>Ei aikatauluun en\u00e4\u00e4 sovi se<\/p>\n<p>Et l\u00e4het\u00e4\u00e4n kaivamaan<\/p>\n<p>\u00a0<\/p>\n<p>Olis makeeta taas takylla<\/p>\n<p>Pist\u00e4\u00e4 parastaan<\/p>\n<p>Mutta vaikka ei oikein kiinnosta<\/p>\n<p>T\u00e4ytyy opiskella vaan<\/p>\n<p>\u00a0<\/p>\n<p>Hei lainaa, kundi sun lastaa<\/p>\n<p>\u00a0<\/p>\n<p>M\u00e4 silmi\u00e4ni usko en<\/p>\n<p>Kun m\u00e4 vihdoin l\u00f6ysin sen<\/p>\n<p>T\u00e4ydellisen ruukun palasen<\/p>\n<p>Muu sivuosaan pelkk\u00e4\u00e4n j\u00e4i<\/p>\n<p>Kun m\u00e4 kaivoin yll\u00e4tt\u00e4in<\/p>\n<p>T\u00e4ydellisen ruukun palasen<\/p>\n<p>\u00a0<\/p>\n<p>Woo-oo-oo, ruukun palasen<\/p>\n<p>Woo-oo-oo, ruukun palasen<\/p>\n<p>\u00a0<\/p>\n<p>Lukuvuoden j\u00e4lkeen aurinko taas paistaa<\/p>\n<p>M\u00e4 p\u00e4\u00e4senkin jo kaivauksille taas<\/p>\n<p>\u00a0<\/p>\n<p>M\u00e4 silmi\u00e4ni usko en<\/p>\n<p>Kun m\u00e4 vihdoin l\u00f6ysin sen<\/p>\n<p>T\u00e4ydellisen ruukun palasen<\/p>\n<p>Sivuosaan kurssit j\u00e4i<\/p>\n<p>Kun sielt\u00e4 l\u00f6ytyi yll\u00e4tt\u00e4in<\/p>\n<p>T\u00e4ydellinen ruukun palanen<\/p>\n<p>\u00a0<\/p>\n<p>M\u00e4 silmi\u00e4ni usko en<\/p>\n<p>Kun m\u00e4 vihdoin l\u00f6ysin sen<\/p>\n<p>T\u00e4ydellisen ruukun palasen<\/p>\n<p>Muu sivuosaan pelkk\u00e4\u00e4n j\u00e4i<\/p>\n<p>Kun m\u00e4 kaivoin yll\u00e4tt\u00e4in<\/p>\n<p>T\u00e4ydellisen ruukun palasen<\/p>\n\n\n<p><\/p>\n","protected":false},"excerpt":{"rendered":"<p>Vareen 55-vuotisvuosijuhlia varten sanoitettu arkeologijuomalaulu. \u00a0 Ruukun palanen Sanat: Nea Komulainen (Robinin Frontside Ollien melodiaan) \u00a0 Varelaiset Kaivauksilla taas P\u00e4iv\u00e4t paiskii vaan Kes\u00e4aamussa, kauniissa Seulat heiluu taas \u00a0 Ei tiili\u00e4, ei nauloja Ei l\u00f6yt\u00f6j\u00e4 miss\u00e4\u00e4n Sitten pari kertsuu sielt\u00e4 ilmestyy Ja sekottaa heti mun p\u00e4\u00e4n \u00a0 Hei lainaa, kundi sun lastaa \u00a0 M\u00e4 silmi\u00e4ni usko [&hellip;]<\/p>\n","protected":false},"author":63,"featured_media":0,"parent":0,"menu_order":0,"comment_status":"closed","ping_status":"closed","template":"","meta":{"_kad_blocks_custom_css":"","_kad_blocks_head_custom_js":"","_kad_blocks_body_custom_js":"","_kad_blocks_footer_custom_js":"","footnotes":""},"class_list":["post-2916","page","type-page","status-publish","czr-hentry"],"taxonomy_info":[],"featured_image_src_large":false,"author_info":{"display_name":"Oona Jalonen","author_link":"https:\/\/tyyala.utu.fi\/vare\/author\/oajjal\/"},"comment_info":0,"_links":{"self":[{"href":"https:\/\/tyyala.utu.fi\/vare\/wp-json\/wp\/v2\/pages\/2916","targetHints":{"allow":["GET"]}}],"collection":[{"href":"https:\/\/tyyala.utu.fi\/vare\/wp-json\/wp\/v2\/pages"}],"about":[{"href":"https:\/\/tyyala.utu.fi\/vare\/wp-json\/wp\/v2\/types\/page"}],"author":[{"embeddable":true,"href":"https:\/\/tyyala.utu.fi\/vare\/wp-json\/wp\/v2\/users\/63"}],"replies":[{"embeddable":true,"href":"https:\/\/tyyala.utu.fi\/vare\/wp-json\/wp\/v2\/comments?post=2916"}],"version-history":[{"count":5,"href":"https:\/\/tyyala.utu.fi\/vare\/wp-json\/wp\/v2\/pages\/2916\/revisions"}],"predecessor-version":[{"id":3149,"href":"https:\/\/tyyala.utu.fi\/vare\/wp-json\/wp\/v2\/pages\/2916\/revisions\/3149"}],"wp:attachment":[{"href":"https:\/\/tyyala.utu.fi\/vare\/wp-json\/wp\/v2\/media?parent=2916"}],"curies":[{"name":"wp","href":"https:\/\/api.w.org\/{rel}","templated":true}]}}