{"id":2812,"date":"2017-02-03T14:00:27","date_gmt":"2017-02-03T12:00:27","guid":{"rendered":"http:\/\/tyyala.utu.fi\/vare\/?page_id=2812"},"modified":"2023-08-24T13:36:40","modified_gmt":"2023-08-24T10:36:40","slug":"kurssipalaute","status":"publish","type":"page","link":"https:\/\/tyyala.utu.fi\/vare\/kurssipalaute\/","title":{"rendered":"Kurssipalaute ja kyselyt"},"content":{"rendered":"<p>Vare ry:n koulutuspoliittiseen toimenkuvaan kuuluu ker\u00e4t\u00e4 opiskelijoilta kurssipalautetta, jota toimitetaan arkeologian oppiaineen henkil\u00f6kunnan tietoon. Arkeologian opiskelijoilla on t\u00e4ten erinomainen mahdollisuus saada \u00e4\u00e4nens\u00e4 kuuluviin pienen oppiaineen kurssien suunnittelussa ja muokkaamisessa.<\/p>\n<p>Kurssipalautteet annetaan anonyymisti eik\u00e4 oppiaineen henkil\u00f6kunnalle koostettavasta raportista pysty p\u00e4\u00e4ttelem\u00e4\u00e4n palautteen antajien henkil\u00f6llisyyksi\u00e4.<\/p>\n<p class=\"x_MsoNormal\">Avoimien kyselyiden linkit p\u00e4ivitet\u00e4\u00e4n t\u00e4lle sivulle ja niist\u00e4 ilmoitetaan my\u00f6s Vareen s\u00e4hk\u00f6postilistalla, Facebookissa ja Instagramissa.<\/p>\n\n\n<div class=\"wp-block-contact-form-7-contact-form-selector\">\n<div class=\"wpcf7 no-js\" id=\"wpcf7-f4424-o1\" lang=\"en-GB\" dir=\"ltr\" data-wpcf7-id=\"4424\">\n<div class=\"screen-reader-response\"><p role=\"status\" aria-live=\"polite\" aria-atomic=\"true\"><\/p> <ul><\/ul><\/div>\n<form action=\"\/vare\/wp-json\/wp\/v2\/pages\/2812#wpcf7-f4424-o1\" method=\"post\" class=\"wpcf7-form init\" aria-label=\"Contact form\" novalidate=\"novalidate\" data-status=\"init\">\n<fieldset class=\"hidden-fields-container\"><input type=\"hidden\" name=\"_wpcf7\" value=\"4424\" \/><input type=\"hidden\" name=\"_wpcf7_version\" value=\"6.1.4\" \/><input type=\"hidden\" name=\"_wpcf7_locale\" value=\"en_GB\" \/><input type=\"hidden\" name=\"_wpcf7_unit_tag\" value=\"wpcf7-f4424-o1\" \/><input type=\"hidden\" name=\"_wpcf7_container_post\" value=\"0\" \/><input type=\"hidden\" name=\"_wpcf7_posted_data_hash\" value=\"\" \/><input type=\"hidden\" name=\"_wpcf7_recaptcha_response\" value=\"\" \/>\n<\/fieldset>\n<p><label> Kurssi<br \/>\n<span class=\"wpcf7-form-control-wrap\" data-name=\"kurssi\"><input size=\"40\" maxlength=\"400\" class=\"wpcf7-form-control wpcf7-text wpcf7-validates-as-required\" aria-required=\"true\" aria-invalid=\"false\" value=\"\" type=\"text\" name=\"kurssi\" \/><\/span> <\/label>\n<\/p>\n<p><label> Kurssin vet\u00e4j\u00e4(t)<br \/>\n<span class=\"wpcf7-form-control-wrap\" data-name=\"vetaja\"><input size=\"40\" maxlength=\"400\" class=\"wpcf7-form-control wpcf7-text\" aria-invalid=\"false\" value=\"\" type=\"text\" name=\"vetaja\" \/><\/span> <\/label>\n<\/p>\n<p><label> Palaute<br \/>\n<span class=\"wpcf7-form-control-wrap\" data-name=\"your-message\"><textarea cols=\"40\" rows=\"10\" maxlength=\"2000\" class=\"wpcf7-form-control wpcf7-textarea wpcf7-validates-as-required\" aria-required=\"true\" aria-invalid=\"false\" name=\"your-message\"><\/textarea><\/span> <\/label>\n<\/p>\n<p><input class=\"wpcf7-form-control wpcf7-submit has-spinner\" type=\"submit\" value=\"L\u00e4het\u00e4\" \/>\n<\/p><div class=\"wpcf7-response-output\" aria-hidden=\"true\"><\/div>\n<\/form>\n<\/div>\n<\/div>\n","protected":false},"excerpt":{"rendered":"<p>Vare ry:n koulutuspoliittiseen toimenkuvaan kuuluu ker\u00e4t\u00e4 opiskelijoilta kurssipalautetta, jota toimitetaan arkeologian oppiaineen henkil\u00f6kunnan tietoon. Arkeologian opiskelijoilla on t\u00e4ten erinomainen mahdollisuus saada \u00e4\u00e4nens\u00e4 kuuluviin pienen oppiaineen kurssien suunnittelussa ja muokkaamisessa. Kurssipalautteet annetaan anonyymisti eik\u00e4 oppiaineen henkil\u00f6kunnalle koostettavasta raportista pysty p\u00e4\u00e4ttelem\u00e4\u00e4n palautteen antajien henkil\u00f6llisyyksi\u00e4. Avoimien kyselyiden linkit p\u00e4ivitet\u00e4\u00e4n t\u00e4lle sivulle ja niist\u00e4 ilmoitetaan my\u00f6s Vareen s\u00e4hk\u00f6postilistalla, Facebookissa [&hellip;]<\/p>\n","protected":false},"author":63,"featured_media":0,"parent":0,"menu_order":0,"comment_status":"closed","ping_status":"closed","template":"","meta":{"_kad_blocks_custom_css":"","_kad_blocks_head_custom_js":"","_kad_blocks_body_custom_js":"","_kad_blocks_footer_custom_js":"","footnotes":""},"class_list":["post-2812","page","type-page","status-publish","czr-hentry"],"taxonomy_info":[],"featured_image_src_large":false,"author_info":{"display_name":"Oona Jalonen","author_link":"https:\/\/tyyala.utu.fi\/vare\/author\/oajjal\/"},"comment_info":0,"_links":{"self":[{"href":"https:\/\/tyyala.utu.fi\/vare\/wp-json\/wp\/v2\/pages\/2812","targetHints":{"allow":["GET"]}}],"collection":[{"href":"https:\/\/tyyala.utu.fi\/vare\/wp-json\/wp\/v2\/pages"}],"about":[{"href":"https:\/\/tyyala.utu.fi\/vare\/wp-json\/wp\/v2\/types\/page"}],"author":[{"embeddable":true,"href":"https:\/\/tyyala.utu.fi\/vare\/wp-json\/wp\/v2\/users\/63"}],"replies":[{"embeddable":true,"href":"https:\/\/tyyala.utu.fi\/vare\/wp-json\/wp\/v2\/comments?post=2812"}],"version-history":[{"count":24,"href":"https:\/\/tyyala.utu.fi\/vare\/wp-json\/wp\/v2\/pages\/2812\/revisions"}],"predecessor-version":[{"id":4496,"href":"https:\/\/tyyala.utu.fi\/vare\/wp-json\/wp\/v2\/pages\/2812\/revisions\/4496"}],"wp:attachment":[{"href":"https:\/\/tyyala.utu.fi\/vare\/wp-json\/wp\/v2\/media?parent=2812"}],"curies":[{"name":"wp","href":"https:\/\/api.w.org\/{rel}","templated":true}]}}