{"id":2448,"date":"2014-09-20T15:21:19","date_gmt":"2014-09-20T12:21:19","guid":{"rendered":"http:\/\/tyyala.utu.fi\/vare\/?page_id=2448"},"modified":"2024-01-17T13:14:45","modified_gmt":"2024-01-17T11:14:45","slug":"linkkeja","status":"publish","type":"page","link":"https:\/\/tyyala.utu.fi\/vare\/linkkeja\/","title":{"rendered":"Linkkej\u00e4"},"content":{"rendered":"<h3>Luettavaa<\/h3>\n<p><a href=\"http:\/\/kalmistopiiri.wordpress.com\/\" target=\"_blank\" rel=\"noopener noreferrer\">Kalmistopiiri<\/a><\/p>\n<p><a href=\"https:\/\/kabi.museion.fi\/\" target=\"_blank\" rel=\"noopener noreferrer\">Kabi-lehti<\/a><\/p>\n<p><a href=\"http:\/\/mullanalta.blogspot.com\/\" target=\"_blank\" rel=\"noopener noreferrer\">Mullan alta<\/a><\/p>\n<p><a href=\"http:\/\/www.ravattula.fi\/etu.htm\">Ravattulan Ristim\u00e4ki<\/a><\/p>\n<h3>Kartat ja rekisterit<\/h3>\n<p><a href=\"https:\/\/asiointi.maanmittauslaitos.fi\/karttapaikka\/\" target=\"_blank\" rel=\"noopener noreferrer\">Karttapaikka<\/a><\/p>\n<p><a href=\"https:\/\/www.kyppi.fi\/palveluikkuna\/mjreki\/read\/asp\/r_default.aspx\">KYPPI &#8211; Kulttuuriymp\u00e4rist\u00f6n palveluikkuna<\/a><\/p>\n<p><a href=\"https:\/\/tiedostopalvelu.maanmittauslaitos.fi\/tp\/kartta\">Maanmittauslaitoksen avoimien aineistojen tiedostopalvelu<\/a><\/p>\n<p><a href=\"https:\/\/muinaismuistot.info\/\">Muinaismuistot kartalla<\/a><\/p>\n<p><a title=\"Riksantikvaren\" href=\"http:\/\/www.kulturminnesok.no\/\" target=\"_blank\" rel=\"noopener noreferrer\">Kulturminnes\u00f8k<\/a><\/p>\n<p><a title=\"Muinsuskaitseamet\" href=\"http:\/\/register.muinas.ee\/\" target=\"_blank\" rel=\"noopener noreferrer\">Kultuurim\u00e4lestiste riiklik register<\/a> &#8211; Viron muinaisj\u00e4\u00e4nn\u00f6srekisteri<\/p>\n<h3>Yhdistyksi\u00e4<\/h3>\n<p><a href=\"http:\/\/www.helsinki.fi\/jarj\/fibula\/\" target=\"_blank\" rel=\"noopener noreferrer\">Fibula ry<\/a> &#8211; Helsingin yliopiston arkeologian opiskelijoiden ainej\u00e4rjest\u00f6<\/p>\n<p><a href=\"https:\/\/sites.google.com\/view\/oulunmeteliry\/etusivu\" target=\"_blank\" rel=\"noopener noreferrer\">Meteli ry<\/a> &#8211; Oulun yliopiston arkeologian opiskelijoiden harrastej\u00e4rjest\u00f6<\/p>\n<p><a href=\"http:\/\/smtt.fi\/etu.htm\">Suomen muinaistutkimuksen tuki ry<\/a><\/p>\n\n\n<p><\/p>\n","protected":false},"excerpt":{"rendered":"<p>Luettavaa Kalmistopiiri Kabi-lehti Mullan alta Ravattulan Ristim\u00e4ki Kartat ja rekisterit Karttapaikka KYPPI &#8211; Kulttuuriymp\u00e4rist\u00f6n palveluikkuna Maanmittauslaitoksen avoimien aineistojen tiedostopalvelu Muinaismuistot kartalla Kulturminnes\u00f8k Kultuurim\u00e4lestiste riiklik register &#8211; Viron muinaisj\u00e4\u00e4nn\u00f6srekisteri Yhdistyksi\u00e4 Fibula ry &#8211; Helsingin yliopiston arkeologian opiskelijoiden ainej\u00e4rjest\u00f6 Meteli ry &#8211; Oulun yliopiston arkeologian opiskelijoiden harrastej\u00e4rjest\u00f6 Suomen muinaistutkimuksen tuki ry<\/p>\n","protected":false},"author":63,"featured_media":0,"parent":0,"menu_order":0,"comment_status":"closed","ping_status":"closed","template":"","meta":{"_kad_blocks_custom_css":"","_kad_blocks_head_custom_js":"","_kad_blocks_body_custom_js":"","_kad_blocks_footer_custom_js":"","footnotes":""},"class_list":["post-2448","page","type-page","status-publish","czr-hentry"],"taxonomy_info":[],"featured_image_src_large":false,"author_info":{"display_name":"Oona Jalonen","author_link":"https:\/\/tyyala.utu.fi\/vare\/author\/oajjal\/"},"comment_info":0,"_links":{"self":[{"href":"https:\/\/tyyala.utu.fi\/vare\/wp-json\/wp\/v2\/pages\/2448","targetHints":{"allow":["GET"]}}],"collection":[{"href":"https:\/\/tyyala.utu.fi\/vare\/wp-json\/wp\/v2\/pages"}],"about":[{"href":"https:\/\/tyyala.utu.fi\/vare\/wp-json\/wp\/v2\/types\/page"}],"author":[{"embeddable":true,"href":"https:\/\/tyyala.utu.fi\/vare\/wp-json\/wp\/v2\/users\/63"}],"replies":[{"embeddable":true,"href":"https:\/\/tyyala.utu.fi\/vare\/wp-json\/wp\/v2\/comments?post=2448"}],"version-history":[{"count":25,"href":"https:\/\/tyyala.utu.fi\/vare\/wp-json\/wp\/v2\/pages\/2448\/revisions"}],"predecessor-version":[{"id":4457,"href":"https:\/\/tyyala.utu.fi\/vare\/wp-json\/wp\/v2\/pages\/2448\/revisions\/4457"}],"wp:attachment":[{"href":"https:\/\/tyyala.utu.fi\/vare\/wp-json\/wp\/v2\/media?parent=2448"}],"curies":[{"name":"wp","href":"https:\/\/api.w.org\/{rel}","templated":true}]}}