{"id":1852,"date":"2012-03-23T14:50:03","date_gmt":"2012-03-23T12:50:03","guid":{"rendered":"http:\/\/org.utu.fi\/tyyala\/vare\/?page_id=1852"},"modified":"2023-08-24T12:04:42","modified_gmt":"2023-08-24T09:04:42","slug":"yhdistyksen-saannot","status":"publish","type":"page","link":"https:\/\/tyyala.utu.fi\/vare\/yhdistys\/yhdistyksen-saannot\/","title":{"rendered":"Yhdistyksen s\u00e4\u00e4nn\u00f6t"},"content":{"rendered":"<h2>Arkeologian yhdistys Vare ry:n s\u00e4\u00e4nn\u00f6t<\/h2>\n<p>1 \u00a7 Yhdistyksen nimi<\/p>\n<p style=\"padding-left: 30px\">Yhdistyksen nimi on Arkeologian yhdistys Vare ry.<\/p>\n<p>2 \u00a7 Yhdistyksen kotipaikka<\/p>\n<p style=\"padding-left: 30px\">Yhdistyksen kotipaikka on Turku.<\/p>\n<p>3 \u00a7 Yhdistyksen tarkoitus<\/p>\n<p style=\"padding-left: 30px\">Yhdistyksen tarkoituksena on toimia arkeologian opiskelijoiden ja arkeologiasta kiinnostuneiden kohtaamisfoorumina.<\/p>\n<p style=\"padding-left: 30px\">Lis\u00e4ksi yhdistys on Turun yliopiston ylioppilaskunnan (TYY) ainej\u00e4rjest\u00f6, ja toimii siten opiskelijoiden etuj\u00e4rjest\u00f6n\u00e4.<\/p>\n<p style=\"padding-left: 30px\">Yhdistyksen p\u00e4\u00e4m\u00e4\u00e4r\u00e4n\u00e4 on my\u00f6s edist\u00e4\u00e4 harrastuneisuutta arkeologian parissa ja avustaa mahdollisuuksien mukaan arkeologian opinnoissa.<\/p>\n<p style=\"padding-left: 30px\">Yhdistys on poliittisesti sitoutumaton.<\/p>\n<p>4 \u00a7 Yhdistyksen tarkoituksen toteuttaminen<\/p>\n<p style=\"padding-left: 30px\">Tarkoituksensa toteuttamiseksi yhdistys pyrkii matalakynnykselliseen ja helposti l\u00e4hestytt\u00e4v\u00e4\u00e4n toimintaan. Yhdistys j\u00e4rjest\u00e4\u00e4 j\u00e4senist\u00f6lleen erityyppisi\u00e4 tapahtumia ja arkeologiaan liittyvi\u00e4 ekskursioita, sek\u00e4 muuta yhteistoimintaa j\u00e4senist\u00f6n toiveiden mukaan.<\/p>\n<p style=\"padding-left: 30px\">Toimintansa tukemiseksi yhdistys voi ottaa vastaan lahjoituksia ja testamentteja, omistaa toimintaansa varten tarpeellista kiinte\u00e4\u00e4 omaisuutta sek\u00e4 toimeenpanna asianomaisen luvan saatuaan arpajaisia ja rahanker\u00e4yksi\u00e4.<\/p>\n<p style=\"padding-left: 30px\">Yhdistys on aktiivisessa yhteisty\u00f6ss\u00e4 arkeologian sivutieteisiin kuuluvien ainej\u00e4rjest\u00f6toimijoiden kanssa.<\/p>\n<p style=\"padding-left: 30px\">Yhdistys pit\u00e4\u00e4 aktiivisesti yhteytt\u00e4 arkeologian oppiaineeseen ja ottaa kantaa siihen liittyv\u00e4\u00e4n keskusteluun sek\u00e4 koulutuspolitiikkaan.<\/p>\n<p>5 \u00a7 Tasa-arvon ja yhdenvertaisuuden toteuttaminen<\/p>\n<p style=\"padding-left: 30px\">Yhdistys sitoutuu tasa-arvo- ja yhdenvertaisuusohjelmaansa, joka perustuu Suomen lakiin ja TYY:n turvallisen tilan periaatteisiin. Yhdenvertaisuusohjelma hyv\u00e4ksyt\u00e4\u00e4n yhdistyksen syyskokouksessa, ja sit\u00e4 p\u00e4ivitet\u00e4\u00e4n tarpeen mukaan j\u00e4senist\u00f6n tai yhdistyksen hallituksen pyynn\u00f6st\u00e4 syyskokouksessa tai ylim\u00e4\u00e4r\u00e4isess\u00e4 yhdistyksen kokouksessa.<\/p>\n<p>6 \u00a7 Yhdistyksen j\u00e4senyys<\/p>\n<p style=\"padding-left: 30px\">Yhdistykseen kuuluu varsinaisia, kannattaja- ja kunniaj\u00e4seni\u00e4. Yhdistyksen kaikki j\u00e4senet sitoutuvat noudattamaan yhdistyksen s\u00e4\u00e4nt\u00f6j\u00e4. Yhdistyksen kaikilla j\u00e4senill\u00e4 on oikeus osallistua yhdistyksen j\u00e4rjest\u00e4miin tapahtumiin ja tilaisuuksiin.<\/p>\n<p style=\"padding-left: 30px\">I Yhdistyksen varsinaiseksi j\u00e4seneksi voi liitty\u00e4 jokainen arkeologiaa opiskeleva tai opiskellut henkil\u00f6 sek\u00e4 kaikki arkeologiasta ja yhdistyksen toiminnasta kiinnostuneet. Yhdistyksen varsinaiset j\u00e4senet maksavat liittyess\u00e4\u00e4n kertaluonteisen j\u00e4senmaksun, jonka summa p\u00e4\u00e4tet\u00e4\u00e4n syyskokouksessa. Yhdistyksen varsinaisella j\u00e4senell\u00e4 on velvollisuus ilmoittautua kahden vuoden v\u00e4lein yhdistyksen hallitukselle. Loka- ja marraskuun v\u00e4lisen\u00e4 aikana, ennen syyskokousta, suoritetaan j\u00e4senrekisterip\u00e4ivitys kahden vuoden v\u00e4lein.<\/p>\n<p style=\"padding-left: 60px;text-align: left\">Yhdistyksen varsinaisilla j\u00e4senill\u00e4 on \u00e4\u00e4ni- ja puheoikeus yhdistyksen kokouksissa. Jokaisella varsinaisella j\u00e4senell\u00e4 on yksi \u00e4\u00e4ni. Hallituksen kokouksissa varsinaisilla j\u00e4senill\u00e4 on l\u00e4sn\u00e4olo- ja puheoikeus.<\/p>\n<p style=\"padding-left: 30px;text-align: left\">II Kannattajaj\u00e4seneksi voi liitty\u00e4 jokainen, joka haluaa edist\u00e4\u00e4 yhdistyksen tarkoitusperi\u00e4 ja toimintaa, ja jonka hallituksen kokous j\u00e4seneksi hyv\u00e4ksyy.<\/p>\n<p style=\"padding-left: 30px;text-align: left\">Kannattaj\u00e4senyys on kalenterivuoden mittainen. Kannattajaj\u00e4senmaksu on henkil\u00f6n tai yhteis\u00f6n valitsema summa, joka on kuitenkin v\u00e4hint\u00e4\u00e4n voimassa olevan j\u00e4senmaksun suuruinen. Kannattajaj\u00e4sen tai -yhteis\u00f6 voi ilmoittautua kannattajaj\u00e4seneksi uudelleen samalla tai valitsemallaan eri summalla kannattajaj\u00e4senyyden p\u00e4\u00e4tytty\u00e4.<\/p>\n<p style=\"padding-left: 60px;text-align: left\">Kannattaj\u00e4senell\u00e4 ei ole varsinaisen j\u00e4senen \u00e4\u00e4nioikeutta yhdistyksen kokouksissa, mutta varsinaisten j\u00e4senten puheoikeus kuuluu my\u00f6s kannattajaj\u00e4senille. Yhdistyksen hallituksen kokouksissa kannattaj\u00e4senill\u00e4 on l\u00e4sn\u00e4olo- ja puheoikeus.<\/p>\n<p style=\"padding-left: 30px;text-align: left\">III Kunniaj\u00e4seneksi voidaan kutsua henkil\u00f6, joka huomattavalla tavalla on edist\u00e4nyt yhdistyksen tarkoitusperien toteuttamista ja jolle yhdistys tahtoo osoittaa kunnioitustaan. Kunniaj\u00e4senet hyv\u00e4ksyy yhdistyksen kokous. Kunniaj\u00e4seneksi voi ehdottaa henkil\u00f6it\u00e4 perusteiden kera ottamalla yhteytt\u00e4 hallitukseen, tai nostamalla asian esille yhdistyksen kokouksessa. Kunniaj\u00e4senen tai t\u00e4m\u00e4n perikunnan tulee itse hyv\u00e4ksy\u00e4 kunniaj\u00e4senyys ennen sen virallistamista. Kunniaj\u00e4senyys on ikuinen ellei yhdistyksen kokous toisin p\u00e4\u00e4t\u00e4.<\/p>\n<p style=\"padding-left: 60px;text-align: left\">Yhdistyksen kunniaj\u00e4senill\u00e4 on kaikki varsinaisen j\u00e4senen oikeudet.<\/p>\n<p>7 \u00a7 J\u00e4senyyden p\u00e4\u00e4tt\u00e4minen tai erottaminen<\/p>\n<p style=\"padding-left: 30px\">J\u00e4senell\u00e4 on oikeus milloin tahansa erota yhdistyksest\u00e4 ilmoittamalla siit\u00e4 kirjallisesti yhdistyksen hallitukselle tai sen puheenjohtajalle. J\u00e4sen voi my\u00f6s erota ilmoittamalla siit\u00e4 yhdistyksen kokouksessa p\u00f6yt\u00e4kirjaan merkitt\u00e4v\u00e4ksi.<\/p>\n<p style=\"padding-left: 30px\">Yhdistyksen varsinainen j\u00e4sen voidaan katsoa hallituksen p\u00e4\u00e4t\u00f6ksell\u00e4 erotetuksi syyskokouksessa, ellei h\u00e4n ole suorittanut ilmoittautumisvelvollisuuttaan m\u00e4\u00e4r\u00e4ajan sis\u00e4ll\u00e4 joka toisena vuotena teht\u00e4v\u00e4ss\u00e4 j\u00e4senrekisterip\u00e4ivityksess\u00e4.<\/p>\n<p style=\"padding-left: 30px\">Yhdistyksen s\u00e4\u00e4nt\u00f6jen rikkomisesta seuraa hallituksen p\u00e4\u00e4t\u00f6ksell\u00e4 varoitus j\u00e4senelle. Hallitus voi antaa j\u00e4senelle yhteens\u00e4 kolme varoitusta. Kukin varoitus on voimassa vuoden. Mik\u00e4li j\u00e4sen saa hallituksen p\u00e4\u00e4t\u00f6ksell\u00e4 vuoden sis\u00e4\u00e4n toisen varoituksen, j\u00e4sen saa m\u00e4\u00e4r\u00e4aikaisen porttikiellon Vareen tapahtumiin. Mik\u00e4li j\u00e4sen saa kolmannen voimassa olevan varoituksen vuoden sis\u00e4\u00e4n, j\u00e4sen katsotaan hallituksen kokouksessa erotetuksi yhdistyksest\u00e4.<\/p>\n<p style=\"padding-left: 30px\">Erotettavalla j\u00e4senell\u00e4 on oikeus saada itsens\u00e4 kuuluksi yhdistyksen hallituksen kokouksessa, jossa k\u00e4sitell\u00e4\u00e4n h\u00e4nen erottamistaan.<\/p>\n<p style=\"padding-left: 30px\">Eronnut tai ilmoittautumisvelvollisuuden laiminly\u00f6nyt j\u00e4sen voi liitty\u00e4 j\u00e4seneksi uudestaan t\u00e4ytt\u00e4ess\u00e4\u00e4n 6 \u00a7 vaatimukset. J\u00e4seneksi uudelleen liittyv\u00e4 ei ole velvoitettu maksamaan j\u00e4senmaksua uudelleen.<\/p>\n<p style=\"padding-left: 30px\">Erotettujen j\u00e4senten osalta uudelleen liittyminen voidaan ottaa k\u00e4sittelyyn vuoden j\u00e4lkeen erotusp\u00e4iv\u00e4m\u00e4\u00e4r\u00e4st\u00e4.<\/p>\n<p>8 \u00a7 Yhdistyksen hallitus<\/p>\n<p style=\"padding-left: 30px\">Yhdistyksen toimintaa johtaa sen varsinaisista j\u00e4senist\u00e4 kalenterivuodeksi kerrallaan valittu hallitus, johon kuuluu puheenjohtajan lis\u00e4ksi viisi \u2013 kahdeksan (5-8) varsinaista j\u00e4sent\u00e4 ja yksi \u2013 nelj\u00e4 (1-4) varaj\u00e4sent\u00e4. Hallituksen j\u00e4senm\u00e4\u00e4r\u00e4n hyv\u00e4ksyy yhdistyksen syyskokous. Hallitus on p\u00e4\u00e4t\u00f6svaltainen, kun v\u00e4hint\u00e4\u00e4n puolet sen j\u00e4senist\u00e4, heid\u00e4n joukossaan puheenjohtaja tai varapuheenjohtaja, on paikalla.<\/p>\n<p>9 \u00a7 Nimenkirjoitusoikeus<\/p>\n<p style=\"padding-left: 30px\">Yhdistyksen nimenkirjoitusoikeus on hallituksen puheenjohtajalla ja taloudenhoitajalla sek\u00e4 hallituksen keskuudestaan nime\u00e4mill\u00e4 henkil\u00f6ill\u00e4, kullakin yksin.<\/p>\n<p>10 \u00a7 Varelia<\/p>\n<p style=\"padding-left: 30px\">Yhdistys julkaisee lehte\u00e4, jonka nimi on Varelia. Varelian toimitus koostuu yhdistyksen varsinaisista j\u00e4senist\u00e4.<\/p>\n<p>11 \u00a7 Tili- ja toimintavuosi<\/p>\n<p style=\"padding-left: 30px\">Yhdistyksen tili- ja toimintavuosi on kalenterivuosi. Tilit ja vuosikertomus on j\u00e4tett\u00e4v\u00e4 toiminnantarkastajille viimeist\u00e4\u00e4n 3 viikkoa ennen kev\u00e4tkokousta.<\/p>\n<p>12 \u00a7 Yhdistyksen kokoukset<\/p>\n<p style=\"padding-left: 30px\">Yhdistyksen s\u00e4\u00e4nt\u00f6m\u00e4\u00e4r\u00e4isi\u00e4 kokouksia ovat kev\u00e4t- ja syyskokoukset. Kev\u00e4tkokous pidet\u00e4\u00e4n maaliskuun loppuun menness\u00e4 ja syyskokous marraskuun loppuun menness\u00e4. Yhdistyksen ylim\u00e4\u00e4r\u00e4isi\u00e4 kokouksia pidet\u00e4\u00e4n, kun hallitus katsoo sen tarpeelliseksi tai v\u00e4hint\u00e4\u00e4n yksi kymmenesosa yhdistyksen j\u00e4senist\u00e4 sit\u00e4 hallitukselta kirjallisesti pyyt\u00e4\u00e4, ilmoittamansa asian k\u00e4sittely\u00e4 varten. Yhdistyksen kokoukset on kutsuttava koolle ilmoittamalla niist\u00e4 ainakin kaksi viikkoa etuk\u00e4teen v\u00e4hint\u00e4\u00e4n yhdistyksen s\u00e4hk\u00f6postilistalla.<\/p>\n<p style=\"padding-left: 30px\">Yhdistyksen kokoukseen voidaan osallistua hallituksen tai yhdistyksen kokouksen niin p\u00e4\u00e4tt\u00e4ess\u00e4 tietoliikenneyhteyden tai muun teknisen apuv\u00e4lineen avulla kokouksen aikana tai ennen kokousta.<\/p>\n<p>13 \u00a7 Kev\u00e4tkokous<\/p>\n<p style=\"padding-left: 30px\">Yhdistyksen kev\u00e4tkokouksessa k\u00e4sitell\u00e4\u00e4n ainakin seuraavat asiat:<\/p>\n<ol>\n<li style=\"list-style-type: none\">\n<ol>\n<li>kokouksen avaus<\/li>\n<li>valitaan kokouksen puheenjohtaja, sihteeri, kaksi p\u00f6yt\u00e4kirjantarkastajaa ja tarvittaessa kaksi \u00e4\u00e4ntenlaskijaa<\/li>\n<li>todetaan kokouksen laillisuus ja p\u00e4\u00e4t\u00f6svaltaisuus<\/li>\n<li>hyv\u00e4ksyt\u00e4\u00e4n kokouksen esityslista<\/li>\n<li>esitell\u00e4\u00e4n edellisen vuoden tilinp\u00e4\u00e4t\u00f6s, toimintakertomus ja tilintarkastuskertomus<\/li>\n<li>p\u00e4\u00e4tet\u00e4\u00e4n tilinp\u00e4\u00e4t\u00f6ksen vahvistamisesta ja vastuuvapauden my\u00f6nt\u00e4misest\u00e4 hallitukselle ja muille vastuuvelvollisille<\/li>\n<li>k\u00e4sitell\u00e4\u00e4n muut kokouskutsussa mainitut asiat<\/li>\n<li>kokouksen p\u00e4\u00e4t\u00f6s<\/li>\n<\/ol>\n<\/li>\n<\/ol>\n<p>14 \u00a7 Syyskokous<\/p>\n<p style=\"padding-left: 30px\">Yhdistyksen syyskokouksessa k\u00e4sitell\u00e4\u00e4n ainakin seuraavat asiat:<\/p>\n<ol>\n<li style=\"list-style-type: none\">\n<ol>\n<li>kokouksen avaus<\/li>\n<li>valitaan kokouksen puheenjohtaja, sihteeri, kaksi p\u00f6yt\u00e4kirjantarkastajaa ja tarvittaessa kaksi \u00e4\u00e4ntenlaskijaa<\/li>\n<li>todetaan kokouksen laillisuus ja p\u00e4\u00e4t\u00f6svaltaisuus<\/li>\n<li>hyv\u00e4ksyt\u00e4\u00e4n kokouksen esityslista<\/li>\n<li>hyv\u00e4ksyt\u00e4\u00e4n seuraavan vuoden j\u00e4sen- ja kannattajaj\u00e4senmaksu<\/li>\n<li>hyv\u00e4ksyt\u00e4\u00e4n seuraavan vuoden toimintasuunnitelma ja talousarvio<\/li>\n<li>hyv\u00e4ksyt\u00e4\u00e4n yhdistyksen tasa-arvo- ja yhdenvertaisuusohjelma<\/li>\n<li>valitaan seuraavan vuoden hallituksen puheenjohtaja ja viidest\u00e4 kahdeksaan hallituksen j\u00e4sent\u00e4 sek\u00e4 yhdest\u00e4 nelj\u00e4\u00e4n varaj\u00e4sent\u00e4<\/li>\n<li>valitaan Varelian toimituskunta<\/li>\n<li>valitaan kaksi toiminnantarkastajaa ja heille varatoiminnantarkastajat<\/li>\n<li>k\u00e4sitell\u00e4\u00e4n muut kokouskutsussa mainitut asiat<\/li>\n<li>kokouksen p\u00e4\u00e4t\u00f6s<\/li>\n<\/ol>\n<\/li>\n<\/ol>\n<p>15 \u00a7 Yhdistyksen kokouksen p\u00e4\u00e4t\u00f6svaltaisuus<\/p>\n<p style=\"padding-left: 30px\">Yhdistyksen kokous on p\u00e4\u00e4t\u00f6svaltainen, kun se on s\u00e4\u00e4nt\u00f6jen mukaan kutsuttu koolle.<\/p>\n<p>16 \u00a7 Kokousten p\u00e4\u00e4t\u00f6kset<\/p>\n<p style=\"padding-left: 30px\">P\u00e4\u00e4t\u00f6kset kokouksissa tehd\u00e4\u00e4n yksinkertaisella \u00e4\u00e4nten enemmist\u00f6ll\u00e4, paitsi milloin on kysymys s\u00e4\u00e4nt\u00f6jen 7. ja 17. pyk\u00e4l\u00e4ss\u00e4 mainitusta asioista.<\/p>\n<p>17 \u00a7 Yhdistyksen s\u00e4\u00e4nt\u00f6jen muuttaminen ja yhdistyksen purkaminen<\/p>\n<p style=\"padding-left: 30px\">S\u00e4\u00e4nt\u00f6jen muuttamisesta tai yhdistyksen purkamisesta on p\u00e4\u00e4tett\u00e4v\u00e4 kahdessa, v\u00e4hint\u00e4\u00e4n kuukauden v\u00e4liajoin pidett\u00e4v\u00e4ss\u00e4 yhdistyksen kokouksessa v\u00e4hint\u00e4\u00e4n \u00be \u00e4\u00e4nten enemmist\u00f6ll\u00e4.<\/p>\n<p>18 \u00a7 Yhdistyksen purkaantuessa<\/p>\n<p style=\"padding-left: 30px\">Yhdistyksen purkautuessa tai tullessa lakkautetuksi, on sen varat luovutettava Turun Yliopiston arkeologian oppiaineelle k\u00e4ytett\u00e4v\u00e4ksi yhdistyksen tarkoitusperi\u00e4 l\u00e4hell\u00e4 olevalla tavalla.<\/p>\n","protected":false},"excerpt":{"rendered":"<p>Arkeologian yhdistys Vare ry:n s\u00e4\u00e4nn\u00f6t 1 \u00a7 Yhdistyksen nimi Yhdistyksen nimi on Arkeologian yhdistys Vare ry. 2 \u00a7 Yhdistyksen kotipaikka Yhdistyksen kotipaikka on Turku. 3 \u00a7 Yhdistyksen tarkoitus Yhdistyksen tarkoituksena on toimia arkeologian opiskelijoiden ja arkeologiasta kiinnostuneiden kohtaamisfoorumina. Lis\u00e4ksi yhdistys on Turun yliopiston ylioppilaskunnan (TYY) ainej\u00e4rjest\u00f6, ja toimii siten opiskelijoiden etuj\u00e4rjest\u00f6n\u00e4. Yhdistyksen p\u00e4\u00e4m\u00e4\u00e4r\u00e4n\u00e4 on my\u00f6s [&hellip;]<\/p>\n","protected":false},"author":23,"featured_media":0,"parent":6,"menu_order":0,"comment_status":"closed","ping_status":"closed","template":"","meta":{"_kad_blocks_custom_css":"","_kad_blocks_head_custom_js":"","_kad_blocks_body_custom_js":"","_kad_blocks_footer_custom_js":"","footnotes":""},"class_list":["post-1852","page","type-page","status-publish","czr-hentry"],"taxonomy_info":[],"featured_image_src_large":false,"author_info":{"display_name":"mijuhe","author_link":"https:\/\/tyyala.utu.fi\/vare\/author\/mijuhe\/"},"comment_info":0,"_links":{"self":[{"href":"https:\/\/tyyala.utu.fi\/vare\/wp-json\/wp\/v2\/pages\/1852","targetHints":{"allow":["GET"]}}],"collection":[{"href":"https:\/\/tyyala.utu.fi\/vare\/wp-json\/wp\/v2\/pages"}],"about":[{"href":"https:\/\/tyyala.utu.fi\/vare\/wp-json\/wp\/v2\/types\/page"}],"author":[{"embeddable":true,"href":"https:\/\/tyyala.utu.fi\/vare\/wp-json\/wp\/v2\/users\/23"}],"replies":[{"embeddable":true,"href":"https:\/\/tyyala.utu.fi\/vare\/wp-json\/wp\/v2\/comments?post=1852"}],"version-history":[{"count":12,"href":"https:\/\/tyyala.utu.fi\/vare\/wp-json\/wp\/v2\/pages\/1852\/revisions"}],"predecessor-version":[{"id":4404,"href":"https:\/\/tyyala.utu.fi\/vare\/wp-json\/wp\/v2\/pages\/1852\/revisions\/4404"}],"up":[{"embeddable":true,"href":"https:\/\/tyyala.utu.fi\/vare\/wp-json\/wp\/v2\/pages\/6"}],"wp:attachment":[{"href":"https:\/\/tyyala.utu.fi\/vare\/wp-json\/wp\/v2\/media?parent=1852"}],"curies":[{"name":"wp","href":"https:\/\/api.w.org\/{rel}","templated":true}]}}