{"id":1157,"date":"2010-03-23T21:18:25","date_gmt":"2010-03-23T19:18:25","guid":{"rendered":"http:\/\/org.utu.fi:80\/tyyala\/vare\/?page_id=1157"},"modified":"2026-03-05T10:47:17","modified_gmt":"2026-03-05T08:47:17","slug":"e-tiedotus","status":"publish","type":"page","link":"https:\/\/tyyala.utu.fi\/vare\/e-tiedotus\/","title":{"rendered":"Tiedotuskanavat"},"content":{"rendered":"\n<h3 class=\"wp-block-heading\">Sosiaaliset mediat<\/h3>\n\n\n\n<p><br><a href=\"https:\/\/instagram.com\/vare.ry\/\" target=\"_blank\" rel=\"noreferrer noopener\">vare.ry<\/a> \u2014 Vareen Instagram-profiili<\/p>\n\n\n\n<p><a href=\"https:\/\/chat.whatsapp.com\/I6ZJgbBusUxGHbwn7jm3qd\">Vare ry<\/a> &#8211; Vareen j\u00e4senille suunnattu Whatsapp-ryhm\u00e4<\/p>\n\n\n\n<p><a href=\"https:\/\/www.facebook.com\/groups\/468482839938659\/\">Vare ry<\/a> \u2014 Vareen j\u00e4senille suunnattu Facebook-ryhm\u00e4<br><a href=\"https:\/\/www.facebook.com\/pages\/Vare\/160546157304035?ref=ts&amp;fref=ts\">Vare<\/a> \u2014 Vareen avoin Facebook-sivu<br><a href=\"https:\/\/www.facebook.com\/pages\/Varelia\/185537208150975?fref=ts\">Varelia<\/a> \u2014 Varelian Facebook-sivu<\/p>\n\n\n\n<hr class=\"wp-block-separator has-css-opacity\" \/>\n\n\n\n<h3 class=\"wp-block-heading\">S\u00e4hk\u00f6postilistoja<\/h3>\n\n\n<h4>vare[a]utu.fi<\/h4>\n<p>Turun yliopiston arkeologian opiskelijoiden ainej\u00e4rjest\u00f6 Vare ry:n tiedotuslista. T\u00e4m\u00e4n listan kautta saa tietoa yhdistyksen kaikista tapahtumista sek\u00e4 ajoittain yliopiston ja muiden ainej\u00e4rjest\u00f6jen tapahtumista.<\/p>\n<p>Listalle liittyminen: <a href=\"https:\/\/lists.utu.fi\/mailman\/listinfo\/vare\">https:\/\/lists.utu.fi\/mailman\/listinfo\/vare<\/a><\/p>\n<hr>\n<h4>indy-lista<\/h4>\n<p>Turun yliopiston arkeologian oppiaineen s\u00e4hk\u00f6postilista. Tietoja opiskelusta, kursseista, muutoksista aikatauluihin, ty\u00f6paikoista sek\u00e4 my\u00f6s yleisesti Turun yliopiston tapahtumista.<\/p>\n<p>Liittyminen: <a href=\"https:\/\/lists.utu.fi\/mailman\/listinfo\/indy\">https:\/\/lists.utu.fi\/mailman\/listinfo\/indy<\/a><\/p>\n<hr>\n<h4>arkeologi-lista<\/h4>\n<p>Helsingist\u00e4 k\u00e4sin hallinnoitu keskeinen tiedonv\u00e4lityskavana arkeologeille. Erityisen t\u00e4rke\u00e4 s\u00e4hk\u00f6postilista, jota kautta v\u00e4litet\u00e4\u00e4n tietoa etenkin ty\u00f6paikoista, sek\u00e4 alalle keskeisist\u00e4 seminaareista.<\/p>\n<p>Liity listalle l\u00e4hett\u00e4m\u00e4ll\u00e4 s\u00e4hk\u00f6posti &#8221;subscribe arkeologi-lista oma.osoitteesi[a]esim.fi&#8221; osoitteeseen majordomo[a]helsinki.fi. Teksti on oltava viestin ensimm\u00e4isell\u00e4 rivill\u00e4, subject-kent\u00e4n voi j\u00e4tt\u00e4\u00e4 tyhj\u00e4ksi. Listalle tarkoitetut viestit l\u00e4hetet\u00e4\u00e4n osoitteeseen arkeologi-lista[a]helsinki.fi.<\/p>\n<hr>\n<h4>Museoposti<\/h4>\n<p>Toinen kulttuurialan postituslista, mutta arkeologi-listasta poiketen t\u00e4\u00e4ll\u00e4 liikkuu tietoa museoalan t\u00f6ist\u00e4 ja seminaareista. T\u00e4\u00e4lt\u00e4 saa my\u00f6s ensik\u00e4den tietoa poikkitieteellisist\u00e4 seminaareista.<\/p>\n<p>Liittyminen: <a href=\"http:\/\/lists.greenspot.fi\/mailman\/listinfo\/museoposti\">http:\/\/lists.greenspot.fi\/mailman\/listinfo\/museoposti<\/a><br \/>Lis\u00e4\u00e4 osoitteessa: <a href=\"http:\/\/www.museoliitto.fi\/tiedotus\/museoposti\">http:\/\/www.museoliitto.fi\/tiedotus\/museoposti<\/a><\/p>\n\n\n<p><\/p>\n","protected":false},"excerpt":{"rendered":"<p>Sosiaaliset mediat vare.ry \u2014 Vareen Instagram-profiili Vare ry &#8211; Vareen j\u00e4senille suunnattu Whatsapp-ryhm\u00e4 Vare ry \u2014 Vareen j\u00e4senille suunnattu Facebook-ryhm\u00e4Vare \u2014 Vareen avoin Facebook-sivuVarelia \u2014 Varelian Facebook-sivu S\u00e4hk\u00f6postilistoja vare[a]utu.fi Turun yliopiston arkeologian opiskelijoiden ainej\u00e4rjest\u00f6 Vare ry:n tiedotuslista. T\u00e4m\u00e4n listan kautta saa tietoa yhdistyksen kaikista tapahtumista sek\u00e4 ajoittain yliopiston ja muiden ainej\u00e4rjest\u00f6jen tapahtumista. Listalle liittyminen: https:\/\/lists.utu.fi\/mailman\/listinfo\/vare [&hellip;]<\/p>\n","protected":false},"author":18,"featured_media":0,"parent":0,"menu_order":0,"comment_status":"closed","ping_status":"closed","template":"","meta":{"_kad_blocks_custom_css":"","_kad_blocks_head_custom_js":"","_kad_blocks_body_custom_js":"","_kad_blocks_footer_custom_js":"","footnotes":""},"class_list":["post-1157","page","type-page","status-publish","czr-hentry"],"taxonomy_info":[],"featured_image_src_large":false,"author_info":{"display_name":"neheki","author_link":"https:\/\/tyyala.utu.fi\/vare\/author\/neheki\/"},"comment_info":0,"_links":{"self":[{"href":"https:\/\/tyyala.utu.fi\/vare\/wp-json\/wp\/v2\/pages\/1157","targetHints":{"allow":["GET"]}}],"collection":[{"href":"https:\/\/tyyala.utu.fi\/vare\/wp-json\/wp\/v2\/pages"}],"about":[{"href":"https:\/\/tyyala.utu.fi\/vare\/wp-json\/wp\/v2\/types\/page"}],"author":[{"embeddable":true,"href":"https:\/\/tyyala.utu.fi\/vare\/wp-json\/wp\/v2\/users\/18"}],"replies":[{"embeddable":true,"href":"https:\/\/tyyala.utu.fi\/vare\/wp-json\/wp\/v2\/comments?post=1157"}],"version-history":[{"count":43,"href":"https:\/\/tyyala.utu.fi\/vare\/wp-json\/wp\/v2\/pages\/1157\/revisions"}],"predecessor-version":[{"id":4777,"href":"https:\/\/tyyala.utu.fi\/vare\/wp-json\/wp\/v2\/pages\/1157\/revisions\/4777"}],"wp:attachment":[{"href":"https:\/\/tyyala.utu.fi\/vare\/wp-json\/wp\/v2\/media?parent=1157"}],"curies":[{"name":"wp","href":"https:\/\/api.w.org\/{rel}","templated":true}]}}