{"id":632,"date":"2025-09-29T18:19:59","date_gmt":"2025-09-29T15:19:59","guid":{"rendered":"https:\/\/tyyala.utu.fi\/utufootball\/?page_id=632"},"modified":"2025-09-29T18:21:01","modified_gmt":"2025-09-29T15:21:01","slug":"2025-beaver-hunters","status":"publish","type":"page","link":"https:\/\/tyyala.utu.fi\/utufootball\/2025-beaver-hunters\/","title":{"rendered":"2025 Beaver Hunters"},"content":{"rendered":"\n<figure class=\"wp-block-image\" id=\"block-b26e9f5c-b76e-4965-b2a6-646028c8d6cd\"><img decoding=\"async\" src=\"https:\/\/tyyala.utu.fi\/utufootball\/wp-content\/uploads\/sites\/20\/2025\/09\/Joukkuekuva25-1.png\" alt=\"This image has an empty alt attribute; its file name is Joukkuekuva25-1.png\" \/><\/figure>\n\n\n\n<p id=\"block-e9bb5cbf-0c5e-41ab-a1f4-bace024368e5\">#2 Juho Killstr\u00f6m<\/p>\n\n\n\n<p id=\"block-4df2c6e6-048d-4df6-a47c-1e8ed5c09bdd\">#5 Niklas Kantonen<\/p>\n\n\n\n<p id=\"block-ecbcd66a-ab77-4146-a986-964eb4dff8a9\">#7 Eetu Aitta<\/p>\n\n\n\n<p id=\"block-bad233e1-8c0d-43ba-a66d-f1d0ed6fb5cc\">#9 Justus Virtanen<\/p>\n\n\n\n<p id=\"block-ab2f7ec6-777d-4dbf-b955-d5f66e2c9762\">#10 Aarne Ollila<\/p>\n\n\n\n<p id=\"block-7a9a4559-f13b-4307-b95f-b4080a407494\">#12 Jeronym Siroky<\/p>\n\n\n\n<p id=\"block-304ddd5b-1cc1-4349-bafb-f5156dcf2988\">#19 Lauri Melanen<\/p>\n\n\n\n<p id=\"block-6f6ac3b0-4942-45ea-8c87-8ec89ff033d0\">#22 Alpi Lahti<\/p>\n\n\n\n<p id=\"block-cb0a15aa-5757-4d8e-a0d4-783703e72110\">#23 Niilo Lautiainen<\/p>\n\n\n\n<p id=\"block-b37940f0-df02-4df6-85a3-29696cec3e00\">#24 Mikael Oksanen<\/p>\n\n\n\n<p id=\"block-4746c74f-8bbc-4fc6-9fcc-0a825d043dda\">#27 Valto Laurinolli<\/p>\n\n\n\n<p id=\"block-1046b0af-228b-40a8-b278-ac8fdb7b6d4a\">#29 Eemil S\u00f6derberg<\/p>\n\n\n\n<p id=\"block-874eaf09-84cb-4804-b225-5647438ccc3c\">#31 Zacharias L\u00e5gland<\/p>\n\n\n\n<p id=\"block-3b5bc1ff-15bd-414d-9838-41f6760eb95e\">#32 Tuomas Korvenvirta<\/p>\n\n\n\n<p id=\"block-929608d2-5b21-49e1-a07b-4f0b1169e3c4\">#41 Jonatan Golan<\/p>\n\n\n\n<p id=\"block-86b3f214-de5c-44e8-9a4a-32820585435c\">#42 Owen Petyth<\/p>\n\n\n\n<p id=\"block-5ef9a520-6d36-4006-820f-81a624f84e6c\">#47 Niki Granqvist<\/p>\n\n\n\n<p id=\"block-52e19aeb-2f10-4e63-8749-6e0e7e2cab87\">#52 Tuomas J\u00e4rvenp\u00e4\u00e4<\/p>\n\n\n\n<p id=\"block-ae450fef-9b57-46bc-b078-b0e65bd4aba6\">#57 Eemeli Kirjonen<\/p>\n\n\n\n<p id=\"block-fdb4942c-23b0-4eba-a180-b4a6e846fcc7\">#58 Markku Majanen<\/p>\n\n\n\n<p id=\"block-da29cd8e-fe95-46d0-a85b-47cc13f6365b\">#66 Otto Nuora<\/p>\n\n\n\n<p id=\"block-06afd15e-64b9-446b-a4bd-2fe2ba5e01e3\">#67 Tuomas Heinonen<\/p>\n\n\n\n<p id=\"block-49b51e9f-4ada-4095-8385-455db5ad2954\">#71 Jalo Boman<\/p>\n\n\n\n<p id=\"block-96e6188a-8710-48d5-b081-1d2006c31b4b\">#78 Mikko Rajala<\/p>\n\n\n\n<p id=\"block-61891f40-dd8e-4d66-9f7a-6aa245bded2f\">#81 Roope Alinen<\/p>\n\n\n\n<p id=\"block-8256926e-3517-4803-8bab-b8f784ef8904\"><\/p>\n\n\n\n<p id=\"block-7d898650-8242-410a-94bb-67f0cf45bb2c\">HC Niklas Kantonen<\/p>\n\n\n\n<p id=\"block-68e9bf74-a9f5-4253-97b1-9c4242c1eb49\">DC Aapo Per\u00e4korpi<\/p>\n","protected":false},"excerpt":{"rendered":"<p>#2 Juho Killstr\u00f6m #5 Niklas Kantonen #7 Eetu Aitta #9 Justus Virtanen #10 Aarne Ollila #12 Jeronym Siroky #19 Lauri Melanen #22 Alpi Lahti #23 Niilo Lautiainen #24 Mikael Oksanen #27 Valto Laurinolli #29 Eemil S\u00f6derberg #31 Zacharias L\u00e5gland #32 Tuomas Korvenvirta #41 Jonatan Golan #42 Owen Petyth #47 Niki Granqvist #52 Tuomas J\u00e4rvenp\u00e4\u00e4 #57 [&hellip;]<\/p>\n","protected":false},"author":3481,"featured_media":0,"parent":0,"menu_order":0,"comment_status":"closed","ping_status":"closed","template":"","meta":{"footnotes":""},"class_list":["post-632","page","type-page","status-publish","hentry","post-preview"],"_links":{"self":[{"href":"https:\/\/tyyala.utu.fi\/utufootball\/wp-json\/wp\/v2\/pages\/632","targetHints":{"allow":["GET"]}}],"collection":[{"href":"https:\/\/tyyala.utu.fi\/utufootball\/wp-json\/wp\/v2\/pages"}],"about":[{"href":"https:\/\/tyyala.utu.fi\/utufootball\/wp-json\/wp\/v2\/types\/page"}],"author":[{"embeddable":true,"href":"https:\/\/tyyala.utu.fi\/utufootball\/wp-json\/wp\/v2\/users\/3481"}],"replies":[{"embeddable":true,"href":"https:\/\/tyyala.utu.fi\/utufootball\/wp-json\/wp\/v2\/comments?post=632"}],"version-history":[{"count":1,"href":"https:\/\/tyyala.utu.fi\/utufootball\/wp-json\/wp\/v2\/pages\/632\/revisions"}],"predecessor-version":[{"id":633,"href":"https:\/\/tyyala.utu.fi\/utufootball\/wp-json\/wp\/v2\/pages\/632\/revisions\/633"}],"wp:attachment":[{"href":"https:\/\/tyyala.utu.fi\/utufootball\/wp-json\/wp\/v2\/media?parent=632"}],"curies":[{"name":"wp","href":"https:\/\/api.w.org\/{rel}","templated":true}]}}