{"id":609,"date":"2022-03-25T15:07:56","date_gmt":"2022-03-25T12:07:56","guid":{"rendered":"https:\/\/tyyala.utu.fi\/utufootball\/?page_id=609"},"modified":"2022-03-25T15:34:25","modified_gmt":"2022-03-25T12:34:25","slug":"2022-beaver-hunters","status":"publish","type":"page","link":"https:\/\/tyyala.utu.fi\/utufootball\/2022-beaver-hunters\/","title":{"rendered":"2022 Beaver Hunters"},"content":{"rendered":"\n<figure class=\"wp-block-image size-large\"><img loading=\"lazy\" decoding=\"async\" width=\"1024\" height=\"1024\" src=\"https:\/\/tyyala.utu.fi\/utufootball\/wp-content\/uploads\/sites\/20\/2022\/03\/Joukkuekuva_2022-1024x1024.png\" alt=\"\" class=\"wp-image-610\" srcset=\"https:\/\/tyyala.utu.fi\/utufootball\/wp-content\/uploads\/sites\/20\/2022\/03\/Joukkuekuva_2022-1024x1024.png 1024w, https:\/\/tyyala.utu.fi\/utufootball\/wp-content\/uploads\/sites\/20\/2022\/03\/Joukkuekuva_2022-300x300.png 300w, https:\/\/tyyala.utu.fi\/utufootball\/wp-content\/uploads\/sites\/20\/2022\/03\/Joukkuekuva_2022-150x150.png 150w, https:\/\/tyyala.utu.fi\/utufootball\/wp-content\/uploads\/sites\/20\/2022\/03\/Joukkuekuva_2022-768x768.png 768w, https:\/\/tyyala.utu.fi\/utufootball\/wp-content\/uploads\/sites\/20\/2022\/03\/Joukkuekuva_2022-676x676.png 676w, https:\/\/tyyala.utu.fi\/utufootball\/wp-content\/uploads\/sites\/20\/2022\/03\/Joukkuekuva_2022.png 1080w\" sizes=\"auto, (max-width: 1024px) 100vw, 1024px\" \/><\/figure>\n\n\n\n<p>5 Niklas Kantonen (TUAS)<br>7 Vili Niini (UTU)<br>10 Aleksi Paajaste (UTU)<br>12 Rasmus Riihim\u00e4ki (UTU)<br>14 Antti Peltonen (UTU)<br>19 Lauri Melanen (UTU)<br>22 Elmer Salovaara (UTU)<br>23 Matias H\u00e4kkinen (UTU)<br>24 Eetu Lehti\u00f6 (UTU)<br>27 Mikael M\u00e4kel\u00e4 (UTU)<br>29 Toni Kantola (TUAS)<br>31 Wilhelm Malmstr\u00f6m (Novia)<br>32 Niilo Lautiainen (UTU)<br>42 Niki Granqvist (TUAS)<br>52 Petter Bredenberg (Novia)<br>54 Gustav Malmstr\u00f6m (\u00c5A)<br>57 Mikael Viljanen (UTU)<br>58 Viljami V\u00e4lilehto (TUAS)<br>78 Mikko Rajala (TUAS)<br>89 Quentin Huber (TUAS)<br>Coach Aki Halonen<br>Team Manager Teemu Rantanen<br>Beaver Eetu Ter\u00e4v\u00e4inen &amp; Leevi Tiihonen<\/p>\n","protected":false},"excerpt":{"rendered":"<p>5 Niklas Kantonen (TUAS)7 Vili Niini (UTU)10 Aleksi Paajaste (UTU)12 Rasmus Riihim\u00e4ki (UTU)14 Antti Peltonen (UTU)19 Lauri Melanen (UTU)22 Elmer Salovaara (UTU)23 Matias H\u00e4kkinen (UTU)24 Eetu Lehti\u00f6 (UTU)27 Mikael M\u00e4kel\u00e4 (UTU)29 Toni Kantola (TUAS)31 Wilhelm Malmstr\u00f6m (Novia)32 Niilo Lautiainen (UTU)42 Niki Granqvist (TUAS)52 Petter Bredenberg (Novia)54 Gustav Malmstr\u00f6m (\u00c5A)57 Mikael Viljanen (UTU)58 Viljami V\u00e4lilehto (TUAS)78 [&hellip;]<\/p>\n","protected":false},"author":98,"featured_media":0,"parent":0,"menu_order":0,"comment_status":"closed","ping_status":"closed","template":"","meta":{"footnotes":""},"class_list":["post-609","page","type-page","status-publish","hentry","post-preview"],"_links":{"self":[{"href":"https:\/\/tyyala.utu.fi\/utufootball\/wp-json\/wp\/v2\/pages\/609","targetHints":{"allow":["GET"]}}],"collection":[{"href":"https:\/\/tyyala.utu.fi\/utufootball\/wp-json\/wp\/v2\/pages"}],"about":[{"href":"https:\/\/tyyala.utu.fi\/utufootball\/wp-json\/wp\/v2\/types\/page"}],"author":[{"embeddable":true,"href":"https:\/\/tyyala.utu.fi\/utufootball\/wp-json\/wp\/v2\/users\/98"}],"replies":[{"embeddable":true,"href":"https:\/\/tyyala.utu.fi\/utufootball\/wp-json\/wp\/v2\/comments?post=609"}],"version-history":[{"count":4,"href":"https:\/\/tyyala.utu.fi\/utufootball\/wp-json\/wp\/v2\/pages\/609\/revisions"}],"predecessor-version":[{"id":615,"href":"https:\/\/tyyala.utu.fi\/utufootball\/wp-json\/wp\/v2\/pages\/609\/revisions\/615"}],"wp:attachment":[{"href":"https:\/\/tyyala.utu.fi\/utufootball\/wp-json\/wp\/v2\/media?parent=609"}],"curies":[{"name":"wp","href":"https:\/\/api.w.org\/{rel}","templated":true}]}}