{"id":555,"date":"2021-02-05T14:34:41","date_gmt":"2021-02-05T11:34:41","guid":{"rendered":"https:\/\/tyyala.utu.fi\/utufootball\/?page_id=555"},"modified":"2021-02-05T14:34:41","modified_gmt":"2021-02-05T11:34:41","slug":"super-bowl-lv-virtuaalikisastudio-super-bowl-lv-virtual-watch-party","status":"publish","type":"page","link":"https:\/\/tyyala.utu.fi\/utufootball\/super-bowl-lv-virtuaalikisastudio-super-bowl-lv-virtual-watch-party\/","title":{"rendered":"Super Bowl LV -virtuaalikisastudio | Super Bowl LV Virtual Watch Party"},"content":{"rendered":"\n<figure class=\"wp-block-image size-large\"><img loading=\"lazy\" decoding=\"async\" width=\"1024\" height=\"576\" src=\"https:\/\/tyyala.utu.fi\/utufootball\/wp-content\/uploads\/sites\/20\/2021\/02\/Pieni_mainos.png\" alt=\"\" class=\"wp-image-567\" srcset=\"https:\/\/tyyala.utu.fi\/utufootball\/wp-content\/uploads\/sites\/20\/2021\/02\/Pieni_mainos.png 1024w, https:\/\/tyyala.utu.fi\/utufootball\/wp-content\/uploads\/sites\/20\/2021\/02\/Pieni_mainos-300x169.png 300w, https:\/\/tyyala.utu.fi\/utufootball\/wp-content\/uploads\/sites\/20\/2021\/02\/Pieni_mainos-768x432.png 768w, https:\/\/tyyala.utu.fi\/utufootball\/wp-content\/uploads\/sites\/20\/2021\/02\/Pieni_mainos-676x380.png 676w\" sizes=\"auto, (max-width: 1024px) 100vw, 1024px\" \/><\/figure>\n\n\n\n<p>Super Bowl LV -virtuaalikisastudio<br><br>Varhain maanantaiaamuna 8.2. pelataan NFL-kauden huipennus, Super Bowl LV. Ottelussa kohtaavat historiallisesti kotikent\u00e4ll\u00e4\u00e4n pelaava Tampa Bay Buccaneers ja puolustava mestari Kansas City Chiefs. Ottelul\u00e4hetys alkaa kello yksi Suomen aikaa, peli potkaistaan k\u00e4yntiin puoli kahdelta.<br>UTU Beaver Hunters on perinteisesti j\u00e4rjest\u00e4nyt otteluy\u00f6n\u00e4 kisakatsomon Parkin kerhotiloissa, mutta koronarajoituksista johtuen t\u00e4m\u00e4 ei t\u00e4ll\u00e4 kertaa ole mahdollista. Perinteest\u00e4 ei kuitenkaan haluttu luopua, joten kisakatsomo j\u00e4rjestet\u00e4\u00e4n t\u00e4ll\u00e4 kertaa virtuaalisesti et\u00e4tapahtumana seuran Discord-palvelimella.<br>Ottelu televisioidaan Suomessa V sport urheilu -kanavalla, joka on Super Bowl -viikonloppuna perinteiseen tapaan vapaasti katsottavissa, joten osallistujat voivat seurata peli\u00e4 turvallisesti omalta kotisohvaltaan k\u00e4sin ja hyp\u00e4t\u00e4 mukaan keskusteluun Discordissa. Palvelimella on valmiina keskustelukanava Super Bowlin odotushype\u00e4 varten, joten sinne voi jo ennakkoon hyp\u00e4t\u00e4 spekuloimaan ottelun asetelmia, vertailemaan siipireseptej\u00e4 tai muuten vain viritt\u00e4ytym\u00e4\u00e4n tunnelmaan.<br>Ennen ottelun alkua pid\u00e4mme mahdollisesti lajia tuntemattomille pienen laji-infon, jotta kaikki saisivat pelist\u00e4 enemm\u00e4n irti. Kisakatsomossa on mukana my\u00f6s Beaver Huntersin pelaajia, valmentajia ja alumneja, joten mahdollisiin kysymyksiinkin pit\u00e4isi l\u00f6yty\u00e4 asiantuntevia vastauksia.<br>Virallinen osuus aloitellaan kello 23.30 sunnuntai-illan puolella, mutta palvelin on avoinna 24\/7. Tervetuloa mukaan!<br><br>Super Bowl LV Virtual Watch Party<br><br>NFL season comes to a close early Monday morning on 8th February as Super Bowl LV is played in Tampa Bay. Historical home team Tampa Bay Buccaneers challenge the defending champions Kansas City Chiefs. Kickoff is at 1:30 am Finnish time.<br>Your UTU Beaver Hunters have hosted the annual Super Bowl party at the Parkki club house, but due to the Covid-19 restrictions in place, that is not possible this year. We still wish to keep the tradition going, and this time the event is done remotely via our Discord server.<br>Game is broadcast in Finland on V sport urheilu, which is free to view during the Super Bowl weekend, so everyone can enjoy the game safely from the comfort of their own home and join the discussion on Discord. The server hosts a channel for the game\u2019s pre hype, so join in right away to share your thoughts on the upcoming game, compare wing recipes or just to get in the mood.<br>Before the game we\u2019ll run a little introduction to American football so you\u2019ll get more out of the game even if you\u2019ve never seen football before. Joining the discussion will be Beaver Hunters players, staff and alumni, so there should be plenty of expertise to answer any and all questions you may have.<br>We\u2019ll start the event officially at 11:30 pm on Sunday, but the server\u2019s open 24\/7. Welcome!<br><br>UTU Football Discord: <a rel=\"noreferrer noopener\" target=\"_blank\" href=\"https:\/\/discord.gg\/pHzN3aZE5K\">https:\/\/discord.gg\/pHzN3aZE5K<\/a><br><br>Facebook event: <a href=\"https:\/\/www.facebook.com\/events\/421791529137723\">https:\/\/www.facebook.com\/events\/421791529137723<\/a><br><br>V sport: <a rel=\"noreferrer noopener\" target=\"_blank\" href=\"https:\/\/www.epressi.com\/tiedotteet\/media\/v-sport-urheilu-kanava-katsottavissa-ilmaiseksi-5.2.-7.2..html\">https:\/\/www.epressi.com\/tiedotteet\/media\/v-sport-urheilu-kanava-katsottavissa-ilmaiseksi-5.2.-7.2..html<\/a><\/p>\n\n\n\n<p><\/p>\n","protected":false},"excerpt":{"rendered":"<p>Super Bowl LV -virtuaalikisastudio Varhain maanantaiaamuna 8.2. pelataan NFL-kauden huipennus, Super Bowl LV. Ottelussa kohtaavat historiallisesti kotikent\u00e4ll\u00e4\u00e4n pelaava Tampa Bay Buccaneers ja puolustava mestari Kansas City Chiefs. Ottelul\u00e4hetys alkaa kello yksi Suomen aikaa, peli potkaistaan k\u00e4yntiin puoli kahdelta.UTU Beaver Hunters on perinteisesti j\u00e4rjest\u00e4nyt otteluy\u00f6n\u00e4 kisakatsomon Parkin kerhotiloissa, mutta koronarajoituksista johtuen t\u00e4m\u00e4 ei t\u00e4ll\u00e4 kertaa ole [&hellip;]<\/p>\n","protected":false},"author":98,"featured_media":0,"parent":0,"menu_order":0,"comment_status":"closed","ping_status":"closed","template":"","meta":{"footnotes":""},"class_list":["post-555","page","type-page","status-publish","hentry","post-preview"],"_links":{"self":[{"href":"https:\/\/tyyala.utu.fi\/utufootball\/wp-json\/wp\/v2\/pages\/555","targetHints":{"allow":["GET"]}}],"collection":[{"href":"https:\/\/tyyala.utu.fi\/utufootball\/wp-json\/wp\/v2\/pages"}],"about":[{"href":"https:\/\/tyyala.utu.fi\/utufootball\/wp-json\/wp\/v2\/types\/page"}],"author":[{"embeddable":true,"href":"https:\/\/tyyala.utu.fi\/utufootball\/wp-json\/wp\/v2\/users\/98"}],"replies":[{"embeddable":true,"href":"https:\/\/tyyala.utu.fi\/utufootball\/wp-json\/wp\/v2\/comments?post=555"}],"version-history":[{"count":1,"href":"https:\/\/tyyala.utu.fi\/utufootball\/wp-json\/wp\/v2\/pages\/555\/revisions"}],"predecessor-version":[{"id":570,"href":"https:\/\/tyyala.utu.fi\/utufootball\/wp-json\/wp\/v2\/pages\/555\/revisions\/570"}],"wp:attachment":[{"href":"https:\/\/tyyala.utu.fi\/utufootball\/wp-json\/wp\/v2\/media?parent=555"}],"curies":[{"name":"wp","href":"https:\/\/api.w.org\/{rel}","templated":true}]}}