{"id":48,"date":"2017-08-24T09:52:51","date_gmt":"2017-08-24T07:52:51","guid":{"rendered":"http:\/\/tyyala.utu.fi\/utufootball\/?page_id=48"},"modified":"2025-09-29T17:57:24","modified_gmt":"2025-09-29T14:57:24","slug":"front-page","status":"publish","type":"page","link":"https:\/\/tyyala.utu.fi\/utufootball\/","title":{"rendered":"About UTU Beaver Hunters"},"content":{"rendered":"<p>UTU Beaver Hunters is the American Football team at the University of Turku. Five time College Football Finland National Champions.<\/p>\n<p>Get in touch with us via:<\/p>\n<p>Instagram: <a href=\"https:\/\/www.instagram.com\/utubeaverhunters?utm_source=ig_web_button_share_sheet&amp;igsh=NXU3cWhhNWRzeHli\">https:\/\/www.instagram.com\/utubeaverhunters?utm_source=ig_web_button_share_sheet&amp;igsh=NXU3cWhhNWRzeHli<\/a><\/p>\n<p>Discord: <a href=\"https:\/\/discord.gg\/NWnRKRBHQB\">https:\/\/discord.gg\/NWnRKRBHQB<\/a><\/p>\n<p>YouTube: <a href=\"https:\/\/www.youtube.com\/channel\/UCs_ESdhykRORmKhLc2hPIrQ\">https:\/\/www.youtube.com\/channel\/UCs_ESdhykRORmKhLc2hPIrQ<\/a><\/p>\n<p>Email: <a href=\"mailto:utufootball@utu.fi\">utufootball@utu.fi<\/a><\/p>\n<p>&nbsp;<\/p>\n\n\n<p>Haluatko mukaan? Lue lis\u00e4\u00e4 t\u00e4\u00e4lt\u00e4: <br>Want to join us? Read more here: <br><a href=\"https:\/\/tyyala.utu.fi\/utufootball\/join-us\/\">https:\/\/tyyala.utu.fi\/utufootball\/join-us\/<\/a><\/p>\n\n\n\n<figure class=\"wp-block-image size-full\"><img loading=\"lazy\" decoding=\"async\" width=\"940\" height=\"788\" src=\"https:\/\/tyyala.utu.fi\/utufootball\/wp-content\/uploads\/sites\/20\/2025\/09\/Joukkuekuva25.png\" alt=\"\" class=\"wp-image-623\" srcset=\"https:\/\/tyyala.utu.fi\/utufootball\/wp-content\/uploads\/sites\/20\/2025\/09\/Joukkuekuva25.png 940w, https:\/\/tyyala.utu.fi\/utufootball\/wp-content\/uploads\/sites\/20\/2025\/09\/Joukkuekuva25-300x251.png 300w, https:\/\/tyyala.utu.fi\/utufootball\/wp-content\/uploads\/sites\/20\/2025\/09\/Joukkuekuva25-768x644.png 768w, https:\/\/tyyala.utu.fi\/utufootball\/wp-content\/uploads\/sites\/20\/2025\/09\/Joukkuekuva25-676x567.png 676w\" sizes=\"auto, (max-width: 940px) 100vw, 940px\" \/><\/figure>\n","protected":false},"excerpt":{"rendered":"<p>UTU Beaver Hunters is the American Football team at the University of Turku. Five time College Football Finland National Champions. Get in touch with us via: Instagram: https:\/\/www.instagram.com\/utubeaverhunters?utm_source=ig_web_button_share_sheet&amp;igsh=NXU3cWhhNWRzeHli Discord: https:\/\/discord.gg\/NWnRKRBHQB YouTube: https:\/\/www.youtube.com\/channel\/UCs_ESdhykRORmKhLc2hPIrQ Email: utufootball@utu.fi &nbsp; Haluatko mukaan? Lue lis\u00e4\u00e4 t\u00e4\u00e4lt\u00e4: Want to join us? Read more here: https:\/\/tyyala.utu.fi\/utufootball\/join-us\/<\/p>\n","protected":false},"author":98,"featured_media":0,"parent":0,"menu_order":0,"comment_status":"closed","ping_status":"closed","template":"","meta":{"footnotes":""},"class_list":["post-48","page","type-page","status-publish","hentry","post-preview"],"_links":{"self":[{"href":"https:\/\/tyyala.utu.fi\/utufootball\/wp-json\/wp\/v2\/pages\/48","targetHints":{"allow":["GET"]}}],"collection":[{"href":"https:\/\/tyyala.utu.fi\/utufootball\/wp-json\/wp\/v2\/pages"}],"about":[{"href":"https:\/\/tyyala.utu.fi\/utufootball\/wp-json\/wp\/v2\/types\/page"}],"author":[{"embeddable":true,"href":"https:\/\/tyyala.utu.fi\/utufootball\/wp-json\/wp\/v2\/users\/98"}],"replies":[{"embeddable":true,"href":"https:\/\/tyyala.utu.fi\/utufootball\/wp-json\/wp\/v2\/comments?post=48"}],"version-history":[{"count":13,"href":"https:\/\/tyyala.utu.fi\/utufootball\/wp-json\/wp\/v2\/pages\/48\/revisions"}],"predecessor-version":[{"id":625,"href":"https:\/\/tyyala.utu.fi\/utufootball\/wp-json\/wp\/v2\/pages\/48\/revisions\/625"}],"wp:attachment":[{"href":"https:\/\/tyyala.utu.fi\/utufootball\/wp-json\/wp\/v2\/media?parent=48"}],"curies":[{"name":"wp","href":"https:\/\/api.w.org\/{rel}","templated":true}]}}