{"id":321,"date":"2020-09-08T14:11:41","date_gmt":"2020-09-08T11:11:41","guid":{"rendered":"https:\/\/tyyala.utu.fi\/utufootball\/?page_id=321"},"modified":"2025-09-29T18:24:14","modified_gmt":"2025-09-29T15:24:14","slug":"join-us","status":"publish","type":"page","link":"https:\/\/tyyala.utu.fi\/utufootball\/join-us\/","title":{"rendered":"Mukaan toimintaan? &#8211; I want to join!"},"content":{"rendered":"\n<p>\ud83c\uddeb\ud83c\uddee<br>Kiinnostaako jenkkifutis? UTU Beaver Huntersin kautta on helppo p\u00e4\u00e4st\u00e4 mukaan lajiin, sek\u00e4 kent\u00e4ll\u00e4 ett\u00e4 kent\u00e4n reunalla.<\/p>\n\n\n\n<p>Pelaamaan?<br>Suurin osa pelaajistamme on aloittanut amerikkalaisen jalkapallon pelaamisen vasta opiskeluaikanaan, ja treeniemme ovet ovat aina avoimet uusille kokeilijoille. Aloitamme syksyll\u00e4 alkeiskurssihengess\u00e4, ja k\u00e4ymme l\u00e4pi eri pelipaikkojen perustekniikat, jotta kaikki p\u00e4\u00e4sev\u00e4t kokeilemaan kaikkea ja l\u00f6yt\u00e4v\u00e4t itse\u00e4\u00e4n kiinnostavan sek\u00e4 heille sopivan pelipaikan.<br>Varusteista ei tarvitse alkuun murehtia, tarvitset vain normaalit urheilukamppeet ja treenialustalle sopivat keng\u00e4t, kuten nappikset, sis\u00e4pelikeng\u00e4t tai lenkkarit. Seuralla on uusille pelaajille ja kokeilijoille lainattavaksi kyp\u00e4r\u00e4t ja hartiasuojat, joten niiden hankkimisella ei ole kiire. <\/p>\n\n\n\n<p>Sivurajalle?<br>Jotta pelaajat voivat keskitty\u00e4 treenaamiseen ja pelaamiseen, joukkue tarvitsee paljon muitakin j\u00e4seni\u00e4. Valmennus, huoltajat, joukkueenjohtaja, kuvaajat, kentt\u00e4henkil\u00f6st\u00f6, DJ, kuuluttaja, maskotti ja mit\u00e4 ikin\u00e4 voit kuvitella jenkkifutisottelussa tapaavasi tekev\u00e4t otteluista hienoja juhlatapahtumia, niin pelaajille kuin faneillekin.<br>Mik\u00e4li laji kiinnostaa ja haluat p\u00e4\u00e4st\u00e4 mukaan hienoon joukkueeseen, my\u00f6s kaikkiin edell\u00e4 mainittuihin teht\u00e4viin tarvitaan tekij\u00f6it\u00e4. Jos harrastat esimerkiksi valo- ja\/tai videokuvausta, ja haluaisit p\u00e4\u00e4st\u00e4 hiomaan taitojasi nopeatempoisen urheilun kuvaamisessa, niin t\u00e4ss\u00e4 on tilaisuutesi.<br>Ja jos listasta puuttuu juuri se homma josta olisit kiinnostunut, niin ota yhteytt\u00e4 ja katsotaan mit\u00e4 saadaan j\u00e4rjestetty\u00e4.<\/p>\n\n\n\n<p>Ota yhteytt\u00e4 sosiaalisen median kautta tai laita suoraan s\u00e4hk\u00f6postia.<\/p>\n\n\n\n<p>Instagram: <a href=\"https:\/\/www.instagram.com\/utubeaverhunters?utm_source=ig_web_button_share_sheet&amp;igsh=NXU3cWhhNWRzeHli\">https:\/\/www.instagram.com\/utubeaverhunters?utm_source=ig_web_button_share_sheet&amp;igsh=NXU3cWhhNWRzeHli<\/a><\/p>\n\n\n\n<p>Email: <a href=\"mailto:utufootball@utu.fi\">utufootball@utu.fi<\/a><\/p>\n\n\n\n<p>\ud83c\uddec\ud83c\udde7 \ud83c\uddfa\ud83c\uddf8<br>Are you interested in American football? UTU Beaver Hunters is an easy and accessible gateway to our sport, whether it&#8217;s on or off the field.<\/p>\n\n\n\n<p>As a player?<br>Most of our players have started football at the university, and our practices are always open for everyone who wants to come and try out the sport. We start every fall with our &#8220;rookie camp&#8221; and go through the basics of every position and all the techniques you&#8217;ll need to get up-to-speed for our practices. Then new players and our coaches find a suitable position for everyone, based on players&#8217; abilities and interests.<br>You don&#8217;t need to worry about expensive equipment, all you need at start is normal sports gear and suitable shoes, e.g. cleats, running shoes or indoor shoes, depending on where the practice is. The team has helmets and shoulderpads for the new players, so you won&#8217;t need to buy those.<\/p>\n\n\n\n<p>On the sideline?<br>In order for the players to be able to focus on training and playing, the team needs lots of different supporting staff. Coaches, trainers, water boys and girls, team manager, photographers, field staff, DJ, announcer, mascot and what ever you can imagine meeting during a football game are needed to make game day a party for both players and fans alike.<br>If you&#8217;re interested in the sport and want to be part of this fine team, we need people for all the tasks listed above. If you&#8217;re into, say, photography or film making, and wish to practice capturing fast paced on-field action, this is your opportunity.<br>The list of roles was long, but not perfect. If someting you&#8217;d love to do wasn&#8217;t mentioned, just get in touch and we&#8217;ll work something out.<\/p>\n\n\n\n<p>Send us a message via our social media or drop an email our way and we&#8217;ll get back to you.<\/p>\n","protected":false},"excerpt":{"rendered":"<p>\ud83c\uddeb\ud83c\uddeeKiinnostaako jenkkifutis? UTU Beaver Huntersin kautta on helppo p\u00e4\u00e4st\u00e4 mukaan lajiin, sek\u00e4 kent\u00e4ll\u00e4 ett\u00e4 kent\u00e4n reunalla. Pelaamaan?Suurin osa pelaajistamme on aloittanut amerikkalaisen jalkapallon pelaamisen vasta opiskeluaikanaan, ja treeniemme ovet ovat aina avoimet uusille kokeilijoille. Aloitamme syksyll\u00e4 alkeiskurssihengess\u00e4, ja k\u00e4ymme l\u00e4pi eri pelipaikkojen perustekniikat, jotta kaikki p\u00e4\u00e4sev\u00e4t kokeilemaan kaikkea ja l\u00f6yt\u00e4v\u00e4t itse\u00e4\u00e4n kiinnostavan sek\u00e4 heille sopivan [&hellip;]<\/p>\n","protected":false},"author":98,"featured_media":0,"parent":0,"menu_order":0,"comment_status":"closed","ping_status":"closed","template":"","meta":{"footnotes":""},"class_list":["post-321","page","type-page","status-publish","hentry","post-preview"],"_links":{"self":[{"href":"https:\/\/tyyala.utu.fi\/utufootball\/wp-json\/wp\/v2\/pages\/321","targetHints":{"allow":["GET"]}}],"collection":[{"href":"https:\/\/tyyala.utu.fi\/utufootball\/wp-json\/wp\/v2\/pages"}],"about":[{"href":"https:\/\/tyyala.utu.fi\/utufootball\/wp-json\/wp\/v2\/types\/page"}],"author":[{"embeddable":true,"href":"https:\/\/tyyala.utu.fi\/utufootball\/wp-json\/wp\/v2\/users\/98"}],"replies":[{"embeddable":true,"href":"https:\/\/tyyala.utu.fi\/utufootball\/wp-json\/wp\/v2\/comments?post=321"}],"version-history":[{"count":7,"href":"https:\/\/tyyala.utu.fi\/utufootball\/wp-json\/wp\/v2\/pages\/321\/revisions"}],"predecessor-version":[{"id":636,"href":"https:\/\/tyyala.utu.fi\/utufootball\/wp-json\/wp\/v2\/pages\/321\/revisions\/636"}],"wp:attachment":[{"href":"https:\/\/tyyala.utu.fi\/utufootball\/wp-json\/wp\/v2\/media?parent=321"}],"curies":[{"name":"wp","href":"https:\/\/api.w.org\/{rel}","templated":true}]}}