{"id":273,"date":"2020-06-08T19:15:19","date_gmt":"2020-06-08T16:15:19","guid":{"rendered":"https:\/\/tyyala.utu.fi\/utufootball\/?page_id=273"},"modified":"2025-09-29T18:33:50","modified_gmt":"2025-09-29T15:33:50","slug":"kannatustuotteet-merchandise","status":"publish","type":"page","link":"https:\/\/tyyala.utu.fi\/utufootball\/kannatustuotteet-merchandise\/","title":{"rendered":"Kannatustuotteet &#8211; Merchandise"},"content":{"rendered":"\n<p>Nyt voit tunnustaa v\u00e4ri\u00e4 ja tukea omaa korkeakoulujefujoukkuettasi hankkimalla tyylikk\u00e4\u00e4t UTU Beaver Hunters -kannatustuotteet fanituotekaupastamme!<\/p>\n\n\n\n<p>Kauppa palvelee osoitteessa <a href=\"https:\/\/utufootball.myspreadshop.fi\/\">https:\/\/utufootball.myspreadshop.fi\/<\/a><\/p>\n\n\n\n<p>Meilt\u00e4 l\u00f6yd\u00e4t my\u00f6s omat haalarimerkit, joita voit ostaa ottelutapahtumista tai laittamalla viesti\u00e4 ig dm kautta! <\/p>\n\n\n\n<p>Look good and support Your local college football team by shopping for the official UTU Beaver Hunters gear at our merch store! <\/p>\n\n\n\n<p>We&#8217;re waiting for You at <a href=\"http:\/\/utufootball.spreadshirt.fi\/\">https:\/\/utufootball.myspreadshop.fi\/<\/a>.<\/p>\n\n\n\n<p>We also have our own badges, which you can buy from our games or by sending IG dm!<\/p>\n\n\n\n<figure class=\"wp-block-image size-large\"><img loading=\"lazy\" decoding=\"async\" width=\"1024\" height=\"669\" src=\"https:\/\/tyyala.utu.fi\/utufootball\/wp-content\/uploads\/sites\/20\/2025\/09\/Haalarimerkit-1-1024x669.jpg\" alt=\"\" class=\"wp-image-639\" srcset=\"https:\/\/tyyala.utu.fi\/utufootball\/wp-content\/uploads\/sites\/20\/2025\/09\/Haalarimerkit-1-1024x669.jpg 1024w, https:\/\/tyyala.utu.fi\/utufootball\/wp-content\/uploads\/sites\/20\/2025\/09\/Haalarimerkit-1-300x196.jpg 300w, https:\/\/tyyala.utu.fi\/utufootball\/wp-content\/uploads\/sites\/20\/2025\/09\/Haalarimerkit-1-768x502.jpg 768w, https:\/\/tyyala.utu.fi\/utufootball\/wp-content\/uploads\/sites\/20\/2025\/09\/Haalarimerkit-1-676x442.jpg 676w, https:\/\/tyyala.utu.fi\/utufootball\/wp-content\/uploads\/sites\/20\/2025\/09\/Haalarimerkit-1.jpg 1080w\" sizes=\"auto, (max-width: 1024px) 100vw, 1024px\" \/><\/figure>\n\n\n\n<figure class=\"wp-block-image size-large\"><img loading=\"lazy\" decoding=\"async\" width=\"1024\" height=\"1024\" src=\"https:\/\/tyyala.utu.fi\/utufootball\/wp-content\/uploads\/sites\/20\/2021\/08\/Merch_Store_now_Open__Splashscreen__NEW_URL-1024x1024.png\" alt=\"\" class=\"wp-image-579\" srcset=\"https:\/\/tyyala.utu.fi\/utufootball\/wp-content\/uploads\/sites\/20\/2021\/08\/Merch_Store_now_Open__Splashscreen__NEW_URL-1024x1024.png 1024w, https:\/\/tyyala.utu.fi\/utufootball\/wp-content\/uploads\/sites\/20\/2021\/08\/Merch_Store_now_Open__Splashscreen__NEW_URL-300x300.png 300w, https:\/\/tyyala.utu.fi\/utufootball\/wp-content\/uploads\/sites\/20\/2021\/08\/Merch_Store_now_Open__Splashscreen__NEW_URL-150x150.png 150w, https:\/\/tyyala.utu.fi\/utufootball\/wp-content\/uploads\/sites\/20\/2021\/08\/Merch_Store_now_Open__Splashscreen__NEW_URL-768x768.png 768w, https:\/\/tyyala.utu.fi\/utufootball\/wp-content\/uploads\/sites\/20\/2021\/08\/Merch_Store_now_Open__Splashscreen__NEW_URL-1536x1536.png 1536w, https:\/\/tyyala.utu.fi\/utufootball\/wp-content\/uploads\/sites\/20\/2021\/08\/Merch_Store_now_Open__Splashscreen__NEW_URL-2048x2048.png 2048w, https:\/\/tyyala.utu.fi\/utufootball\/wp-content\/uploads\/sites\/20\/2021\/08\/Merch_Store_now_Open__Splashscreen__NEW_URL-676x676.png 676w\" sizes=\"auto, (max-width: 1024px) 100vw, 1024px\" \/><\/figure>\n","protected":false},"excerpt":{"rendered":"<p>Nyt voit tunnustaa v\u00e4ri\u00e4 ja tukea omaa korkeakoulujefujoukkuettasi hankkimalla tyylikk\u00e4\u00e4t UTU Beaver Hunters -kannatustuotteet fanituotekaupastamme! Kauppa palvelee osoitteessa https:\/\/utufootball.myspreadshop.fi\/ Meilt\u00e4 l\u00f6yd\u00e4t my\u00f6s omat haalarimerkit, joita voit ostaa ottelutapahtumista tai laittamalla viesti\u00e4 ig dm kautta! Look good and support Your local college football team by shopping for the official UTU Beaver Hunters gear at our merch [&hellip;]<\/p>\n","protected":false},"author":98,"featured_media":0,"parent":0,"menu_order":0,"comment_status":"closed","ping_status":"closed","template":"","meta":{"footnotes":""},"class_list":["post-273","page","type-page","status-publish","hentry","post-preview"],"_links":{"self":[{"href":"https:\/\/tyyala.utu.fi\/utufootball\/wp-json\/wp\/v2\/pages\/273","targetHints":{"allow":["GET"]}}],"collection":[{"href":"https:\/\/tyyala.utu.fi\/utufootball\/wp-json\/wp\/v2\/pages"}],"about":[{"href":"https:\/\/tyyala.utu.fi\/utufootball\/wp-json\/wp\/v2\/types\/page"}],"author":[{"embeddable":true,"href":"https:\/\/tyyala.utu.fi\/utufootball\/wp-json\/wp\/v2\/users\/98"}],"replies":[{"embeddable":true,"href":"https:\/\/tyyala.utu.fi\/utufootball\/wp-json\/wp\/v2\/comments?post=273"}],"version-history":[{"count":7,"href":"https:\/\/tyyala.utu.fi\/utufootball\/wp-json\/wp\/v2\/pages\/273\/revisions"}],"predecessor-version":[{"id":640,"href":"https:\/\/tyyala.utu.fi\/utufootball\/wp-json\/wp\/v2\/pages\/273\/revisions\/640"}],"wp:attachment":[{"href":"https:\/\/tyyala.utu.fi\/utufootball\/wp-json\/wp\/v2\/media?parent=273"}],"curies":[{"name":"wp","href":"https:\/\/api.w.org\/{rel}","templated":true}]}}