{"id":156,"date":"2020-04-22T14:36:00","date_gmt":"2020-04-22T11:36:00","guid":{"rendered":"https:\/\/tyyala.utu.fi\/utufootball\/?page_id=156"},"modified":"2020-04-22T14:36:00","modified_gmt":"2020-04-22T11:36:00","slug":"2020-beavernados","status":"publish","type":"page","link":"https:\/\/tyyala.utu.fi\/utufootball\/2020-beavernados\/","title":{"rendered":"2020 Beavernados"},"content":{"rendered":"\n<h3 class=\"wp-block-heading\">Kokoonpano &#8211; Roster<\/h3>\n\n\n\n<h4 class=\"wp-block-heading\">Pelaajat &#8211; Players<\/h4>\n\n\n\n<figure class=\"wp-block-table alignwide\"><table class=\"\"><tbody><tr><td>3                <\/td><td>LB              <\/td><td>Petter Bredenberg<\/td><td class=\"has-text-align-right\" data-align=\"right\"><img loading=\"lazy\" decoding=\"async\" width=\"100\" height=\"100\" class=\"wp-image-171\" style=\"width: 100px\" src=\"https:\/\/tyyala.utu.fi\/utufootball\/wp-content\/uploads\/sites\/20\/2020\/04\/3_Bredenberg.png\" alt=\"\"><\/td><\/tr><tr><td>4<\/td><td>CB<\/td><td>Antti H\u00e4m\u00e4l\u00e4inen<\/td><td class=\"has-text-align-right\" data-align=\"right\"><img loading=\"lazy\" decoding=\"async\" width=\"100\" height=\"100\" class=\"wp-image-174\" style=\"width: 100px\" src=\"https:\/\/tyyala.utu.fi\/utufootball\/wp-content\/uploads\/sites\/20\/2020\/04\/4_Hamalainen.png\" alt=\"\"><\/td><\/tr><tr><td>5<\/td><td>CB<\/td><td>Lukas Schramm<\/td><td class=\"has-text-align-right\" data-align=\"right\"><img loading=\"lazy\" decoding=\"async\" width=\"100\" height=\"100\" class=\"wp-image-162\" style=\"width: 100px\" src=\"https:\/\/tyyala.utu.fi\/utufootball\/wp-content\/uploads\/sites\/20\/2020\/04\/PLACEHOLDER_Beavernados.png\" alt=\"\"><\/td><\/tr><tr><td>6<\/td><td>WR<\/td><td>Eemil S\u00f6derberg<\/td><td class=\"has-text-align-right\" data-align=\"right\"><img loading=\"lazy\" decoding=\"async\" width=\"100\" height=\"100\" class=\"wp-image-162\" style=\"width: 100px\" src=\"https:\/\/tyyala.utu.fi\/utufootball\/wp-content\/uploads\/sites\/20\/2020\/04\/PLACEHOLDER_Beavernados.png\" alt=\"\"><\/td><\/tr><tr><td>7<\/td><td>WR<\/td><td>Vili Niini<\/td><td class=\"has-text-align-right\" data-align=\"right\"><img loading=\"lazy\" decoding=\"async\" width=\"100\" height=\"100\" class=\"wp-image-177\" style=\"width: 100px\" src=\"https:\/\/tyyala.utu.fi\/utufootball\/wp-content\/uploads\/sites\/20\/2020\/04\/7_Niini.png\" alt=\"\"><\/td><\/tr><tr><td>8<\/td><td>WR<\/td><td>Gary Lok Ki Pun<\/td><td class=\"has-text-align-right\" data-align=\"right\"><img loading=\"lazy\" decoding=\"async\" width=\"100\" height=\"100\" class=\"wp-image-180\" style=\"width: 100px\" src=\"https:\/\/tyyala.utu.fi\/utufootball\/wp-content\/uploads\/sites\/20\/2020\/04\/8_Gary.png\" alt=\"\"><\/td><\/tr><tr><td>9<\/td><td>S<\/td><td>Rasmus Riihim\u00e4ki<\/td><td class=\"has-text-align-right\" data-align=\"right\"><img loading=\"lazy\" decoding=\"async\" width=\"100\" height=\"100\" class=\"wp-image-168\" style=\"width: 100px\" src=\"https:\/\/tyyala.utu.fi\/utufootball\/wp-content\/uploads\/sites\/20\/2020\/04\/9_RiihimakiR.png\" alt=\"\"><\/td><\/tr><tr><td>10<\/td><td>CB<\/td><td>Marc Lahuppe<\/td><td class=\"has-text-align-right\" data-align=\"right\"><img loading=\"lazy\" decoding=\"async\" width=\"100\" height=\"100\" class=\"wp-image-183\" style=\"width: 100px\" src=\"https:\/\/tyyala.utu.fi\/utufootball\/wp-content\/uploads\/sites\/20\/2020\/04\/10_Lahuppe.png\" alt=\"\"><\/td><\/tr><tr><td>11<\/td><td>CB<\/td><td>Mark Ekiz<\/td><td class=\"has-text-align-right\" data-align=\"right\"><img loading=\"lazy\" decoding=\"async\" width=\"100\" height=\"100\" class=\"wp-image-186\" style=\"width: 100px\" src=\"https:\/\/tyyala.utu.fi\/utufootball\/wp-content\/uploads\/sites\/20\/2020\/04\/11_Ekiz.png\" alt=\"\"><\/td><\/tr><tr><td>13<\/td><td>LB<\/td><td>Magnus Riihim\u00e4ki<\/td><td class=\"has-text-align-right\" data-align=\"right\"><img loading=\"lazy\" decoding=\"async\" width=\"100\" height=\"100\" class=\"wp-image-189\" style=\"width: 100px\" src=\"https:\/\/tyyala.utu.fi\/utufootball\/wp-content\/uploads\/sites\/20\/2020\/04\/13_RiihimakiM.png\" alt=\"\"><\/td><\/tr><tr><td>14<\/td><td>QB<\/td><td>Niklas Kantonen<\/td><td class=\"has-text-align-right\" data-align=\"right\"><img loading=\"lazy\" decoding=\"async\" width=\"100\" height=\"100\" class=\"wp-image-162\" style=\"width: 100px\" src=\"https:\/\/tyyala.utu.fi\/utufootball\/wp-content\/uploads\/sites\/20\/2020\/04\/PLACEHOLDER_Beavernados.png\" alt=\"\"><\/td><\/tr><tr><td>21<\/td><td>WR<\/td><td>Gustav Malmstr\u00f6m<\/td><td class=\"has-text-align-right\" data-align=\"right\"><img loading=\"lazy\" decoding=\"async\" width=\"100\" height=\"100\" class=\"wp-image-192\" style=\"width: 100px\" src=\"https:\/\/tyyala.utu.fi\/utufootball\/wp-content\/uploads\/sites\/20\/2020\/04\/21_Malmstrom.png\" alt=\"\"><\/td><\/tr><tr><td>22<\/td><td>QB<\/td><td>Teemu Thorstr\u00f6m<\/td><td class=\"has-text-align-right\" data-align=\"right\"><img loading=\"lazy\" decoding=\"async\" width=\"100\" height=\"100\" class=\"wp-image-195\" style=\"width: 100px\" src=\"https:\/\/tyyala.utu.fi\/utufootball\/wp-content\/uploads\/sites\/20\/2020\/04\/22_Thorstrom.png\" alt=\"\"><\/td><\/tr><tr><td>23<\/td><td>WR<\/td><td>Christopher Cousinerie<\/td><td class=\"has-text-align-right\" data-align=\"right\"><img loading=\"lazy\" decoding=\"async\" width=\"100\" height=\"100\" class=\"wp-image-198\" style=\"width: 100px\" src=\"https:\/\/tyyala.utu.fi\/utufootball\/wp-content\/uploads\/sites\/20\/2020\/04\/23_Cousinerie.png\" alt=\"\"><\/td><\/tr><tr><td>24<\/td><td>RB<\/td><td>Eetu Lehti\u00f6<\/td><td class=\"has-text-align-right\" data-align=\"right\"><img loading=\"lazy\" decoding=\"async\" width=\"100\" height=\"100\" class=\"wp-image-201\" style=\"width: 100px\" src=\"https:\/\/tyyala.utu.fi\/utufootball\/wp-content\/uploads\/sites\/20\/2020\/04\/24_Lehtio.png\" alt=\"\"><\/td><\/tr><tr><td>25<\/td><td>S<\/td><td>Janus Porali<\/td><td class=\"has-text-align-right\" data-align=\"right\"><img loading=\"lazy\" decoding=\"async\" width=\"100\" height=\"100\" class=\"wp-image-204\" style=\"width: 100px\" src=\"https:\/\/tyyala.utu.fi\/utufootball\/wp-content\/uploads\/sites\/20\/2020\/04\/25_Porali.png\" alt=\"\"><\/td><\/tr><tr><td>26<\/td><td>WR<\/td><td>Jaakko Turto<\/td><td class=\"has-text-align-right\" data-align=\"right\"><img loading=\"lazy\" decoding=\"async\" width=\"100\" height=\"100\" class=\"wp-image-162\" style=\"width: 100px\" src=\"https:\/\/tyyala.utu.fi\/utufootball\/wp-content\/uploads\/sites\/20\/2020\/04\/PLACEHOLDER_Beavernados.png\" alt=\"\"><\/td><\/tr><tr><td>28<\/td><td>RB<\/td><td>Andreas Lindo<\/td><td class=\"has-text-align-right\" data-align=\"right\"><img loading=\"lazy\" decoding=\"async\" width=\"100\" height=\"100\" class=\"wp-image-207\" style=\"width: 100px\" src=\"https:\/\/tyyala.utu.fi\/utufootball\/wp-content\/uploads\/sites\/20\/2020\/04\/28_Lindo.png\" alt=\"\"><\/td><\/tr><tr><td>32<\/td><td>WR<\/td><td>Juuso Hirsim\u00e4ki<\/td><td class=\"has-text-align-right\" data-align=\"right\"><img loading=\"lazy\" decoding=\"async\" width=\"100\" height=\"100\" class=\"wp-image-210\" style=\"width: 100px\" src=\"https:\/\/tyyala.utu.fi\/utufootball\/wp-content\/uploads\/sites\/20\/2020\/04\/32_Hirsimaki.png\" alt=\"\"><\/td><\/tr><tr><td>40<\/td><td>LB<\/td><td>Frans Karma<\/td><td class=\"has-text-align-right\" data-align=\"right\"><img loading=\"lazy\" decoding=\"async\" width=\"100\" height=\"100\" class=\"wp-image-213\" style=\"width: 100px\" src=\"https:\/\/tyyala.utu.fi\/utufootball\/wp-content\/uploads\/sites\/20\/2020\/04\/40_Karma.png\" alt=\"\"><\/td><\/tr><tr><td>42<\/td><td>DL<\/td><td>Kimmo Kaakinen<\/td><td class=\"has-text-align-right\" data-align=\"right\"><img loading=\"lazy\" decoding=\"async\" width=\"100\" height=\"100\" class=\"wp-image-216\" style=\"width: 100px\" src=\"https:\/\/tyyala.utu.fi\/utufootball\/wp-content\/uploads\/sites\/20\/2020\/04\/42_Kaakinen.png\" alt=\"\"><\/td><\/tr><tr><td>44<\/td><td>DL<\/td><td>Patrik Sax\u00e9n<\/td><td class=\"has-text-align-right\" data-align=\"right\"><img loading=\"lazy\" decoding=\"async\" width=\"100\" height=\"100\" class=\"wp-image-219\" style=\"width: 100px\" src=\"https:\/\/tyyala.utu.fi\/utufootball\/wp-content\/uploads\/sites\/20\/2020\/04\/44_Saxen.png\" alt=\"\"><\/td><\/tr><tr><td>48<\/td><td>LB<\/td><td>Juho Jokinen<\/td><td class=\"has-text-align-right\" data-align=\"right\"><img loading=\"lazy\" decoding=\"async\" width=\"100\" height=\"100\" class=\"wp-image-222\" style=\"width: 100px\" src=\"https:\/\/tyyala.utu.fi\/utufootball\/wp-content\/uploads\/sites\/20\/2020\/04\/48_Jokinen.png\" alt=\"\"><\/td><\/tr><tr><td>62<\/td><td>OL<\/td><td>Juho Virtanen<\/td><td class=\"has-text-align-right\" data-align=\"right\"><img loading=\"lazy\" decoding=\"async\" width=\"100\" height=\"100\" class=\"wp-image-225\" style=\"width: 100px\" src=\"https:\/\/tyyala.utu.fi\/utufootball\/wp-content\/uploads\/sites\/20\/2020\/04\/62_Virtanen.png\" alt=\"\"><\/td><\/tr><tr><td>63<\/td><td>OL<\/td><td>Toni Laakso<\/td><td class=\"has-text-align-right\" data-align=\"right\"><img loading=\"lazy\" decoding=\"async\" width=\"100\" height=\"100\" class=\"wp-image-228\" style=\"width: 100px\" src=\"https:\/\/tyyala.utu.fi\/utufootball\/wp-content\/uploads\/sites\/20\/2020\/04\/63_Laakso.png\" alt=\"\"><\/td><\/tr><tr><td>67<\/td><td>OL<\/td><td>Daniel M\u00fcllern<\/td><td class=\"has-text-align-right\" data-align=\"right\"><img loading=\"lazy\" decoding=\"async\" width=\"100\" height=\"100\" class=\"wp-image-234\" style=\"width: 100px\" src=\"https:\/\/tyyala.utu.fi\/utufootball\/wp-content\/uploads\/sites\/20\/2020\/04\/67_Mullern.png\" alt=\"\"><\/td><\/tr><tr><td>72<\/td><td>OL<\/td><td>Niko Flink<\/td><td class=\"has-text-align-right\" data-align=\"right\"><img loading=\"lazy\" decoding=\"async\" width=\"100\" height=\"100\" class=\"wp-image-237\" style=\"width: 100px\" src=\"https:\/\/tyyala.utu.fi\/utufootball\/wp-content\/uploads\/sites\/20\/2020\/04\/72_Flink.png\" alt=\"\"><\/td><\/tr><tr><td>79<\/td><td>OL<\/td><td>Janne Sinervo<\/td><td class=\"has-text-align-right\" data-align=\"right\"><img loading=\"lazy\" decoding=\"async\" width=\"100\" height=\"100\" class=\"wp-image-162\" style=\"width: 100px\" src=\"https:\/\/tyyala.utu.fi\/utufootball\/wp-content\/uploads\/sites\/20\/2020\/04\/PLACEHOLDER_Beavernados.png\" alt=\"\"><\/td><\/tr><tr><td>91<\/td><td>DL<\/td><td>Stefan Johansson<\/td><td class=\"has-text-align-right\" data-align=\"right\"><img loading=\"lazy\" decoding=\"async\" width=\"100\" height=\"100\" class=\"wp-image-162\" style=\"width: 100px\" src=\"https:\/\/tyyala.utu.fi\/utufootball\/wp-content\/uploads\/sites\/20\/2020\/04\/PLACEHOLDER_Beavernados.png\" alt=\"\"><\/td><\/tr><\/tbody><\/table><\/figure>\n\n\n\n<h4 class=\"wp-block-heading\">Valmennus &#8211; Coaching Staff<\/h4>\n\n\n\n<figure class=\"wp-block-table\"><table class=\"\"><tbody><tr><td>P\u00e4\u00e4valmentaja<\/td><td>Head Coach<\/td><td>Aki Halonen<\/td><td class=\"has-text-align-right\" data-align=\"right\"><img loading=\"lazy\" decoding=\"async\" width=\"100\" height=\"100\" class=\"wp-image-159\" style=\"width: 100px\" src=\"https:\/\/tyyala.utu.fi\/utufootball\/wp-content\/uploads\/sites\/20\/2020\/04\/HC_Halonen.png\" alt=\"\"> <\/td><\/tr><tr><td>Apulaisp\u00e4\u00e4valmentaja<\/td><td>Associate Head Coach<\/td><td>Niko Flink<\/td><td class=\"has-text-align-right\" data-align=\"right\"><img loading=\"lazy\" decoding=\"async\" width=\"100\" height=\"100\" class=\"wp-image-162\" style=\"width: 100px\" src=\"https:\/\/tyyala.utu.fi\/utufootball\/wp-content\/uploads\/sites\/20\/2020\/04\/PLACEHOLDER_Beavernados.png\" alt=\"\"><\/td><\/tr><tr><td>Hy\u00f6kk\u00e4yksen koordinaattori<\/td><td>Offensive Coordinator<\/td><td>Sami Luomanen<\/td><td class=\"has-text-align-right\" data-align=\"right\"><img loading=\"lazy\" decoding=\"async\" width=\"100\" height=\"100\" class=\"wp-image-162\" style=\"width: 100px\" src=\"https:\/\/tyyala.utu.fi\/utufootball\/wp-content\/uploads\/sites\/20\/2020\/04\/PLACEHOLDER_Beavernados.png\" alt=\"\"><\/td><\/tr><tr><td>Puolustuksen koordinaattori<\/td><td>Defensive Coordinator<\/td><td>Simo Lagerspetz<\/td><td class=\"has-text-align-right\" data-align=\"right\"><img loading=\"lazy\" decoding=\"async\" width=\"100\" height=\"100\" class=\"wp-image-162\" style=\"width: 100px\" src=\"https:\/\/tyyala.utu.fi\/utufootball\/wp-content\/uploads\/sites\/20\/2020\/04\/PLACEHOLDER_Beavernados.png\" alt=\"\"><\/td><\/tr><tr><td>Apuvalmentaja<\/td><td>Assistant Coach<\/td><td>Magnus Riihim\u00e4ki<\/td><td class=\"has-text-align-right\" data-align=\"right\"><img loading=\"lazy\" decoding=\"async\" width=\"100\" height=\"100\" class=\"wp-image-162\" style=\"width: 100px\" src=\"https:\/\/tyyala.utu.fi\/utufootball\/wp-content\/uploads\/sites\/20\/2020\/04\/PLACEHOLDER_Beavernados.png\" alt=\"\"><\/td><\/tr><tr><td>Apuvalmentaja<\/td><td>Assistant Coach<\/td><td>Andreas Lindo<\/td><td class=\"has-text-align-right\" data-align=\"right\"><img loading=\"lazy\" decoding=\"async\" width=\"100\" height=\"100\" class=\"wp-image-162\" style=\"width: 100px\" src=\"https:\/\/tyyala.utu.fi\/utufootball\/wp-content\/uploads\/sites\/20\/2020\/04\/PLACEHOLDER_Beavernados.png\" alt=\"\"><\/td><\/tr><tr><td>Apuvalmentaja<\/td><td>Assistant Coach<\/td><td>Teemu Thorstr\u00f6m<\/td><td class=\"has-text-align-right\" data-align=\"right\"><img loading=\"lazy\" decoding=\"async\" width=\"100\" height=\"100\" class=\"wp-image-162\" style=\"width: 100px\" src=\"https:\/\/tyyala.utu.fi\/utufootball\/wp-content\/uploads\/sites\/20\/2020\/04\/PLACEHOLDER_Beavernados.png\" alt=\"\"><\/td><\/tr><tr><td>Apuvalmentaja<\/td><td>Assistant Coach<\/td><td>Rasmus Riihim\u00e4ki<\/td><td class=\"has-text-align-right\" data-align=\"right\"><img loading=\"lazy\" decoding=\"async\" width=\"100\" height=\"100\" class=\"wp-image-162\" style=\"width: 100px\" src=\"https:\/\/tyyala.utu.fi\/utufootball\/wp-content\/uploads\/sites\/20\/2020\/04\/PLACEHOLDER_Beavernados.png\" alt=\"\"><\/td><\/tr><tr><td>Apuvalmentaja<\/td><td>Assistant Coach<\/td><td>Oliver Koskela<\/td><td class=\"has-text-align-right\" data-align=\"right\"><img loading=\"lazy\" decoding=\"async\" width=\"100\" height=\"100\" class=\"wp-image-162\" style=\"width: 100px\" src=\"https:\/\/tyyala.utu.fi\/utufootball\/wp-content\/uploads\/sites\/20\/2020\/04\/PLACEHOLDER_Beavernados.png\" alt=\"\"><\/td><\/tr><tr><td>Apuvalmentaja<\/td><td>Assistant Coach<\/td><td>Teemu Rantanen<\/td><td class=\"has-text-align-right\" data-align=\"right\"><img loading=\"lazy\" decoding=\"async\" width=\"100\" height=\"100\" class=\"wp-image-162\" style=\"width: 100px\" src=\"https:\/\/tyyala.utu.fi\/utufootball\/wp-content\/uploads\/sites\/20\/2020\/04\/PLACEHOLDER_Beavernados.png\" alt=\"\"><\/td><\/tr><\/tbody><\/table><\/figure>\n\n\n\n<p><\/p>\n","protected":false},"excerpt":{"rendered":"<p>Kokoonpano &#8211; Roster Pelaajat &#8211; Players 3 LB Petter Bredenberg 4 CB Antti H\u00e4m\u00e4l\u00e4inen 5 CB Lukas Schramm 6 WR Eemil S\u00f6derberg 7 WR Vili Niini 8 WR Gary Lok Ki Pun 9 S Rasmus Riihim\u00e4ki 10 CB Marc Lahuppe 11 CB Mark Ekiz 13 LB Magnus Riihim\u00e4ki 14 QB Niklas Kantonen 21 WR Gustav [&hellip;]<\/p>\n","protected":false},"author":98,"featured_media":0,"parent":0,"menu_order":0,"comment_status":"closed","ping_status":"closed","template":"","meta":{"footnotes":""},"class_list":["post-156","page","type-page","status-publish","hentry","post-preview"],"_links":{"self":[{"href":"https:\/\/tyyala.utu.fi\/utufootball\/wp-json\/wp\/v2\/pages\/156","targetHints":{"allow":["GET"]}}],"collection":[{"href":"https:\/\/tyyala.utu.fi\/utufootball\/wp-json\/wp\/v2\/pages"}],"about":[{"href":"https:\/\/tyyala.utu.fi\/utufootball\/wp-json\/wp\/v2\/types\/page"}],"author":[{"embeddable":true,"href":"https:\/\/tyyala.utu.fi\/utufootball\/wp-json\/wp\/v2\/users\/98"}],"replies":[{"embeddable":true,"href":"https:\/\/tyyala.utu.fi\/utufootball\/wp-json\/wp\/v2\/comments?post=156"}],"version-history":[{"count":4,"href":"https:\/\/tyyala.utu.fi\/utufootball\/wp-json\/wp\/v2\/pages\/156\/revisions"}],"predecessor-version":[{"id":246,"href":"https:\/\/tyyala.utu.fi\/utufootball\/wp-json\/wp\/v2\/pages\/156\/revisions\/246"}],"wp:attachment":[{"href":"https:\/\/tyyala.utu.fi\/utufootball\/wp-json\/wp\/v2\/media?parent=156"}],"curies":[{"name":"wp","href":"https:\/\/api.w.org\/{rel}","templated":true}]}}