{"id":119,"date":"2019-10-31T15:13:40","date_gmt":"2019-10-31T12:13:40","guid":{"rendered":"http:\/\/tyyala.utu.fi\/utufootball\/?page_id=119"},"modified":"2019-12-19T11:31:32","modified_gmt":"2019-12-19T08:31:32","slug":"pelaajahaastattelut-player-interviews","status":"publish","type":"page","link":"https:\/\/tyyala.utu.fi\/utufootball\/pelaajahaastattelut-player-interviews\/","title":{"rendered":"Pelaajahaastattelut &#8211; Player Interviews"},"content":{"rendered":"\n<p>Kauden 2020 pelaajistoa esittelyss\u00e4 lyhyiden videohaastattelujen muodossa. Tilaa YouTube -kanavamme, jotta n\u00e4et uudet haastattelut ensimm\u00e4isten joukossa.<\/p>\n\n\n\n<p>Our players for the season 2020 introduced via short video interviews. Subscribe to our YouTube channel to be among the first to catch all the new interviews.<\/p>\n\n\n\n<figure class=\"wp-block-embed-youtube wp-block-embed is-type-video is-provider-youtube wp-embed-aspect-16-9 wp-has-aspect-ratio\"><div class=\"wp-block-embed__wrapper\">\n<iframe loading=\"lazy\" title=\"#16 Jaakko Turto - 2020 Player Interview\" width=\"676\" height=\"380\" src=\"https:\/\/www.youtube.com\/embed\/Hz3tnN6wrG8?feature=oembed\" frameborder=\"0\" allow=\"accelerometer; autoplay; encrypted-media; gyroscope; picture-in-picture\" allowfullscreen><\/iframe>\n<\/div><figcaption>Esittelyss\u00e4 laitahy\u00f6kk\u00e4\u00e4j\u00e4 Jaakko Turto.<br>Introducing WR Jaakko Turto.<\/figcaption><\/figure>\n\n\n\n<figure class=\"wp-block-embed-youtube wp-block-embed is-type-video is-provider-youtube wp-embed-aspect-16-9 wp-has-aspect-ratio\"><div class=\"wp-block-embed__wrapper\">\n<iframe loading=\"lazy\" title=\"#31 Kimmo Kaakinen - 2020 Player Interview\" width=\"676\" height=\"380\" src=\"https:\/\/www.youtube.com\/embed\/j4Foujt6iyY?feature=oembed\" frameborder=\"0\" allow=\"accelerometer; autoplay; encrypted-media; gyroscope; picture-in-picture\" allowfullscreen><\/iframe>\n<\/div><figcaption> Esittelyss\u00e4 tukimies Kimmo Kaakinen.<br>Introducing LB Kimmo Kaakinen. <\/figcaption><\/figure>\n\n\n\n<figure class=\"wp-block-embed-youtube wp-block-embed is-type-video is-provider-youtube wp-embed-aspect-16-9 wp-has-aspect-ratio\"><div class=\"wp-block-embed__wrapper\">\n<iframe loading=\"lazy\" title=\"#81 Rasmus Riihim\u00e4ki - 2020 Player Interview\" width=\"676\" height=\"380\" src=\"https:\/\/www.youtube.com\/embed\/EIsSNNkGc6I?feature=oembed\" frameborder=\"0\" allow=\"accelerometer; autoplay; encrypted-media; gyroscope; picture-in-picture\" allowfullscreen><\/iframe>\n<\/div><figcaption>Esittelyss\u00e4 kulmapuolustaja Rasmus Riihim\u00e4ki.<br>Introducing CB Rasmus Riihim\u00e4ki.<\/figcaption><\/figure>\n\n\n\n<figure class=\"wp-block-embed-youtube wp-block-embed is-type-video is-provider-youtube wp-embed-aspect-16-9 wp-has-aspect-ratio\"><div class=\"wp-block-embed__wrapper\">\n<iframe loading=\"lazy\" title=\"#24 Eetu Lehti\u00f6 - 2020 Player Interview\" width=\"676\" height=\"380\" src=\"https:\/\/www.youtube.com\/embed\/A8qvWQEXT7M?feature=oembed\" frameborder=\"0\" allow=\"accelerometer; autoplay; encrypted-media; gyroscope; picture-in-picture\" allowfullscreen><\/iframe>\n<\/div><figcaption>Esittelyss\u00e4 keskushy\u00f6kk\u00e4\u00e4j\u00e4 Eetu Lehti\u00f6. <br>Introducing RB Eetu Lehti\u00f6.<\/figcaption><\/figure>\n\n\n\n<figure class=\"wp-block-embed-youtube wp-block-embed is-type-video is-provider-youtube wp-embed-aspect-16-9 wp-has-aspect-ratio\"><div class=\"wp-block-embed__wrapper\">\n<iframe loading=\"lazy\" title=\"#29 Petter Bredenberg - 2020 Player Interview\" width=\"676\" height=\"380\" src=\"https:\/\/www.youtube.com\/embed\/WeGzAbcnPK0?feature=oembed\" frameborder=\"0\" allow=\"accelerometer; autoplay; encrypted-media; gyroscope; picture-in-picture\" allowfullscreen><\/iframe>\n<\/div><figcaption> Esittelyss\u00e4 tukimies Petter Bredenberg.<br>Introducing LB Petter Bredenberg.  <\/figcaption><\/figure>\n\n\n\n<figure class=\"wp-block-embed-youtube wp-block-embed is-type-video is-provider-youtube wp-embed-aspect-16-9 wp-has-aspect-ratio\"><div class=\"wp-block-embed__wrapper\">\n<iframe loading=\"lazy\" title=\"#18 Simo \u00c5kerberg - 2020 Player Interview\" width=\"676\" height=\"380\" src=\"https:\/\/www.youtube.com\/embed\/C1hy_0NGgjk?feature=oembed\" frameborder=\"0\" allow=\"accelerometer; autoplay; encrypted-media; gyroscope; picture-in-picture\" allowfullscreen><\/iframe>\n<\/div><figcaption> Esittelyss\u00e4 tukimies Simo \u00c5kerberg.<br>Introducing LB Simo \u00c5kerberg.   <\/figcaption><\/figure>\n\n\n\n<figure class=\"wp-block-embed-youtube wp-block-embed is-type-video is-provider-youtube wp-embed-aspect-16-9 wp-has-aspect-ratio\"><div class=\"wp-block-embed__wrapper\">\n<iframe loading=\"lazy\" title=\"#12 Magnus Riihim\u00e4ki - 2020 Player Interview\" width=\"676\" height=\"380\" src=\"https:\/\/www.youtube.com\/embed\/j7xlIX-fJKw?feature=oembed\" frameborder=\"0\" allow=\"accelerometer; autoplay; encrypted-media; gyroscope; picture-in-picture\" allowfullscreen><\/iframe>\n<\/div><figcaption> Esittelyss\u00e4 pelinrakentaja Magnus Riihim\u00e4ki.<br>Introducing QB Magnus Riihim\u00e4ki.   <\/figcaption><\/figure>\n\n\n\n<figure class=\"wp-block-embed-youtube wp-block-embed is-type-video is-provider-youtube wp-embed-aspect-16-9 wp-has-aspect-ratio\"><div class=\"wp-block-embed__wrapper\">\n<iframe loading=\"lazy\" title=\"#70 Teemu Rantanen - 2020 Player Interview\" width=\"676\" height=\"380\" src=\"https:\/\/www.youtube.com\/embed\/XQG5F2KShGY?feature=oembed\" frameborder=\"0\" allow=\"accelerometer; autoplay; encrypted-media; gyroscope; picture-in-picture\" allowfullscreen><\/iframe>\n<\/div><figcaption>Esittelyss\u00e4 puolustuksen linjamies Teemu Rantanen.<br>Introducing DT Teemu Rantanen.<\/figcaption><\/figure>\n","protected":false},"excerpt":{"rendered":"<p>Kauden 2020 pelaajistoa esittelyss\u00e4 lyhyiden videohaastattelujen muodossa. Tilaa YouTube -kanavamme, jotta n\u00e4et uudet haastattelut ensimm\u00e4isten joukossa. Our players for the season 2020 introduced via short video interviews. Subscribe to our YouTube channel to be among the first to catch all the new interviews.<\/p>\n","protected":false},"author":98,"featured_media":0,"parent":0,"menu_order":0,"comment_status":"closed","ping_status":"closed","template":"","meta":{"footnotes":""},"class_list":["post-119","page","type-page","status-publish","hentry","post-preview"],"_links":{"self":[{"href":"https:\/\/tyyala.utu.fi\/utufootball\/wp-json\/wp\/v2\/pages\/119","targetHints":{"allow":["GET"]}}],"collection":[{"href":"https:\/\/tyyala.utu.fi\/utufootball\/wp-json\/wp\/v2\/pages"}],"about":[{"href":"https:\/\/tyyala.utu.fi\/utufootball\/wp-json\/wp\/v2\/types\/page"}],"author":[{"embeddable":true,"href":"https:\/\/tyyala.utu.fi\/utufootball\/wp-json\/wp\/v2\/users\/98"}],"replies":[{"embeddable":true,"href":"https:\/\/tyyala.utu.fi\/utufootball\/wp-json\/wp\/v2\/comments?post=119"}],"version-history":[{"count":7,"href":"https:\/\/tyyala.utu.fi\/utufootball\/wp-json\/wp\/v2\/pages\/119\/revisions"}],"predecessor-version":[{"id":147,"href":"https:\/\/tyyala.utu.fi\/utufootball\/wp-json\/wp\/v2\/pages\/119\/revisions\/147"}],"wp:attachment":[{"href":"https:\/\/tyyala.utu.fi\/utufootball\/wp-json\/wp\/v2\/media?parent=119"}],"curies":[{"name":"wp","href":"https:\/\/api.w.org\/{rel}","templated":true}]}}