{"id":897,"date":"2018-01-02T13:54:51","date_gmt":"2018-01-02T13:54:51","guid":{"rendered":"http:\/\/tyyala.utu.fi\/turun-yk-yhdistys\/?page_id=897"},"modified":"2020-12-22T14:21:10","modified_gmt":"2020-12-22T14:21:10","slug":"sahkopostilista","status":"publish","type":"page","link":"https:\/\/tyyala.utu.fi\/turun-yk-yhdistys\/toiminta\/sahkopostilista\/","title":{"rendered":"S\u00e4hk\u00f6postilista"},"content":{"rendered":"<h4>Liity Turun YK-yhdistyksen s\u00e4hk\u00f6postilistalle<\/h4>\n<p>Ajankohtaisimman tiedon siit\u00e4, mit\u00e4 Turun YK-Yhdistyksess\u00e4 tapahtuu, saat yhdistyksen s\u00e4hk\u00f6postilistalta. Listalla saat tietoa kiinnostavista tapahtumista sek\u00e4 muista t\u00e4rkeist\u00e4 ajankohtaisista asioista. L\u00e4het\u00e4mme perinteisesti noin kerran kuukaudessa kootun tiedotteen. Listan kautta ei tule roskapostia, koska sit\u00e4 hallinnoi yhdistyksen tiedottaja. Jos haluat viestisi Turun YK-Yhdistyksen s\u00e4hk\u00f6postilistalle l\u00e4hetett\u00e4v\u00e4\u00e4n uutiskirjeeseen, ota yhteytt\u00e4 yk-hallitus@lists.utu.fi<\/p>\n<p>Liittyminen s\u00e4hk\u00f6postilistalle on yksinkertaista: paina mailman-linkki\u00e4, sy\u00f6t\u00e4 nimesi, s\u00e4hk\u00f6postisi, keksi salasana ja paina liity.&nbsp;Voit liitty\u00e4 yhdistyksen s\u00e4hk\u00f6postilistalle osoitteessa: &nbsp;<a href=\"https:\/\/lists.utu.fi\/mailman\/listinfo\/yk-yhdistys\" target=\"\" rel=\"nofollow noopener noreferrer\">https:\/\/lists.utu.fi\/mailman\/listinfo\/yk-yhdistys<\/a><\/p>\n","protected":false},"excerpt":{"rendered":"<p>Liity Turun YK-yhdistyksen s\u00e4hk\u00f6postilistalle Ajankohtaisimman tiedon siit\u00e4, mit\u00e4 Turun YK-Yhdistyksess\u00e4 tapahtuu, saat yhdistyksen s\u00e4hk\u00f6postilistalta. Listalla saat tietoa kiinnostavista tapahtumista sek\u00e4 muista t\u00e4rkeist\u00e4 ajankohtaisista asioista. L\u00e4het\u00e4mme perinteisesti noin kerran kuukaudessa kootun tiedotteen. Listan kautta ei tule roskapostia, koska sit\u00e4 hallinnoi yhdistyksen tiedottaja. Jos haluat viestisi Turun YK-Yhdistyksen s\u00e4hk\u00f6postilistalle l\u00e4hetett\u00e4v\u00e4\u00e4n uutiskirjeeseen, ota yhteytt\u00e4 yk-hallitus@lists.utu.fi Liittyminen s\u00e4hk\u00f6postilistalle on [&hellip;]<\/p>\n","protected":false},"author":903,"featured_media":0,"parent":172,"menu_order":0,"comment_status":"closed","ping_status":"closed","template":"custom-page.php","meta":{"_kad_blocks_custom_css":"","_kad_blocks_head_custom_js":"","_kad_blocks_body_custom_js":"","_kad_blocks_footer_custom_js":"","_mc_calendar":[],"footnotes":""},"class_list":["post-897","page","type-page","status-publish","czr-hentry"],"taxonomy_info":[],"featured_image_src_large":false,"author_info":{"display_name":"Venla Rousku","author_link":"https:\/\/tyyala.utu.fi\/turun-yk-yhdistys\/author\/vmjrou\/"},"comment_info":0,"_links":{"self":[{"href":"https:\/\/tyyala.utu.fi\/turun-yk-yhdistys\/wp-json\/wp\/v2\/pages\/897","targetHints":{"allow":["GET"]}}],"collection":[{"href":"https:\/\/tyyala.utu.fi\/turun-yk-yhdistys\/wp-json\/wp\/v2\/pages"}],"about":[{"href":"https:\/\/tyyala.utu.fi\/turun-yk-yhdistys\/wp-json\/wp\/v2\/types\/page"}],"author":[{"embeddable":true,"href":"https:\/\/tyyala.utu.fi\/turun-yk-yhdistys\/wp-json\/wp\/v2\/users\/903"}],"replies":[{"embeddable":true,"href":"https:\/\/tyyala.utu.fi\/turun-yk-yhdistys\/wp-json\/wp\/v2\/comments?post=897"}],"version-history":[{"count":18,"href":"https:\/\/tyyala.utu.fi\/turun-yk-yhdistys\/wp-json\/wp\/v2\/pages\/897\/revisions"}],"predecessor-version":[{"id":4095,"href":"https:\/\/tyyala.utu.fi\/turun-yk-yhdistys\/wp-json\/wp\/v2\/pages\/897\/revisions\/4095"}],"up":[{"embeddable":true,"href":"https:\/\/tyyala.utu.fi\/turun-yk-yhdistys\/wp-json\/wp\/v2\/pages\/172"}],"wp:attachment":[{"href":"https:\/\/tyyala.utu.fi\/turun-yk-yhdistys\/wp-json\/wp\/v2\/media?parent=897"}],"curies":[{"name":"wp","href":"https:\/\/api.w.org\/{rel}","templated":true}]}}