{"id":4680,"date":"2024-03-13T12:15:33","date_gmt":"2024-03-13T10:15:33","guid":{"rendered":"https:\/\/tyyala.utu.fi\/turun-yk-yhdistys\/?page_id=4680"},"modified":"2024-03-18T11:32:41","modified_gmt":"2024-03-18T09:32:41","slug":"rasisminvastainen-viikko","status":"publish","type":"page","link":"https:\/\/tyyala.utu.fi\/turun-yk-yhdistys\/rasisminvastainen-viikko\/","title":{"rendered":"Rasisminvastainen viikko"},"content":{"rendered":"\n<p>Turun YK-yhdistys on osana Rasisminvastaista viikkoa, jota vietet\u00e4\u00e4n 18.-24.3.2024.<\/p>\n\n\n\n<p>Ohjelmaa on pitkin viikkoa ja TYKy on tekem\u00e4ss\u00e4 muun muassa 18.3. Silm\u00e4t auki -kampanjaa Index ry:n kanssa sek\u00e4 23.3. Don&#8217;t Stay Silent! -taidekonttia Index ry:n, HangFlown ja Turun Tytt\u00f6jen Talon kanssa.<br>Koko viikon ohjelma l\u00f6ytyy <a href=\"https:\/\/fb.me\/e\/6K5CpxAdn\" target=\"_blank\" rel=\"noreferrer noopener\">t\u00e4\u00e4lt\u00e4<\/a>.<\/p>\n\n\n\n<p>Osa Silm\u00e4t auki -kampanjaa on parantaa omaa ymm\u00e4rryst\u00e4 rasismin vaikutuksesta ihmisten el\u00e4m\u00e4ss\u00e4. Olemme koonneet kokemuksia ihmisilt\u00e4, \u200b\u200bjotka ovat kohdanneet rasismia, ja n\u00e4m\u00e4 koosteet l\u00f6ytyv\u00e4t alhaalta.<\/p>\n\n\n\n<p>Rasisminvastaisuuden merkeiss\u00e4 on hyv\u00e4 reflektoida omia toimintatapoja ja ajatusmalleja. Suomen Punainen Risti on julkaissut Tunnista &amp; toimi -navigaattorin, joka antaa tietoa sek\u00e4 konkreettisia toimintaohjeita rasismiin puuttumisesta. <br>Navigaattoriin p\u00e4\u00e4set <a href=\"https:\/\/u3lg2s6fpk7.typeform.com\/to\/ykFEjB2d?typeform-source=www.punainenristi.fi\">t\u00e4st\u00e4<\/a>.<\/p>\n\n\n\n<p class=\"has-text-align-left\">Lis\u00e4\u00e4 tietoa Rasisminvastaisesta viikosta l\u00f6ytyy <a href=\"https:\/\/www.punainenristi.fi\/rasisminvastainen-viikko\/\">SPR:n sivuilta<\/a>.<\/p>\n\n\n<div class=\"wp-block-image\">\n<figure class=\"aligncenter size-large is-resized\"><img decoding=\"async\" width=\"1012\" height=\"1024\" data-src=\"https:\/\/tyyala.utu.fi\/turun-yk-yhdistys\/wp-content\/uploads\/sites\/23\/2024\/03\/RVV_kuva_kokonaisuus-1012x1024.png\" alt=\"\" class=\"wp-image-4683 lazyload\" style=\"--smush-placeholder-width: 1012px; --smush-placeholder-aspect-ratio: 1012\/1024;width:507px;height:auto\" data-srcset=\"https:\/\/tyyala.utu.fi\/turun-yk-yhdistys\/wp-content\/uploads\/sites\/23\/2024\/03\/RVV_kuva_kokonaisuus-1012x1024.png 1012w, https:\/\/tyyala.utu.fi\/turun-yk-yhdistys\/wp-content\/uploads\/sites\/23\/2024\/03\/RVV_kuva_kokonaisuus-297x300.png 297w, https:\/\/tyyala.utu.fi\/turun-yk-yhdistys\/wp-content\/uploads\/sites\/23\/2024\/03\/RVV_kuva_kokonaisuus-768x777.png 768w, https:\/\/tyyala.utu.fi\/turun-yk-yhdistys\/wp-content\/uploads\/sites\/23\/2024\/03\/RVV_kuva_kokonaisuus-1519x1536.png 1519w, https:\/\/tyyala.utu.fi\/turun-yk-yhdistys\/wp-content\/uploads\/sites\/23\/2024\/03\/RVV_kuva_kokonaisuus-2025x2048.png 2025w\" data-sizes=\"(max-width: 1012px) 100vw, 1012px\" src=\"data:image\/svg+xml;base64,PHN2ZyB3aWR0aD0iMSIgaGVpZ2h0PSIxIiB4bWxucz0iaHR0cDovL3d3dy53My5vcmcvMjAwMC9zdmciPjwvc3ZnPg==\" \/><\/figure><\/div>\n\n\n<h2 class=\"wp-block-heading has-text-align-left\">Kokemuksia rasismista<\/h2>\n\n\n\n<p><strong>Lapsesta asti Suomessa asunut ukrainalaistaustainen maahanmuuttaja<\/strong><\/p>\n\n\n\n<p>Kohtaamani rasismi on l\u00e4hes aina ollut rakenteellista, vaikeasti huomattavaa ja todistettavaa. Se on l\u00e4hinn\u00e4 n\u00e4kynyt ty\u00f6nhaussa, ihmisten asenteissa, ilmeiss\u00e4 ja mahdollisuuksien puuttumisena.<br>Nuorempana en saanut kes\u00e4t\u00f6it\u00e4, vaikka muut ik\u00e4iseni, saman koulutuksen ja kokemuksen omaavat saivat. Tulkitsin sen lopulta johtuvan ven\u00e4l\u00e4isper\u00e4isest\u00e4 nimest\u00e4ni. En olisi my\u00f6sk\u00e4\u00e4n uskaltanut naisena suorittaa varusmiespalvelusta ellen olisi vaihtanut sukunime\u00e4ni suomalaiseen.<br>Jotkut l\u00e4hipiiriss\u00e4ni ovat kokeneet minut suomalaisuudesta ja Suomesta irralliseksi, mink\u00e4 nojalla he selitt\u00e4v\u00e4t minulle v\u00e4h\u00e4n v\u00e4li\u00e4 miten Suomessa menetell\u00e4\u00e4n tai millaisia toimintatapoja Suomessa on. Joitakin kokemuksia rasismista on vaikeaa selitt\u00e4\u00e4, eiv\u00e4tk\u00e4 ne v\u00e4ltt\u00e4m\u00e4tt\u00e4 tunnu todenper\u00e4isilt\u00e4. Tunne siit\u00e4, ett\u00e4 minua kohdellaan eri tavalla kuin muita kuitenkin kalvaa.<br>Vaikka en itse koe itse\u00e4ni ulkomaalaiseksi, Suomessa syntyneet ihmiset osoittavat minulle kerta toisensa j\u00e4lkeen, etten ole heid\u00e4n vertaisensa. Koko el\u00e4m\u00e4ni olen todistellut kuuluvuuttani t\u00e4h\u00e4n maahan, mutta mik\u00e4\u00e4n ei ole riitt\u00e4nyt. Saan edelleen 17 vuoden j\u00e4lkeen kuulla kuinka hyvin puhun suomea, vaikka suomen kieli on syrj\u00e4ytt\u00e4nyt ven\u00e4j\u00e4n kielen, alkuper\u00e4isen \u00e4idinkieleni, tunnekielen\u00e4ni ja ajatteluni kielen\u00e4.\u00a0<\/p>\n\n\n\n<p><strong>Suomen ja Kiinan kaksoiskansalainen, opiskelija<\/strong><\/p>\n\n\n\n<p>Olin itsen\u00e4isyysp\u00e4iv\u00e4n\u00e4 ihailemassa Turun kaupungin j\u00e4rjest\u00e4mi\u00e4 valotaideteoksia. Niit\u00e4 saivat menn\u00e4 katsomaan kaikki milloin huvitti. K\u00e4velin kadulla ja ihailin maisemia. Yht\u00e4kki\u00e4 kuulin nuoren naisen sanovan &#8221;v*tun kiinalainen&#8221; ja per\u00e4\u00e4n lis\u00e4\u00e4 kuiskintaa.<br>Ensimm\u00e4isen\u00e4 iski paniikki ja sitten suru. N\u00e4ink\u00f6 suomalaiset ottavat vastaan muita itsen\u00e4isyysp\u00e4iv\u00e4n\u00e4? Muut ihmiset eiv\u00e4t puuttuneet asiaan, ja saattoivat jopa ny\u00f6kytell\u00e4 mukana.<br>Rakenteellista rasismia olen kokenut asiakaspalvelussa sek\u00e4 koulussa. Rasismi voimistui etenkin koronan aikana. Esimerkiksi asiakaspalvelussa tulee v\u00e4lill\u00e4 kohtaamisia, joissa minua katsotaan alasp\u00e4in huonompana ihmisen\u00e4.\u00a0<br>Pienen\u00e4 muut lapset pilailivat paljon ulkon\u00e4\u00f6st\u00e4ni vet\u00e4m\u00e4ll\u00e4 silmi\u00e4 rasistisella tavalla tai imitoimalla kiinan kielt\u00e4 rasistisesti.<\/p>\n\n\n\n<p><strong>Etel\u00e4-afrikkalaistaustainen adoptiolapsi, asunut Suomessa 16 vuotta<\/strong><\/p>\n\n\n\n<p>Minua kohtaan on k\u00e4ytt\u00e4ydytty rasistisesti jo p\u00e4iv\u00e4kodissa. Siit\u00e4 l\u00e4htien olen kokenut rasismia koulussa, somessa sek\u00e4 ajoittain julkisilla paikoilla.<br>P\u00e4iv\u00e4kodissa minua syrjittiin ihonv\u00e4rini takia. Minulle sanottiin usein ett\u00e4 \u201doot kakan v\u00e4rinen\u201d tai vastaavaa. Minua ei aina otettu leikkeihin mukaan, sill\u00e4 olin musta. Koulussa syrjiminen oli samanlaista. P\u00e4iv\u00e4kodissa ja peruskoulun aikana rasismiin ei puututtu, ja muutimme t\u00e4m\u00e4n takia pois.\u00a0<br>Toisella asteella koin rasismia fyysisess\u00e4 sek\u00e4 verbaalisessa muodossa. Minua haukuttiin ja syrjittiin sek\u00e4 ajoittain ly\u00f6tiin ja heiteltiin tavaroilla. Silloin rasismiin kuitenkin puututtiin ja siit\u00e4 tehtiin rikosilmoitus.\u00a0<br>Rasismi on aina ollut minulle herkk\u00e4 aihe ja her\u00e4tt\u00e4nyt minussa paljon tunteita. Joskus jopa toivoisin olevani valkoinen. Rasismi on heikent\u00e4nyt mielenterveytt\u00e4ni huomattavasti ja n\u00e4en yh\u00e4 painajaisia kiusaajistani.<\/p>\n\n\n\n<p><strong>Koko ik\u00e4ns\u00e4 Suomessa asunut nainen maahanmuuttajaperheest\u00e4\u00a0<\/strong><\/p>\n\n\n\n<p>Suoraa rasismia olen kohdannut kaupoissa, julkisissa tiloissa ja ty\u00f6paikalla. Yleens\u00e4 tilanteisiin ei puututa, ellei paikalla ole joku muu ei-suomalainen, joka pit\u00e4isi puoltani ja puuttuisi asiaan.<br>Ty\u00f6paikalla tai koulussa minun pit\u00e4\u00e4 useasti todistaa p\u00e4tevyyteni tavalla tai toisin. Joudun esimerkiksi pukeutumaan ammattimaisesti, kun toisaalta valkoiset kollegani voivat tulla paikalle vaikka l\u00f6k\u00e4reiss\u00e4. Itse olen aina laittautunut ja varmistan, ett\u00e4 hiukseni n\u00e4ytt\u00e4v\u00e4t hyv\u00e4lt\u00e4, etten saisi kommentteja niist\u00e4. Toisaalta ihmiset haluavat koskea hiuksiini.<br>Vaikka olen asunut koko ik\u00e4ni Suomessa ja olen hyvin koulutettu, joudun joka kerta uudessa ymp\u00e4rist\u00f6ss\u00e4 todistamaan p\u00e4tevyyteni ja \u00e4lykkyyteni. Joudun k\u00e4ytt\u00e4ytym\u00e4\u00e4n eritt\u00e4in kauniisti ja varon useasti kieleni k\u00e4ytt\u00f6\u00e4, sill\u00e4 tiedostan, ett\u00e4 vaikka olen vain yksi henkil\u00f6, edustan kaikkia rodullistettuja ihmisi\u00e4. En halua tuoda esille stereotypioita, mit\u00e4 meist\u00e4 luullaan. Se on uuvuttavaa.<\/p>\n\n\n\n<p><strong>Kaksi vuotta Suomessa asunut opiskelija<\/strong><\/p>\n\n\n\n<p>Kohtasin rasismia opiskelijatapahtumassa. Opiskelukaverini sanoi, etteiv\u00e4t ei-suomalaiset ole tervetulleita h\u00e4nen asuntoonsa, vaikka minulla ei itse asiassa ollut aikomustakaan menn\u00e4 h\u00e4nen luokseen. Se tuntui oudolta ja odottamattomalta. Lopulta muutkaan kaverini eiv\u00e4t menneet h\u00e4nen luokseen.<\/p>\n\n\n\n<p><strong>Suomessa syntynyt englanninopettaja ja sosiaalitoimen ty\u00f6ntekij\u00e4<\/strong><\/p>\n\n\n\n<p>Minua kohtaan on k\u00e4ytt\u00e4ydytty rasistisesti vaikka ja miss\u00e4. Ensimm\u00e4isen kerran muistan tapahtuneen p\u00e4iv\u00e4kodissa, kun yksi lapsista kutsui minua n-sanalla ja kyseenalaisti ihoni v\u00e4ri\u00e4. Kukaan ei puuttunut tilanteeseen, vaikka olin vain lapsi.<br>Olen kokenut rasismia naapuriltani viedess\u00e4ni roskia. Tuolloin olin jo sen verran \u00e4rsyyntynyt siihen, ett\u00e4 kohtasin rasismia niin usein, ett\u00e4 jouduin yst\u00e4v\u00e4ni kanssa rasistisen naapurin kanssa \u201chuutotappeluun&#8221;. Yst\u00e4v\u00e4ni ja min\u00e4 emme olleet tilanteessa fyysisi\u00e4, mutta naapurini alkoi ty\u00f6nt\u00e4m\u00e4\u00e4n meit\u00e4 ja sanoi, ett\u00e4 soittaisi poliisit paikalle. Lopulta totesimme yst\u00e4v\u00e4ni kanssa, ett\u00e4 tilanteessa ei ole mit\u00e4\u00e4n j\u00e4rke\u00e4 ja k\u00e4velimme vain pois.<br>Olen kokenut rasismia my\u00f6s ty\u00f6maailmassa Suomessa. Muutin Helsinkiin, koska huomasin ett\u00e4 siell\u00e4 oli v\u00e4hemm\u00e4n diskriminaatiota ty\u00f6maailmassa. Ty\u00f6nhaussa ket\u00e4\u00e4n ei kiinnostanut, ett\u00e4 minulta l\u00f6ytyy Suomen kansalaisuus ja olen syntynyt Suomessa. Pelkk\u00e4 ulkomaalainen ulkon\u00e4k\u00f6 ja nimi olivat tarpeeksi siihen, ett\u00e4 minua ei kutsuttu edes haastatteluun, vaikka minulla oli jopa suosittelijoita. Samalle ty\u00f6paikalle suomalaiset yst\u00e4v\u00e4ni p\u00e4\u00e4siv\u00e4t haastatteluun saakka ja jopa t\u00f6ihinkin.<br>Rakenteellista rasismia olen kohdannut monessa paikassa, mutta varsinkin sairaalassa. Asuin alunperin pienemm\u00e4ss\u00e4 kaupungissa. Sairaaloissa oletettiin, ett\u00e4 olen vain l\u00e4\u00e4kkeiden per\u00e4ss\u00e4. \u00c4itini on joutunut moneen otteeseen tulemaan mukaani sairaalaan ja yritt\u00e4m\u00e4\u00e4n saada asioita kulkemaan, sill\u00e4 h\u00e4n oli yli 10 vuotta kyseisess\u00e4 sairaalassa t\u00f6iss\u00e4 sairaanhoitajana. T\u00e4m\u00e4n j\u00e4lkeen yht\u00e4kki\u00e4 asiat alkoivat sujumaan ja selvisi, ett\u00e4 minulla oli useampia vakavia terveydellisi\u00e4 ongelmia, jotka ovat monien vuosien j\u00e4lkeen viel\u00e4kin l\u00e4sn\u00e4 jokap\u00e4iv\u00e4isess\u00e4 el\u00e4m\u00e4ss\u00e4ni. Ongelmani ehtiv\u00e4t jopa pahentua, sill\u00e4 sairaala ei suostunut tutkimaan minua tarpeeksi nopeasti.<\/p>\n\n\n\n<p><strong>Puoliksi romanialais\u2013kreikkalainen nainen, asunut Suomessa koko ik\u00e4ns\u00e4<\/strong><\/p>\n\n\n\n<p>Etel\u00e4-eurooppalaisen taustani takia minua on usein luultu romaniksi, joten heihin kohdistettua rasismia on kohdistettu my\u00f6s minuun. Olen kohdannut huutelua ja v\u00e4\u00e4rinymm\u00e4rryksi\u00e4, koska monelle romanialaisen ja romanin ero on ep\u00e4selv\u00e4.<br>\u00c4iti ja romanialais\u2013kreikkalainen is\u00e4ni antoivat minulle mahdollisimman suomalaiselta kuulostavan nimen ja sain \u00e4itini sukunimen, koska vanhempani pelk\u00e4siv\u00e4t minun kohtaavan rakenteellista rasismia esimerkiksi ty\u00f6paikoilla. Kun laitan ty\u00f6nhaussa kuvallisen ansioluettelon, yhteydenottoja ty\u00f6paikoista tulee v\u00e4hemm\u00e4n.<\/p>\n\n\n\n<p><strong>Nuori suomenruotsalainen mies, opiskelija<\/strong><\/p>\n\n\n\n<p>Olen kohdannut hurrittelua ohikulkijoilta, kun puhun ruotsia julkisesti. Minuun kohdistuu negatiivisia stereotypiota taustaani tuntematta. Suomenruotsalaisia kohtaan on kielellist\u00e4 diskriminaatiota julkisissa palveluissa, en koe rakenteellista rasismia kuitenkaan suurena ongelmana omalle viiteryhm\u00e4lleni.<br>Er\u00e4\u00e4n kerran j\u00e4rjestimme rastikierrosta er\u00e4\u00e4ss\u00e4 puistossa porukassa, jossa kaikki olivat ruotsinkielisi\u00e4. Humalainen seurue istui l\u00e4hiet\u00e4isyydelle ja alkoi huutelemaan slurreja ja kehoittamaan meit\u00e4 muuttamaan \u201csinne mist\u00e4 ollaan tultukin&#8221;. Seurueen parhaiten suomea puhuvana l\u00e4hestyin seuruetta ja pyysin heit\u00e4 yst\u00e4v\u00e4llisesti poistumaan. H\u00e4irint\u00e4 loppui, kun osasinkin suomea l\u00e4hes \u00e4idinkielen tasoisesti.<\/p>\n\n\n\n<p><strong>Pakistanilainen maahanmuuttaja, opiskelija ja osa-aikainen ty\u00f6ntekij\u00e4<\/strong><\/p>\n\n\n\n<p>Olen kohdannut rakenteellista rasismia kaupassa, jonne menin odottamaan junan l\u00e4ht\u00f6\u00e4. Ulkona oli 20 astetta pakkasta ja junani l\u00e4ht\u00f6\u00f6n oli 40 minuuttia, joten menin tekem\u00e4\u00e4n ostoksia. Nuori naisvartija tuli luokseni ja kysyi mit\u00e4 tein kaupassa. Olin h\u00e4mmentynyt, koska kyseess\u00e4 oli kauppa ja olin tekem\u00e4ss\u00e4 ostoksia. Kysyin h\u00e4nelt\u00e4 mik\u00e4 on ongelmana jolloin h\u00e4n sanoi, ett\u00e4 olen k\u00e4vellyt kaupassa ymp\u00e4riins\u00e4 kymmenen minuutin ajan ja n\u00e4in ollen minun pit\u00e4isi l\u00e4hte\u00e4. Ihmettelin t\u00e4t\u00e4 ja kerroin vartijalle tilanteeni. H\u00e4n sanoi ymm\u00e4rt\u00e4v\u00e4ns\u00e4 mutta sanoi, ett\u00e4 en voi olla kaupan sis\u00e4ll\u00e4 vaan minun pit\u00e4\u00e4 poistua.\u00a0<br>Siirryin kaupan aulaan odottamaan ja vartija tuli kysym\u00e4\u00e4n minulta kahden minuutin v\u00e4lein kuinka kauan pidemp\u00e4\u00e4n ajattelin olla paikalla. Aulassa oli muitakin ihmisi\u00e4 seisoskelemassa, mutta heit\u00e4 vartija ei pyyt\u00e4nyt l\u00e4htem\u00e4\u00e4n.<\/p>\n","protected":false},"excerpt":{"rendered":"<p>Turun YK-yhdistys on osana Rasisminvastaista viikkoa, jota vietet\u00e4\u00e4n 18.-24.3.2024. Ohjelmaa on pitkin viikkoa ja TYKy on tekem\u00e4ss\u00e4 muun muassa 18.3. Silm\u00e4t auki -kampanjaa Index ry:n kanssa sek\u00e4 23.3. Don&#8217;t Stay Silent! -taidekonttia Index ry:n, HangFlown ja Turun Tytt\u00f6jen Talon kanssa.Koko viikon ohjelma l\u00f6ytyy t\u00e4\u00e4lt\u00e4. Osa Silm\u00e4t auki -kampanjaa on parantaa omaa ymm\u00e4rryst\u00e4 rasismin vaikutuksesta ihmisten [&hellip;]<\/p>\n","protected":false},"author":3468,"featured_media":0,"parent":0,"menu_order":0,"comment_status":"closed","ping_status":"closed","template":"","meta":{"_kad_blocks_custom_css":"","_kad_blocks_head_custom_js":"","_kad_blocks_body_custom_js":"","_kad_blocks_footer_custom_js":"","_mc_calendar":[],"footnotes":""},"class_list":["post-4680","page","type-page","status-publish","czr-hentry"],"taxonomy_info":[],"featured_image_src_large":false,"author_info":{"display_name":"nettesaikkonen","author_link":"https:\/\/tyyala.utu.fi\/turun-yk-yhdistys\/author\/nettesaikkonen\/"},"comment_info":0,"_links":{"self":[{"href":"https:\/\/tyyala.utu.fi\/turun-yk-yhdistys\/wp-json\/wp\/v2\/pages\/4680","targetHints":{"allow":["GET"]}}],"collection":[{"href":"https:\/\/tyyala.utu.fi\/turun-yk-yhdistys\/wp-json\/wp\/v2\/pages"}],"about":[{"href":"https:\/\/tyyala.utu.fi\/turun-yk-yhdistys\/wp-json\/wp\/v2\/types\/page"}],"author":[{"embeddable":true,"href":"https:\/\/tyyala.utu.fi\/turun-yk-yhdistys\/wp-json\/wp\/v2\/users\/3468"}],"replies":[{"embeddable":true,"href":"https:\/\/tyyala.utu.fi\/turun-yk-yhdistys\/wp-json\/wp\/v2\/comments?post=4680"}],"version-history":[{"count":13,"href":"https:\/\/tyyala.utu.fi\/turun-yk-yhdistys\/wp-json\/wp\/v2\/pages\/4680\/revisions"}],"predecessor-version":[{"id":4707,"href":"https:\/\/tyyala.utu.fi\/turun-yk-yhdistys\/wp-json\/wp\/v2\/pages\/4680\/revisions\/4707"}],"wp:attachment":[{"href":"https:\/\/tyyala.utu.fi\/turun-yk-yhdistys\/wp-json\/wp\/v2\/media?parent=4680"}],"curies":[{"name":"wp","href":"https:\/\/api.w.org\/{rel}","templated":true}]}}