{"id":4155,"date":"2021-02-22T10:04:57","date_gmt":"2021-02-22T08:04:57","guid":{"rendered":"https:\/\/tyyala.utu.fi\/turun-yk-yhdistys\/?page_id=4155"},"modified":"2025-10-30T00:39:28","modified_gmt":"2025-10-29T22:39:28","slug":"turvallisemman-tilan-periaatteet","status":"publish","type":"page","link":"https:\/\/tyyala.utu.fi\/turun-yk-yhdistys\/toiminta\/turvallisemman-tilan-periaatteet\/","title":{"rendered":"Turvallisemman tilan periaatteet"},"content":{"rendered":"\n<p>Me Turun YK-yhdistyksess\u00e4 haluamme taata tapahtumissamme ja toiminnassamme turvallisen, h\u00e4irinn\u00e4st\u00e4 ja syrjinn\u00e4st\u00e4 vapaan tilan kaikille osallistujille.  Kannustamme kunnioittavaan ja normikriittiseen keskusteluilmapiiriin, jossa my\u00f6s mahdollisia ep\u00e4kohtia voidaan nostaa esille. Rakentavassa keskustelussa my\u00f6s erehtyminen on sallittua. Siis kuuntele, kannusta, kysy &#8211; ja rentoudu! <\/p>\n\n\n\n<p>Olemme sitoutuneet Suomen YK-nuorten j\u00e4senj\u00e4rjest\u00f6n\u00e4 Suomen YK-nuorten turvallisemman tilan periaatteisiin. Periaatteet pohjautuvat alun perin useisiin l\u00e4hteisiin, muun muassa Ruskeat tyt\u00f6t ry:n periaatteisiin. Tutustu periaatteisiin: <\/p>\n\n\n\n<ul class=\"wp-block-list\">\n<li><strong>\u00c4l\u00e4 oleta. <\/strong>On luonnollista tehd\u00e4 oletuksia toisista ihmisist\u00e4, mutta pyrimme tiedostamaan omat ennakko-oletuksemme ja olemme avoimia uusille aiheille ja ihmisille. Emme m\u00e4\u00e4rittele kokemuksia kenenk\u00e4\u00e4n puolesta emmek\u00e4 yleist\u00e4 omia kokemuksiamme muita koskeviksi. Emme tee oletuksia kenenk\u00e4\u00e4n seksuaalisuudesta, sukupuolesta, kansallisuudesta, uskonnosta, arvoista, sosioekonomisesta taustasta, terveydest\u00e4, ulkon\u00e4\u00f6st\u00e4 tai toimintakyvyst\u00e4, vaan kunnioitamme jokaisen itsem\u00e4\u00e4rittelyoikeutta.<\/li>\n<\/ul>\n\n\n\n<ul class=\"wp-block-list\">\n<li><strong>\u00c4l\u00e4 halvenna. <\/strong>Emme halvenna tai nolaa toisten ulkoista olemusta. Kohtelemme muita, kuten haluaisimme itse\u00e4mme kohdeltavan.<\/li>\n<\/ul>\n\n\n\n<ul class=\"wp-block-list\">\n<li><strong>\u00c4l\u00e4 toisinna. <\/strong>Emme toisinna puheessamme, teoissamme tai k\u00e4yt\u00f6ksess\u00e4mme rasistisia, seksistisi\u00e4, homofobisia, transfobisia tai ableistisia stereotypioita. Pyrimme k\u00e4ytt\u00e4m\u00e4\u00e4n kielt\u00e4, joka ei sulje ket\u00e4\u00e4n ulkopuolelle.<\/li>\n<\/ul>\n\n\n\n<ul class=\"wp-block-list\">\n<li><strong>Puutu. <\/strong>Mik\u00e4li todistamme ep\u00e4miellytt\u00e4v\u00e4\u00e4 tai loukkaavaa k\u00e4yt\u00f6st\u00e4, emme j\u00e4\u00e4 sivustakatsojiksi, vaan puutumme tilanteeseen.<\/li>\n<\/ul>\n\n\n\n<ul class=\"wp-block-list\">\n<li><strong>Kunnioita. <\/strong>Kunnioitamme toisen henkil\u00f6kohtaista fyysist\u00e4, psyykkist\u00e4 ja emotionaalista tilaa. Muistamme, ettemme voi tiet\u00e4\u00e4 toisen rajoja kysym\u00e4tt\u00e4 niit\u00e4, emmek\u00e4 koske toista kysym\u00e4tt\u00e4 lupaa. Pyyd\u00e4mme tarvittaessa tilaa my\u00f6s itsellemme.&nbsp;<\/li>\n<\/ul>\n\n\n\n<ul class=\"wp-block-list\">\n<li><strong>Anna tilaa.<\/strong> Huolehdimme siit\u00e4, ett\u00e4 kaikilla on tilaa osallistua keskusteluun ja k\u00e4sittelemme arkoja aiheita kunnioittavasti.<\/li>\n<\/ul>\n\n\n\n<ul class=\"wp-block-list\">\n<li><strong>Anna ja ota vastaan palautetta. <\/strong>Asiattomasta kohtelusta saa antaa asiallista ja rakentavaa palautetta. Jos joku antaa sinulle palautetta toiminnastasi, kuuntele palautteen antajaa. Suhtaudumme saamaamme palautteeseen avoimesti ja huomioimme palautteen jatkossa omassa toiminnassamme.<\/li>\n<\/ul>\n\n\n\n<p style=\"font-size:14px\">Ohessa olevan lomakkeen kautta voit ilmoittaa anonyymisti tai nimell\u00e4, jos olet kokenut TYKy:n toiminnassa tai tapahtumien aikana h\u00e4irint\u00e4\u00e4, ep\u00e4tasa-arvoista kohtelua, rasismia tai muuta ep\u00e4asiallista k\u00e4ytt\u00e4ytymist\u00e4, tai jos olet todistanut edell\u00e4 mainittua toimintaa. Kaikki ilmoitukset k\u00e4sitell\u00e4\u00e4n luottamuksellisesti. Lomaketta seuraavat puheenjohtajisto, h\u00e4irint\u00e4yhdyshenkil\u00f6mme ja yhdenvertaisuusvastaava.<\/p>\n\n\n\n<p><a href=\"https:\/\/forms.gle\/9sAzwiZZAusqfuav8\">https:\/\/forms.gle\/9sAzwiZZAusqfuav8<\/a><\/p>\n\n\n\n<p><\/p>\n","protected":false},"excerpt":{"rendered":"<p>Me Turun YK-yhdistyksess\u00e4 haluamme taata tapahtumissamme ja toiminnassamme turvallisen, h\u00e4irinn\u00e4st\u00e4 ja syrjinn\u00e4st\u00e4 vapaan tilan kaikille osallistujille. Kannustamme kunnioittavaan ja normikriittiseen keskusteluilmapiiriin, jossa my\u00f6s mahdollisia ep\u00e4kohtia voidaan nostaa esille. Rakentavassa keskustelussa my\u00f6s erehtyminen on sallittua. Siis kuuntele, kannusta, kysy &#8211; ja rentoudu! Olemme sitoutuneet Suomen YK-nuorten j\u00e4senj\u00e4rjest\u00f6n\u00e4 Suomen YK-nuorten turvallisemman tilan periaatteisiin. Periaatteet pohjautuvat alun perin [&hellip;]<\/p>\n","protected":false},"author":2544,"featured_media":3380,"parent":172,"menu_order":5,"comment_status":"closed","ping_status":"closed","template":"","meta":{"_kad_blocks_custom_css":"","_kad_blocks_head_custom_js":"","_kad_blocks_body_custom_js":"","_kad_blocks_footer_custom_js":"","_mc_calendar":[],"footnotes":""},"class_list":["post-4155","page","type-page","status-publish","has-post-thumbnail","czr-hentry"],"taxonomy_info":[],"featured_image_src_large":["https:\/\/tyyala.utu.fi\/turun-yk-yhdistys\/wp-content\/uploads\/sites\/23\/2018\/12\/DSCN4434-767x1024.png",767,1024,true],"author_info":{"display_name":"kiraheikela","author_link":"https:\/\/tyyala.utu.fi\/turun-yk-yhdistys\/author\/kiraheikela\/"},"comment_info":0,"_links":{"self":[{"href":"https:\/\/tyyala.utu.fi\/turun-yk-yhdistys\/wp-json\/wp\/v2\/pages\/4155","targetHints":{"allow":["GET"]}}],"collection":[{"href":"https:\/\/tyyala.utu.fi\/turun-yk-yhdistys\/wp-json\/wp\/v2\/pages"}],"about":[{"href":"https:\/\/tyyala.utu.fi\/turun-yk-yhdistys\/wp-json\/wp\/v2\/types\/page"}],"author":[{"embeddable":true,"href":"https:\/\/tyyala.utu.fi\/turun-yk-yhdistys\/wp-json\/wp\/v2\/users\/2544"}],"replies":[{"embeddable":true,"href":"https:\/\/tyyala.utu.fi\/turun-yk-yhdistys\/wp-json\/wp\/v2\/comments?post=4155"}],"version-history":[{"count":8,"href":"https:\/\/tyyala.utu.fi\/turun-yk-yhdistys\/wp-json\/wp\/v2\/pages\/4155\/revisions"}],"predecessor-version":[{"id":4887,"href":"https:\/\/tyyala.utu.fi\/turun-yk-yhdistys\/wp-json\/wp\/v2\/pages\/4155\/revisions\/4887"}],"up":[{"embeddable":true,"href":"https:\/\/tyyala.utu.fi\/turun-yk-yhdistys\/wp-json\/wp\/v2\/pages\/172"}],"wp:featuredmedia":[{"embeddable":true,"href":"https:\/\/tyyala.utu.fi\/turun-yk-yhdistys\/wp-json\/wp\/v2\/media\/3380"}],"wp:attachment":[{"href":"https:\/\/tyyala.utu.fi\/turun-yk-yhdistys\/wp-json\/wp\/v2\/media?parent=4155"}],"curies":[{"name":"wp","href":"https:\/\/api.w.org\/{rel}","templated":true}]}}