{"id":3978,"date":"2020-09-22T14:52:28","date_gmt":"2020-09-22T14:52:28","guid":{"rendered":"https:\/\/tyyala.utu.fi\/turun-yk-yhdistys\/?page_id=3978"},"modified":"2020-11-09T14:03:45","modified_gmt":"2020-11-09T14:03:45","slug":"saavutettavuusseloste","status":"publish","type":"page","link":"https:\/\/tyyala.utu.fi\/turun-yk-yhdistys\/saavutettavuusseloste\/","title":{"rendered":"Saavutettavuusseloste"},"content":{"rendered":"\n<p>Turun YK-yhdistyksen saavutettavuusseloste<\/p>\n\n\n\n<p>T\u00e4t\u00e4 saavutettavuusselostetta sovelletaan Turun YK-yhdistys &#8211; \u00c5bo FN-F\u00f6rening &#8211; Turku UN Association:in, j\u00e4ljemp\u00e4n\u00e4 Turun YK-yhdistys, verkkosivujen www.tyyala.utu.fi\/turun-yk-yhdistys\/ ja muiden yhdistyksen digitaalisten sovellusten (Instagram, Facebook, Twitter) k\u00e4ytt\u00f6\u00f6n.&nbsp;<\/p>\n\n\n\n<p>T\u00e4m\u00e4 seloste on laadittu 22.9.2020.<\/p>\n\n\n\n<p>Turun YK-yhdistys on arvioinut itse digipalvelun saavutettavuuden.<\/p>\n\n\n\n<p>Digipalvelu t\u00e4ytt\u00e4\u00e4 osittain kriittiset A &amp; AA-vaatimukset.<\/p>\n\n\n\n<p>Turun YK-yhdistyksen verkkosivusto ei ole viel\u00e4 kaikilta osin vaatimusten mukainen ja yhdistys on vedonnut kohtuuttomaan rasitteeseen. Yhdistys tulee muokkaamaan verkkosivuja laajasti saavutettavuusvaatimuksien t\u00e4ytt\u00e4miseksi.&nbsp;<\/p>\n\n\n\n<p>Turun YK-yhdistys p\u00e4ivitt\u00e4\u00e4 t\u00e4m\u00e4n saavutettavuusselosteen saatuaan verkkosivujen muokkaukset valmiiksi. Muokkaukset pyrit\u00e4\u00e4n saamaan valmiiksi vuoden 2020 aikana. Saavutettavuusselosteeseen tullaan erittelem\u00e4\u00e4n ne osat, mitk\u00e4 eiv\u00e4t vastaa saavutettavuusvaatimuksia.&nbsp;<\/p>\n\n\n\n<p>Saavutettavuuteen liittyv\u00e4\u00e4 palautetta voi antaa osoitteeseen <a href=\"mailto:yk-hallitus@lists.utu.fi\">yk-hallitus@utu.fi<\/a>, jolloin viestin saavat koko yhdistyksen hallitus, mukaan lukien Turun YK-yhdistyksen saavutettavuus- ja viestint\u00e4vastaavat. <\/p>\n\n\n\n<p>Jos huomaat sivustolla saavutettavuusongelmia, anna ensin palautetta sivuston yll\u00e4pit\u00e4j\u00e4lle. Vastauksessa voi menn\u00e4 14 p\u00e4iv\u00e4\u00e4. Jos et ole tyytyv\u00e4inen saamaasi vastaukseen tai et saa vastausta lainkaan kahden viikon aikana, voit ilmoittaa asiasta valvontaviranomaiselle.<\/p>\n\n\n\n<p>Valvontaviranomaisen yhteystiedot:<\/p>\n\n\n\n<p>Etel\u00e4-Suomen aluehallintovirasto<\/p>\n\n\n\n<p>Saavutettavuuden valvonnan yksikk\u00f6<\/p>\n\n\n\n<p>www.saavutettavuusvaatimukset.fi<\/p>\n\n\n\n<p>saavutettavuus (at) avi.fi<\/p>\n\n\n\n<p>puhelinnumero (vaihde) 0295 016 000<\/p>\n","protected":false},"excerpt":{"rendered":"<p>Turun YK-yhdistyksen saavutettavuusseloste T\u00e4t\u00e4 saavutettavuusselostetta sovelletaan Turun YK-yhdistys &#8211; \u00c5bo FN-F\u00f6rening &#8211; Turku UN Association:in, j\u00e4ljemp\u00e4n\u00e4 Turun YK-yhdistys, verkkosivujen www.tyyala.utu.fi\/turun-yk-yhdistys\/ ja muiden yhdistyksen digitaalisten sovellusten (Instagram, Facebook, Twitter) k\u00e4ytt\u00f6\u00f6n.&nbsp; T\u00e4m\u00e4 seloste on laadittu 22.9.2020. Turun YK-yhdistys on arvioinut itse digipalvelun saavutettavuuden. Digipalvelu t\u00e4ytt\u00e4\u00e4 osittain kriittiset A &amp; AA-vaatimukset. Turun YK-yhdistyksen verkkosivusto ei ole viel\u00e4 kaikilta [&hellip;]<\/p>\n","protected":false},"author":2544,"featured_media":0,"parent":0,"menu_order":4,"comment_status":"closed","ping_status":"closed","template":"","meta":{"_kad_blocks_custom_css":"","_kad_blocks_head_custom_js":"","_kad_blocks_body_custom_js":"","_kad_blocks_footer_custom_js":"","_mc_calendar":[],"footnotes":""},"class_list":["post-3978","page","type-page","status-publish","czr-hentry"],"taxonomy_info":[],"featured_image_src_large":false,"author_info":{"display_name":"kiraheikela","author_link":"https:\/\/tyyala.utu.fi\/turun-yk-yhdistys\/author\/kiraheikela\/"},"comment_info":0,"_links":{"self":[{"href":"https:\/\/tyyala.utu.fi\/turun-yk-yhdistys\/wp-json\/wp\/v2\/pages\/3978","targetHints":{"allow":["GET"]}}],"collection":[{"href":"https:\/\/tyyala.utu.fi\/turun-yk-yhdistys\/wp-json\/wp\/v2\/pages"}],"about":[{"href":"https:\/\/tyyala.utu.fi\/turun-yk-yhdistys\/wp-json\/wp\/v2\/types\/page"}],"author":[{"embeddable":true,"href":"https:\/\/tyyala.utu.fi\/turun-yk-yhdistys\/wp-json\/wp\/v2\/users\/2544"}],"replies":[{"embeddable":true,"href":"https:\/\/tyyala.utu.fi\/turun-yk-yhdistys\/wp-json\/wp\/v2\/comments?post=3978"}],"version-history":[{"count":2,"href":"https:\/\/tyyala.utu.fi\/turun-yk-yhdistys\/wp-json\/wp\/v2\/pages\/3978\/revisions"}],"predecessor-version":[{"id":4041,"href":"https:\/\/tyyala.utu.fi\/turun-yk-yhdistys\/wp-json\/wp\/v2\/pages\/3978\/revisions\/4041"}],"wp:attachment":[{"href":"https:\/\/tyyala.utu.fi\/turun-yk-yhdistys\/wp-json\/wp\/v2\/media?parent=3978"}],"curies":[{"name":"wp","href":"https:\/\/api.w.org\/{rel}","templated":true}]}}