{"id":37,"date":"2016-08-24T11:43:21","date_gmt":"2016-08-24T11:43:21","guid":{"rendered":"http:\/\/tyyala.utu.fi\/turun-yk-yhdistys\/?page_id=37"},"modified":"2022-01-10T14:20:15","modified_gmt":"2022-01-10T12:20:15","slug":"halisten-laksykerho","status":"publish","type":"page","link":"https:\/\/tyyala.utu.fi\/turun-yk-yhdistys\/halisten-laksykerho\/","title":{"rendered":"Halisten l\u00e4ksykerho"},"content":{"rendered":"<h4>HALUATKO TEHD\u00c4 HYV\u00c4\u00c4? KIINNOSTAAKO VAPAAEHTOISTY\u00d6? MILT\u00c4 KUULOSTAISI TOIMIA VAPAAEHTOISENA\u00a0 OHJAAJANA HALISTEN L\u00c4KSYKERHOSSA?<\/h4>\n<p><strong>L\u00e4ksykerho avaa suomen kielen lukkoja<\/strong><\/p>\n<p>Halisten l\u00e4ksykerho on Turun YK-yhdistyksen ja Sateenkaarikoto ry:n yhdess\u00e4 j\u00e4rjest\u00e4m\u00e4\u00e4 toimintaa. Kerhon tavoitteena on auttaa Halisten alueen lapsia ja nuoria l\u00e4ksyiss\u00e4 sek\u00e4 ennen kaikkea tukea maahanmuuttajataustaisten lasten ja nuorten suomen kielen oppimista. Kotoa apua on hankala saada, sill\u00e4 monen lapsen vanhemmat eiv\u00e4t ymm\u00e4rr\u00e4 suomea hyvin. Kerhossa lapsilla ja nuorilla on kuitenkin mahdollisuus puhua suomea ja saada apua kotiteht\u00e4viss\u00e4. Kerhossa my\u00f6s pelataan, leikit\u00e4\u00e4n ja autetaan kokeisiin valmistautumisessa. Tarkoituksena on my\u00f6s vahvistaa koululaisten kielenoppimista esimerkiksi erilaisten pelien avulla. L\u00e4ksykerhon toiminta on rentoa ja vapaamuotoista.<\/p>\n<p><strong>Miss\u00e4? Milloin?<\/strong><\/p>\n<p>L\u00e4ksykerho kokoontuu kaksi kertaa viikossa: tiistaisin ja torstaisin (vahvista kellonaika l\u00e4ksykerhovastaavaltamme!, yleens\u00e4 noin klo 14-16 v\u00e4lisen\u00e4 aikana). Kerho on tarkoitettu p\u00e4\u00e4asiassa peruskoulua k\u00e4yville maahanmuuttajataustaisille lapsille ja nuorille. Kerhossa k\u00e4y p\u00e4\u00e4asiassa 1.-6.- luokkalaisia l\u00e4hialueen lapsia. Lapsia on kerralla paikalla noin 15-25. Kaikki lapset ja nuoret puhuvat suomea. Kerho on my\u00f6s yleisesti avoin kaikille alueen lapsille ja nuorille. L\u00e4ksykerho on kes\u00e4isin ja lomien aikaan tauolla.<\/p>\n<h4>OHJAAJAKSI? OTA YHTEYTT\u00c4!<\/h4>\n<p>Turun YK-yhdistys hakee vapaaehtoisia ohjaajia kerhoon. Jokaiseen vuoroon tarvitaan ainakin 2 ohjaajaa. Kerhossa p\u00e4\u00e4set tutustumaan Turun sek\u00e4 Halisen alueen maahanmuuttajiin ja uusiin kulttuureihin leppoisassa tunnelmassa, pelailun ja muun kivan merkeiss\u00e4. Samalla p\u00e4\u00e4set tekem\u00e4\u00e4n arvokasta ty\u00f6t\u00e4, sill\u00e4 apuasi l\u00e4ksyjen kanssa varmasti arvostetaan. Saat my\u00f6s arvokasta ty\u00f6kokemusta monikulttuurisuus toiminnan parissa. Voit tulla mukaan toimintaamme, vaikka sinulla ei olisikaan aiempaa kokemusta kerhotoiminnasta tai opetusty\u00f6st\u00e4: arkij\u00e4rjell\u00e4 p\u00e4rj\u00e4\u00e4 mainiosti! Suomi \u00e4idinkielen\u00e4 tai hyv\u00e4 suomen kielen taito on riitt\u00e4v\u00e4.<\/p>\n<p>L\u00e4ksykerhossa on aina paikalla my\u00f6s lasten vanhempia ja Opetuskodin toimihenkil\u00f6it\u00e4, jotka perehdytt\u00e4v\u00e4t uusia vapaaehtoisia ja neuvovat, miten kerho toimii k\u00e4yt\u00e4nn\u00f6ss\u00e4. Nyt sinulla on ainutlaatuinen mahdollisuus tehd\u00e4 vapaaehtoisty\u00f6t\u00e4 monikulttuurisuustoiminnan parissa, joten ilmoittaudu rohkeasti mukaan! Vapaaehtoisohjauksesta on my\u00f6s mahdollista saada ty\u00f6todistus.<\/p>\n<h4>Vastuuhenkil\u00f6 ja l\u00e4ksykerhovastaava Eva Bonnet, evisbonnet (at) gmail.com<\/h4>\n<h4>L\u00f6yd\u00e4t meid\u00e4t my\u00f6s Facebookista:<\/h4>\n<p><a href=\"https:\/\/www.facebook.com\/halistenlaksykerho\" target=\"_blank\" rel=\"noopener noreferrer\">Halisten l\u00e4ksykerho<\/a><\/p>\n<p><a href=\"https:\/\/www.facebook.com\/Opetuskoti-Mustikka-161639717347293\/?fref=ts\" target=\"_blank\" rel=\"noopener noreferrer\">Opetuskoti Mustikka<\/a><\/p>\n","protected":false},"excerpt":{"rendered":"<p>HALUATKO TEHD\u00c4 HYV\u00c4\u00c4? KIINNOSTAAKO VAPAAEHTOISTY\u00d6? MILT\u00c4 KUULOSTAISI TOIMIA VAPAAEHTOISENA\u00a0 OHJAAJANA HALISTEN L\u00c4KSYKERHOSSA? L\u00e4ksykerho avaa suomen kielen lukkoja Halisten l\u00e4ksykerho on Turun YK-yhdistyksen ja Sateenkaarikoto ry:n yhdess\u00e4 j\u00e4rjest\u00e4m\u00e4\u00e4 toimintaa. Kerhon tavoitteena on auttaa Halisten alueen lapsia ja nuoria l\u00e4ksyiss\u00e4 sek\u00e4 ennen kaikkea tukea maahanmuuttajataustaisten lasten ja nuorten suomen kielen oppimista. Kotoa apua on hankala saada, sill\u00e4 [&hellip;]<\/p>\n","protected":false},"author":110,"featured_media":0,"parent":0,"menu_order":0,"comment_status":"closed","ping_status":"closed","template":"","meta":{"_kad_blocks_custom_css":"","_kad_blocks_head_custom_js":"","_kad_blocks_body_custom_js":"","_kad_blocks_footer_custom_js":"","_mc_calendar":[],"footnotes":""},"class_list":["post-37","page","type-page","status-publish","czr-hentry"],"taxonomy_info":[],"featured_image_src_large":false,"author_info":{"display_name":"YK-yhdistys","author_link":"https:\/\/tyyala.utu.fi\/turun-yk-yhdistys\/author\/markarv\/"},"comment_info":0,"_links":{"self":[{"href":"https:\/\/tyyala.utu.fi\/turun-yk-yhdistys\/wp-json\/wp\/v2\/pages\/37","targetHints":{"allow":["GET"]}}],"collection":[{"href":"https:\/\/tyyala.utu.fi\/turun-yk-yhdistys\/wp-json\/wp\/v2\/pages"}],"about":[{"href":"https:\/\/tyyala.utu.fi\/turun-yk-yhdistys\/wp-json\/wp\/v2\/types\/page"}],"author":[{"embeddable":true,"href":"https:\/\/tyyala.utu.fi\/turun-yk-yhdistys\/wp-json\/wp\/v2\/users\/110"}],"replies":[{"embeddable":true,"href":"https:\/\/tyyala.utu.fi\/turun-yk-yhdistys\/wp-json\/wp\/v2\/comments?post=37"}],"version-history":[{"count":24,"href":"https:\/\/tyyala.utu.fi\/turun-yk-yhdistys\/wp-json\/wp\/v2\/pages\/37\/revisions"}],"predecessor-version":[{"id":4449,"href":"https:\/\/tyyala.utu.fi\/turun-yk-yhdistys\/wp-json\/wp\/v2\/pages\/37\/revisions\/4449"}],"wp:attachment":[{"href":"https:\/\/tyyala.utu.fi\/turun-yk-yhdistys\/wp-json\/wp\/v2\/media?parent=37"}],"curies":[{"name":"wp","href":"https:\/\/api.w.org\/{rel}","templated":true}]}}