{"id":30,"date":"2016-08-24T11:42:16","date_gmt":"2016-08-24T11:42:16","guid":{"rendered":"http:\/\/tyyala.utu.fi\/turun-yk-yhdistys\/?page_id=30"},"modified":"2023-06-08T19:24:39","modified_gmt":"2023-06-08T17:24:39","slug":"yhteystiedot","status":"publish","type":"page","link":"https:\/\/tyyala.utu.fi\/turun-yk-yhdistys\/yhteystiedot\/","title":{"rendered":"Yhteystiedot"},"content":{"rendered":"\n<p><strong>Hallituksen s\u00e4hk\u00f6posti:<\/strong>&nbsp;yk-hallitus&nbsp;<strong>(at) <\/strong>lists.utu.fi<\/p>\n\n\n\n<p><strong>Tiedotteet s\u00e4hk\u00f6postilistalle:<\/strong> yk-hallitus&nbsp;<strong>(at) <\/strong>lists.utu.fi<\/p>\n\n\n\n<p><strong>Osoite<\/strong>: Vanha Suurtori 3, 20500 Turku (Interkulttuurinen foorumi)<\/p>\n\n\n\n<p><strong>Y-tunnus:<\/strong> 1483322-2<\/p>\n","protected":false},"excerpt":{"rendered":"<p>Hallituksen s\u00e4hk\u00f6posti:&nbsp;yk-hallitus&nbsp;(at) lists.utu.fi Tiedotteet s\u00e4hk\u00f6postilistalle: yk-hallitus&nbsp;(at) lists.utu.fi Osoite: Vanha Suurtori 3, 20500 Turku (Interkulttuurinen foorumi) Y-tunnus: 1483322-2<\/p>\n","protected":false},"author":110,"featured_media":0,"parent":0,"menu_order":0,"comment_status":"closed","ping_status":"closed","template":"","meta":{"_kad_blocks_custom_css":"","_kad_blocks_head_custom_js":"","_kad_blocks_body_custom_js":"","_kad_blocks_footer_custom_js":"","_mc_calendar":[],"footnotes":""},"class_list":["post-30","page","type-page","status-publish","czr-hentry"],"taxonomy_info":[],"featured_image_src_large":false,"author_info":{"display_name":"YK-yhdistys","author_link":"https:\/\/tyyala.utu.fi\/turun-yk-yhdistys\/author\/markarv\/"},"comment_info":0,"_links":{"self":[{"href":"https:\/\/tyyala.utu.fi\/turun-yk-yhdistys\/wp-json\/wp\/v2\/pages\/30","targetHints":{"allow":["GET"]}}],"collection":[{"href":"https:\/\/tyyala.utu.fi\/turun-yk-yhdistys\/wp-json\/wp\/v2\/pages"}],"about":[{"href":"https:\/\/tyyala.utu.fi\/turun-yk-yhdistys\/wp-json\/wp\/v2\/types\/page"}],"author":[{"embeddable":true,"href":"https:\/\/tyyala.utu.fi\/turun-yk-yhdistys\/wp-json\/wp\/v2\/users\/110"}],"replies":[{"embeddable":true,"href":"https:\/\/tyyala.utu.fi\/turun-yk-yhdistys\/wp-json\/wp\/v2\/comments?post=30"}],"version-history":[{"count":56,"href":"https:\/\/tyyala.utu.fi\/turun-yk-yhdistys\/wp-json\/wp\/v2\/pages\/30\/revisions"}],"predecessor-version":[{"id":4539,"href":"https:\/\/tyyala.utu.fi\/turun-yk-yhdistys\/wp-json\/wp\/v2\/pages\/30\/revisions\/4539"}],"wp:attachment":[{"href":"https:\/\/tyyala.utu.fi\/turun-yk-yhdistys\/wp-json\/wp\/v2\/media?parent=30"}],"curies":[{"name":"wp","href":"https:\/\/api.w.org\/{rel}","templated":true}]}}