{"id":25,"date":"2016-08-24T11:41:53","date_gmt":"2016-08-24T11:41:53","guid":{"rendered":"http:\/\/tyyala.utu.fi\/turun-yk-yhdistys\/?page_id=25"},"modified":"2024-04-10T18:35:38","modified_gmt":"2024-04-10T16:35:38","slug":"saannot","status":"publish","type":"page","link":"https:\/\/tyyala.utu.fi\/turun-yk-yhdistys\/saannot\/","title":{"rendered":"S\u00e4\u00e4nn\u00f6t"},"content":{"rendered":"<p><strong>1 \u00a7 Nimi ja kotipaikka<\/strong><\/p>\n<p>Yhdistyksen nimi on Turun YK-yhdistys ry, ruotsiksi \u00c5bo FN-f\u00f6rening rf.<\/p>\n<p>Yhdistyksen kotipaikka on Turun kaupunki.<\/p>\n<p>Yhdistys on Suomen YK-nuorten sek\u00e4 Suomen YK-liiton j\u00e4sen.<\/p>\n<p><strong>2 \u00a7 Toiminnan tarkoitus<\/strong><\/p>\n<p>Yhdistyksen tarkoituksena on yhteistoiminnassa Suomen YK-nuorten ja Suomen YK-liiton sek\u00e4 paikallisten j\u00e4rjest\u00f6jen kanssa edist\u00e4\u00e4 Yhdistyneiden Kansakuntien peruskirjassa ja muissa julkaisuissa mainittujen tavoitteiden toteutumista Suomessa sek\u00e4 muualla.<\/p>\n<p>Yhdistys pyrkii vaikuttamaan yhteiskunnan kehittymiseen<br \/>\n&#8211; edist\u00e4m\u00e4ll\u00e4 kansainv\u00e4list\u00e4 ja kansallista yhteisymm\u00e4rryst\u00e4 sek\u00e4 kansojen rauhanomaista yhteistoimintaa,<br \/>\n&#8211; tekem\u00e4ll\u00e4 tunnetuksi Yhdistyneiden Kansakuntien ja sen j\u00e4rjest\u00f6jen tavoitteita ja toimintaa,<br \/>\n&#8211; tarjoamalla yhdistysl\u00e4isille mahdollisuuden vaikuttaa ja osallistua yhteiskunnalliseentoimintaan sek\u00e4<br \/>\n&#8211; her\u00e4tt\u00e4m\u00e4ll\u00e4 keskustelua yhteiskunnallisista asioista.<br \/>\n-yhdistys pyrkii edesauttamaan monikulttuurista vuorovaikutusta Turussa.<\/p>\n<p><strong>3 \u00a7 Toiminnan muodot<\/strong><\/p>\n<p>Tarkoituksiensa ja p\u00e4\u00e4m\u00e4\u00e4riens\u00e4 toteuttamiseksi yhdistys<br \/>\n&#8211; harjoittaa tiedotustoimintaa,<br \/>\n&#8211; j\u00e4rjest\u00e4\u00e4 seminaareja ja muuta koulutustoimintaa,<br \/>\n&#8211; toteuttaa projekteja kuten kehitysyhteisty\u00f6projekteja, joilla pyrit\u00e4\u00e4n v\u00e4litt\u00f6m\u00e4sti vaikuttamaan yhteiskunnallisten ep\u00e4kohtien poistamiseen sek\u00e4<br \/>\n&#8211; harjoittaa kansainv\u00e4list\u00e4 toimintaa mm. olemalla yhteisty\u00f6ss\u00e4 muiden kansainv\u00e4listenj\u00e4rjest\u00f6jen kanssa.<br \/>\n&#8211; pyrkii edesauttamaan monikulttuurista vuorovaikutusta Turussa<\/p>\n<p>Toimintansa tukemiseksi yhdistys voi ottaa vastaan lahjoituksia ja testamentteja, omistaa toimintaansa varten tarpeellista kiinte\u00e4\u00e4 omaisuutta sek\u00e4 toimeenpanna asianomaisen luvansaatuaan arpajaisia ja rahanker\u00e4yksi\u00e4.<\/p>\n<p><strong>4 \u00a7 Yhdistyksen j\u00e4senet<\/strong><\/p>\n<p>Yhdistyksen varsinaiseksi j\u00e4seneksi voi liitty\u00e4 jokainen, joka hyv\u00e4ksyy yhdistyksen tarkoituksen ja s\u00e4\u00e4nn\u00f6t.<\/p>\n<p>Yhdistyksen kannatusj\u00e4seniksi voidaan hyv\u00e4ksy\u00e4 yksityisi\u00e4 henkil\u00f6it\u00e4 tai rekister\u00f6ityj\u00e4yhdistyksi\u00e4 ja yhteis\u00f6j\u00e4.<\/p>\n<p>Hallitus hyv\u00e4ksyy varsinaiset ja kannatusj\u00e4senet yhdistyksen j\u00e4seniksi. Lis\u00e4ksi hallitus voi kutsua kunniaj\u00e4seniksi yhdistyksen toiminnassa erityisesti ansioituneenhenkil\u00f6n.<\/p>\n<p>Hallituksella on yhdistyksen j\u00e4senist\u00e4 j\u00e4senluettelo. Saavutetut j\u00e4senoikeudet s\u00e4ilyv\u00e4t.<\/p>\n<p><strong>5 \u00a7 J\u00e4senen eroaminen ja erottaminen<\/strong><\/p>\n<p>J\u00e4senell\u00e4 on oikeus erota yhdistyksest\u00e4 ilmoittamalla siit\u00e4 kirjallisesti hallitukselle tai sen puheenjohtajalle taikka ilmoittamalla erosta yhdistyksen kokouksessa merkitt\u00e4v\u00e4ksi p\u00f6yt\u00e4kirjaan.<\/p>\n<p>Hallitus voi erottaa j\u00e4senen, jos j\u00e4sen on muuten j\u00e4tt\u00e4nyt t\u00e4ytt\u00e4m\u00e4tt\u00e4 ne velvoitteet, joihin h\u00e4n on yhdistykseen liittym\u00e4ll\u00e4 sitoutunut tai on menettelyll\u00e4\u00e4n yhdistyksess\u00e4 tai sen ulkopuolellavahingoittanut yhdistyst\u00e4 tai ei en\u00e4\u00e4 t\u00e4yt\u00e4 laissa taikka yhdistyksen s\u00e4\u00e4nn\u00f6iss\u00e4 mainittuja j\u00e4senyyden ehtoja.<\/p>\n<p><strong>6 \u00a7 J\u00e4senmaksu<\/strong><\/p>\n<p>Yhdistyksen j\u00e4senilt\u00e4 ei perit\u00e4 j\u00e4senmaksua.<\/p>\n<p><strong>7 \u00a7 Hallitus<\/strong><\/p>\n<p>Yhdistyksen asioita hoitaa syyskokouksessa valittu hallitus, johon kuuluu vuodeksi kerrallaan valittu puheenjohtaja ja v\u00e4hint\u00e4\u00e4n viisi (5), mutta kuitenkin korkeintaan kymmenen (10) vuodeksi kerrallaan valittua j\u00e4sent\u00e4 ja 0-3 varaj\u00e4sent\u00e4.<\/p>\n<p>Hallitus on p\u00e4\u00e4t\u00f6svaltainen, kun puheenjohtaja tai hallituksen keskuudestaan valitsemavarapuheenjohtaja ja v\u00e4hint\u00e4\u00e4n kolme (3) hallituksen j\u00e4sent\u00e4 on l\u00e4sn\u00e4. \u00c4\u00e4nestykset ratkaistaan yksinkertaisella \u00e4\u00e4nten enemmist\u00f6ll\u00e4. \u00c4\u00e4nten menness\u00e4 tasan ratkaisee puheenjohtajan \u00e4\u00e4ni, paitsi vaaleissa arpa.<\/p>\n<p>Hallitus valitsee keskuudestaan varapuheenjohtajan sek\u00e4 sihteerin, taloudenhoitajan ja muut tarpeelliset toimihenkil\u00f6t.<\/p>\n<p>Hallituksen kokouksissa kaikilla yhdistyksen j\u00e4senill\u00e4 on l\u00e4sn\u00e4olo- ja puheoikeus, ellei hallituserikseen jonkun asiankohdan osalta toisin p\u00e4\u00e4t\u00e4.<\/p>\n<p>Hallituksen toimikausi on kalenterivuosi.<\/p>\n<p>Hallitus kokoontuu puheenjohtajan tai h\u00e4nen estyneen\u00e4 ollessaan varapuheenjohtajankutsusta, kun he katsovat siihen olevan aihetta, tai kun v\u00e4hint\u00e4\u00e4n puolet hallituksen j\u00e4senist\u00e4 sit\u00e4 vaatii. Hallitus voi my\u00f6s kokoustaa s\u00e4hk\u00f6isesti, esimerkiksi Skypen tai s\u00e4hk\u00f6postinv\u00e4lityksell\u00e4.<\/p>\n<p>Hallituksen j\u00e4senell\u00e4 on oikeus erota hallituksesta ilmoittamalla siit\u00e4 hallitukselle, joka hyv\u00e4ksyy eron.<\/p>\n<p><strong>8 \u00a7 Toimihenkil\u00f6t<\/strong><\/p>\n<p>Hallitus voi tarvittaessa asettaa ty\u00f6valiokuntia mm. erilaisten projektien ja tapahtumienj\u00e4rjest\u00e4miseksi. Ty\u00f6valiokunnat toimivat hallituksen alaisuudessa.<\/p>\n<p>Ty\u00f6valiokunnan j\u00e4senet voivat olla my\u00f6s hallituksen ulkopuolelta.<\/p>\n<p><strong>9 \u00a7 Nimenkirjoittajat<\/strong><\/p>\n<p>Yhdistyksen nimen kirjoittavat puheenjohtaja tai varapuheenjohtaja, jompikumpi yhdess\u00e4 sihteerin tai taloudenhoitajan kanssa.<\/p>\n<p><strong>10 \u00a7 Tilikausi ja toiminnantarkastus<\/strong><\/p>\n<p>Yhdistyksen toiminta- ja tilikausi on kalenterivuosi.<\/p>\n<p>Yhdistyksen hallintoa ja tilej\u00e4 tarkastamaan valitaan syyskokouksessa vuodeksi kerrallaan kaksi toiminnantarkastajaa ja heille varamiehet. Tilinp\u00e4\u00e4t\u00f6s tarvittavine asiakirjoineen ja hallituksen vuosikertomus on annettava toiminnantarkastajille viimeist\u00e4\u00e4n kolme viikkoa ennen kev\u00e4tkokousta.<\/p>\n<p><strong>11 \u00a7 Yhdistyksen kokoukset<\/strong><\/p>\n<p>Yhdistys pit\u00e4\u00e4 vuosittain kaksi varsinaista kokousta.<\/p>\n<p>Yhdistyksen kev\u00e4tkokous pidet\u00e4\u00e4n helmi- huhtikuussa ja syyskokous syys-marraskuussahallituksen m\u00e4\u00e4r\u00e4\u00e4m\u00e4n\u00e4 p\u00e4iv\u00e4n\u00e4.<\/p>\n<p>Ylim\u00e4\u00e4r\u00e4inen kokous pidet\u00e4\u00e4n, kun yhdistyksen kokous niin p\u00e4\u00e4tt\u00e4\u00e4, tai kun hallitus katsoo siihen olevan aihetta tai kun v\u00e4hint\u00e4\u00e4n kymmenesosa (1\/10) yhdistyksen \u00e4\u00e4nioikeutetuista j\u00e4senist\u00e4 sit\u00e4 hallitukselta erityisesti ilmoitettua asiaa varten kirjallisesti vaatii.<\/p>\n<p>Kokous on pidett\u00e4v\u00e4 kolmenkymmenen (30) vuorokauden kuluessa, kun vaatimus on esitetty jollekin hallituksen j\u00e4senelle.<\/p>\n<p>Yhdistyksen kokouksissa on jokaisella varsinaisella j\u00e4senell\u00e4 sek\u00e4 kunniaj\u00e4senell\u00e4 yksi (1) \u00e4\u00e4ni. Kannatusj\u00e4senell\u00e4 on kokouksessa l\u00e4sn\u00e4olo- ja puheoikeus.<\/p>\n<p>P\u00e4\u00e4t\u00f6kset kokouksissa tehd\u00e4\u00e4n yksinkertaisella \u00e4\u00e4nteen enemmist\u00f6ll\u00e4. \u00c4\u00e4nten menness\u00e4tasan ratkaisee kokouksen puheenjohtajan \u00e4\u00e4ni, vaaleissa kuitenkin arpa.<\/p>\n<p>Yhdistyksen kokoukset kutsutaan koolle v\u00e4hint\u00e4\u00e4n kolme vuorokautta ennen kokousta. Yhdistyksen kokoukset kutsutaan koolle l\u00e4hett\u00e4m\u00e4ll\u00e4 kokouskutsu j\u00e4senelle j\u00e4senen ilmoittamaan s\u00e4hk\u00f6postiosoitteeseen tai katuosoitteeseen. K\u00e4sitelt\u00e4vist\u00e4 asioista on mainittava kokouskutsussa.<\/p>\n<p><strong>12 \u00a7 Varsinaiset kokoukset<\/strong><\/p>\n<p>Yhdistyksen kev\u00e4tkokouksessa k\u00e4sitell\u00e4\u00e4n seuraavat asiat:<br \/>\n1. kokouksen avaus<br \/>\n2. valitaan kokouksen puheenjohtaja, sihteeri, kaksi p\u00f6yt\u00e4kirjan tarkastajaa ja tarvittaessa kaksi \u00e4\u00e4ntenlaskijaa<br \/>\n3. todetaan kokouksen laillisuus ja p\u00e4\u00e4t\u00f6svaltaisuus<br \/>\n4. hyv\u00e4ksyt\u00e4\u00e4n kokouksen ty\u00f6j\u00e4rjestys<br \/>\n5. esitet\u00e4\u00e4n tilinp\u00e4\u00e4t\u00f6s, vuosikertomus ja tilintarkastajien lausunto<br \/>\n6. p\u00e4\u00e4tet\u00e4\u00e4n tilinp\u00e4\u00e4t\u00f6ksen vahvistamisesta ja vastuunvapauden my\u00f6nt\u00e4misest\u00e4 hallitukselle ja muille vastuuvelvolliselle<br \/>\n7. k\u00e4sitell\u00e4\u00e4n muut kokouskutsussa mainitut asiat.<\/p>\n<p>Yhdistyksen syyskokouksessa k\u00e4sitell\u00e4\u00e4n seuraavat asiat:<br \/>\n1. kokouksen avaus<br \/>\n2. valitaan kokouksen puheenjohtaja, sihteeri, kaksi p\u00f6yt\u00e4kirjantarkastajaa ja tarvittaessa kaksi \u00e4\u00e4ntenlaskijaa<br \/>\n3. todetaan kokouksen laillisuus ja p\u00e4\u00e4t\u00f6svaltaisuus<br \/>\n4. hyv\u00e4ksyt\u00e4\u00e4n kokouksen ty\u00f6j\u00e4rjestys<br \/>\n5. vahvistetaan toimintasuunnitelma sek\u00e4 tulo- ja menoarvio seuraavalle kalenterivuodelle<br \/>\n6. valitaan hallituksen puheenjohtaja, jota kutsutaan yhdistyksen puheenjohtajaksi<br \/>\n7. valitaan v\u00e4hint\u00e4\u00e4n viisi (5), korkeintaan kahdeksan (8) hallituksen j\u00e4sent\u00e4 ja nolla (0)-kolme (3) varaj\u00e4sent\u00e4<br \/>\n8. valitaan kaksi toiminnantarkastajaa ja heille kaksi varatoiminnantarkastajaa<br \/>\n9. valitaan edustajat kattoj\u00e4rjest\u00f6jen hallituksiin<br \/>\n10. k\u00e4sitell\u00e4\u00e4n muut kokouskutsussa mainitut asiat.<\/p>\n<p>Mik\u00e4li yhdistyksen j\u00e4sen haluaa saada jonkin asian yhdistyksen kev\u00e4tkokouksen k\u00e4sitelt\u00e4v\u00e4ksi, on h\u00e4nen ilmoitettava siit\u00e4 kirjallisesti hallitukselle tammikuun loppuun menness\u00e4, kuitenkin v\u00e4hint\u00e4\u00e4n 14 vuorokautta ennen kev\u00e4tkokousta. Mik\u00e4li yhdistyksenj\u00e4sen haluaa saada jonkin asian yhdistyksen syyskokouksen k\u00e4sitelt\u00e4v\u00e4ksi, on h\u00e4nen ilmoitettava siit\u00e4 kirjallisesti hallitukselle syyskuun loppuun menness\u00e4, kuitenkin v\u00e4hint\u00e4\u00e4n 14 vuorokautta ennen syyskokousta.<\/p>\n<p><strong>13 \u00a7 S\u00e4\u00e4nt\u00f6jen muuttaminen<\/strong><\/p>\n<p>P\u00e4\u00e4t\u00f6s s\u00e4\u00e4nt\u00f6jen muuttamisesta on teht\u00e4v\u00e4 yhdistyksen kokouksessa v\u00e4hint\u00e4\u00e4n kolmen nelj\u00e4sosan (3\/4) enemmist\u00f6ll\u00e4 annetuista \u00e4\u00e4nist\u00e4. Kokouskutsussa on mainittava s\u00e4\u00e4nt\u00f6jenmuuttamisesta.<\/p>\n<p><strong>14 \u00a7 Yhdistyksen purkaminen<\/strong><\/p>\n<p>P\u00e4\u00e4t\u00f6s yhdistyksen purkamisesta on teht\u00e4v\u00e4 yhdistyksen kokouksessa v\u00e4hint\u00e4\u00e4n kolmennelj\u00e4sosan (3\/4) enemmist\u00f6ll\u00e4 annetuista \u00e4\u00e4nist\u00e4. Kokouskutsussa on mainittava yhdistyksen purkamisesta.<\/p>\n<p>Yhdistyksen purkautuessa k\u00e4ytet\u00e4\u00e4n yhdistyksen varat yhdistyksen tarkoituksen edist\u00e4miseen purkamisesta p\u00e4\u00e4tt\u00e4v\u00e4n kokouksen m\u00e4\u00e4r\u00e4\u00e4v\u00e4ll\u00e4 tavalla. Yhdistyksen tullessa lakkautetuksi k\u00e4ytet\u00e4\u00e4n sen varat samaan tarkoitukseen.<\/p>\n<p><strong>15 \u00a7<\/strong><\/p>\n<p>Muissa kohdin noudatetaan voimassaolevan yhdistyslain s\u00e4\u00e4nn\u00f6ksi\u00e4.<\/p>\n<p>P\u00e4ivitetty 10.4.2024<\/p>\n","protected":false},"excerpt":{"rendered":"<p>1 \u00a7 Nimi ja kotipaikka Yhdistyksen nimi on Turun YK-yhdistys ry, ruotsiksi \u00c5bo FN-f\u00f6rening rf. Yhdistyksen kotipaikka on Turun kaupunki. Yhdistys on Suomen YK-nuorten sek\u00e4 Suomen YK-liiton j\u00e4sen. 2 \u00a7 Toiminnan tarkoitus Yhdistyksen tarkoituksena on yhteistoiminnassa Suomen YK-nuorten ja Suomen YK-liiton sek\u00e4 paikallisten j\u00e4rjest\u00f6jen kanssa edist\u00e4\u00e4 Yhdistyneiden Kansakuntien peruskirjassa ja muissa julkaisuissa mainittujen tavoitteiden toteutumista [&hellip;]<\/p>\n","protected":false},"author":110,"featured_media":0,"parent":0,"menu_order":0,"comment_status":"closed","ping_status":"closed","template":"","meta":{"_kad_blocks_custom_css":"","_kad_blocks_head_custom_js":"","_kad_blocks_body_custom_js":"","_kad_blocks_footer_custom_js":"","_mc_calendar":[],"footnotes":""},"class_list":["post-25","page","type-page","status-publish","czr-hentry"],"taxonomy_info":[],"featured_image_src_large":false,"author_info":{"display_name":"YK-yhdistys","author_link":"https:\/\/tyyala.utu.fi\/turun-yk-yhdistys\/author\/markarv\/"},"comment_info":0,"_links":{"self":[{"href":"https:\/\/tyyala.utu.fi\/turun-yk-yhdistys\/wp-json\/wp\/v2\/pages\/25","targetHints":{"allow":["GET"]}}],"collection":[{"href":"https:\/\/tyyala.utu.fi\/turun-yk-yhdistys\/wp-json\/wp\/v2\/pages"}],"about":[{"href":"https:\/\/tyyala.utu.fi\/turun-yk-yhdistys\/wp-json\/wp\/v2\/types\/page"}],"author":[{"embeddable":true,"href":"https:\/\/tyyala.utu.fi\/turun-yk-yhdistys\/wp-json\/wp\/v2\/users\/110"}],"replies":[{"embeddable":true,"href":"https:\/\/tyyala.utu.fi\/turun-yk-yhdistys\/wp-json\/wp\/v2\/comments?post=25"}],"version-history":[{"count":12,"href":"https:\/\/tyyala.utu.fi\/turun-yk-yhdistys\/wp-json\/wp\/v2\/pages\/25\/revisions"}],"predecessor-version":[{"id":4753,"href":"https:\/\/tyyala.utu.fi\/turun-yk-yhdistys\/wp-json\/wp\/v2\/pages\/25\/revisions\/4753"}],"wp:attachment":[{"href":"https:\/\/tyyala.utu.fi\/turun-yk-yhdistys\/wp-json\/wp\/v2\/media?parent=25"}],"curies":[{"name":"wp","href":"https:\/\/api.w.org\/{rel}","templated":true}]}}