{"id":2187,"date":"2018-06-08T14:53:31","date_gmt":"2018-06-08T14:53:31","guid":{"rendered":"http:\/\/tyyala.utu.fi\/turun-yk-yhdistys\/?page_id=2187"},"modified":"2018-06-09T09:28:07","modified_gmt":"2018-06-09T09:28:07","slug":"agenda-2030","status":"publish","type":"page","link":"https:\/\/tyyala.utu.fi\/turun-yk-yhdistys\/agenda-2030\/","title":{"rendered":"Agenda 2030"},"content":{"rendered":"<p>YK:n j\u00e4senmaat sopivat 25.-27.9.2015 New Yorkissa j\u00e4rjestetyss\u00e4 huippukokouksessa kest\u00e4v\u00e4n kehityksen tavoitteista ja toimintaohjelmasta, jotka ohjaavat kest\u00e4v\u00e4n kehityksen ponnisteluja vuoteen 2030 asti. Kest\u00e4v\u00e4n kehityksen tavoiteohjelma (Agenda2030) t\u00e4ht\u00e4\u00e4 \u00e4\u00e4rimm\u00e4isen k\u00f6yhyyden poistamiseen sek\u00e4 kest\u00e4v\u00e4\u00e4n kehitykseen, jossa otetaan ymp\u00e4rist\u00f6, talous ja ihminen huomioon tasavertaisesti.<\/p>\n<p>Kest\u00e4v\u00e4n kehityksen tavoitteet (<em>Sustainable Development Goals<\/em>) astuivat voimaan vuoden 2016 alussa. Ne sitovat niin k\u00f6yhi\u00e4 kuin rikkaitakin maita eli ne ovat universaaleja.\u00a0Kest\u00e4v\u00e4n kehityksen tavoitteiden p\u00e4\u00e4m\u00e4\u00e4r\u00e4n\u00e4 on tehd\u00e4 maailmasta parempi paikka meille kaikille. Se on mahdollista, jos huomioimme sek\u00e4 ymp\u00e4rist\u00f6n, ihmiset, ihmisoikeudet ja talouden n\u00e4k\u00f6kulmat.\u00a0N\u00e4m\u00e4 tavoitteet ovat\u00a0<strong>universaaleja\u00a0<\/strong>eli kuuluvat meille kaikille: valtioille, kunnille, yrityksille, kouluille, sinulle ja minulle. Tavoitteet koskettavat kaikkia YK:n j\u00e4senvaltioita, kun taas YK:n vuosituhattavoitteet koskettivat vain kehitysmaita. T\u00e4m\u00e4 on siis meid\u00e4n kaikkien agenda.<\/p>\n<p>Huomion arvoista on, ett\u00e4\u00a0kaikki tavoitteet ovat t\u00e4rkeit\u00e4 ja linkittyv\u00e4t toisiinsa. Toisin sanoen yht\u00e4 tavoitetta ei voi saavuttaa ilman toista ja niiden toteutumiseen tarvitaan\u00a0niin valtioita, p\u00e4\u00e4tt\u00e4ji\u00e4 kuin kansalaisiakin. Jokainen voi osallistua\u00a0omilla valinnoillaan, levitt\u00e4m\u00e4ll\u00e4 tietoa tavoitteista sek\u00e4 vaatia p\u00e4\u00e4tt\u00e4jilt\u00e4 keinoja paremman tulevaisuuden puolesta.<\/p>\n<h4 class=\"valiotsikko\">Kest\u00e4v\u00e4n kehityksen 17 tavoitetta:<\/h4>\n<ol>\n<li>Poistaa k\u00f6yhyys sen kaikissa muodoissa kaikkialta.<\/li>\n<li>Poistaa n\u00e4lk\u00e4, saavuttaa ruokaturva, parantaa ravitsemusta ja edist\u00e4\u00e4 kest\u00e4v\u00e4\u00e4 maataloutta.<\/li>\n<li>Taata terveellinen el\u00e4m\u00e4 ja hyvinvointi kaiken ik\u00e4isille.<\/li>\n<li>Taata kaikille avoin, tasa-arvoinen ja laadukas koulutus sek\u00e4 elinik\u00e4iset oppimismahdollisuudet.<\/li>\n<li>Saavuttaa sukupuolten v\u00e4linen tasa-arvo sek\u00e4 vahvistaa naisten ja tytt\u00f6jen oikeuksia ja mahdollisuuksia.<\/li>\n<li>Varmistaa veden saanti ja kest\u00e4v\u00e4 k\u00e4ytt\u00f6 sek\u00e4 sanitaatio kaikille.<\/li>\n<li>Varmistaa edullinen, luotettava, kest\u00e4v\u00e4 ja uudenaikainen energia kaikille.<\/li>\n<li>Edist\u00e4\u00e4 kaikkia koskevaa kest\u00e4v\u00e4\u00e4 talouskasvua, t\u00e4ytt\u00e4 ja tuottavaa ty\u00f6llisyytt\u00e4 sek\u00e4 s\u00e4\u00e4llisi\u00e4 ty\u00f6paikkoja.<\/li>\n<li>Rakentaa kest\u00e4v\u00e4\u00e4 infrastruktuuria sek\u00e4 edist\u00e4\u00e4 kest\u00e4v\u00e4\u00e4 teollisuutta ja innovaatioita.<\/li>\n<li>V\u00e4hent\u00e4\u00e4 eriarvoisuutta maiden sis\u00e4ll\u00e4 ja niiden v\u00e4lill\u00e4.<\/li>\n<li>Taata turvalliset ja kest\u00e4v\u00e4t kaupungit sek\u00e4 asuinyhdyskunnat.<\/li>\n<li>Varmistaa kulutus- ja tuotantotapojen kest\u00e4vyys.<\/li>\n<li>Toimia kiireellisesti\u00a0ilmastonmuutosta ja sen vaikutuksia vastaan.<\/li>\n<li>S\u00e4ilytt\u00e4\u00e4 meret ja merten tarjoamat luonnonvarat sek\u00e4 edist\u00e4\u00e4 niiden kest\u00e4v\u00e4\u00e4 k\u00e4ytt\u00f6\u00e4.<\/li>\n<li>Suojella maaekosysteemej\u00e4, palauttaa niit\u00e4 ennalleen ja edist\u00e4\u00e4 niiden kest\u00e4v\u00e4\u00e4 k\u00e4ytt\u00f6\u00e4; edist\u00e4\u00e4 metsien kest\u00e4v\u00e4\u00e4 k\u00e4ytt\u00f6\u00e4; taistella aavikoitumista vastaan; pys\u00e4ytt\u00e4\u00e4 maaper\u00e4n k\u00f6yhtyminen ja luonnon monimuotoisuuden h\u00e4vi\u00e4minen.<\/li>\n<li>Edist\u00e4\u00e4 rauhanomaisia yhteiskuntia ja taata kaikille p\u00e4\u00e4sy oikeuspalveluiden pariin; rakentaa tehokkaita ja vastuullisia instituutioita kaikilla tasoilla.<\/li>\n<li>Tukea vahvemmin kest\u00e4v\u00e4n kehityksen toimeenpanoa ja globaalia kumppanuutta.<\/li>\n<\/ol>\n","protected":false},"excerpt":{"rendered":"<p>YK:n j\u00e4senmaat sopivat 25.-27.9.2015 New Yorkissa j\u00e4rjestetyss\u00e4 huippukokouksessa kest\u00e4v\u00e4n kehityksen tavoitteista ja toimintaohjelmasta, jotka ohjaavat kest\u00e4v\u00e4n kehityksen ponnisteluja vuoteen 2030 asti. Kest\u00e4v\u00e4n kehityksen tavoiteohjelma (Agenda2030) t\u00e4ht\u00e4\u00e4 \u00e4\u00e4rimm\u00e4isen k\u00f6yhyyden poistamiseen sek\u00e4 kest\u00e4v\u00e4\u00e4n kehitykseen, jossa otetaan ymp\u00e4rist\u00f6, talous ja ihminen huomioon tasavertaisesti. Kest\u00e4v\u00e4n kehityksen tavoitteet (Sustainable Development Goals) astuivat voimaan vuoden 2016 alussa. Ne sitovat niin k\u00f6yhi\u00e4 [&hellip;]<\/p>\n","protected":false},"author":903,"featured_media":0,"parent":0,"menu_order":0,"comment_status":"closed","ping_status":"closed","template":"","meta":{"_kad_blocks_custom_css":"","_kad_blocks_head_custom_js":"","_kad_blocks_body_custom_js":"","_kad_blocks_footer_custom_js":"","_mc_calendar":[],"footnotes":""},"class_list":["post-2187","page","type-page","status-publish","czr-hentry"],"taxonomy_info":[],"featured_image_src_large":false,"author_info":{"display_name":"Venla Rousku","author_link":"https:\/\/tyyala.utu.fi\/turun-yk-yhdistys\/author\/vmjrou\/"},"comment_info":0,"_links":{"self":[{"href":"https:\/\/tyyala.utu.fi\/turun-yk-yhdistys\/wp-json\/wp\/v2\/pages\/2187","targetHints":{"allow":["GET"]}}],"collection":[{"href":"https:\/\/tyyala.utu.fi\/turun-yk-yhdistys\/wp-json\/wp\/v2\/pages"}],"about":[{"href":"https:\/\/tyyala.utu.fi\/turun-yk-yhdistys\/wp-json\/wp\/v2\/types\/page"}],"author":[{"embeddable":true,"href":"https:\/\/tyyala.utu.fi\/turun-yk-yhdistys\/wp-json\/wp\/v2\/users\/903"}],"replies":[{"embeddable":true,"href":"https:\/\/tyyala.utu.fi\/turun-yk-yhdistys\/wp-json\/wp\/v2\/comments?post=2187"}],"version-history":[{"count":4,"href":"https:\/\/tyyala.utu.fi\/turun-yk-yhdistys\/wp-json\/wp\/v2\/pages\/2187\/revisions"}],"predecessor-version":[{"id":2306,"href":"https:\/\/tyyala.utu.fi\/turun-yk-yhdistys\/wp-json\/wp\/v2\/pages\/2187\/revisions\/2306"}],"wp:attachment":[{"href":"https:\/\/tyyala.utu.fi\/turun-yk-yhdistys\/wp-json\/wp\/v2\/media?parent=2187"}],"curies":[{"name":"wp","href":"https:\/\/api.w.org\/{rel}","templated":true}]}}