{"id":21,"date":"2016-08-24T11:41:13","date_gmt":"2016-08-24T11:41:13","guid":{"rendered":"http:\/\/tyyala.utu.fi\/turun-yk-yhdistys\/?page_id=21"},"modified":"2025-01-16T18:48:08","modified_gmt":"2025-01-16T16:48:08","slug":"yhteistyo","status":"publish","type":"page","link":"https:\/\/tyyala.utu.fi\/turun-yk-yhdistys\/yhteistyo\/","title":{"rendered":"Yhteisty\u00f6"},"content":{"rendered":"<h4 style=\"text-align: justify\">Turun YK-yhdistys toimii yhteisty\u00f6ss\u00e4 sek\u00e4 paikallisten ett\u00e4 kansallisten yhteisty\u00f6kumppaneiden kanssa. Olemme avoimia uusiin yhteisty\u00f6muotoihin muiden yhdistysten kanssa. My\u00f6s kansainv\u00e4list\u00e4 yhteisty\u00f6t\u00e4 l\u00f6ytyy l\u00e4hinn\u00e4 Suomen YK-liiton ja Suomen YK-nuorten toiminnan kautta.<\/h4>\n<h4>Suomen YK-nuoret<\/h4>\n<p><a href=\"http:\/\/yknuoret.fi\/\" target=\"_blank\" rel=\"noopener noreferrer\">Suomen YK-nuoret<\/a>\u00a0on poliittisesti sitoutumaton valtakunnallinen nuorisoj\u00e4rjest\u00f6, jonka tavoitteena on tiedottaa YK:n toiminnasta ja tavoitteista nuorille ja opiskelijoille. Suomen YK-nuoret toimii my\u00f6s kattoj\u00e4rjest\u00f6n\u00e4 Turun, Tampereen, Jyv\u00e4skyl\u00e4n ja Oulun seudun YK-yhdistyksille sek\u00e4 Suomen Malli-YK-yhdistys FinMUNille. Suomen YK-nuoret my\u00f6nt\u00e4\u00e4 j\u00e4senj\u00e4rjest\u00f6illeen avustusta vuosittain ja tekee niiden kanssa yhteisty\u00f6t\u00e4 monin tavoin. Se toimii my\u00f6s paikallisyhdistysten linkkin\u00e4 <a href=\"http:\/\/www.ykliitto.fi\/\" target=\"_blank\" rel=\"noopener noreferrer\">Suomen YK-liittoon<\/a>. Jokaisesta j\u00e4senj\u00e4rjest\u00f6st\u00e4 valitaan kullekin kaudelle v\u00e4hint\u00e4\u00e4n yksi edustaja Suomen YK-nuorten hallitukseen. Suomen YK-nuoret -vastaavaan voit olla yhteydess\u00e4 Suomen YK-nuorten kanssa teht\u00e4v\u00e4\u00e4n yhteisty\u00f6h\u00f6n liittyen.<\/p>\n<p>Suomen YK-nuoret j\u00e4rjest\u00e4\u00e4 monenlaisia tapahtumia, kuten j\u00e4senj\u00e4rjest\u00f6seminaareja, elokuvailtoja, urailtoja, uusien j\u00e4senten infotilaisuuksia sek\u00e4 seminaareja. J\u00e4rjest\u00f6 on aktiivinen my\u00f6s kansainv\u00e4lisiss\u00e4 verkostoissa. Suomen YK-nuoret on kansainv\u00e4lisen YK-nuorten verkoston <a href=\"http:\/\/unyanet.org\/\" target=\"_blank\" rel=\"noopener noreferrer\">UNYANETin<\/a>\u00a0 (United Nations Youth Associations Network) j\u00e4senj\u00e4rjest\u00f6. Se my\u00f6s l\u00e4hett\u00e4\u00e4 edustajia nuorille tarkoitettuihin YK-aiheisiin kansainv\u00e4lisiin konferensseihin.<\/p>\n<p>Lis\u00e4ksi Suomen YK-nuoret ja Turun YK-yhdistys paikallisyhdistyksen\u00e4 j\u00e4rjest\u00e4v\u00e4t kouluvierailuja ja pyrkii monin tavoin tekem\u00e4\u00e4n YK:n tavoitteita tunnetuksi nuorten keskuudessa. Pyrimme toiminnallaan tavoittamaan erilaisista taustoista tulevia nuoria mahdollisimman laajasti. Uudet kest\u00e4v\u00e4n kehityksen tavoitteet ovat t\u00e4rke\u00e4 ja ajankohtainen teema, josta YK-nuoret pyrkii kertomaan nuorille.<\/p>\n<p>L\u00f6yd\u00e4t Suomen YK-Nuoret my\u00f6s sosiaalisesta mediasta:<\/p>\n<p><a href=\"https:\/\/www.facebook.com\/YKnuoret\" target=\"_blank\" rel=\"noopener noreferrer\">Facebook<\/a><br \/>\n<a href=\"https:\/\/twitter.com\/yknuoret\" target=\"_blank\" rel=\"noopener noreferrer\">Twitter<\/a><br \/>\n<a href=\"https:\/\/www.instagram.com\/unyouthfinland\/\" target=\"_blank\" rel=\"noopener noreferrer\">Instagram<\/a><\/p>\n<h4>Sateenkaari Koto ry<\/h4>\n<p>Turun YK \u2013 yhdistys koordinoi Halisten l\u00e4ksykerhon vapaaehtoistoimintaa yhdess\u00e4 Sateenkaari Koto ry:n kanssa. L\u00e4ksykerho kokoontuu kaksi kertaa viikossa ja kerhoon osallistuu noin 5 \u2013 15 lasta, ohjaajia on kerrallaan mukana v\u00e4hint\u00e4\u00e4n kaksi tai enemm\u00e4n. L\u00e4ksykerhon tarkoituksena on auttaa lapsia l\u00e4ksyjen teossa. Turun YK \u2013 yhdistys, l\u00e4ksykerhovastaavan johdolla, vastaa l\u00e4ksykerho \u2013 ohjaajien rekrytoinnista j\u00e4rjest\u00e4m\u00e4ll\u00e4 infotilaisuuksia ja\/tai rahallisesti mahdollisuuksien mukaan.<\/p>\n<p><a href=\"https:\/\/www.sateenkaarikoto.fi\/\">Nettisivut<\/a><\/p>\n<p><a href=\"https:\/\/www.facebook.com\/sateenkaarikoto\/\">Facebook<\/a><\/p>\n<p><a href=\"https:\/\/instagram.com\/sateenkaarikoto\/?ref=badge\">Instagram<\/a><\/p>\n<p><a href=\"https:\/\/twitter.com\/Sateenkaarikoto\">Twitter<\/a><\/p>\n","protected":false},"excerpt":{"rendered":"<p>Turun YK-yhdistys toimii yhteisty\u00f6ss\u00e4 sek\u00e4 paikallisten ett\u00e4 kansallisten yhteisty\u00f6kumppaneiden kanssa. Olemme avoimia uusiin yhteisty\u00f6muotoihin muiden yhdistysten kanssa. My\u00f6s kansainv\u00e4list\u00e4 yhteisty\u00f6t\u00e4 l\u00f6ytyy l\u00e4hinn\u00e4 Suomen YK-liiton ja Suomen YK-nuorten toiminnan kautta. Suomen YK-nuoret Suomen YK-nuoret\u00a0on poliittisesti sitoutumaton valtakunnallinen nuorisoj\u00e4rjest\u00f6, jonka tavoitteena on tiedottaa YK:n toiminnasta ja tavoitteista nuorille ja opiskelijoille. Suomen YK-nuoret toimii my\u00f6s kattoj\u00e4rjest\u00f6n\u00e4 Turun, Tampereen, [&hellip;]<\/p>\n","protected":false},"author":110,"featured_media":0,"parent":0,"menu_order":0,"comment_status":"closed","ping_status":"closed","template":"","meta":{"_kad_blocks_custom_css":"","_kad_blocks_head_custom_js":"","_kad_blocks_body_custom_js":"","_kad_blocks_footer_custom_js":"","_mc_calendar":[],"footnotes":""},"class_list":["post-21","page","type-page","status-publish","czr-hentry"],"taxonomy_info":[],"featured_image_src_large":false,"author_info":{"display_name":"YK-yhdistys","author_link":"https:\/\/tyyala.utu.fi\/turun-yk-yhdistys\/author\/markarv\/"},"comment_info":0,"_links":{"self":[{"href":"https:\/\/tyyala.utu.fi\/turun-yk-yhdistys\/wp-json\/wp\/v2\/pages\/21","targetHints":{"allow":["GET"]}}],"collection":[{"href":"https:\/\/tyyala.utu.fi\/turun-yk-yhdistys\/wp-json\/wp\/v2\/pages"}],"about":[{"href":"https:\/\/tyyala.utu.fi\/turun-yk-yhdistys\/wp-json\/wp\/v2\/types\/page"}],"author":[{"embeddable":true,"href":"https:\/\/tyyala.utu.fi\/turun-yk-yhdistys\/wp-json\/wp\/v2\/users\/110"}],"replies":[{"embeddable":true,"href":"https:\/\/tyyala.utu.fi\/turun-yk-yhdistys\/wp-json\/wp\/v2\/comments?post=21"}],"version-history":[{"count":19,"href":"https:\/\/tyyala.utu.fi\/turun-yk-yhdistys\/wp-json\/wp\/v2\/pages\/21\/revisions"}],"predecessor-version":[{"id":4778,"href":"https:\/\/tyyala.utu.fi\/turun-yk-yhdistys\/wp-json\/wp\/v2\/pages\/21\/revisions\/4778"}],"wp:attachment":[{"href":"https:\/\/tyyala.utu.fi\/turun-yk-yhdistys\/wp-json\/wp\/v2\/media?parent=21"}],"curies":[{"name":"wp","href":"https:\/\/api.w.org\/{rel}","templated":true}]}}