{"id":207,"date":"2016-09-15T15:14:30","date_gmt":"2016-09-15T15:14:30","guid":{"rendered":"http:\/\/tyyala.utu.fi\/turun-yk-yhdistys\/?page_id=207"},"modified":"2024-03-03T02:18:48","modified_gmt":"2024-03-03T00:18:48","slug":"keita-me-olemme","status":"publish","type":"page","link":"https:\/\/tyyala.utu.fi\/turun-yk-yhdistys\/keita-me-olemme\/","title":{"rendered":"Tietoa meist\u00e4"},"content":{"rendered":"<div id=\"main-wrapper\" class=\"container\">\n<div class=\"container\" role=\"main\">\n<div class=\"row column-content-wrapper\">\n<div id=\"content\" class=\"span9 article-container tc-gallery-style\">\n<article id=\"page-1985\" class=\"row-fluid post-1985 page type-page status-publish\">\n<div class=\"entry-content\">\n<div class=\"entry-content\">\n<p>Turun YK-yhdistys ry (TYKy) on voittoa tavoittelematon ja poliittisesti sitoutumaton j\u00e4rjest\u00f6, joka perustettiin vuonna 1963 edist\u00e4m\u00e4\u00e4n kansainv\u00e4list\u00e4 ja kansallista yhteisymm\u00e4rryst\u00e4 sek\u00e4 kansojen rauhanomaista toimintaa. Yhdistyksen tarkoituksena on tehd\u00e4 tunnetuksi Yhdistyneiden Kansakuntien p\u00e4\u00e4m\u00e4\u00e4ri\u00e4 ja periaatteita edist\u00e4m\u00e4ll\u00e4 YK:n peruskirjassa ja muissa julkaisuissa mainittujen tavoitteiden toteutumista. T\u00e4h\u00e4n se pyrkii tekem\u00e4ll\u00e4 tunnetuksi YK:n ja sen j\u00e4rjest\u00f6jen tavoitteita ja toimintaa, tarjoamalla yhdistyksen j\u00e4senille mahdollisuuden vaikuttaa ja osallistua yhteiskunnalliseen toimintaan sek\u00e4 her\u00e4tt\u00e4m\u00e4ll\u00e4 keskustelua yhteiskunnallisista asioista.<\/p>\n<p>Yhdistyksen tavoitteena on edesauttaa ensisijaisesti paikallistason toiminnalla maailmanlaajuisesti merkitt\u00e4vien ongelmien ratkaisemista. Yhdistys tiedottaa ajankohtaisista globaaleista aiheista ja tekee tunnetuksi Yhdistyneiden kansakuntien arvoja, p\u00e4\u00e4m\u00e4\u00e4ri\u00e4 ja periaatteita toiminnallaan. Yhdistykseen kuuluu ihmisoikeuksista, kansalaisvaikuttamisesta, monikulttuurisesta ja kansainv\u00e4lisest\u00e4 yhteisty\u00f6st\u00e4 sek\u00e4 globaalista yst\u00e4vyydest\u00e4 kiinnostuneita nuoria.\u00a0Turun YK- yhdistyksen toiminnan t\u00e4rkeit\u00e4 arvoja ovat yhdenvertaisuus, tasa-arvoisuus, avoimuus ja vaikuttavuus.\u00a0N\u00e4iden arvojen haluamme my\u00f6s n\u00e4kyv\u00e4n jokaisessa tapahtumassamme ja julkaisussamme.<\/p>\n<h4><strong>Yhdenvertaisuus ja tasa-arvoisuus<\/strong><\/h4>\n<\/div>\n<p>Kaikki j\u00e4senemme ovat yhdenvertaisia kesken\u00e4\u00e4n ja kaikilla j\u00e4senill\u00e4 on tasapuoliset mahdollisuudet osallistua yhdistyksen toimintaan. Yhdenvertainen kohtelu on yhdistyksen kulmakivi ja j\u00e4senten moninaisuus on voimavara.<\/p>\n<h4><strong>Avoimuus<\/strong><\/h4>\n<p>Yhdistyksen toiminta on avointa ja luotettavaa kaikessa tekemisess\u00e4, sek\u00e4 p\u00e4\u00e4t\u00f6ksenteossa. Avoimuus on ensisijaisen t\u00e4rke\u00e4\u00e4 j\u00e4senist\u00f6n keskuudessa ja yhteisty\u00f6kumppaneiden kanssa toimiessa.<\/p>\n<div class=\"entry-content\">\n<h4><strong>Yhdess\u00e4 toimiminen ja vaikuttavuus<\/strong><\/h4>\n<p>Yhdistys osallistaa nuoria p\u00e4\u00e4t\u00f6ksentekoon tarjoamalla heille vaikutuskanavia ja v\u00e4litt\u00e4m\u00e4ll\u00e4 nuorten ajatuksia p\u00e4\u00e4tt\u00e4jille. Lis\u00e4ksi yhdistys pyrkii omalla toiminnallaan edist\u00e4m\u00e4\u00e4n ihmisoikeuksia ja rauhaa.<\/p>\n<\/div>\n<\/div>\n<\/article>\n<\/div>\n<\/div>\n<\/div>\n<\/div>\n","protected":false},"excerpt":{"rendered":"<p>Turun YK-yhdistys ry (TYKy) on voittoa tavoittelematon ja poliittisesti sitoutumaton j\u00e4rjest\u00f6, joka perustettiin vuonna 1963 edist\u00e4m\u00e4\u00e4n kansainv\u00e4list\u00e4 ja kansallista yhteisymm\u00e4rryst\u00e4 sek\u00e4 kansojen rauhanomaista toimintaa. Yhdistyksen tarkoituksena on tehd\u00e4 tunnetuksi Yhdistyneiden Kansakuntien p\u00e4\u00e4m\u00e4\u00e4ri\u00e4 ja periaatteita edist\u00e4m\u00e4ll\u00e4 YK:n peruskirjassa ja muissa julkaisuissa mainittujen tavoitteiden toteutumista. T\u00e4h\u00e4n se pyrkii tekem\u00e4ll\u00e4 tunnetuksi YK:n ja sen j\u00e4rjest\u00f6jen tavoitteita ja toimintaa, [&hellip;]<\/p>\n","protected":false},"author":110,"featured_media":4626,"parent":0,"menu_order":0,"comment_status":"closed","ping_status":"closed","template":"","meta":{"_kad_blocks_custom_css":"","_kad_blocks_head_custom_js":"","_kad_blocks_body_custom_js":"","_kad_blocks_footer_custom_js":"","_mc_calendar":[],"footnotes":""},"class_list":["post-207","page","type-page","status-publish","has-post-thumbnail","czr-hentry"],"taxonomy_info":[],"featured_image_src_large":["https:\/\/tyyala.utu.fi\/turun-yk-yhdistys\/wp-content\/uploads\/sites\/23\/2024\/03\/6-1024x1024.png",1024,1024,true],"author_info":{"display_name":"YK-yhdistys","author_link":"https:\/\/tyyala.utu.fi\/turun-yk-yhdistys\/author\/markarv\/"},"comment_info":0,"_links":{"self":[{"href":"https:\/\/tyyala.utu.fi\/turun-yk-yhdistys\/wp-json\/wp\/v2\/pages\/207","targetHints":{"allow":["GET"]}}],"collection":[{"href":"https:\/\/tyyala.utu.fi\/turun-yk-yhdistys\/wp-json\/wp\/v2\/pages"}],"about":[{"href":"https:\/\/tyyala.utu.fi\/turun-yk-yhdistys\/wp-json\/wp\/v2\/types\/page"}],"author":[{"embeddable":true,"href":"https:\/\/tyyala.utu.fi\/turun-yk-yhdistys\/wp-json\/wp\/v2\/users\/110"}],"replies":[{"embeddable":true,"href":"https:\/\/tyyala.utu.fi\/turun-yk-yhdistys\/wp-json\/wp\/v2\/comments?post=207"}],"version-history":[{"count":24,"href":"https:\/\/tyyala.utu.fi\/turun-yk-yhdistys\/wp-json\/wp\/v2\/pages\/207\/revisions"}],"predecessor-version":[{"id":4627,"href":"https:\/\/tyyala.utu.fi\/turun-yk-yhdistys\/wp-json\/wp\/v2\/pages\/207\/revisions\/4627"}],"wp:featuredmedia":[{"embeddable":true,"href":"https:\/\/tyyala.utu.fi\/turun-yk-yhdistys\/wp-json\/wp\/v2\/media\/4626"}],"wp:attachment":[{"href":"https:\/\/tyyala.utu.fi\/turun-yk-yhdistys\/wp-json\/wp\/v2\/media?parent=207"}],"curies":[{"name":"wp","href":"https:\/\/api.w.org\/{rel}","templated":true}]}}