{"id":2020,"date":"2018-06-08T07:40:13","date_gmt":"2018-06-08T07:40:13","guid":{"rendered":"http:\/\/tyyala.utu.fi\/turun-yk-yhdistys\/?page_id=2020"},"modified":"2023-06-24T20:13:24","modified_gmt":"2023-06-24T18:13:24","slug":"materiaalipankki","status":"publish","type":"page","link":"https:\/\/tyyala.utu.fi\/turun-yk-yhdistys\/materiaalipankki\/","title":{"rendered":"Materiaalipankki"},"content":{"rendered":"<p>T\u00e4lt\u00e4 sivulta l\u00f6ytyv\u00e4t Turun YK-Yhdistyksen logot.\u00a0 Ennen materiaalin k\u00e4ytt\u00f6\u00e4 tulee tutustua yhdistyksen graafiseen ohjeeseen.\u00a0Opastusta ja neuvoja Turun YK-Yhdistyksen tunnuksien oikeaan k\u00e4ytt\u00f6\u00f6n antaa my\u00f6s yhdistyksen hallitus.<\/p>\n<div id='gallery-1' class='czr-gallery row flex-row czr-gallery-style gallery galleryid-2020 gallery-columns-3 gallery-size-thumbnail'><figure class='gallery-item col col-auto'>\r\n                        <div class='gallery-icon landscape czr-gallery-icon'>\r\n                              <a href=https:\/\/tyyala.utu.fi\/turun-yk-yhdistys\/materiaalipankki\/tyky-logo-sininen-2\/ class=\"bg-link\"><\/a><img decoding=\"async\" width=\"150\" height=\"150\" data-src=\"https:\/\/tyyala.utu.fi\/turun-yk-yhdistys\/wp-content\/uploads\/sites\/23\/2023\/06\/Tyky-logo-sininen-1-150x150.png\" class=\"attachment-thumbnail size-thumbnail lazyload\" alt=\"\" data-sizes=\"(min-width: 1200px) 350px, (min-width: 992px) 290px, (min-width: 768px) 210px, (min-width: 576px) 150px, calc( 50vw - 30px )\" aria-describedby=\"gallery-1-4553\" data-srcset=\"https:\/\/tyyala.utu.fi\/turun-yk-yhdistys\/wp-content\/uploads\/sites\/23\/2023\/06\/Tyky-logo-sininen-1-150x150.png 150w, https:\/\/tyyala.utu.fi\/turun-yk-yhdistys\/wp-content\/uploads\/sites\/23\/2023\/06\/Tyky-logo-sininen-1-300x300.png 300w, https:\/\/tyyala.utu.fi\/turun-yk-yhdistys\/wp-content\/uploads\/sites\/23\/2023\/06\/Tyky-logo-sininen-1-1024x1024.png 1024w, https:\/\/tyyala.utu.fi\/turun-yk-yhdistys\/wp-content\/uploads\/sites\/23\/2023\/06\/Tyky-logo-sininen-1-768x768.png 768w, https:\/\/tyyala.utu.fi\/turun-yk-yhdistys\/wp-content\/uploads\/sites\/23\/2023\/06\/Tyky-logo-sininen-1-1536x1536.png 1536w, https:\/\/tyyala.utu.fi\/turun-yk-yhdistys\/wp-content\/uploads\/sites\/23\/2023\/06\/Tyky-logo-sininen-1.png 2000w\" src=\"data:image\/svg+xml;base64,PHN2ZyB3aWR0aD0iMSIgaGVpZ2h0PSIxIiB4bWxucz0iaHR0cDovL3d3dy53My5vcmcvMjAwMC9zdmciPjwvc3ZnPg==\" style=\"--smush-placeholder-width: 150px; --smush-placeholder-aspect-ratio: 150\/150;\" \/><div class=\"post-action btn btn-skin-dark-shaded inverted\"><a href=\"https:\/\/tyyala.utu.fi\/turun-yk-yhdistys\/wp-content\/uploads\/sites\/23\/2023\/06\/Tyky-logo-sininen-1.png\" class=\"icn-expand\" data-lb-type=\"grouped-gallery\" title=\"Sininen logo\"><\/a><\/div>\r\n                        <\/div>\r\n                              <figcaption class='wp-caption-text gallery-caption' id='gallery-1-4553'>\r\n                              Sininen logo\r\n                              <\/figcaption><\/figure><figure class='gallery-item col col-auto'>\r\n                        <div class='gallery-icon landscape czr-gallery-icon'>\r\n                              <a href=https:\/\/tyyala.utu.fi\/turun-yk-yhdistys\/materiaalipankki\/tyky-logo-musta-harmaa\/ class=\"bg-link\"><\/a><img decoding=\"async\" width=\"150\" height=\"150\" data-src=\"https:\/\/tyyala.utu.fi\/turun-yk-yhdistys\/wp-content\/uploads\/sites\/23\/2023\/06\/Tyky-logo-musta-harmaa-150x150.png\" class=\"attachment-thumbnail size-thumbnail lazyload\" alt=\"\" data-sizes=\"(min-width: 1200px) 350px, (min-width: 992px) 290px, (min-width: 768px) 210px, (min-width: 576px) 150px, calc( 50vw - 30px )\" aria-describedby=\"gallery-1-4554\" data-srcset=\"https:\/\/tyyala.utu.fi\/turun-yk-yhdistys\/wp-content\/uploads\/sites\/23\/2023\/06\/Tyky-logo-musta-harmaa-150x150.png 150w, https:\/\/tyyala.utu.fi\/turun-yk-yhdistys\/wp-content\/uploads\/sites\/23\/2023\/06\/Tyky-logo-musta-harmaa-300x300.png 300w, https:\/\/tyyala.utu.fi\/turun-yk-yhdistys\/wp-content\/uploads\/sites\/23\/2023\/06\/Tyky-logo-musta-harmaa-1024x1024.png 1024w, https:\/\/tyyala.utu.fi\/turun-yk-yhdistys\/wp-content\/uploads\/sites\/23\/2023\/06\/Tyky-logo-musta-harmaa-768x768.png 768w, https:\/\/tyyala.utu.fi\/turun-yk-yhdistys\/wp-content\/uploads\/sites\/23\/2023\/06\/Tyky-logo-musta-harmaa-1536x1536.png 1536w, https:\/\/tyyala.utu.fi\/turun-yk-yhdistys\/wp-content\/uploads\/sites\/23\/2023\/06\/Tyky-logo-musta-harmaa.png 2000w\" src=\"data:image\/svg+xml;base64,PHN2ZyB3aWR0aD0iMSIgaGVpZ2h0PSIxIiB4bWxucz0iaHR0cDovL3d3dy53My5vcmcvMjAwMC9zdmciPjwvc3ZnPg==\" style=\"--smush-placeholder-width: 150px; --smush-placeholder-aspect-ratio: 150\/150;\" \/><div class=\"post-action btn btn-skin-dark-shaded inverted\"><a href=\"https:\/\/tyyala.utu.fi\/turun-yk-yhdistys\/wp-content\/uploads\/sites\/23\/2023\/06\/Tyky-logo-musta-harmaa.png\" class=\"icn-expand\" data-lb-type=\"grouped-gallery\" title=\"Musta logo\"><\/a><\/div>\r\n                        <\/div>\r\n                              <figcaption class='wp-caption-text gallery-caption' id='gallery-1-4554'>\r\n                              Musta logo\r\n                              <\/figcaption><\/figure><figure class='gallery-item col col-auto'>\r\n                        <div class='gallery-icon landscape czr-gallery-icon'>\r\n                              <a href=https:\/\/tyyala.utu.fi\/turun-yk-yhdistys\/materiaalipankki\/tyky-logo-valk-1\/ class=\"bg-link\"><\/a><img decoding=\"async\" width=\"150\" height=\"150\" data-src=\"https:\/\/tyyala.utu.fi\/turun-yk-yhdistys\/wp-content\/uploads\/sites\/23\/2023\/06\/Tyky-logo-valk-1-150x150.png\" class=\"attachment-thumbnail size-thumbnail lazyload\" alt=\"\" data-sizes=\"(min-width: 1200px) 350px, (min-width: 992px) 290px, (min-width: 768px) 210px, (min-width: 576px) 150px, calc( 50vw - 30px )\" aria-describedby=\"gallery-1-4556\" data-srcset=\"https:\/\/tyyala.utu.fi\/turun-yk-yhdistys\/wp-content\/uploads\/sites\/23\/2023\/06\/Tyky-logo-valk-1-150x150.png 150w, https:\/\/tyyala.utu.fi\/turun-yk-yhdistys\/wp-content\/uploads\/sites\/23\/2023\/06\/Tyky-logo-valk-1-300x300.png 300w, https:\/\/tyyala.utu.fi\/turun-yk-yhdistys\/wp-content\/uploads\/sites\/23\/2023\/06\/Tyky-logo-valk-1-1024x1024.png 1024w, https:\/\/tyyala.utu.fi\/turun-yk-yhdistys\/wp-content\/uploads\/sites\/23\/2023\/06\/Tyky-logo-valk-1-768x768.png 768w, https:\/\/tyyala.utu.fi\/turun-yk-yhdistys\/wp-content\/uploads\/sites\/23\/2023\/06\/Tyky-logo-valk-1-1536x1536.png 1536w, https:\/\/tyyala.utu.fi\/turun-yk-yhdistys\/wp-content\/uploads\/sites\/23\/2023\/06\/Tyky-logo-valk-1.png 2000w\" src=\"data:image\/svg+xml;base64,PHN2ZyB3aWR0aD0iMSIgaGVpZ2h0PSIxIiB4bWxucz0iaHR0cDovL3d3dy53My5vcmcvMjAwMC9zdmciPjwvc3ZnPg==\" style=\"--smush-placeholder-width: 150px; --smush-placeholder-aspect-ratio: 150\/150;\" \/><div class=\"post-action btn btn-skin-dark-shaded inverted\"><a href=\"https:\/\/tyyala.utu.fi\/turun-yk-yhdistys\/wp-content\/uploads\/sites\/23\/2023\/06\/Tyky-logo-valk-1.png\" class=\"icn-expand\" data-lb-type=\"grouped-gallery\" title=\"Valkoinen logo\"><\/a><\/div>\r\n                        <\/div>\r\n                              <figcaption class='wp-caption-text gallery-caption' id='gallery-1-4556'>\r\n                              Valkoinen logo\r\n                              <\/figcaption><\/figure>\r\n                  <\/div>\n\n","protected":false},"excerpt":{"rendered":"<p>T\u00e4lt\u00e4 sivulta l\u00f6ytyv\u00e4t Turun YK-Yhdistyksen logot.\u00a0 Ennen materiaalin k\u00e4ytt\u00f6\u00e4 tulee tutustua yhdistyksen graafiseen ohjeeseen.\u00a0Opastusta ja neuvoja Turun YK-Yhdistyksen tunnuksien oikeaan k\u00e4ytt\u00f6\u00f6n antaa my\u00f6s yhdistyksen hallitus.<\/p>\n","protected":false},"author":903,"featured_media":0,"parent":0,"menu_order":0,"comment_status":"closed","ping_status":"closed","template":"","meta":{"_kad_blocks_custom_css":"","_kad_blocks_head_custom_js":"","_kad_blocks_body_custom_js":"","_kad_blocks_footer_custom_js":"","_mc_calendar":[],"footnotes":""},"class_list":["post-2020","page","type-page","status-publish","czr-hentry"],"taxonomy_info":[],"featured_image_src_large":false,"author_info":{"display_name":"Venla Rousku","author_link":"https:\/\/tyyala.utu.fi\/turun-yk-yhdistys\/author\/vmjrou\/"},"comment_info":0,"_links":{"self":[{"href":"https:\/\/tyyala.utu.fi\/turun-yk-yhdistys\/wp-json\/wp\/v2\/pages\/2020","targetHints":{"allow":["GET"]}}],"collection":[{"href":"https:\/\/tyyala.utu.fi\/turun-yk-yhdistys\/wp-json\/wp\/v2\/pages"}],"about":[{"href":"https:\/\/tyyala.utu.fi\/turun-yk-yhdistys\/wp-json\/wp\/v2\/types\/page"}],"author":[{"embeddable":true,"href":"https:\/\/tyyala.utu.fi\/turun-yk-yhdistys\/wp-json\/wp\/v2\/users\/903"}],"replies":[{"embeddable":true,"href":"https:\/\/tyyala.utu.fi\/turun-yk-yhdistys\/wp-json\/wp\/v2\/comments?post=2020"}],"version-history":[{"count":7,"href":"https:\/\/tyyala.utu.fi\/turun-yk-yhdistys\/wp-json\/wp\/v2\/pages\/2020\/revisions"}],"predecessor-version":[{"id":4557,"href":"https:\/\/tyyala.utu.fi\/turun-yk-yhdistys\/wp-json\/wp\/v2\/pages\/2020\/revisions\/4557"}],"wp:attachment":[{"href":"https:\/\/tyyala.utu.fi\/turun-yk-yhdistys\/wp-json\/wp\/v2\/media?parent=2020"}],"curies":[{"name":"wp","href":"https:\/\/api.w.org\/{rel}","templated":true}]}}