{"id":2011,"date":"2018-06-08T07:38:14","date_gmt":"2018-06-08T07:38:14","guid":{"rendered":"http:\/\/tyyala.utu.fi\/turun-yk-yhdistys\/?page_id=2011"},"modified":"2018-06-09T15:14:04","modified_gmt":"2018-06-09T15:14:04","slug":"media","status":"publish","type":"page","link":"https:\/\/tyyala.utu.fi\/turun-yk-yhdistys\/media\/","title":{"rendered":"Media"},"content":{"rendered":"<p>Mediapankkiin on koottu\u00a0hy\u00f6dynnett\u00e4v\u00e4ksi erilaista Turun YK-Yhdistyksen toimintaa k\u00e4sittelev\u00e4\u00e4 materiaalia sek\u00e4 tiedotteita. T\u00e4m\u00e4n lis\u00e4ksi voit tutustua yhdistyksen sosiaalisen median tileihin\u00a0<a href=\"https:\/\/www.facebook.com\/turunykyhdistys\/\">Facebookissa<\/a>,\u00a0<a href=\"https:\/\/www.instagram.com\/turun_yk_yhdistys\/?hl=fi\">Instagramissa<\/a>, <a href=\"https:\/\/twitter.com\/turunykyhdistys?lang=fi\">Twitteriss\u00e4<\/a> and <a href=\"https:\/\/www.youtube.com\/channel\/UC4uT8x9UZrnvgOVRiWjLdwg\">Youtubessa<\/a>.<\/p>\n","protected":false},"excerpt":{"rendered":"<p>Mediapankkiin on koottu\u00a0hy\u00f6dynnett\u00e4v\u00e4ksi erilaista Turun YK-Yhdistyksen toimintaa k\u00e4sittelev\u00e4\u00e4 materiaalia sek\u00e4 tiedotteita. T\u00e4m\u00e4n lis\u00e4ksi voit tutustua yhdistyksen sosiaalisen median tileihin\u00a0Facebookissa,\u00a0Instagramissa, Twitteriss\u00e4 and Youtubessa.<\/p>\n","protected":false},"author":903,"featured_media":1931,"parent":0,"menu_order":0,"comment_status":"closed","ping_status":"closed","template":"","meta":{"_kad_blocks_custom_css":"","_kad_blocks_head_custom_js":"","_kad_blocks_body_custom_js":"","_kad_blocks_footer_custom_js":"","_mc_calendar":[],"footnotes":""},"class_list":["post-2011","page","type-page","status-publish","has-post-thumbnail","czr-hentry"],"taxonomy_info":[],"featured_image_src_large":["https:\/\/tyyala.utu.fi\/turun-yk-yhdistys\/wp-content\/uploads\/sites\/23\/2018\/05\/DSCN0830-e1527593338169-1024x572.jpg",1024,572,true],"author_info":{"display_name":"Venla Rousku","author_link":"https:\/\/tyyala.utu.fi\/turun-yk-yhdistys\/author\/vmjrou\/"},"comment_info":0,"_links":{"self":[{"href":"https:\/\/tyyala.utu.fi\/turun-yk-yhdistys\/wp-json\/wp\/v2\/pages\/2011","targetHints":{"allow":["GET"]}}],"collection":[{"href":"https:\/\/tyyala.utu.fi\/turun-yk-yhdistys\/wp-json\/wp\/v2\/pages"}],"about":[{"href":"https:\/\/tyyala.utu.fi\/turun-yk-yhdistys\/wp-json\/wp\/v2\/types\/page"}],"author":[{"embeddable":true,"href":"https:\/\/tyyala.utu.fi\/turun-yk-yhdistys\/wp-json\/wp\/v2\/users\/903"}],"replies":[{"embeddable":true,"href":"https:\/\/tyyala.utu.fi\/turun-yk-yhdistys\/wp-json\/wp\/v2\/comments?post=2011"}],"version-history":[{"count":5,"href":"https:\/\/tyyala.utu.fi\/turun-yk-yhdistys\/wp-json\/wp\/v2\/pages\/2011\/revisions"}],"predecessor-version":[{"id":2530,"href":"https:\/\/tyyala.utu.fi\/turun-yk-yhdistys\/wp-json\/wp\/v2\/pages\/2011\/revisions\/2530"}],"wp:featuredmedia":[{"embeddable":true,"href":"https:\/\/tyyala.utu.fi\/turun-yk-yhdistys\/wp-json\/wp\/v2\/media\/1931"}],"wp:attachment":[{"href":"https:\/\/tyyala.utu.fi\/turun-yk-yhdistys\/wp-json\/wp\/v2\/media?parent=2011"}],"curies":[{"name":"wp","href":"https:\/\/api.w.org\/{rel}","templated":true}]}}