{"id":172,"date":"2016-09-15T14:55:47","date_gmt":"2016-09-15T14:55:47","guid":{"rendered":"http:\/\/tyyala.utu.fi\/turun-yk-yhdistys\/?page_id=172"},"modified":"2018-06-09T08:22:55","modified_gmt":"2018-06-09T08:22:55","slug":"toiminta","status":"publish","type":"page","link":"https:\/\/tyyala.utu.fi\/turun-yk-yhdistys\/toiminta\/","title":{"rendered":"Toiminta"},"content":{"rendered":"<p>Turun YK-Yhdistys j\u00e4rjest\u00e4\u00e4 mielenkiintoisia, arvojaan tukevia, matalan kynnyksen tapahtumia sek\u00e4 Yhdistyksen tapahtumiin ovat tervetulleita kaikki, my\u00f6s yhdistyksen j\u00e4seneksi liittyminen on ilmaista.\u00a0Yhdistyksen vuosittaiseen toimintaan kuuluu paljon erilaisia ty\u00f6pajoja, seminaareja, tempauksia ja tapahtumia. T\u00e4lle sivulle olemme listanneet yhdistyksen perinteiset tapahtumat. Ajankohtaista tietoa yhdistyksen toiminnasta voit k\u00e4yd\u00e4 katsomassa yhdistyksen <a href=\"https:\/\/tyyala.utu.fi\/turun-yk-yhdistys\/toiminta\/my-calendar\/\">tapahtumakalenterista<\/a> tai <a href=\"https:\/\/tyyala.utu.fi\/turun-yk-yhdistys\/toimintasuunnitelma-2018\/\">toimintasuunnitelmasta<\/a>.<\/p>\n<p><strong><span style=\"color: #000080\">Seminaareja, keskustelutilaisuuksia ja ty\u00f6pajoja<\/span>\u00a0<\/strong>j\u00e4rjestet\u00e4\u00e4n sek\u00e4 syksyll\u00e4 ett\u00e4 kev\u00e4\u00e4ll\u00e4. Viime vuosina olemme j\u00e4rjest\u00e4neet muun muassa Ihmisoikeuksien Suomi? -puhujatilaisuuden, Rasismiin puuttumisen treenikeh\u00e4n, Naisten oikeuksien Suomi -ty\u00f6pajan sek\u00e4 Lasikattoja murtamassa -paneelin.<\/p>\n<p><span style=\"color: #000080\"><strong>Avajaiskarnevaalit<\/strong>\u00a0<\/span>ovat Turun yliopiston ylioppilaskunnan ja Turun yliopiston j\u00e4rjest\u00e4m\u00e4 tapahtuma, jolla aloitetaan yhteinen akateeminen vuosi. Paikalla on useita opiskelijaj\u00e4rjest\u00f6j\u00e4 ja my\u00f6s Turun YK-Yhdistys on tapahtumassa esittelem\u00e4ss\u00e4 toimintaansa. Monesti olemme kehitt\u00e4neet st\u00e4ndille jonkin YK:n teemoihin liittyv\u00e4n aktiviteetin tai kilpailun. Lis\u00e4ksi st\u00e4ndill\u00e4 mahdollisuus ostaa Turun YK-Yhdistyksen haalarimerkkej\u00e4.<\/p>\n<p><span style=\"color: #000080\"><strong>Mahdollisuuksien tori\u00a0<\/strong><\/span>on Sondip ry:n ja Kepa ry:n organisoima tapahtuma, jonka tavoitteena on tuoda esiin globaalejakysymyksi\u00e4, kiinnostavia kulttuureja sek\u00e4 kansalaistoiminnan mahdollisuuksia. Mahdollisuuksien tori kokoaa yhteen yli 40 paikallista ja kansallista j\u00e4rjest\u00f6\u00e4 Turun Vanhalle Suurtorille.<\/p>\n<p><span style=\"color: #000080\"><strong>Uusien ilta<\/strong><\/span> on rento hengailutapahtuma, jonne voi tulla seurustelemaan ja kuulemaan yhdistyksen toiminnasta. Tarjolla on usein my\u00f6s pient\u00e4 purtavaa sek\u00e4 ajankohtaista tietoa yhdistyksen tulevista tapahtumista ja tempauksista. T\u00e4m\u00e4n lis\u00e4ksi tapahtumassa saa vapaasti esitt\u00e4\u00e4 ideoita, ehdotuksia ja toiveita yhdistyksen toimintaan liittyen.<\/p>\n<p><span style=\"color: #000080\"><strong>L\u00e4ksykerhoinfo<\/strong><\/span><strong><span style=\"color: #000080\">ja<\/span>\u00a0<\/strong>j\u00e4rjestet\u00e4\u00e4n 1\u20132 kappaletta vuodessa. Tapahtumassa L\u00e4ksykerhovastaava kertoo Halisten l\u00e4ksykerhon toiminnasta kaikille vapaaehtoistoiminnasta kiinnostuneille henkil\u00f6ille.<\/p>\n<p><span style=\"color: #000080\"><strong>Ekskursioita<\/strong><\/span> Turun YK-Yhdistys j\u00e4rjest\u00e4\u00e4 perinteisesti 1\u20132 kappaletta vuodessa. P\u00e4\u00e4s\u00e4\u00e4nt\u00f6isesti ekskursiot ovat keskittyneet kotimaahan, mutta ekskursioita tehd\u00e4\u00e4n v\u00e4lill\u00e4 my\u00f6s ulkomaille.<\/p>\n<p><strong><span style=\"color: #000080\">Syyskokous<\/span>\u00a0<\/strong>j\u00e4rjestet\u00e4\u00e4n kerran vuodessa loka-marraskuussa. Syyskokouksessa valitaan Turun YK-Yhdistyksen hallitus sek\u00e4 muut toimijat tulevalle toimikaudelle.<\/p>\n<p><span style=\"color: #000080\"><strong>Hyv\u00e4n mielen joulukorttitempaus<\/strong><\/span> on Turun YK-Yhdistyksen hyv\u00e4ntekev\u00e4isyyskampanja, jonka ideana ker\u00e4t\u00e4 kirjoituksia vanhainkotiin meneviin joulukortteihin. Perinteisesti olemme pit\u00e4neet st\u00e4ndi\u00e4 yliopiston aulassa ja tarjonneet halukkaille joulukorttien kirjoittajille ilmaista gl\u00f6gi\u00e4 sek\u00e4 joulupipareita.<\/p>\n<p><strong><span style=\"color: #000080\">Dokumentti-illasta<\/span>\u00a0<\/strong>ollaan nautittu yleens\u00e4 kev\u00e4\u00e4ll\u00e4 jossakin\u00a0Turun keskustassa sijaitsevassa baarissa, ravintolassa tai kahvilassa. Dokumentti-iloissa katsotaan ajankohtaisia YK:n teemoihin sopivia dokumentteja.<\/p>\n<p><span style=\"color: #000080\"><strong>Kev\u00e4tkokous<\/strong><\/span> j\u00e4rjestet\u00e4\u00e4n helmi-huhtikuussa. Kev\u00e4tkokouksessa k\u00e4sitell\u00e4\u00e4n edellisen toimikauden toimintakertomus, vahvistetaan tilinp\u00e4\u00e4t\u00f6s sek\u00e4 p\u00e4\u00e4tet\u00e4\u00e4n tili-ja vastuuvapauden my\u00f6nt\u00e4misest\u00e4.<\/p>\n<p><span style=\"color: #000080\"><strong>SiistiVappu-kampanjaan\u00a0<\/strong><\/span>Turun YK-Yhdistys on perinteisesti osallistunut siivoamalla yhten\u00e4 p\u00e4iv\u00e4n\u00e4 muutaman tunnin kampusaluetta.<\/p>\n<p><strong><span style=\"color: #000080\">Etnofest<\/span>\u00a0<\/strong>on Sondip ry:n ja Turun kaupungin organisoima kev\u00e4tfestivaali, joka j\u00e4rjestet\u00e4\u00e4n perinteisesti toukokuun lopulla Varissuon Pelttarin kent\u00e4ll\u00e4. Ohjelmassa on erilaisia musiikkiesityksi\u00e4, tanssia, tempauksia, aktiviteetteja sek\u00e4 tietenkin maittavia ruokia eri ruokakulttuureista. Turun YK-Yhdistys on perinteisesti osallistunut tapahtumaan pit\u00e4m\u00e4ll\u00e4 omaa st\u00e4ndi\u00e4.<\/p>\n<p><span style=\"color: #000080\"><strong>Turku Pridea<\/strong><\/span> juhlitaan Turussa perinteisesti elokuussa. Turun YK-Yhdistys on osallistunut Turku Pride -kulkueeseen sek\u00e4 sen j\u00e4lkeiseen puistojuhlaan piknikin merkeiss\u00e4.<\/p>\n","protected":false},"excerpt":{"rendered":"<p>Turun YK-Yhdistys j\u00e4rjest\u00e4\u00e4 mielenkiintoisia, arvojaan tukevia, matalan kynnyksen tapahtumia sek\u00e4 Yhdistyksen tapahtumiin ovat tervetulleita kaikki, my\u00f6s yhdistyksen j\u00e4seneksi liittyminen on ilmaista.\u00a0Yhdistyksen vuosittaiseen toimintaan kuuluu paljon erilaisia ty\u00f6pajoja, seminaareja, tempauksia ja tapahtumia. T\u00e4lle sivulle olemme listanneet yhdistyksen perinteiset tapahtumat. Ajankohtaista tietoa yhdistyksen toiminnasta voit k\u00e4yd\u00e4 katsomassa yhdistyksen tapahtumakalenterista tai toimintasuunnitelmasta. Seminaareja, keskustelutilaisuuksia ja ty\u00f6pajoja\u00a0j\u00e4rjestet\u00e4\u00e4n sek\u00e4 syksyll\u00e4 [&hellip;]<\/p>\n","protected":false},"author":110,"featured_media":1916,"parent":0,"menu_order":0,"comment_status":"closed","ping_status":"closed","template":"","meta":{"_kad_blocks_custom_css":"","_kad_blocks_head_custom_js":"","_kad_blocks_body_custom_js":"","_kad_blocks_footer_custom_js":"","_mc_calendar":[],"footnotes":""},"class_list":["post-172","page","type-page","status-publish","has-post-thumbnail","czr-hentry"],"taxonomy_info":[],"featured_image_src_large":["https:\/\/tyyala.utu.fi\/turun-yk-yhdistys\/wp-content\/uploads\/sites\/23\/2018\/05\/DSCN0760-e1527585432943-1024x405.jpg",1024,405,true],"author_info":{"display_name":"YK-yhdistys","author_link":"https:\/\/tyyala.utu.fi\/turun-yk-yhdistys\/author\/markarv\/"},"comment_info":0,"_links":{"self":[{"href":"https:\/\/tyyala.utu.fi\/turun-yk-yhdistys\/wp-json\/wp\/v2\/pages\/172","targetHints":{"allow":["GET"]}}],"collection":[{"href":"https:\/\/tyyala.utu.fi\/turun-yk-yhdistys\/wp-json\/wp\/v2\/pages"}],"about":[{"href":"https:\/\/tyyala.utu.fi\/turun-yk-yhdistys\/wp-json\/wp\/v2\/types\/page"}],"author":[{"embeddable":true,"href":"https:\/\/tyyala.utu.fi\/turun-yk-yhdistys\/wp-json\/wp\/v2\/users\/110"}],"replies":[{"embeddable":true,"href":"https:\/\/tyyala.utu.fi\/turun-yk-yhdistys\/wp-json\/wp\/v2\/comments?post=172"}],"version-history":[{"count":25,"href":"https:\/\/tyyala.utu.fi\/turun-yk-yhdistys\/wp-json\/wp\/v2\/pages\/172\/revisions"}],"predecessor-version":[{"id":2220,"href":"https:\/\/tyyala.utu.fi\/turun-yk-yhdistys\/wp-json\/wp\/v2\/pages\/172\/revisions\/2220"}],"wp:featuredmedia":[{"embeddable":true,"href":"https:\/\/tyyala.utu.fi\/turun-yk-yhdistys\/wp-json\/wp\/v2\/media\/1916"}],"wp:attachment":[{"href":"https:\/\/tyyala.utu.fi\/turun-yk-yhdistys\/wp-json\/wp\/v2\/media?parent=172"}],"curies":[{"name":"wp","href":"https:\/\/api.w.org\/{rel}","templated":true}]}}