{"id":775,"date":"2025-02-24T10:28:24","date_gmt":"2025-02-24T08:28:24","guid":{"rendered":"https:\/\/tyyala.utu.fi\/tpo\/?page_id=775"},"modified":"2026-03-16T19:21:12","modified_gmt":"2026-03-16T17:21:12","slug":"vuosijuhlasitsit-2026","status":"publish","type":"page","link":"https:\/\/tyyala.utu.fi\/tpo\/vuosijuhlasitsit-2026\/","title":{"rendered":"Vuosijuhlasitsit 2026"},"content":{"rendered":"\n<p>Arvoisat osakuntalaiset,<\/p>\n\n\n\n<p>Turun yliopiston Pohjalaisella Osakunnalla on kunnia kutsua Teid\u00e4t 98. vuosijuhlaansa perjantaina 3.4. Vuosijuhlat vietet\u00e4\u00e4n t\u00e4n\u00e4 vuonna vapaammin p\u00f6yt\u00e4juhlana TYY:n saunalla. Vuosijuhlat alkavat kello 18.00 cocktail-tilaisuudella, jonka j\u00e4lkeen samassa tilassa j\u00e4rjestet\u00e4\u00e4n vuosijuhlasitsit. Vuosijuhlasitsit ovat luonteeltaan rennommat kuin perinteiset vuosijuhlat, mutta kuitenkin arvokas akateeminen p\u00f6yt\u00e4juhla. Sitsien p\u00e4\u00e4tytty\u00e4 kello 22 on mahdollisuus k\u00e4yd\u00e4 saunassa, ja siirty\u00e4 jatkoille viereiseen ravintolaan. Tilasta tulee poistua vuorokauden loppuun menness\u00e4.<\/p>\n\n\n\n<p>Vuosijuhlasitsien hinta on 25\u20ac, siihen sis\u00e4ltyy ruoka-ja juomatarjoilua. Suosittelemme ottamaan my\u00f6s omia juomia mukaan. Vuosijuhlille ilmoittaudutaan Kide.app:issa, ilmoittautuminen sulkeutuu 31.3.<\/p>\n\n\n\n<p>Mik\u00e4li teill\u00e4 on ongelmia Kide.app:in k\u00e4yt\u00f6ss\u00e4, voitte ilmoittautua my\u00f6s s\u00e4hk\u00f6postilla tpo@lists.utu.fi. T\u00e4ll\u00f6in vuosijuhlat maksetaan paikan p\u00e4\u00e4ll\u00e4 tai my\u00f6hemmin tilisiirrolla. On my\u00f6s mahdollista ilmoittautua Kide.app:issa, ja hoitaa maksu my\u00f6hemmin paikan p\u00e4\u00e4ll\u00e4.<\/p>\n\n\n\n<p>Pukukoodi: Juhlapuku ja akateemiset kunniamerkit<\/p>\n\n\n\n<p>Ilmoittautuminen: <a href=\"https:\/\/kide.app\/events\/fb397caa-09de-433b-bef9-6a39304e06e4\">https:\/\/kide.app\/events\/fb397caa-09de-433b-bef9-6a39304e06e4<\/a><\/p>\n\n\n\n<p><\/p>\n","protected":false},"excerpt":{"rendered":"<p>Arvoisat osakuntalaiset, Turun yliopiston Pohjalaisella Osakunnalla on kunnia kutsua Teid\u00e4t 98. vuosijuhlaansa perjantaina 3.4. Vuosijuhlat vietet\u00e4\u00e4n t\u00e4n\u00e4 vuonna vapaammin p\u00f6yt\u00e4juhlana TYY:n saunalla. Vuosijuhlat alkavat kello 18.00 cocktail-tilaisuudella, jonka j\u00e4lkeen samassa tilassa j\u00e4rjestet\u00e4\u00e4n vuosijuhlasitsit. Vuosijuhlasitsit ovat luonteeltaan rennommat kuin perinteiset vuosijuhlat, mutta kuitenkin arvokas akateeminen p\u00f6yt\u00e4juhla. Sitsien p\u00e4\u00e4tytty\u00e4 kello 22 on mahdollisuus k\u00e4yd\u00e4 saunassa, ja siirty\u00e4 [&hellip;]<\/p>\n","protected":false},"author":2156,"featured_media":0,"parent":0,"menu_order":0,"comment_status":"closed","ping_status":"closed","template":"","meta":{"footnotes":""},"class_list":["post-775","page","type-page","status-publish","hentry","post-preview"],"_links":{"self":[{"href":"https:\/\/tyyala.utu.fi\/tpo\/wp-json\/wp\/v2\/pages\/775","targetHints":{"allow":["GET"]}}],"collection":[{"href":"https:\/\/tyyala.utu.fi\/tpo\/wp-json\/wp\/v2\/pages"}],"about":[{"href":"https:\/\/tyyala.utu.fi\/tpo\/wp-json\/wp\/v2\/types\/page"}],"author":[{"embeddable":true,"href":"https:\/\/tyyala.utu.fi\/tpo\/wp-json\/wp\/v2\/users\/2156"}],"replies":[{"embeddable":true,"href":"https:\/\/tyyala.utu.fi\/tpo\/wp-json\/wp\/v2\/comments?post=775"}],"version-history":[{"count":8,"href":"https:\/\/tyyala.utu.fi\/tpo\/wp-json\/wp\/v2\/pages\/775\/revisions"}],"predecessor-version":[{"id":800,"href":"https:\/\/tyyala.utu.fi\/tpo\/wp-json\/wp\/v2\/pages\/775\/revisions\/800"}],"wp:attachment":[{"href":"https:\/\/tyyala.utu.fi\/tpo\/wp-json\/wp\/v2\/media?parent=775"}],"curies":[{"name":"wp","href":"https:\/\/api.w.org\/{rel}","templated":true}]}}