{"id":49,"date":"2016-06-26T16:59:53","date_gmt":"2016-06-26T16:59:53","guid":{"rendered":"http:\/\/tyyala.utu.fi\/tpo\/?page_id=49"},"modified":"2020-10-28T19:43:50","modified_gmt":"2020-10-28T19:43:50","slug":"yhteystiedot","status":"publish","type":"page","link":"https:\/\/tyyala.utu.fi\/tpo\/yhteystiedot\/","title":{"rendered":"Yhteystiedot"},"content":{"rendered":"<p>Turun yliopiston pohjalainen osakunta ry.<\/p>\n<p>Postiosoite:<\/p>\n<p>Rehtorinpellonkatu 4-6B, 20500 Turku (Ylioppilastalo B:n katutaso, <a href=\"https:\/\/www.facebook.com\/OsakuntatilaB\" target=\"_blank\" rel=\"noopener noreferrer\">Osakuntatila B<\/a>, oven p\u00e4\u00e4ll\u00e4 lukee &#8220;Osissa&#8221;)<\/p>\n<p>K\u00e4yntiosoite:<\/p>\n<p>Nummenpuistokatu 2, 20540 Turku<\/p>\n<p>Tarkemmat ohjeet meille l\u00f6yt\u00e4miseksi l\u00f6ytyv\u00e4t <a href=\"https:\/\/tyyala.utu.fi\/tpo\/toiminta\/toimisto\/\">&#8220;Toimisto&#8221;-sivulta<\/a>. Parasta vierailuaikaa ovat p\u00e4ivystykset.<\/p>\n<p>Voit ottaa meihin yhteytt\u00e4 tulemalla tapaamaan meit\u00e4 kokous- tai p\u00e4ivystysaikoina (p\u00e4ivystys maanantaisin Proffan Kellarissa 14.00-15.00) tai voit kirjoittaa s\u00e4hk\u00f6postia hallitukselle osoitteesen <a href=\"mailto:tpo@lists.utu.fi\">tpo@lists.utu.fi<\/a>.<\/p>\n<p>Osakunnan s\u00e4hk\u00f6postilistalle voi liitty\u00e4 l\u00e4hett\u00e4m\u00e4ll\u00e4 postia hallitukselle. S\u00e4hk\u00f6postilista on nopein tapa saada tietoa tulevista tapahtumista.<\/p>\n<p>Osakunnan IRC-kanava on IRCnetiss\u00e4 #tpo, Facebookissa on osakunnalle omistettu sek\u00e4 ryhm\u00e4 <a href=\"https:\/\/www.facebook.com\/groups\/18558162760\/\" target=\"_blank\" rel=\"noopener noreferrer\">&#8220;TPO&#8221;<\/a> sek\u00e4 tiedotussivu <a href=\"https:\/\/www.facebook.com\/osakunta.tpo\/\" target=\"_blank\" rel=\"noopener noreferrer\">&#8220;Turun yliopiston Pohjalainen Osakunta&#8221;<\/a> ja osakunnan whatsapp ryhm\u00e4\u00e4n p\u00e4\u00e4see liittym\u00e4\u00e4n nyk\u00e4isem\u00e4ll\u00e4 hallituslaista hihasta. B-talon osakunnilla on my\u00f6s yhteinen WWW-sivu osoitteessa <a href=\"http:\/\/osakunnat.utu.fi\" target=\"_blank\" rel=\"noopener noreferrer\">osakunnat.utu.fi<\/a>.<\/p>\n","protected":false},"excerpt":{"rendered":"<p>Turun yliopiston pohjalainen osakunta ry. Postiosoite: Rehtorinpellonkatu 4-6B, 20500 Turku (Ylioppilastalo B:n katutaso, Osakuntatila B, oven p\u00e4\u00e4ll\u00e4 lukee &#8220;Osissa&#8221;) K\u00e4yntiosoite: Nummenpuistokatu 2, 20540 Turku Tarkemmat ohjeet meille l\u00f6yt\u00e4miseksi l\u00f6ytyv\u00e4t &#8220;Toimisto&#8221;-sivulta. Parasta vierailuaikaa ovat p\u00e4ivystykset. Voit ottaa meihin yhteytt\u00e4 tulemalla tapaamaan meit\u00e4 kokous- tai p\u00e4ivystysaikoina (p\u00e4ivystys maanantaisin Proffan Kellarissa 14.00-15.00) tai voit kirjoittaa s\u00e4hk\u00f6postia hallitukselle osoitteesen [&hellip;]<\/p>\n","protected":false},"author":101,"featured_media":0,"parent":0,"menu_order":0,"comment_status":"closed","ping_status":"closed","template":"","meta":{"footnotes":""},"class_list":["post-49","page","type-page","status-publish","hentry","post-preview"],"_links":{"self":[{"href":"https:\/\/tyyala.utu.fi\/tpo\/wp-json\/wp\/v2\/pages\/49","targetHints":{"allow":["GET"]}}],"collection":[{"href":"https:\/\/tyyala.utu.fi\/tpo\/wp-json\/wp\/v2\/pages"}],"about":[{"href":"https:\/\/tyyala.utu.fi\/tpo\/wp-json\/wp\/v2\/types\/page"}],"author":[{"embeddable":true,"href":"https:\/\/tyyala.utu.fi\/tpo\/wp-json\/wp\/v2\/users\/101"}],"replies":[{"embeddable":true,"href":"https:\/\/tyyala.utu.fi\/tpo\/wp-json\/wp\/v2\/comments?post=49"}],"version-history":[{"count":9,"href":"https:\/\/tyyala.utu.fi\/tpo\/wp-json\/wp\/v2\/pages\/49\/revisions"}],"predecessor-version":[{"id":279,"href":"https:\/\/tyyala.utu.fi\/tpo\/wp-json\/wp\/v2\/pages\/49\/revisions\/279"}],"wp:attachment":[{"href":"https:\/\/tyyala.utu.fi\/tpo\/wp-json\/wp\/v2\/media?parent=49"}],"curies":[{"name":"wp","href":"https:\/\/api.w.org\/{rel}","templated":true}]}}