{"id":44,"date":"2016-06-26T16:55:57","date_gmt":"2016-06-26T16:55:57","guid":{"rendered":"http:\/\/tyyala.utu.fi\/tpo\/?page_id=44"},"modified":"2022-12-30T14:09:10","modified_gmt":"2022-12-30T14:09:10","slug":"vuosijuhlien-juhlaetiketti","status":"publish","type":"page","link":"https:\/\/tyyala.utu.fi\/tpo\/tapahtumat\/vuosijuhlien-juhlaetiketti\/","title":{"rendered":"Vuosijuhlien juhlaetiketti"},"content":{"rendered":"<p>Tiedossa on akateeminen p\u00f6yt\u00e4juhla ja vaikka se tiet\u00e4\u00e4 loistoa ja v\u00e4lkett\u00e4, ei tarkoitus ole p\u00f6n\u00f6tt\u00e4\u00e4 vakavana vaan pit\u00e4\u00e4 hauskaa. Jotta kaikki uskaltautuisivat mukaan ja selvi\u00e4v\u00e4t juhlista enemm\u00e4n tai v\u00e4hemm\u00e4n kunnialla, t\u00e4ss\u00e4 muutamia vinkkej\u00e4 vuosijuhlien viettoon.<\/p>\n<p><strong>Pukeutuminen<\/strong><\/p>\n<p>Vuosijuhlat ovat mahtava tilaisuus leikki\u00e4 p\u00e4iv\u00e4 prinsessaa tai prinssi\u00e4. Kutsussa mainitaan tilaisuuteen sopiva pukeutuminen eli juhla- tai tumma puku ja akateemiset kunniamerkit. T\u00e4m\u00e4 tarkoittaa miehell\u00e4 frakkia tai tummaa pukua ja naisella pitk\u00e4\u00e4 iltapukua.<\/p>\n<p><strong>Miesten pukeutuminen<\/strong><\/p>\n<p>Frakin kanssa k\u00e4ytet\u00e4\u00e4n valkoista liivi\u00e4, valkoista rusettia, kultaisia tai helmi\u00e4iskalvosinnappeja sek\u00e4 mustia pitk\u00e4vartisia sukkia ja kiiltonahkakenki\u00e4. Taskuliina on valkoinen ja n\u00e4kyy kapeana viiruna. Halutessaan herra voi sonnustautua my\u00f6s valkoisiin hansikkaisiin ja muistaa pit\u00e4isi, ettei frakin kanssa k\u00e4ytet\u00e4 rannekelloa. Asuksi k\u00e4y vallan mainiosti my\u00f6s tumma puku ja hillitty solmio. T\u00e4ll\u00f6in asuun kuuluu valkea paita ja kalvosimet sek\u00e4 taskuliina. Puvun kanssa voi k\u00e4ytt\u00e4\u00e4 my\u00f6s sen v\u00e4riin sointuvia liivej\u00e4. Jalkaan viel\u00e4 mustat juhlakeng\u00e4t sek\u00e4 mustat sukat ja valmista on. Lis\u00e4yksen\u00e4 viel\u00e4, ett\u00e4 smokki ja shaketti eiv\u00e4t ole vuosijuhla-asuja.<\/p>\n<p><strong>Naisten pukeutuminen<\/strong><\/p>\n<p>Naisten iltapuku on t\u00e4yspitk\u00e4, eli nilkkoihin ulottuva, juhlavasta materiaalista tehty avarap\u00e4\u00e4nteinen tai olkaimeton puku. P\u00e4iv\u00e4llisen aikana olkap\u00e4\u00e4t on hyv\u00e4 peitt\u00e4\u00e4 esimerkiksi asuun sopivalla huivilla tai bolerolla. Kengiksi sopivat sirot avonaiset juhlakeng\u00e4t, mutta kannattaa pit\u00e4\u00e4 huolta siit\u00e4, ett\u00e4 keng\u00e4t ovat my\u00f6s mukavat ja niill\u00e4 voi tanssia. K\u00e4silaukun tulisi olla asuun sointuva siro ja pieni sek\u00e4 hihnaton laukku, joka sopii yhteen my\u00f6s kenkien kanssa. Asua voi t\u00e4ydent\u00e4\u00e4 pitkill\u00e4 kyyn\u00e4rp\u00e4iden yli ulottuvilla hansikkailla, joita k\u00e4ytet\u00e4\u00e4n alkumaljan ja tanssin ajan, mutta ei ruokailtaessa. Pitk\u00e4n iltapuvun kanssa voi k\u00e4ytt\u00e4\u00e4 korukelloa sek\u00e4 erilaisia koruja, jotka voivat olla hyvinkin n\u00e4ytt\u00e4vi\u00e4. Hansikkaita k\u00e4ytett\u00e4ess\u00e4 sormukset pidet\u00e4\u00e4n niiden alla ja rannekorut niiden p\u00e4\u00e4ll\u00e4. Pitkien hiusten tulisi olla juhlassa kiinni.<\/p>\n<p><strong>Ansiomerkit ja nauhat<\/strong><\/p>\n<p>Juhla-asuun kuuluvat my\u00f6s akateemiset ansiomerkit ja nauhat. Miehet kantavat nauhaa siten, ett\u00e4 se kulkee oikealta olkap\u00e4\u00e4lt\u00e4 rinnan yli vasemmalle lantiolle liivin alla tai tumman puvun kanssa solmion p\u00e4\u00e4lt\u00e4. Naisilla nauha kulkee p\u00e4invastoin vasemmalta oikealle. Hyv\u00e4 muistis\u00e4\u00e4nt\u00f6 t\u00e4h\u00e4n on, ett\u00e4 nainen ajaa ja mies on pelk\u00e4\u00e4j\u00e4n paikalla. Nauhan kevyempi v\u00e4ri, TPO:n tapauksessa valkoinen, tulee aina yl\u00e4puolelle. Nauha ei saa koskettaa paljasta ihoa ja naiset voivatkin kosketuksen v\u00e4ltt\u00e4\u00e4kseen tehd\u00e4 nauhasta my\u00f6s ruusukkeen, jota kannetaan vasemmalla rinnustalla.<\/p>\n<p>Ohjeita ruusukkeen tekoon sek\u00e4 TPO:n sinivalkoista osakuntanauhaa voi kysell\u00e4 toimistolla. Jos k\u00e4ytet\u00e4\u00e4n useampia nauhoja ylimp\u00e4n\u00e4 ovat oman ylioppilaskunnan nauha ja sen alla muiden ylioppilaskuntien nauhat, sitten osakuntien nauhat ja lopuksi ainej\u00e4rjest\u00f6jen ja muiden nauhat. Kerrallaan on sopivaa kantaa korkeintaan kolmea nauhaa.<\/p>\n<p><strong>Juhlan kulku<\/strong><\/p>\n<p>Vuosijuhla alkaa cocktail-tilaisuudella, jossa vastaanotetaan tervehdykset esimerkiksi muilta osakunnilta ja ainej\u00e4rjest\u00f6ilt\u00e4. Samalla tarjotaan tervetuliaismalja. P\u00f6yt\u00e4j\u00e4rjestys on esill\u00e4 jo cocktailtilaisuudessa ja oman p\u00f6yd\u00e4n sijainti ja p\u00f6yt\u00e4seurue kannattaa tarkistaa ajoissa. Tilaisuudesta siirryt\u00e4\u00e4n yhdess\u00e4 varsinaiseen iltajuhlaan. Juhlaan voi liitty\u00e4 my\u00f6s vasta iltajuhlan alkaessa. Illan em\u00e4nt\u00e4 ja is\u00e4nt\u00e4 vastaanottavat ja tervehtiv\u00e4t kaikki vieraat.<\/p>\n<p>Kaikkien vieraiden saavuttua saliin tulevat liput, ensimm\u00e4isen\u00e4 Suomen lippu airueineen ja t\u00e4m\u00e4n j\u00e4lkeen osakunnan lippu airueineen. Vieraat seuraavat katseellaan lippuja, jotka asetetaan paikoilleen. Lippujen saavuttua lauletaan maakuntalaulut. Kyll\u00e4, kaikki maakuntalaulut, mutta ei sent\u00e4\u00e4n kokonaan. T\u00e4m\u00e4n j\u00e4lkeen seremoniamestari kehottaa istuutumaan. P\u00e4\u00e4p\u00f6yt\u00e4 istuu ensimm\u00e4isen\u00e4 ja muut t\u00e4m\u00e4n j\u00e4lkeen. Kavaljeerit auttavat p\u00f6yt\u00e4daaminsa eli oikealla puolellaan istuvan naisen istumaan. Hyvien tapojen mukaista on esitt\u00e4yty\u00e4 niille p\u00f6yt\u00e4seurueen j\u00e4senille, joita ei entuudestaan tunne. Ilmoittautuessa mahdollisesti mainittu avec, jonka ei siis ole mik\u00e4\u00e4n pakko olla tytt\u00f6- tai poikayst\u00e4v\u00e4, istuu yleens\u00e4 p\u00f6yd\u00e4ss\u00e4 vastap\u00e4\u00e4t\u00e4.<\/p>\n<p>Illan kulusta vastaa juhlamarsalkka, joka kuuluttaa ohjelmanumerot ja jakaa puheenvuorot. Laulunjohtaja puolestaan kuuluttaa illan aikana laulettavat laulut ja toimii esilaulajana. K\u00e4yt\u00e4nn\u00f6n asioista vastaa ja tiedottaa illan em\u00e4nt\u00e4. Ohjelman kulkua voi seurata jokaiselle jaetusta ohjelmalehtisest\u00e4, mist\u00e4 l\u00f6ytyv\u00e4t my\u00f6s laulettavien laulujen sanat. Ohjelmassa vuorottelevat ruoka, puheet, laulut ja ohjelmanumerot. Ohjelmalehdess\u00e4 on my\u00f6s tanssivarauslista, jonka t\u00e4ytt\u00e4mist\u00e4 silm\u00e4ll\u00e4 pit\u00e4en herrojen kannattaa varata mukaansa kyn\u00e4.<\/p>\n<p>Vuosijuhlissa k\u00e4ytt\u00e4ydyt\u00e4\u00e4n hyvien p\u00f6yt\u00e4- ja muiden tapojen mukaan. Muutama asia kannattaa tosin muistaa. Ensinn\u00e4kin naiset riisuvat hansikkaansa kun ruokailu alkaa. Maljoja nostettaessa herrat kohottavat maljaa ensin p\u00f6yt\u00e4daamilleen oikealle puolelle, sitten vasemmalle vierustoverille ja lopuksi vastap\u00e4\u00e4t\u00e4 istuvalle. Naiset tekev\u00e4t saman p\u00e4invastaisessa j\u00e4rjestyksess\u00e4 vasen-oikea-vastap\u00e4\u00e4t\u00e4. Puheiden aikana ei pit\u00e4isi liikkua salissa eik\u00e4 ruokailla tai keskustella vierustovereiden kanssa, vaikkei puheeseen tahtoisikaan mill\u00e4\u00e4n jaksaa keskitty\u00e4.<\/p>\n<p>Juhlien virallinen ohjelma loppuu lippujen poistuessa ja punssin ja kahvin saapuessa Punchen kommer laulun saattelemana. T\u00e4m\u00e4n j\u00e4lkeen on luvassa viel\u00e4 muutama puhe sek\u00e4 vapaa sana jonka aikana kuka tahansa voi esitt\u00e4\u00e4 tervehdyksens\u00e4. Jatkojen aluksi tanssitaan juhlatanssit, eli tuttavallisemmin kammotanssit. Yleens\u00e4 tanssitaan ainakin cicapo, poloneesi, grande valse ja valssi. Osakunta j\u00e4rjest\u00e4\u00e4 ennen juhlaa tanssikurssin, jossa ehk\u00e4 jo ruostumaan p\u00e4\u00e4sseit\u00e4 tanssitaitoja voi hioa. Tanssin j\u00e4lkeen ovatkin vuorossa itse jatkot, joiden viett\u00e4miseen kukaan tuskin tarvitsee sen kummempaa ohjeistusta.<\/p>\n","protected":false},"excerpt":{"rendered":"<p>Tiedossa on akateeminen p\u00f6yt\u00e4juhla ja vaikka se tiet\u00e4\u00e4 loistoa ja v\u00e4lkett\u00e4, ei tarkoitus ole p\u00f6n\u00f6tt\u00e4\u00e4 vakavana vaan pit\u00e4\u00e4 hauskaa. Jotta kaikki uskaltautuisivat mukaan ja selvi\u00e4v\u00e4t juhlista enemm\u00e4n tai v\u00e4hemm\u00e4n kunnialla, t\u00e4ss\u00e4 muutamia vinkkej\u00e4 vuosijuhlien viettoon. Pukeutuminen Vuosijuhlat ovat mahtava tilaisuus leikki\u00e4 p\u00e4iv\u00e4 prinsessaa tai prinssi\u00e4. Kutsussa mainitaan tilaisuuteen sopiva pukeutuminen eli juhla- tai tumma puku [&hellip;]<\/p>\n","protected":false},"author":101,"featured_media":0,"parent":38,"menu_order":2,"comment_status":"closed","ping_status":"closed","template":"","meta":{"footnotes":""},"class_list":["post-44","page","type-page","status-publish","hentry","post-preview"],"_links":{"self":[{"href":"https:\/\/tyyala.utu.fi\/tpo\/wp-json\/wp\/v2\/pages\/44","targetHints":{"allow":["GET"]}}],"collection":[{"href":"https:\/\/tyyala.utu.fi\/tpo\/wp-json\/wp\/v2\/pages"}],"about":[{"href":"https:\/\/tyyala.utu.fi\/tpo\/wp-json\/wp\/v2\/types\/page"}],"author":[{"embeddable":true,"href":"https:\/\/tyyala.utu.fi\/tpo\/wp-json\/wp\/v2\/users\/101"}],"replies":[{"embeddable":true,"href":"https:\/\/tyyala.utu.fi\/tpo\/wp-json\/wp\/v2\/comments?post=44"}],"version-history":[{"count":1,"href":"https:\/\/tyyala.utu.fi\/tpo\/wp-json\/wp\/v2\/pages\/44\/revisions"}],"predecessor-version":[{"id":45,"href":"https:\/\/tyyala.utu.fi\/tpo\/wp-json\/wp\/v2\/pages\/44\/revisions\/45"}],"up":[{"embeddable":true,"href":"https:\/\/tyyala.utu.fi\/tpo\/wp-json\/wp\/v2\/pages\/38"}],"wp:attachment":[{"href":"https:\/\/tyyala.utu.fi\/tpo\/wp-json\/wp\/v2\/media?parent=44"}],"curies":[{"name":"wp","href":"https:\/\/api.w.org\/{rel}","templated":true}]}}