{"id":344,"date":"2022-12-30T13:58:25","date_gmt":"2022-12-30T13:58:25","guid":{"rendered":"https:\/\/tyyala.utu.fi\/tpo\/?page_id=344"},"modified":"2023-03-28T07:03:21","modified_gmt":"2023-03-28T05:03:21","slug":"dokumentit","status":"publish","type":"page","link":"https:\/\/tyyala.utu.fi\/tpo\/virallista\/dokumentit\/","title":{"rendered":"Dokumentit"},"content":{"rendered":"\n<p>Osakunnan s\u00e4\u00e4nn\u00f6t l\u00f6yd\u00e4t <a href=\"https:\/\/tyyala.utu.fi\/tpo\/wp-content\/uploads\/sites\/16\/2023\/03\/TPO-saannot-2016-Yhdistyksen-kokouksen-hyvaksymat-16.12.2016.pdf\">t\u00e4\u00e4lt\u00e4<\/a>.<\/p>\n\n\n\n<ul class=\"wp-block-list\"><li>Vuoden 2023 kev\u00e4tkokouksen materiaalit:<ul><li><a href=\"https:\/\/tyyala.utu.fi\/tpo\/wp-content\/uploads\/sites\/16\/2023\/03\/kevatkokouskutsu2023.pdf\">kokouskutsu<\/a><\/li><li><a href=\"https:\/\/tyyala.utu.fi\/tpo\/wp-content\/uploads\/sites\/16\/2023\/03\/Toimintakertomus-2022.pdf\">esitys toimintakertomukseksi vuodelle 2022<\/a><\/li><li><a href=\"https:\/\/tyyala.utu.fi\/tpo\/wp-content\/uploads\/sites\/16\/2023\/03\/Tase-2022.pdf\">tase v. 2022<\/a><\/li><li><a href=\"https:\/\/tyyala.utu.fi\/tpo\/wp-content\/uploads\/sites\/16\/2023\/03\/Tuloslaskelma-2022.pdf\">tuloslaskelma v. 2022<\/a><\/li><\/ul><\/li><\/ul>\n\n\n\n<p><\/p>\n","protected":false},"excerpt":{"rendered":"<p>Osakunnan s\u00e4\u00e4nn\u00f6t l\u00f6yd\u00e4t t\u00e4\u00e4lt\u00e4. Vuoden 2023 kev\u00e4tkokouksen materiaalit: kokouskutsu esitys toimintakertomukseksi vuodelle 2022 tase v. 2022 tuloslaskelma v. 2022<\/p>\n","protected":false},"author":409,"featured_media":0,"parent":332,"menu_order":0,"comment_status":"closed","ping_status":"closed","template":"","meta":{"footnotes":""},"class_list":["post-344","page","type-page","status-publish","hentry","post-preview"],"_links":{"self":[{"href":"https:\/\/tyyala.utu.fi\/tpo\/wp-json\/wp\/v2\/pages\/344","targetHints":{"allow":["GET"]}}],"collection":[{"href":"https:\/\/tyyala.utu.fi\/tpo\/wp-json\/wp\/v2\/pages"}],"about":[{"href":"https:\/\/tyyala.utu.fi\/tpo\/wp-json\/wp\/v2\/types\/page"}],"author":[{"embeddable":true,"href":"https:\/\/tyyala.utu.fi\/tpo\/wp-json\/wp\/v2\/users\/409"}],"replies":[{"embeddable":true,"href":"https:\/\/tyyala.utu.fi\/tpo\/wp-json\/wp\/v2\/comments?post=344"}],"version-history":[{"count":3,"href":"https:\/\/tyyala.utu.fi\/tpo\/wp-json\/wp\/v2\/pages\/344\/revisions"}],"predecessor-version":[{"id":456,"href":"https:\/\/tyyala.utu.fi\/tpo\/wp-json\/wp\/v2\/pages\/344\/revisions\/456"}],"up":[{"embeddable":true,"href":"https:\/\/tyyala.utu.fi\/tpo\/wp-json\/wp\/v2\/pages\/332"}],"wp:attachment":[{"href":"https:\/\/tyyala.utu.fi\/tpo\/wp-json\/wp\/v2\/media?parent=344"}],"curies":[{"name":"wp","href":"https:\/\/api.w.org\/{rel}","templated":true}]}}