{"id":34,"date":"2016-06-26T16:53:03","date_gmt":"2016-06-26T16:53:03","guid":{"rendered":"http:\/\/tyyala.utu.fi\/tpo\/?page_id=34"},"modified":"2026-01-21T15:55:36","modified_gmt":"2026-01-21T13:55:36","slug":"hallitus","status":"publish","type":"page","link":"https:\/\/tyyala.utu.fi\/tpo\/virallista\/hallitus\/","title":{"rendered":"Hallitus ja toimihenkil\u00f6t"},"content":{"rendered":"<p><strong>Inspehtori<\/strong><\/p>\n<p style=\"padding-left: 40px\">Noora Kotaja<\/p>\n<p><strong>Hallitus<\/strong><\/p>\n<p style=\"padding-left: 40px\"><strong>Kuraattori<br \/><\/strong>Lauri Jussinm\u00e4ki<\/p>\n<p style=\"padding-left: 40px\"><b>Hallituksen j\u00e4senet<br \/><\/b>Varakuraattori: Aarni J\u00e4rvel\u00e4inen<br \/>Taloudenhoitaja: Toni Kangasoja<br \/>Sihteeri: Sara Takala<br \/>Tiedottaja: Liisa Ojaniittu<br \/>Is\u00e4nt\u00e4: Hannu Ala-Olla<br \/>Toiminnanjohtaja: Saara Kannisto<\/p>\n\n\n<p>Tavoitat meid\u00e4t s\u00e4hk\u00f6postilla <a href=\"mailto:tpo@lists.utu.fi\">tpo@lists.utu.fi<\/a><\/p>\n","protected":false},"excerpt":{"rendered":"<p>Inspehtori Noora Kotaja Hallitus KuraattoriLauri Jussinm\u00e4ki Hallituksen j\u00e4senetVarakuraattori: Aarni J\u00e4rvel\u00e4inenTaloudenhoitaja: Toni KangasojaSihteeri: Sara TakalaTiedottaja: Liisa OjaniittuIs\u00e4nt\u00e4: Hannu Ala-OllaToiminnanjohtaja: Saara Kannisto Tavoitat meid\u00e4t s\u00e4hk\u00f6postilla tpo@lists.utu.fi<\/p>\n","protected":false},"author":101,"featured_media":0,"parent":332,"menu_order":2,"comment_status":"closed","ping_status":"closed","template":"","meta":{"footnotes":""},"class_list":["post-34","page","type-page","status-publish","hentry","post-preview"],"_links":{"self":[{"href":"https:\/\/tyyala.utu.fi\/tpo\/wp-json\/wp\/v2\/pages\/34","targetHints":{"allow":["GET"]}}],"collection":[{"href":"https:\/\/tyyala.utu.fi\/tpo\/wp-json\/wp\/v2\/pages"}],"about":[{"href":"https:\/\/tyyala.utu.fi\/tpo\/wp-json\/wp\/v2\/types\/page"}],"author":[{"embeddable":true,"href":"https:\/\/tyyala.utu.fi\/tpo\/wp-json\/wp\/v2\/users\/101"}],"replies":[{"embeddable":true,"href":"https:\/\/tyyala.utu.fi\/tpo\/wp-json\/wp\/v2\/comments?post=34"}],"version-history":[{"count":19,"href":"https:\/\/tyyala.utu.fi\/tpo\/wp-json\/wp\/v2\/pages\/34\/revisions"}],"predecessor-version":[{"id":797,"href":"https:\/\/tyyala.utu.fi\/tpo\/wp-json\/wp\/v2\/pages\/34\/revisions\/797"}],"up":[{"embeddable":true,"href":"https:\/\/tyyala.utu.fi\/tpo\/wp-json\/wp\/v2\/pages\/332"}],"wp:attachment":[{"href":"https:\/\/tyyala.utu.fi\/tpo\/wp-json\/wp\/v2\/media?parent=34"}],"curies":[{"name":"wp","href":"https:\/\/api.w.org\/{rel}","templated":true}]}}