{"id":31,"date":"2016-06-26T16:48:54","date_gmt":"2016-06-26T16:48:54","guid":{"rendered":"http:\/\/tyyala.utu.fi\/tpo\/?page_id=31"},"modified":"2017-11-29T10:46:56","modified_gmt":"2017-11-29T10:46:56","slug":"toimisto","status":"publish","type":"page","link":"https:\/\/tyyala.utu.fi\/tpo\/toiminta\/toimisto\/","title":{"rendered":"Toimisto"},"content":{"rendered":"<p>Toimisto on osakuntalaisten kabinetti, joka toimii sek\u00e4 viikottaisten kokousten tukikohtana ett\u00e4 sekalaisten illanviettojen paikkana. Toimisto sopii sek\u00e4 juoruamiseen ett\u00e4 nukkumiseen(my\u00f6s suihku l\u00f6ytyy) &#8211; mit\u00e4 kukin pit\u00e4\u00e4 tarpeellisena ominaisuutena.<\/p>\n<p>Toimistolle l\u00f6yt\u00e4minen voi olla hieman hankala teht\u00e4v\u00e4 ensikertalaisille, vaikka ylioppilastalo Q olisikin tuttu paikka(Nummenpuistokatu 2, 20540 Turku). Toimistolle p\u00e4\u00e4see talon p\u00e4\u00e4dyn portaikon kautta(oven ollessa ei-sulki), sis\u00e4\u00e4n p\u00e4\u00e4sty\u00e4si eteesi aukeaa yhdistysk\u00e4yt\u00e4v\u00e4 ja vuokratila V\u00e4h\u00e4heikkil\u00e4.\u00a0K\u00e4yt\u00e4v\u00e4n p\u00e4\u00e4ss\u00e4 on jykev\u00e4 v\u00e4est\u00f6suojaovi. V\u00e4est\u00f6suojaoven takaa l\u00f6ytyv\u00e4t portaat yl\u00e4kertaan ja niiden oikealta puolella Turun yliopiston Pohjalaisen Osakunnan toimisto.<\/p>\n<p>Toimistoon tutustumiseen oivallinen ja ehk\u00e4 paras tilaisuus on hallituksen kokoukset, joissa p\u00e4\u00e4see itse vaikuttamaan tulevaan toimintaan, ja samalla jakamaan osakuntalaisten kuulumiset. Rohkeimmat voivat tulla kokeilemaan j\u00e4\u00e4kaapista l\u00f6ytyv\u00e4\u00e4 tervaista juomaa, joka virkist\u00e4\u00e4 kehoa ja mielt\u00e4.<\/p>\n<p>Toimistolla sattuvat tapahtumat ker\u00e4t\u00e4\u00e4n L\u00f6rppikseen, joka on kulttuurillisesti ja historiallisesti arvokas teos.<\/p>\n<p><a href=\"https:\/\/tyyala.utu.fi\/tpo\/wp-content\/uploads\/sites\/16\/2016\/06\/logo.png\"><img loading=\"lazy\" decoding=\"async\" class=\"size-full wp-image-177 aligncenter\" src=\"https:\/\/tyyala.utu.fi\/tpo\/wp-content\/uploads\/sites\/16\/2016\/06\/logo.png\" alt=\"\" width=\"115\" height=\"117\" \/><\/a><\/p>\n","protected":false},"excerpt":{"rendered":"<p>Toimisto on osakuntalaisten kabinetti, joka toimii sek\u00e4 viikottaisten kokousten tukikohtana ett\u00e4 sekalaisten illanviettojen paikkana. Toimisto sopii sek\u00e4 juoruamiseen ett\u00e4 nukkumiseen(my\u00f6s suihku l\u00f6ytyy) &#8211; mit\u00e4 kukin pit\u00e4\u00e4 tarpeellisena ominaisuutena. Toimistolle l\u00f6yt\u00e4minen voi olla hieman hankala teht\u00e4v\u00e4 ensikertalaisille, vaikka ylioppilastalo Q olisikin tuttu paikka(Nummenpuistokatu 2, 20540 Turku). Toimistolle p\u00e4\u00e4see talon p\u00e4\u00e4dyn portaikon kautta(oven ollessa ei-sulki), sis\u00e4\u00e4n p\u00e4\u00e4sty\u00e4si [&hellip;]<\/p>\n","protected":false},"author":101,"featured_media":0,"parent":27,"menu_order":1,"comment_status":"closed","ping_status":"closed","template":"","meta":{"footnotes":""},"class_list":["post-31","page","type-page","status-publish","hentry","post-preview"],"_links":{"self":[{"href":"https:\/\/tyyala.utu.fi\/tpo\/wp-json\/wp\/v2\/pages\/31","targetHints":{"allow":["GET"]}}],"collection":[{"href":"https:\/\/tyyala.utu.fi\/tpo\/wp-json\/wp\/v2\/pages"}],"about":[{"href":"https:\/\/tyyala.utu.fi\/tpo\/wp-json\/wp\/v2\/types\/page"}],"author":[{"embeddable":true,"href":"https:\/\/tyyala.utu.fi\/tpo\/wp-json\/wp\/v2\/users\/101"}],"replies":[{"embeddable":true,"href":"https:\/\/tyyala.utu.fi\/tpo\/wp-json\/wp\/v2\/comments?post=31"}],"version-history":[{"count":7,"href":"https:\/\/tyyala.utu.fi\/tpo\/wp-json\/wp\/v2\/pages\/31\/revisions"}],"predecessor-version":[{"id":191,"href":"https:\/\/tyyala.utu.fi\/tpo\/wp-json\/wp\/v2\/pages\/31\/revisions\/191"}],"up":[{"embeddable":true,"href":"https:\/\/tyyala.utu.fi\/tpo\/wp-json\/wp\/v2\/pages\/27"}],"wp:attachment":[{"href":"https:\/\/tyyala.utu.fi\/tpo\/wp-json\/wp\/v2\/media?parent=31"}],"curies":[{"name":"wp","href":"https:\/\/api.w.org\/{rel}","templated":true}]}}