{"id":27,"date":"2016-06-26T16:48:25","date_gmt":"2016-06-26T16:48:25","guid":{"rendered":"http:\/\/tyyala.utu.fi\/tpo\/?page_id=27"},"modified":"2016-09-15T19:14:26","modified_gmt":"2016-09-15T19:14:26","slug":"toiminta","status":"publish","type":"page","link":"https:\/\/tyyala.utu.fi\/tpo\/toiminta\/","title":{"rendered":"Toiminta"},"content":{"rendered":"<p>T\u00e4rkeint\u00e4 Turun yliopiston Pohjalaisen Osakunnan toiminnassa ovat j\u00e4senten omat ideat. Kokouksissa kaikki saavat avata suunsa ja keksi\u00e4 mit\u00e4 mielikuvituksekkaimpia tapahtumia, joita toteutamme mielell\u00e4mme yhdess\u00e4. Toiminta on aina ollut ja tulee aina olemaan eritt\u00e4in paljon, sen hetkisen j\u00e4senten n\u00e4k\u00f6ist\u00e4.<\/p>\n<p>Vuosijuhlia osakunta on viime vuosina j\u00e4rjest\u00e4nyt tasakymppein\u00e4 tai kolmen vuoden v\u00e4lein. Vuosijuhla sijoittuu kev\u00e4\u00e4lle, yleens\u00e4 huhtikuulle. Viime vuosina perinteeksi on muodostunut my\u00f6s suuren suosion saavuttanut Terwailta, jossa kokoonnutaan mahdollisuuksien mukaan saunomaan ja maistelemaan kotiseutumme mustaa kultaa.<\/p>\n<p>Vuonna 2010 tapahtumatarjottimelle ilmestyi noin kerran kuussa j\u00e4rjestett\u00e4v\u00e4 <a href=\"https:\/\/www.facebook.com\/groups\/155689347786087\/\" target=\"_blank\">TTT(T)<\/a>, eli Tequila Tiistai Torstaisin (Tai joskus) tai TPO:n Tequila Tiistai (Torstaisin). Kirjainyhdistelm\u00e4 on pidentynyt sit\u00e4 mukaa kun p\u00e4iv\u00e4\u00e4 on erin\u00e4isten muiden tapahtumien vuoksi jouduttu siirt\u00e4m\u00e4\u00e4n. Tapahtumassa maistellaan hyv\u00e4\u00e4 tequilaa ja (sen loputtua) vietet\u00e4\u00e4n iltaa halvan tequilan seurassa.<\/p>\n<p>Toki toimisto kokoaa ihmisi\u00e4 ajoittain pienempiin illanistujaisiin, joista menestyksekk\u00e4\u00e4n\u00e4 iltana voi mainita huonon musiikin illan, jossa osakuntalaiset saivat esitell\u00e4 toisilleen omia musiikki-inhokkejaan. Vuonna 2010 pidettiin ainakin emomusiikin ilta, jossa kaikki saivat vet\u00e4\u00e4 kajaalit silmiins\u00e4 ja l\u00f6yt\u00e4\u00e4 sis\u00e4isen angstinsa. Illasta j\u00e4i kulttuuriperinn\u00f6ksi upeaa runoutta&#8230;<\/p>\n<p>Tapahtumista ja niiden ajankohdista pysyy helpoiten k\u00e4rryill\u00e4 seuraamalla <a href=\"https:\/\/www.facebook.com\/osakunta.tpo\/\" target=\"_blank\">Facebook-sivua<\/a>, liittym\u00e4ll\u00e4 <a href=\"https:\/\/www.facebook.com\/groups\/18558162760\/\" target=\"_blank\">Facebook-ryhm\u00e4\u00e4n<\/a>, IRC-kanavalle, s\u00e4hk\u00f6postilistalle (yhteystiedot), seuraamalla kalenteria tai liittym\u00e4ll\u00e4 osakunnan WhatsApp -ryhm\u00e4\u00e4n.<\/p>\n","protected":false},"excerpt":{"rendered":"<p>T\u00e4rkeint\u00e4 Turun yliopiston Pohjalaisen Osakunnan toiminnassa ovat j\u00e4senten omat ideat. Kokouksissa kaikki saavat avata suunsa ja keksi\u00e4 mit\u00e4 mielikuvituksekkaimpia tapahtumia, joita toteutamme mielell\u00e4mme yhdess\u00e4. Toiminta on aina ollut ja tulee aina olemaan eritt\u00e4in paljon, sen hetkisen j\u00e4senten n\u00e4k\u00f6ist\u00e4. Vuosijuhlia osakunta on viime vuosina j\u00e4rjest\u00e4nyt tasakymppein\u00e4 tai kolmen vuoden v\u00e4lein. Vuosijuhla sijoittuu kev\u00e4\u00e4lle, yleens\u00e4 huhtikuulle. Viime [&hellip;]<\/p>\n","protected":false},"author":101,"featured_media":0,"parent":0,"menu_order":0,"comment_status":"closed","ping_status":"closed","template":"","meta":{"footnotes":""},"class_list":["post-27","page","type-page","status-publish","hentry","post-preview"],"_links":{"self":[{"href":"https:\/\/tyyala.utu.fi\/tpo\/wp-json\/wp\/v2\/pages\/27","targetHints":{"allow":["GET"]}}],"collection":[{"href":"https:\/\/tyyala.utu.fi\/tpo\/wp-json\/wp\/v2\/pages"}],"about":[{"href":"https:\/\/tyyala.utu.fi\/tpo\/wp-json\/wp\/v2\/types\/page"}],"author":[{"embeddable":true,"href":"https:\/\/tyyala.utu.fi\/tpo\/wp-json\/wp\/v2\/users\/101"}],"replies":[{"embeddable":true,"href":"https:\/\/tyyala.utu.fi\/tpo\/wp-json\/wp\/v2\/comments?post=27"}],"version-history":[{"count":4,"href":"https:\/\/tyyala.utu.fi\/tpo\/wp-json\/wp\/v2\/pages\/27\/revisions"}],"predecessor-version":[{"id":155,"href":"https:\/\/tyyala.utu.fi\/tpo\/wp-json\/wp\/v2\/pages\/27\/revisions\/155"}],"wp:attachment":[{"href":"https:\/\/tyyala.utu.fi\/tpo\/wp-json\/wp\/v2\/media?parent=27"}],"curies":[{"name":"wp","href":"https:\/\/api.w.org\/{rel}","templated":true}]}}