{"id":24,"date":"2016-06-26T16:45:22","date_gmt":"2016-06-26T16:45:22","guid":{"rendered":"http:\/\/tyyala.utu.fi\/tpo\/?page_id=24"},"modified":"2023-03-27T13:00:25","modified_gmt":"2023-03-27T11:00:25","slug":"osakunnasta","status":"publish","type":"page","link":"https:\/\/tyyala.utu.fi\/tpo\/osakunnasta\/","title":{"rendered":"Osakunnasta"},"content":{"rendered":"<p><strong>Tietoa osakunnasta<\/strong><\/p>\n<p>TPO on maakunnallinen opiskelijayhdistys, jonka j\u00e4senist\u00f6ll\u00e4 on yhteyksi\u00e4 p\u00e4\u00e4asiassa Lappiin, Pohjanmaalle, Pohjois-Pohjanmaalle, Keski-Pohjanmaalle, Etel\u00e4-Pohjanmaalle tai Kainuuseen. J\u00e4seni\u00e4 on kuitenkin my\u00f6s muista maakunnista, mik\u00e4 tuo joukkoomme oman pirte\u00e4n lis\u00e4ns\u00e4.<\/p>\n<p>Osakuntamme historia on pitk\u00e4, joten meill\u00e4 on paljon arvokkaita perinteit\u00e4, joita pyrimme pit\u00e4m\u00e4\u00e4n yll\u00e4 uusien tuulien puhaltaessa ylioppilastalolla. Joka vuosi kokeilemme my\u00f6s jotain uutta. N\u00e4ist\u00e4 uusista ideoista kehittyy parhaimmassa tapauksessa uusia perinnetapahtumia.<\/p>\n<p>Osakuntamme p\u00e4\u00e4tt\u00e4v\u00e4 elin on hallitus, joka keskustelee ja p\u00e4\u00e4tt\u00e4\u00e4 sek\u00e4 suurista, ett\u00e4 pienist\u00e4 asioista kokouksissaan. Kokoukset eiv\u00e4t ole luonteeltaan tylsi\u00e4 virallisia tapaamisia, vaan enemm\u00e4nkin toiminnan suunnittelua ja yhteist\u00e4 jutustelua kaikenlaisista osakuntaan liittym\u00e4tt\u00f6mist\u00e4kin asioista. Kokoukset pidet\u00e4\u00e4n toimistollamme, joka sijaitsee <a href=\"https:\/\/www.tyy.fi\/fi\/node\/9271\">Q-talon<\/a> alakerrassa. Kaikki ovat tervetulleita kokouksiin ja kaikilla on puheoikeus!<\/p>\n<p>TPO j\u00e4rjest\u00e4\u00e4 erilaisia tapahtumia pienist\u00e4 illanvietoista suurempiin juhliin. Sen lis\u00e4ksi urheilu ja kulttuuri kuuluvat olennaisena osana osakuntamme v\u00e4rikk\u00e4\u00e4seen toimintaan.<\/p>\n","protected":false},"excerpt":{"rendered":"<p>Tietoa osakunnasta TPO on maakunnallinen opiskelijayhdistys, jonka j\u00e4senist\u00f6ll\u00e4 on yhteyksi\u00e4 p\u00e4\u00e4asiassa Lappiin, Pohjanmaalle, Pohjois-Pohjanmaalle, Keski-Pohjanmaalle, Etel\u00e4-Pohjanmaalle tai Kainuuseen. J\u00e4seni\u00e4 on kuitenkin my\u00f6s muista maakunnista, mik\u00e4 tuo joukkoomme oman pirte\u00e4n lis\u00e4ns\u00e4. Osakuntamme historia on pitk\u00e4, joten meill\u00e4 on paljon arvokkaita perinteit\u00e4, joita pyrimme pit\u00e4m\u00e4\u00e4n yll\u00e4 uusien tuulien puhaltaessa ylioppilastalolla. Joka vuosi kokeilemme my\u00f6s jotain uutta. N\u00e4ist\u00e4 [&hellip;]<\/p>\n","protected":false},"author":101,"featured_media":0,"parent":0,"menu_order":0,"comment_status":"closed","ping_status":"closed","template":"","meta":{"footnotes":""},"class_list":["post-24","page","type-page","status-publish","hentry","post-preview"],"_links":{"self":[{"href":"https:\/\/tyyala.utu.fi\/tpo\/wp-json\/wp\/v2\/pages\/24","targetHints":{"allow":["GET"]}}],"collection":[{"href":"https:\/\/tyyala.utu.fi\/tpo\/wp-json\/wp\/v2\/pages"}],"about":[{"href":"https:\/\/tyyala.utu.fi\/tpo\/wp-json\/wp\/v2\/types\/page"}],"author":[{"embeddable":true,"href":"https:\/\/tyyala.utu.fi\/tpo\/wp-json\/wp\/v2\/users\/101"}],"replies":[{"embeddable":true,"href":"https:\/\/tyyala.utu.fi\/tpo\/wp-json\/wp\/v2\/comments?post=24"}],"version-history":[{"count":7,"href":"https:\/\/tyyala.utu.fi\/tpo\/wp-json\/wp\/v2\/pages\/24\/revisions"}],"predecessor-version":[{"id":449,"href":"https:\/\/tyyala.utu.fi\/tpo\/wp-json\/wp\/v2\/pages\/24\/revisions\/449"}],"wp:attachment":[{"href":"https:\/\/tyyala.utu.fi\/tpo\/wp-json\/wp\/v2\/media?parent=24"}],"curies":[{"name":"wp","href":"https:\/\/api.w.org\/{rel}","templated":true}]}}