{"id":15,"date":"2016-06-26T16:33:27","date_gmt":"2016-06-26T16:33:27","guid":{"rendered":"http:\/\/tyyala.utu.fi\/tpo\/?page_id=15"},"modified":"2023-03-27T13:01:53","modified_gmt":"2023-03-27T11:01:53","slug":"turun-pohjalainen-osakunta","status":"publish","type":"page","link":"https:\/\/tyyala.utu.fi\/tpo\/","title":{"rendered":"Etusivu"},"content":{"rendered":"\n<p>Turun yliopiston Pohjalainen Osakunta ry. (lyhyemmin TPO) on TYYn j\u00e4rjest\u00f6, jonka toiminta koostuu muun muassa erilaisten juhlien (esimerkiksi vuosijuhlat ja sitsit), pienempien tapahtumien ja kerhotapaamisten j\u00e4rjest\u00e4misest\u00e4.<\/p>\n\n\n\n<p>Osakunnan s\u00e4\u00e4nt\u00f6jenmukaisena tarkoituksena on toimia p\u00e4\u00e4asiassa Turun korkeakouluissa opiskelevien pohjalaisten yhdyssiteen\u00e4 Turussa ja pyrki\u00e4 kasvattamaan heit\u00e4 yhteiskunnallisesti valveutuneiksi kansalaisiksi sek\u00e4 huolehtimaan Pohjois-Pohjanmaan, Keski-Pohjanmaan, Etel\u00e4-Pohjanmaan, Pohjanmaan, Kainuun ja Lapin aluepoliittisesta kehityksest\u00e4. Osakunnan ovet ovat kuitenkin avoimet kaikille syntyper\u00e4\u00e4n, kieleen tai kulttuuriin katsomatta. Jokainen saa olla meill\u00e4 oma itsens\u00e4. Osakuntamme pohjalaisten seuraan onkin liittynyt runsaasti opiskelijoita muistakin maakunnista. Osakunnassa on j\u00e4seni\u00e4 Turun yliopiston kaikista eri tiedekunnista sek\u00e4 my\u00f6s muista Turun korkeakouluista.<\/p>\n\n\n\n<p>Osakunnan p\u00e4ivystys j\u00e4rjestet\u00e4\u00e4n yleens\u00e4 maanantai-iltap\u00e4ivisin Proffan kellarissa (Rehtorinpellonkatu 6, 20500 Turku). P\u00e4ivystyksiin voi tulla kyselem\u00e4\u00e4n osakunnan toiminnasta ja vaikka liittym\u00e4\u00e4n j\u00e4seneksi.<\/p>\n\n\n\n<p>TPO:n l\u00f6yd\u00e4t my\u00f6s sosiaalisesta mediasta.<\/p>\n\n\n\n<div class=\"wp-block-image\"><figure class=\"alignright\"><a href=\"https:\/\/tyyala.utu.fi\/tpo\/wp-content\/uploads\/sites\/16\/2016\/06\/puukkoporo.png\"><img loading=\"lazy\" decoding=\"async\" width=\"138\" height=\"300\" src=\"https:\/\/tyyala.utu.fi\/tpo\/wp-content\/uploads\/sites\/16\/2016\/06\/puukkoporo-138x300.png\" alt=\"puukkoporo\" class=\"wp-image-97\" srcset=\"https:\/\/tyyala.utu.fi\/tpo\/wp-content\/uploads\/sites\/16\/2016\/06\/puukkoporo-138x300.png 138w, https:\/\/tyyala.utu.fi\/tpo\/wp-content\/uploads\/sites\/16\/2016\/06\/puukkoporo.png 170w\" sizes=\"auto, (max-width: 138px) 100vw, 138px\" \/><\/a><\/figure><\/div>\n\n\n\n<p>Instagram: <a href=\"https:\/\/www.instagram.com\/pohjalainenosakunta\/\">https:\/\/www.instagram.com\/pohjalainenosakunta\/<\/a><br>Facebook: <a href=\"https:\/\/www.facebook.com\/osakunta.tpo\">https:\/\/www.facebook.com\/osakunta.tpo<\/a><br><\/p>\n\n\n\n<p>Osakunnan <a href=\"https:\/\/tyyala.utu.fi\/tpo\/toiminta\/hallitus\/\">hallituksen<\/a> saat kiinni s\u00e4hk\u00f6postitse osoitteesta tpo@lists.utu.fi.<\/p>\n","protected":false},"excerpt":{"rendered":"<p>Turun yliopiston Pohjalainen Osakunta ry. (lyhyemmin TPO) on TYYn j\u00e4rjest\u00f6, jonka toiminta koostuu muun muassa erilaisten juhlien (esimerkiksi vuosijuhlat ja sitsit), pienempien tapahtumien ja kerhotapaamisten j\u00e4rjest\u00e4misest\u00e4. Osakunnan s\u00e4\u00e4nt\u00f6jenmukaisena tarkoituksena on toimia p\u00e4\u00e4asiassa Turun korkeakouluissa opiskelevien pohjalaisten yhdyssiteen\u00e4 Turussa ja pyrki\u00e4 kasvattamaan heit\u00e4 yhteiskunnallisesti valveutuneiksi kansalaisiksi sek\u00e4 huolehtimaan Pohjois-Pohjanmaan, Keski-Pohjanmaan, Etel\u00e4-Pohjanmaan, Pohjanmaan, Kainuun ja Lapin aluepoliittisesta [&hellip;]<\/p>\n","protected":false},"author":101,"featured_media":0,"parent":0,"menu_order":0,"comment_status":"closed","ping_status":"closed","template":"","meta":{"footnotes":""},"class_list":["post-15","page","type-page","status-publish","hentry","post-preview"],"_links":{"self":[{"href":"https:\/\/tyyala.utu.fi\/tpo\/wp-json\/wp\/v2\/pages\/15","targetHints":{"allow":["GET"]}}],"collection":[{"href":"https:\/\/tyyala.utu.fi\/tpo\/wp-json\/wp\/v2\/pages"}],"about":[{"href":"https:\/\/tyyala.utu.fi\/tpo\/wp-json\/wp\/v2\/types\/page"}],"author":[{"embeddable":true,"href":"https:\/\/tyyala.utu.fi\/tpo\/wp-json\/wp\/v2\/users\/101"}],"replies":[{"embeddable":true,"href":"https:\/\/tyyala.utu.fi\/tpo\/wp-json\/wp\/v2\/comments?post=15"}],"version-history":[{"count":9,"href":"https:\/\/tyyala.utu.fi\/tpo\/wp-json\/wp\/v2\/pages\/15\/revisions"}],"predecessor-version":[{"id":451,"href":"https:\/\/tyyala.utu.fi\/tpo\/wp-json\/wp\/v2\/pages\/15\/revisions\/451"}],"wp:attachment":[{"href":"https:\/\/tyyala.utu.fi\/tpo\/wp-json\/wp\/v2\/media?parent=15"}],"curies":[{"name":"wp","href":"https:\/\/api.w.org\/{rel}","templated":true}]}}