{"id":9,"date":"2008-07-15T11:07:12","date_gmt":"2008-07-15T09:07:12","guid":{"rendered":"http:\/\/org.utu.fi:80\/tyyala\/prometheus\/?page_id=9"},"modified":"2020-02-02T15:41:46","modified_gmt":"2020-02-02T13:41:46","slug":"vuoden-hallitus","status":"publish","type":"page","link":"https:\/\/tyyala.utu.fi\/prometheus\/tietoa\/vuoden-hallitus\/","title":{"rendered":"Hallitus ja yhteystiedot"},"content":{"rendered":"<h3>Yhteystiedot<\/h3>\n<p><strong>Postiosoite: <em>Prometheus ry, c\/o Yleinen kirjallisuustiede, 20014 Turun yliopisto.<\/em><\/strong><\/p>\n<p><strong>Tilinumero:\u00a0<\/strong><em><strong>FI76 4713 0010 0401 03<\/strong><\/em><\/p>\n<p><strong>Prometheuksen yleinen s\u00e4hk\u00f6postilista: <em>prometheus (at) lists.utu.fi<\/em><\/strong><br \/>\nListalle liittyminen on erityisen suotavaa, sill\u00e4 se on paras tapa saada tietoa Prometheuksen toiminnasta ja p\u00e4\u00e4t\u00f6ksist\u00e4. My\u00f6s muut ainej\u00e4rjest\u00f6t, oppiaineet ja TYY ilmoittavat t\u00e4rkeist\u00e4 asioistaan Prometheuksen s-postilistan kautta. Listalle p\u00e4\u00e4set liittym\u00e4\u00e4n osoitteessa:<br \/>\n<a href=\"https:\/\/lists.utu.fi\/mailman\/listinfo\/prometheus\">https:\/\/lists.utu.fi\/mailman\/listinfo\/prometheus<\/a><\/p>\n<p><strong>Hallituksen s\u00e4hk\u00f6postilista: <em>prohalliteus (at) utu.fi<\/em><\/strong><br \/>\nParas tapa ottaa yhteytt\u00e4 Prometheuksen hallitukseen on l\u00e4hett\u00e4\u00e4 postia hallituksen s\u00e4hk\u00f6postilistalle.<\/p>\n<h3><strong>Vuoden 2020 hallitus<\/strong><\/h3>\n<p>Prometheuksen hallitus on vuosittain valittava joukko aktiivisia promelaisia, jotka er\u00e4\u00e4nlaisen j\u00e4rkk\u00e4riporukan ominaisuudessa kantavat ylim\u00e4\u00e4r\u00e4ist\u00e4 vastuuta siit\u00e4, ett\u00e4 Prometheus toimii tarkoituksenmukaisesti ja suunnitellut asiat toteutuvat. Hallitusty\u00f6 ei ole politikointia tai p\u00e4temist\u00e4 vaan mukavaa k\u00e4yt\u00e4nn\u00f6n ty\u00f6t\u00e4, jossa saa kykyns\u00e4 hyv\u00e4\u00e4n k\u00e4ytt\u00f6\u00f6n. Siihen osallistuminen avartaa mielt\u00e4 ja syd\u00e4nt\u00e4. T\u00e4ss\u00e4 vuoden 2020 hallitus:<\/p>\n<p><a href=\"https:\/\/tyyala.utu.fi\/prometheus\/wp-content\/uploads\/sites\/67\/2020\/02\/promen-hallitus-2020.png\"><img loading=\"lazy\" decoding=\"async\" class=\"alignnone  wp-image-2055\" src=\"https:\/\/tyyala.utu.fi\/prometheus\/wp-content\/uploads\/sites\/67\/2020\/02\/promen-hallitus-2020-300x300.png\" alt=\"\" width=\"643\" height=\"643\" srcset=\"https:\/\/tyyala.utu.fi\/prometheus\/wp-content\/uploads\/sites\/67\/2020\/02\/promen-hallitus-2020-300x300.png 300w, https:\/\/tyyala.utu.fi\/prometheus\/wp-content\/uploads\/sites\/67\/2020\/02\/promen-hallitus-2020-150x150.png 150w, https:\/\/tyyala.utu.fi\/prometheus\/wp-content\/uploads\/sites\/67\/2020\/02\/promen-hallitus-2020-768x768.png 768w, https:\/\/tyyala.utu.fi\/prometheus\/wp-content\/uploads\/sites\/67\/2020\/02\/promen-hallitus-2020-676x676.png 676w, https:\/\/tyyala.utu.fi\/prometheus\/wp-content\/uploads\/sites\/67\/2020\/02\/promen-hallitus-2020.png 850w\" sizes=\"auto, (max-width: 643px) 100vw, 643px\" \/><\/a><\/p>\n","protected":false},"excerpt":{"rendered":"<p>Yhteystiedot Postiosoite: Prometheus ry, c\/o Yleinen kirjallisuustiede, 20014 Turun yliopisto. Tilinumero:\u00a0FI76 4713 0010 0401 03 Prometheuksen yleinen s\u00e4hk\u00f6postilista: prometheus (at) lists.utu.fi Listalle liittyminen on erityisen suotavaa, sill\u00e4 se on paras tapa saada tietoa Prometheuksen toiminnasta ja p\u00e4\u00e4t\u00f6ksist\u00e4. My\u00f6s muut ainej\u00e4rjest\u00f6t, oppiaineet ja TYY ilmoittavat t\u00e4rkeist\u00e4 asioistaan Prometheuksen s-postilistan kautta. Listalle p\u00e4\u00e4set liittym\u00e4\u00e4n osoitteessa: https:\/\/lists.utu.fi\/mailman\/listinfo\/prometheus Hallituksen [&hellip;]<\/p>\n","protected":false},"author":274,"featured_media":0,"parent":8,"menu_order":0,"comment_status":"closed","ping_status":"closed","template":"","meta":{"_mc_calendar":[],"footnotes":""},"class_list":["post-9","page","type-page","status-publish","hentry","post-preview"],"_links":{"self":[{"href":"https:\/\/tyyala.utu.fi\/prometheus\/wp-json\/wp\/v2\/pages\/9","targetHints":{"allow":["GET"]}}],"collection":[{"href":"https:\/\/tyyala.utu.fi\/prometheus\/wp-json\/wp\/v2\/pages"}],"about":[{"href":"https:\/\/tyyala.utu.fi\/prometheus\/wp-json\/wp\/v2\/types\/page"}],"author":[{"embeddable":true,"href":"https:\/\/tyyala.utu.fi\/prometheus\/wp-json\/wp\/v2\/users\/274"}],"replies":[{"embeddable":true,"href":"https:\/\/tyyala.utu.fi\/prometheus\/wp-json\/wp\/v2\/comments?post=9"}],"version-history":[{"count":54,"href":"https:\/\/tyyala.utu.fi\/prometheus\/wp-json\/wp\/v2\/pages\/9\/revisions"}],"predecessor-version":[{"id":2058,"href":"https:\/\/tyyala.utu.fi\/prometheus\/wp-json\/wp\/v2\/pages\/9\/revisions\/2058"}],"up":[{"embeddable":true,"href":"https:\/\/tyyala.utu.fi\/prometheus\/wp-json\/wp\/v2\/pages\/8"}],"wp:attachment":[{"href":"https:\/\/tyyala.utu.fi\/prometheus\/wp-json\/wp\/v2\/media?parent=9"}],"curies":[{"name":"wp","href":"https:\/\/api.w.org\/{rel}","templated":true}]}}