{"id":802,"date":"2011-10-31T20:58:50","date_gmt":"2011-10-31T18:58:50","guid":{"rendered":"http:\/\/org.utu.fi\/tyyala\/prometheus\/?page_id=802"},"modified":"2017-05-25T00:02:02","modified_gmt":"2017-05-24T22:02:02","slug":"kirjasto","status":"publish","type":"page","link":"https:\/\/tyyala.utu.fi\/prometheus\/kirjasto\/","title":{"rendered":"Kirjasto"},"content":{"rendered":"<p>Prometheuksen kirjasto on pieni, alle sadan niteen aarreaitta Keltaisessa Mimesiksess\u00e4, pieness\u00e4 neuvottelutilassa, vasemmanpuoleisessa kirjahyllyss\u00e4. Kirjaston kirjat ovat kaikkien Prometheus Ry:n j\u00e4senten lainattavissa.<\/p>\n<p>Kirjoja voi lainata aina kun Prometheuksella on ainej\u00e4rjest\u00f6talolla toimintaa, ja palautus toimii samalla periaatteella. P\u00e4\u00e4s\u00e4\u00e4nt\u00f6isesti laina-aika on 2 viikkoa, mutta koska ainej\u00e4rjest\u00f6tilat eiv\u00e4t ole auki j\u00e4senist\u00f6lle joka p\u00e4iv\u00e4, joustetaan laina-ajastakin. Lainaus toimii itsepalveluperiaatteella: kirjoita hyllyst\u00e4 l\u00f6ytyv\u00e4\u00e4n lainavihkoon oma nimesi, s\u00e4hk\u00f6postiosoitteesi sek\u00e4 lainaamasi kirjan nimi. Palautettuasi laita rasti ruutuun.<\/p>\n<p>Oheisessa listassa on lueteltuna kaikki kirjaston kirjat sek\u00e4 kopioniput. Kirjoista on luetteloitu nimeke, kirjoittaja\/toimittajat sek\u00e4 painoksen julkaisuvuosi. Kirjasto ottaa ilolla vastaan lahjoituksia, ja erityisesti kaivataan\u00a0kirjapakettien kirjoja. Lahjoittaessasi kirjoja ilmoita siit\u00e4 s\u00e4hk\u00f6postitse hallitukselle (prohalliteus@utu.fi), \u00a0jotta kirjan tiedot p\u00e4ivitet\u00e4\u00e4n\u00a0nettisivuillemme.<\/p>\n<p>Hy\u00f6dyllisi\u00e4 sivustoja kokotekstien l\u00f6yt\u00e4miseen ovat mm. <a href=\"http:\/\/www.gutenberg.org\/wiki\/Main_Page\" target=\"_blank\" rel=\"noopener noreferrer\">Project Gutenberg<\/a>, <a href=\"http:\/\/www.sparknotes.com\/nofear\/lit\/\" target=\"_blank\" rel=\"noopener noreferrer\">Sparknotes<\/a> ja <a href=\"http:\/\/www.short-stories.co.uk\/\" target=\"_blank\" rel=\"noopener noreferrer\">Short stories<\/a>. N\u00e4ist\u00e4 tietokannoista l\u00f6ytyy monia kirjapakettien ja analyysikurssien kaunokirjallisia tekstej\u00e4.<\/p>\n<p><strong>Kaunokirjallisuus<\/strong><\/p>\n<ul>\n<li>Babits, Mih\u00e1ly: Haikarakalifi, 1978<\/li>\n<li>Bront\u00eb, Emily: Humiseva harju, 1991<\/li>\n<li>Camus, Albert: Sivullinen, 2008<\/li>\n<li>Coetzee, J.M.: Disgrace, 2000<\/li>\n<li>Coetzee, J.M.: Foe, 1987<\/li>\n<li>Conrad, Joseph: The secret agent, 1994<\/li>\n<li>Defoe, Daniel: Moll Flanders, 1993<\/li>\n<li>Delblanc, Sven: Samuelin tytt\u00e4ret, 1982<\/li>\n<li>Dickens, Charles: David Copperfield I, 1948<\/li>\n<li>Dickens, Charles: David Copperfield II, 1948<\/li>\n<li>Duncker, Patricia: Houreissa, Foucault, 1998<\/li>\n<li>Eco, Umberto: Ruusun nimi, 1985<\/li>\n<li>Faulkner, William: Voittamattomat, 1987<\/li>\n<li>Fielding, Helen: Bridget Jones &#8211; el\u00e4m\u00e4ni sinkkuna, 1998<\/li>\n<li>Fitzgerald, F. Scott: Babylon revisited and other stories,<em> julkaisuvuosi puuttuu<\/em><\/li>\n<li>Fitzgerald, F. Scott: Kultahattu, 1974<\/li>\n<li>Flaubert, Gustave: Rouva Bovary, 1978<\/li>\n<li>Gaarder, Jostein: Sofian maailma, 1995<\/li>\n<li>Galsworthy, John: Forsytein taru. Osa 1: Varakas mies, 1986<\/li>\n<li>Galsworthy, John: Forsytein taru. Osa 2: Kahleissa, 1986<\/li>\n<li>Galsworthy, John: Forsytein taru. Osa 3: Vuokrattavana, 1986<\/li>\n<li>Goethe, Wolfgang von: Der Musensohn. Runotarten lemmikki, 2004<\/li>\n<li>Heller, Joseph: Catch-22, 1990<\/li>\n<li>Hesse, Hermann: Huilunsoittaja, 1977<\/li>\n<li>Joyce, James: Chamber music, 1971<\/li>\n<li>Kianto, Ilmari: Ryysyrannan Jooseppi, 1994<\/li>\n<li>Kokko, Yrj\u00f6: Laulujoutsen Ultima Thulen lintu, 1994<\/li>\n<li>Kundera, Milan: El\u00e4m\u00e4 on toisaalla, 1991<\/li>\n<li>la Fayette, Madame de: Cleves\u2019in prinsessa, 1964<\/li>\n<li>Lawrence, D.H.: Lady Chatterleyn rakastaja, 1994<\/li>\n<li>Mann, Thomas: Huijari Felix Krullin tunnustukset, 1980<\/li>\n<li>Mann, Thomas: Taikavuori, 1982<\/li>\n<li>Moli\u00e9re: Saituri, 1999<\/li>\n<li>Parlang, Henry: Hamlet sanoi sen kauniimmin, 1967<\/li>\n<li>Pynchon: Mason &amp; Dixon, 1997<\/li>\n<li>Ripley, Alexandra: Scarlett, 1991<\/li>\n<li>Stevenson, Robert Louis: Tohtori Jekyll ja herra Hyde, 2007<\/li>\n<li>Svanevit och Rosenr\u00f6d. Sagor och ber\u00e4ttelser. 1911<\/li>\n<li>Swift, Jonathan: Gulliverin matkat, 1988<\/li>\n<li>Topelius, Z.: Linnaisten kartanon viheri\u00e4 kamari, 1992<\/li>\n<li>Walker, Alice: H\u00e4iv\u00e4hdys purppuraa, 1986<\/li>\n<li>Waltari, Mika: Mikael Karvajalka, 1994<\/li>\n<li>Waltari, Mika: Rakkaus vainoaikaan, 1994<\/li>\n<li>Verne, Jules: Majakka maailman laidalla, 1986<\/li>\n<li>von Schiller, Friedrich: Valitut teokset, 1950<\/li>\n<\/ul>\n<p><strong>Tietokirjallisuus<\/strong><\/p>\n<ul>\n<li>American studies at the Millenium. Ethnicity, culture &amp; literature. Toim. Koski, Lena M. 2001<\/li>\n<li>Arjen merkit. Arki, taide ja tutkimus. Toim. Ahokas, Pirjo; Lappalainen, Otto; Sihvonen, Jukka. 1991<\/li>\n<li>Bahtinboomi! Toim. Koivunen, Anu; Riikonen, Hannu; Selenius, Jari. 1991<\/li>\n<li>Coote, Stephen: T.S. Eliot. The Waste Land. 1985<\/li>\n<li>HIC ET NUNC. Teatteri tutkimuksen kohteena. Toim. Lahtinen, Kai; Vaittinen, Pirjo; V\u00e4is\u00e4nen, Minna. 1993<\/li>\n<li>a History of English Literature. 1954.<\/li>\n<li>Joyce by lamplight. Finnish readings of Dubliners. Toim. Riikonen, H.K. 1989<\/li>\n<li>Joyce-tick. Finnish Readings of Joyce\u2019s Major Works. Toim. Miilum\u00e4ki, Risto; Peltonen, Kristiina; Rantonen, Eila; Riikonen, H.K. 1991<\/li>\n<li>Kanadan kirjallisuuden vaiheita. Toim. Holsti, Keijo; Vuorio, P\u00e4ivi. 1988<\/li>\n<li>Kaukonen, V\u00e4in\u00f6: Kalevala ja todellisuus. Er\u00e4it\u00e4 kielenk\u00e4yt\u00f6n ongelmia. 1948<\/li>\n<li>Kirjallisuuden ja elokuvan suhteista. Toim. Vaittinen, Pirjo. 1984<\/li>\n<li>Koskela, Lasse; Rojola, Lea: Lukijan ABC-kirja. Johdsatus kirjallisuuden nykyteorioihin ja kirjallisuudentutkimuksen suuntauksiin. 1997<\/li>\n<li>Kosonen, P\u00e4ivi; Laaksonen, Leena: Tekstin onkaloissa. Nainen ja monta tarinaa. Kaksi feministist\u00e4 romaanianalyysi\u00e4. 1989<\/li>\n<li>Kupiainen, Unto: Runon portilla. 1945<\/li>\n<li>Littera Baltica Report. The conference of writers from the Baltic Area in Turku in October 18.-20. 1996.<\/li>\n<li>Luojola, Yrj\u00f6: V.A. Koskenniemen totuudenetsij\u00e4motiivi. 1962<\/li>\n<li>Manfred, Frank: Die Unhintergehbarkeit von Individualit\u00e4t. 1986<\/li>\n<li>Marginaalista muutokseen. Feminismi ja kirjallisuudentutkimus. Toim. Ahokas, Pirjo; Rojola, Lea. 1990<\/li>\n<li>Mielihyv\u00e4\u00e4 kirjallisuudesta. Suomalainen kirjakulttuuri t\u00e4n\u00e4\u00e4n. Toim. Halonen, Johanna; Katajisto, Vesa; Kiuas, Sini; M\u00e4kikalli, Aino; Saukkola, Mirva; Somerto, Sanna; Vaittinen, Pirjo. 1993<\/li>\n<li>Murhaava milj\u00f6\u00f6. Tutkielmia dekkarikirjallisuuden ymp\u00e4rist\u00f6kuvauksista. Toim. Matero, Johanna; Riikonen, H.K. 1994<\/li>\n<li>Myytit ja runon arki. Kerttu Saarenahon juhlakirja. Toim. Alhoniemi, Pirkko; Niemi, Irmeli; Huhtala, Liisi; Lappalainen, P\u00e4ivi. 1983<\/li>\n<li>Nevanlinna, Neovius: Pikakirjoituksen oppikirja. 1941<\/li>\n<li>Norri, Juhani: Names of sicknesses in English, 1400-1550: an exploration of the lexical field. 1992<\/li>\n<li>Pakeneva keskipiste. Tutkielmia suomalaisesta taiteilijaromaanista. Toim. Hyp\u00e9n, Tarja-Liisa. 1992<\/li>\n<li>Pitzorno, Bianca: Ressu luova kirjoittaja. 1989<\/li>\n<li>Peltonen, Wihtori: Kyn\u00e4ilij\u00e4. Helppotajuinen opas kirjoitusten sepitt\u00e4misest\u00e4. 1900<\/li>\n<li>Proosan taiteesta. Leevi Valkaman juhlakirja. Toim. Ahokas, Pirjo; Lappalainen, Otto; Saariluoma, Liisa. 1995<\/li>\n<li>Riikonen, H.K.: Maailmankirjallisuuden yleisesitykset Suomessa. Luku suomalaisen kirjallisuudentutkimuksen historiaa. 1989<\/li>\n<li>Sihvonen, Jukka: Kuva ja elokuvan merkkikieli. 1984<\/li>\n<li>T\u0161erny\u0161evski, Nikolai: Taiteen esteettiset suhteet todellisuuteen. 1976<\/li>\n<li>Vaittinen, Pirjo: Niin l\u00e4hell\u00e4, niin kaukana. Suomesta ruotsiksi k\u00e4\u00e4nnetyn kaunokirjallisuuden vastaanotto Ruotsissa 1930-luvulla. 1988<\/li>\n<li>Vanhasta uuteen: Kynnys vai kuilu? Tekstien v\u00e4lisist\u00e4 suhteista\/ Texts on Intertextuality. Toim. Ahokas, Pirjo; Hietala, Veijo. 1988<\/li>\n<li>Y\u00f6n ja p\u00e4iv\u00e4n kartta. Novelleja ja tulkintoja. Toim. M\u00e4kinen, Kirsti. 1993<\/li>\n<\/ul>\n<p><strong>Lis\u00e4ksi erillisin\u00e4 kopionippuina (kaikkia julkaisutietoja ei saatavilla)<\/strong><\/p>\n<ul>\n<li>Alexie, Sherman: T\u00e4t\u00e4 siis tarkoittaa \u201cPhoenix, Arizona\u201d (novelli)<\/li>\n<li>Bahtin, Mihail: Dostojevskin poetiikan ongelmia (kirja)<\/li>\n<li>Bennett, Tony; Woollacott, Janet: Bond and Beyond (kirja)<\/li>\n<li>Habermas, J\u00fcrgen: Moderni &#8211; keskener\u00e4inen projekti (artikkeli)<\/li>\n<li>Harms, Daniil: Sattumia (osa I)<\/li>\n<li>H\u00f8eg, Peter: Matka pime\u00e4\u00e4n syd\u00e4meen (novelli)<\/li>\n<li>Ionesco, Eug\u00e9ne: Tuolit (n\u00e4ytelm\u00e4)<\/li>\n<li>Jansson, Tove: Vilijonkka, joka uskoi onnettomuuksiin (kertomus)<\/li>\n<li>Mannonen, Anu: Valkoinen sammakko. Japanilaisen estetiikan yleiset piirteet. (essee)<\/li>\n<li>Norris, Christopher: Deconstruction. Theory and Practice (kirja)<\/li>\n<li>Nylen, Antti: Johdatus lihan sukupuolipolitiikkaan (essee)<\/li>\n<li>Ruohonen, Laura: Olga (n\u00e4ytelm\u00e4)<\/li>\n<li>Scholes, Robert: Semiotics and Interpretation (kirja)<\/li>\n<\/ul>\n","protected":false},"excerpt":{"rendered":"<p>Prometheuksen kirjasto on pieni, alle sadan niteen aarreaitta Keltaisessa Mimesiksess\u00e4, pieness\u00e4 neuvottelutilassa, vasemmanpuoleisessa kirjahyllyss\u00e4. Kirjaston kirjat ovat kaikkien Prometheus Ry:n j\u00e4senten lainattavissa. Kirjoja voi lainata aina kun Prometheuksella on ainej\u00e4rjest\u00f6talolla toimintaa, ja palautus toimii samalla periaatteella. P\u00e4\u00e4s\u00e4\u00e4nt\u00f6isesti laina-aika on 2 viikkoa, mutta koska ainej\u00e4rjest\u00f6tilat eiv\u00e4t ole auki j\u00e4senist\u00f6lle joka p\u00e4iv\u00e4, joustetaan laina-ajastakin. Lainaus toimii itsepalveluperiaatteella: [&hellip;]<\/p>\n","protected":false},"author":295,"featured_media":0,"parent":0,"menu_order":0,"comment_status":"open","ping_status":"closed","template":"","meta":{"_mc_calendar":[],"footnotes":""},"class_list":["post-802","page","type-page","status-publish","hentry","post-preview"],"_links":{"self":[{"href":"https:\/\/tyyala.utu.fi\/prometheus\/wp-json\/wp\/v2\/pages\/802","targetHints":{"allow":["GET"]}}],"collection":[{"href":"https:\/\/tyyala.utu.fi\/prometheus\/wp-json\/wp\/v2\/pages"}],"about":[{"href":"https:\/\/tyyala.utu.fi\/prometheus\/wp-json\/wp\/v2\/types\/page"}],"author":[{"embeddable":true,"href":"https:\/\/tyyala.utu.fi\/prometheus\/wp-json\/wp\/v2\/users\/295"}],"replies":[{"embeddable":true,"href":"https:\/\/tyyala.utu.fi\/prometheus\/wp-json\/wp\/v2\/comments?post=802"}],"version-history":[{"count":15,"href":"https:\/\/tyyala.utu.fi\/prometheus\/wp-json\/wp\/v2\/pages\/802\/revisions"}],"predecessor-version":[{"id":1579,"href":"https:\/\/tyyala.utu.fi\/prometheus\/wp-json\/wp\/v2\/pages\/802\/revisions\/1579"}],"wp:attachment":[{"href":"https:\/\/tyyala.utu.fi\/prometheus\/wp-json\/wp\/v2\/media?parent=802"}],"curies":[{"name":"wp","href":"https:\/\/api.w.org\/{rel}","templated":true}]}}