{"id":181,"date":"2010-02-04T17:31:50","date_gmt":"2010-02-04T15:31:50","guid":{"rendered":"http:\/\/org.utu.fi:80\/tyyala\/prometheus\/?page_id=181"},"modified":"2020-02-02T15:18:39","modified_gmt":"2020-02-02T13:18:39","slug":"tapahtumakalenteri","status":"publish","type":"page","link":"https:\/\/tyyala.utu.fi\/prometheus\/tapahtumakalenteri\/","title":{"rendered":"Tapahtumakalenteri"},"content":{"rendered":"<p>Mit\u00e4 yhteist\u00e4 toimintaa Prometheuksella onkaan tulossa? Jos kulttuuririennot, bailut\u00a0ynn\u00e4 muut ovat p\u00e4\u00e4sseet unohtumaan, t\u00e4lt\u00e4 sivulta l\u00f6ytyy muistinvirkistyst\u00e4! Tarkempaa tietoa kustakin tapahtumasta saat yhdistyksen s\u00e4hk\u00f6postilistalta tai Facebook-sivulta.<\/p>\n<h3 style=\"text-align: left\"><strong>Tulevat tapahtumat<\/strong><\/h3>\n<p><strong style=\"color: inherit\">KEV\u00c4T 2020<\/strong><\/p>\n<p><strong>Helmikuu<\/strong><\/p>\n<ul>\n<li>11.2. Oppiainekahvit<\/li>\n<li>14.2. Yst\u00e4v\u00e4np\u00e4iv\u00e4bileet Muusan kanssa<\/li>\n<li>19.2. Myyj\u00e4iset Sirkkalan aulassa<\/li>\n<li>26.2. Lyhytelokuvailta<\/li>\n<\/ul>\n<p><strong>Maaliskuu<\/strong><\/p>\n<ul>\n<li>5.3. Mannusjuhlat<\/li>\n<li>26.3. Taite-sitsit<\/li>\n<\/ul>\n<p><strong style=\"color: inherit;font-size: 1.56em\">Menneet tapahtumat<\/strong><\/p>\n<p><strong>KEV\u00c4T 2020<\/strong><\/p>\n<p><strong>Tammikuu<\/strong><\/p>\n<ul>\n<li>30.1. Vuodenalkajaisbileet<\/li>\n<\/ul>\n<p><strong>SYKSY 2019<\/strong><\/p>\n<p><strong>Joulukuu<\/strong><\/p>\n<ul>\n<li>10.12. Promen pikkujoulut<\/li>\n<\/ul>\n<p><strong>Marraskuu<\/strong><\/p>\n<ul>\n<li>20.11. Promen ja Muusan Mummobileet!<\/li>\n<li>26.11. Prometheus ry:n syyskokous<\/li>\n<li>27.11. Alumni-ilta<\/li>\n<li>29.11. Humanistien ty\u00f6el\u00e4m\u00e4seminaari<\/li>\n<\/ul>\n<p><strong>Lokakuu<\/strong><\/p>\n<ul>\n<li>4.10. Poltettu oranssi Turun ylioppilasteatterilla<\/li>\n<li>7.10. Prome-ilta-peli-ilta<\/li>\n<\/ul>\n<p><strong>Syyskuu\u00a0<\/strong><\/p>\n<ul>\n<li>3.9. Vuodenalkajaiskahvit<\/li>\n<li>18.9. Uudet kohtaa Vanhat -bileet<\/li>\n<li>19.9. Taiteen tutkimuksen kastajaiset 2019<\/li>\n<li>26.9. Syysm\u00f6kkeily Aurinkolahdessa<\/li>\n<\/ul>\n<p><strong>KEV\u00c4T 2019<\/strong><\/p>\n<ul>\n<li>6.3. Laskiainen<\/li>\n<li>12.3. Periodirentoutus: improilta<\/li>\n<li>18.3. Vohvelip\u00e4ivystys<\/li>\n<li>20.3. Turkulainen humanistispeksi<\/li>\n<li>21.3. Mannusjuhlat<\/li>\n<li>27.3. Y\u00f6kyl\u00e4ss\u00e4-sitsit ja pyjamabileet<\/li>\n<li>vk\u00a0 21 M\u00f6kkireissu<\/li>\n<\/ul>\n<p><strong>SYKSY 2018<\/strong><\/p>\n<p><strong>Lokakuu<\/strong><\/p>\n<ul>\n<li><strong>4.10.\u00a0<\/strong>Humanitaan rastikierros ja Fuksifiesta, Mimesis<\/li>\n<li><strong>9.10. <\/strong>Kissa-teemaiset myyj\u00e4iset, Sirkkala<\/li>\n<li><strong>11.10.\u00a0<\/strong>Syysretki Aurinkolahteen<\/li>\n<li><strong>31.10.\u00a0<\/strong>Teatteriretki: Suden n\u00e4lk\u00e4<\/li>\n<\/ul>\n<p><strong>Syyskuu<\/strong><\/p>\n<ul>\n<li><strong>4.9. klo 18\u00a0<\/strong>Promen ja Muusan tutustumisbileet, Mimesis<\/li>\n<li><strong>5.9. klo 15.00\u00a0<\/strong>Vuodenalkajaiskahvit, Mimesis<\/li>\n<li><strong>20.9. klo 18\u00a0<\/strong>Taite-kastajaiset, Brahenpuisto + \u00d6 + Dynamo<\/li>\n<li><strong>27.9.\u00a0<\/strong><strong>klo 18\u00a0<\/strong>Uudet kohtaa Wanhat -bileet, Mimesis<\/li>\n<\/ul>\n<p><strong>Elokuu<\/strong><\/p>\n<ul>\n<li><strong>22.8.\u00a0<\/strong>Fuksit saapuvat!<\/li>\n<li><strong>30.8. klo 16\u00a0<\/strong>Tutustumispiknik, Kupittaanpuisto<\/li>\n<\/ul>\n<p><strong>KEV\u00c4T 2018<\/strong><\/p>\n<p><strong>Toukokuu<\/strong><\/p>\n<ul>\n<li><strong>3.5.<\/strong> Periodirentoutus<\/li>\n<li><strong>9.-10.5.<\/strong> Mumetheuksen kev\u00e4tretki!<\/li>\n<li><strong>18.5.\u00a0<\/strong>Taitecup<\/li>\n<li><strong>22.5.\u00a0<\/strong>Professori Steinbyn l\u00e4ksi\u00e4iset<\/li>\n<\/ul>\n<p><strong>Huhtikuu<\/strong><\/p>\n<ul>\n<li><strong>3.4.<\/strong>\u00a0Teatteriretki: Odottaessa (TYT)<\/li>\n<li><strong>6.4.<\/strong> Yhdistyksen ylim\u00e4\u00e4r\u00e4inen kokous<\/li>\n<li><strong>10.4.<\/strong> Vohvelip\u00e4ivystys yhdess\u00e4 Muusan kanssa<\/li>\n<li><strong>13.4.<\/strong> Taite-sitsit: Surkeiden sattumusten sarja<\/li>\n<li><strong>16.4.<\/strong> Improilta yhdess\u00e4 Muusan kanssa<\/li>\n<\/ul>\n<p><strong>Maaliskuu<\/strong><\/p>\n<ul>\n<li><strong>15.3.<\/strong> Mannusjuhlat<\/li>\n<li><strong>20.3.<\/strong> Sivuainemessut yhdess\u00e4 Muusan kanssa<\/li>\n<li><strong>27.3.<\/strong> Ehkon bileet<\/li>\n<li><strong>28.3.<\/strong> Yhdistyksen kev\u00e4tkokous<\/li>\n<\/ul>\n<p><strong>Helmikuu<\/strong><\/p>\n<ul>\n<li><strong>9.2.<\/strong> Promen ja Muusan laskiainen<\/li>\n<li><strong>13.2.<\/strong> Laskiaismyyj\u00e4iset<\/li>\n<li><strong>13.2.<\/strong> Promen lukuiltama<\/li>\n<li><strong>15.2.<\/strong> Yst\u00e4v\u00e4np\u00e4iv\u00e4juhlat Muusan kanssa<\/li>\n<li><strong>19.2.<\/strong> Vohvelip\u00e4ivystys<\/li>\n<li><strong>27.2.<\/strong> Pediodirentoutus: Disney valtaa Tossun<\/li>\n<li><strong>28.2.<\/strong> Prome &lt;3 Turkulainen humanistispeksi<\/li>\n<\/ul>\n<p><strong>Tammikuu<\/strong><\/p>\n<ul>\n<li><strong>12.1.\u00a0<\/strong>Vuodenalkajaiskahvit henkil\u00f6kunnan kanssa<\/li>\n<li><b>31.1.\u00a0<\/b>Luistelureippailu Kupittaalla<\/li>\n<\/ul>\n<p><strong>SYKSY 2017<\/strong><\/p>\n<p><strong>Joulukuu<\/strong><\/p>\n<ul>\n<li><strong>4.12.<\/strong> Vohvelip\u00e4ivystys (yhdess\u00e4 Muusa ry:n kanssa)<\/li>\n<li><strong>5.12.<\/strong> Suomi 99 vuotta ja 364 p\u00e4iv\u00e4\u00e4 -myyj\u00e4iset<\/li>\n<li><strong>11.12.<\/strong> Periodirentoutus (yhdess\u00e4 Muusan kanssa)<\/li>\n<li><strong>14.12.<\/strong> Promen pikkujoulut<\/li>\n<\/ul>\n<p><strong>Marraskuu<\/strong><\/p>\n<ul>\n<li><strong>1.11.<\/strong> Prometheus ry:n Vegaanip\u00e4iv\u00e4n myyj\u00e4iset<\/li>\n<li><strong>1.11.\u00a0<\/strong>Alumni-ilta<\/li>\n<li><strong>6.11.<\/strong> Improilta<\/li>\n<li><strong>18.11. PROMETHEUKSEN VUOSIJUHLAT<\/strong><\/li>\n<li><strong>22.11.<\/strong> Hallitushaalinta<\/li>\n<li><strong>24.11.<\/strong> Promen elokuvailta<\/li>\n<li><strong>29.11.\u00a0<\/strong>Yhdistyksen syyskokous<\/li>\n<li><strong>30.11.\u00a0<\/strong>Marrasjuhlat<\/li>\n<\/ul>\n<p><strong>Lokakuu<\/strong><\/p>\n<ul>\n<li><strong>6.-8.10.<\/strong>\u00a0Turun kirjamessut<\/li>\n<li><strong>9.10.\u00a0<\/strong>Vohvelip\u00e4ivystys<\/li>\n<li><strong>16.10.\u00a0<\/strong>Periodirentoutus<\/li>\n<li><strong>23.10.\u00a0<\/strong>Runobaarikierros<\/li>\n<\/ul>\n<p><strong>Syyskuu<\/strong><\/p>\n<ul>\n<li><strong>6.9.\u00a0<\/strong>Uudet kohtaa Wanhat -bileet<\/li>\n<li><strong>19.9.<\/strong>\u00a0Yhdistyksen ylim\u00e4\u00e4r\u00e4inen kokous<\/li>\n<li><strong>20.9.\u00a0<\/strong>Humanitaan Fuksifiesta<\/li>\n<li><strong>28.9.<\/strong> Taite-kastajaiset<\/li>\n<\/ul>\n<p><strong>Elokuu<\/strong><\/p>\n<ul>\n<li><strong>16.8.\u00a0<\/strong>Fuksit saapuvat!<\/li>\n<li><strong>23.8.<\/strong>\u00a0Teatteriretki:\u00a0<em>Peloton<\/em>, TYT<\/li>\n<li><strong>24.8.<\/strong>\u00a0<strong>\u00a0<\/strong>Promen ja Muusan yhteinen tervetuliaispiknik<\/li>\n<li><strong>29.8.\u00a0<\/strong>Vuodenalkajaiskahvit<\/li>\n<li><strong>30.8<\/strong>.\u00a0<strong>\u00a0<\/strong>Promen ja Muusan yhteiset tutustumisbileet<\/li>\n<\/ul>\n<p style=\"text-align: left\"><strong>KEV\u00c4T 2017<\/strong><\/p>\n<p style=\"text-align: left\"><strong>Toukokuu<\/strong><\/p>\n<ul>\n<li style=\"list-style-type: none\">\n<ul>\n<li style=\"text-align: left\"><strong>1.5<\/strong>. Vappupiknik<\/li>\n<\/ul>\n<\/li>\n<\/ul>\n<ul>\n<li style=\"list-style-type: none\">\n<ul>\n<li style=\"text-align: left\"><strong>4.5<\/strong>. Taidepiknik<\/li>\n<\/ul>\n<\/li>\n<\/ul>\n<ul>\n<li style=\"text-align: left\"><strong>5.5.\u00a0<\/strong>Taite-cup<\/li>\n<li><strong>8.\u201310.5.<\/strong>\u00a0Ekskursio Tukholmaan<\/li>\n<li><strong>15.5.<\/strong> Kev\u00e4tjuhla ja yhteis\u00f6llisyysp\u00e4iv\u00e4<\/li>\n<li><strong>18.\u201319.5.<\/strong> M\u00f6kkireissu Muusan kanssa<\/li>\n<li><strong>23.5.<\/strong> P\u00e4\u00e4sykoekahvitus<\/li>\n<\/ul>\n<p><strong>Huhtikuu<\/strong><\/p>\n<ul>\n<li><strong>6.4.\u00a0<\/strong>Improilta<\/li>\n<li><strong>11.4.<\/strong> Runobaarikierros<\/li>\n<li><strong>24.4.<\/strong> Vohvelip\u00e4ivystys<\/li>\n<li><strong>25.\u201326.4.<\/strong> Simamyyj\u00e4iset<\/li>\n<li><strong>26.4.<\/strong> Pienet humanistisitsit<\/li>\n<li><strong>27.4.<\/strong> Kuohuviinipruuvi<\/li>\n<\/ul>\n<p><strong>Maaliskuu<\/strong><\/p>\n<ul>\n<li><strong>1.3.\u00a0<\/strong>Promen ja Muusan periodirentoutus<\/li>\n<li><strong>2.3.<\/strong> Teatteriretki: Turkulainen humanistispeksi<\/li>\n<li><strong>15.3.<\/strong> Taite-sitsit<\/li>\n<li><strong>22.3.<em>\u00a0<\/em><\/strong>Prome-ilta: Cards Against Humanity<\/li>\n<li><strong>28.3.<\/strong>\u00a0VeGAGAaniset\u00a0myyj\u00e4iset<\/li>\n<li><strong>29.3.<em>\u00a0<\/em><\/strong>Mannusjuhlat<\/li>\n<li><strong>30.3.<\/strong> Taite goes TAKU<\/li>\n<\/ul>\n<p style=\"text-align: left\"><strong>Helmikuu<\/strong><\/p>\n<ul>\n<li style=\"list-style-type: none\">\n<ul>\n<li style=\"text-align: left\"><strong>2.2.<\/strong> Ekhon nuoruusbileet<\/li>\n<\/ul>\n<\/li>\n<\/ul>\n<ul>\n<li style=\"list-style-type: none\">\n<ul>\n<li style=\"text-align: left\"><strong>8.2.<\/strong> Kannan, Promen ja Muusan Mit\u00e4 meist\u00e4 ei tullutkaan? -sitsit<\/li>\n<\/ul>\n<\/li>\n<\/ul>\n<ul>\n<li style=\"list-style-type: none\">\n<ul>\n<li style=\"text-align: left\"><strong>15.2.<\/strong> Promen ja Muusan yst\u00e4v\u00e4np\u00e4iv\u00e4bileet<\/li>\n<\/ul>\n<\/li>\n<\/ul>\n<ul>\n<li style=\"text-align: left\"><strong>20.2.\u00a0<\/strong>Promen ja Muusan laskiainen<\/li>\n<\/ul>\n<p style=\"text-align: left\"><strong>Tammikuu<\/strong><\/p>\n<ul>\n<li style=\"list-style-type: none\">\n<ul>\n<li style=\"text-align: left\"><strong>13.1.\u00a0<\/strong>klo 14 Vuodenalkajaiskahvit<\/li>\n<\/ul>\n<\/li>\n<\/ul>\n<ul>\n<li style=\"text-align: left\"><strong>22.1.\u00a0<\/strong>Teatteriretki: <em>Hamlet<\/em>, Grus Grus -teatteri<\/li>\n<\/ul>\n<p style=\"text-align: left\"><span style=\"color: #000000\"><b>SYKSY 2016<\/b><\/span><\/p>\n<p style=\"text-align: left\"><strong>Joulukuu<\/strong><\/p>\n<ul>\n<li style=\"list-style-type: none\">\n<ul>\n<li style=\"text-align: left\"><strong>7.12.<\/strong>\u00a0Joulumyyj\u00e4iset<\/li>\n<\/ul>\n<\/li>\n<\/ul>\n<ul>\n<li style=\"list-style-type: none\">\n<ul>\n<li style=\"text-align: left\"><strong>7.12.<\/strong>\u00a0Sirkkalan salonki<\/li>\n<\/ul>\n<\/li>\n<\/ul>\n<ul>\n<li style=\"text-align: left\"><strong>15.12.<\/strong>\u00a0Promen pikkujoulut henkil\u00f6kunnan kanssa<\/li>\n<\/ul>\n<p style=\"text-align: left\"><strong>Marraskuu<\/strong><\/p>\n<ul>\n<li style=\"list-style-type: none\">\n<ul>\n<li style=\"text-align: left\"><strong>2.11.<\/strong>\u00a0Sirkkalan salonki<\/li>\n<\/ul>\n<\/li>\n<\/ul>\n<ul>\n<li style=\"list-style-type: none\">\n<ul>\n<li style=\"text-align: left\"><strong>3.11.<\/strong>\u00a0Kimaltavat, jokaisen itsem\u00e4\u00e4r\u00e4\u00e4misoikeutta omaan kehoonsa kunnioittavat k\u00e4hmint\u00e4bileet<\/li>\n<\/ul>\n<\/li>\n<\/ul>\n<ul>\n<li style=\"list-style-type: none\">\n<ul>\n<li style=\"text-align: left\"><strong>8.11.<\/strong>\u00a0Promen ja Muusan pressavaalibileet<\/li>\n<\/ul>\n<\/li>\n<\/ul>\n<ul>\n<li style=\"list-style-type: none\">\n<ul>\n<li style=\"text-align: left\"><strong>11.11.<\/strong>\u00a0Promen viikkosiivousvuoro Mimesiksell\u00e4<\/li>\n<\/ul>\n<\/li>\n<\/ul>\n<ul>\n<li style=\"list-style-type: none\">\n<ul>\n<li style=\"text-align: left\"><strong>13.11.<\/strong> <em>Ekhon<\/em> deadline<\/li>\n<\/ul>\n<\/li>\n<\/ul>\n<ul>\n<li style=\"list-style-type: none\">\n<ul>\n<li style=\"text-align: left\"><strong>29.11.<\/strong>\u00a0Yhdistyksen syyskokous<\/li>\n<\/ul>\n<\/li>\n<\/ul>\n<ul>\n<li style=\"text-align: left\"><strong>30.11.<\/strong>\u00a0Promen ja Muusan improilta<\/li>\n<\/ul>\n<p style=\"text-align: left\"><strong>Lokakuu<\/strong><\/p>\n<ul>\n<li style=\"list-style-type: none\">\n<ul>\n<li style=\"text-align: left\"><strong>31.10.<\/strong>\u00a0Vohvelip\u00e4ivystys<\/li>\n<\/ul>\n<\/li>\n<\/ul>\n<ul>\n<li style=\"list-style-type: none\">\n<ul>\n<li style=\"text-align: left\"><strong>27.\u201328.10.<\/strong> M\u00f6kkireissu Aurinkolahteen<\/li>\n<\/ul>\n<\/li>\n<\/ul>\n<ul>\n<li style=\"list-style-type: none\">\n<ul>\n<li style=\"text-align: left\"><strong>26.10.<\/strong>\u00a0Myyj\u00e4iset<\/li>\n<\/ul>\n<\/li>\n<\/ul>\n<ul>\n<li style=\"text-align: left\"><strong>12.10.<\/strong>\u00a0Yhdistyksen ylim\u00e4\u00e4r\u00e4inen kokous<\/li>\n<li><strong>7.10.<\/strong>\u00a0Promen etel\u00e4-amerikkalaisteemainen leffailta<\/li>\n<li><strong>5.10.<\/strong>\u00a0 Myyj\u00e4iset<\/li>\n<li><strong>5.10.<\/strong>\u00a0Sirkkalan salonki<\/li>\n<\/ul>\n<p style=\"text-align: left\"><strong>Syyskuu<\/strong><\/p>\n<ul>\n<li style=\"list-style-type: none\">\n<ul>\n<li style=\"text-align: left\"><strong>30.9.\u20132.10.<\/strong> Turun Kirjamessut ja Promen messuretki<\/li>\n<\/ul>\n<\/li>\n<\/ul>\n<ul>\n<li style=\"list-style-type: none\">\n<ul>\n<li style=\"text-align: left\"><strong>28.9<\/strong>. Kastajaiset Turun keskustassa.<\/li>\n<li><strong>23.9.<\/strong>\u00a0Islam, muslimit ja kirjallisuus -seminaari<\/li>\n<li><strong>23.9.<\/strong>\u00a0Seminaarin iltaklubi<\/li>\n<\/ul>\n<\/li>\n<\/ul>\n<ul>\n<li style=\"list-style-type: none\">\n<ul>\n<li style=\"text-align: left\"><strong>21.9.<\/strong>\u00a0Ekhon mystiikkailta<\/li>\n<\/ul>\n<\/li>\n<\/ul>\n<ul>\n<li style=\"list-style-type: none\">\n<ul>\n<li style=\"text-align: left\"><strong>15.9.<\/strong> <em>Rakkaudella, Agatha<\/em> -esitys Tehdas-teatterissa<\/li>\n<\/ul>\n<\/li>\n<\/ul>\n<ul>\n<li style=\"list-style-type: none\">\n<ul>\n<li style=\"text-align: left\"><strong>2.9.<\/strong>\u00a0Vuodenalkajaiskahvit<\/li>\n<\/ul>\n<\/li>\n<\/ul>\n<ul>\n<li style=\"text-align: left\"><strong>1.9.<\/strong>\u00a0Sivuainemessut<\/li>\n<\/ul>\n<p style=\"text-align: left\"><strong>Elokuu<\/strong><\/p>\n<ul>\n<li style=\"list-style-type: none\">\n<ul>\n<li style=\"text-align: left\"><strong>31.8.<\/strong>\u00a0Uudet kohtaa vanhat -bileet<\/li>\n<\/ul>\n<\/li>\n<\/ul>\n<ul>\n<li style=\"list-style-type: none\">\n<ul>\n<li style=\"text-align: left\"><strong>27.8.<\/strong>\u00a0Prome &lt;3 Turku Pride<\/li>\n<\/ul>\n<\/li>\n<\/ul>\n<ul>\n<li style=\"list-style-type: none\">\n<ul>\n<li style=\"text-align: left\"><strong>25.8.<\/strong>\u00a0Promen ja Muusan tervetuliaispiknik<\/li>\n<\/ul>\n<\/li>\n<\/ul>\n<ul>\n<li style=\"text-align: left\"><strong>24.8.<\/strong> Hallitusesittely fukseille<\/li>\n<\/ul>\n","protected":false},"excerpt":{"rendered":"<p>Mit\u00e4 yhteist\u00e4 toimintaa Prometheuksella onkaan tulossa? Jos kulttuuririennot, bailut\u00a0ynn\u00e4 muut ovat p\u00e4\u00e4sseet unohtumaan, t\u00e4lt\u00e4 sivulta l\u00f6ytyy muistinvirkistyst\u00e4! Tarkempaa tietoa kustakin tapahtumasta saat yhdistyksen s\u00e4hk\u00f6postilistalta tai Facebook-sivulta. Tulevat tapahtumat KEV\u00c4T 2020 Helmikuu 11.2. Oppiainekahvit 14.2. Yst\u00e4v\u00e4np\u00e4iv\u00e4bileet Muusan kanssa 19.2. Myyj\u00e4iset Sirkkalan aulassa 26.2. Lyhytelokuvailta Maaliskuu 5.3. Mannusjuhlat 26.3. Taite-sitsit Menneet tapahtumat KEV\u00c4T 2020 Tammikuu 30.1. Vuodenalkajaisbileet [&hellip;]<\/p>\n","protected":false},"author":274,"featured_media":0,"parent":0,"menu_order":3,"comment_status":"closed","ping_status":"closed","template":"","meta":{"_mc_calendar":[],"footnotes":""},"class_list":["post-181","page","type-page","status-publish","hentry","post-preview"],"_links":{"self":[{"href":"https:\/\/tyyala.utu.fi\/prometheus\/wp-json\/wp\/v2\/pages\/181","targetHints":{"allow":["GET"]}}],"collection":[{"href":"https:\/\/tyyala.utu.fi\/prometheus\/wp-json\/wp\/v2\/pages"}],"about":[{"href":"https:\/\/tyyala.utu.fi\/prometheus\/wp-json\/wp\/v2\/types\/page"}],"author":[{"embeddable":true,"href":"https:\/\/tyyala.utu.fi\/prometheus\/wp-json\/wp\/v2\/users\/274"}],"replies":[{"embeddable":true,"href":"https:\/\/tyyala.utu.fi\/prometheus\/wp-json\/wp\/v2\/comments?post=181"}],"version-history":[{"count":221,"href":"https:\/\/tyyala.utu.fi\/prometheus\/wp-json\/wp\/v2\/pages\/181\/revisions"}],"predecessor-version":[{"id":2052,"href":"https:\/\/tyyala.utu.fi\/prometheus\/wp-json\/wp\/v2\/pages\/181\/revisions\/2052"}],"wp:attachment":[{"href":"https:\/\/tyyala.utu.fi\/prometheus\/wp-json\/wp\/v2\/media?parent=181"}],"curies":[{"name":"wp","href":"https:\/\/api.w.org\/{rel}","templated":true}]}}