{"id":12,"date":"2008-07-15T11:41:59","date_gmt":"2008-07-15T08:41:59","guid":{"rendered":"http:\/\/org.utu.fi:80\/tyyala\/prometheus\/?page_id=12"},"modified":"2020-02-02T15:45:59","modified_gmt":"2020-02-02T13:45:59","slug":"ekho","status":"publish","type":"page","link":"https:\/\/tyyala.utu.fi\/prometheus\/ekho\/","title":{"rendered":"Ekho"},"content":{"rendered":"<p>Prometheus on julkaissut omaa ainej\u00e4rjest\u00f6lehte\u00e4\u00e4n <em>Ekho<\/em>-nimisen\u00e4 vuodesta 2004. Kahdesti vuodessa ilmestyv\u00e4 <em>Ekho<\/em> on keskittynyt kirjallisuuteen, kulttuuriin ja muihin kirjallisuustieteen opiskelijaa mahdollisesti kiinnostaviin aiheisiin. Se on ainej\u00e4rjest\u00f6lehdeksi poikkeuksellisen ter\u00e4v\u00e4 ja ajoittain my\u00f6s korkeatasoinen.<\/p>\n<p><em>Ekhossa<\/em> voivat saada juttujaan julki paitsi yleisen kirjallisuustieteen opiskelijat ja henkil\u00f6kunta, my\u00f6s ketk\u00e4 tahansa muut, jotka arvelevat sanottavansa sopivan nimenomaan <em>Ekhoon<\/em>. Viime vuosina olemme julkaisseet esimerkiksi esseit\u00e4, kertomuksia, runoja, kritiikkej\u00e4, haastatteluita, k\u00e4\u00e4nn\u00f6ksi\u00e4, sarjakuvia, grafiikkaa ja matkakuulumisia.<\/p>\n<p>Kirjoittamisesta tai kuvittamisesta kiinnostuneiden kannattaa ottaa yhteytt\u00e4 lehden toimitukseen osoitteessa <i>ekhoprome (at) gmail (dot) com<\/i>.<\/p>\n<p><strong>Ekhon toimituskunta 2020:<\/strong><br \/>\nNea P\u00e4l\u00e4<br \/>\nSanni Heino<br \/>\nSamuel Loimu<br \/>\nAnniina M\u00e4ki<\/p>\n","protected":false},"excerpt":{"rendered":"<p>Prometheus on julkaissut omaa ainej\u00e4rjest\u00f6lehte\u00e4\u00e4n Ekho-nimisen\u00e4 vuodesta 2004. Kahdesti vuodessa ilmestyv\u00e4 Ekho on keskittynyt kirjallisuuteen, kulttuuriin ja muihin kirjallisuustieteen opiskelijaa mahdollisesti kiinnostaviin aiheisiin. Se on ainej\u00e4rjest\u00f6lehdeksi poikkeuksellisen ter\u00e4v\u00e4 ja ajoittain my\u00f6s korkeatasoinen. Ekhossa voivat saada juttujaan julki paitsi yleisen kirjallisuustieteen opiskelijat ja henkil\u00f6kunta, my\u00f6s ketk\u00e4 tahansa muut, jotka arvelevat sanottavansa sopivan nimenomaan Ekhoon. Viime vuosina [&hellip;]<\/p>\n","protected":false},"author":274,"featured_media":0,"parent":0,"menu_order":4,"comment_status":"closed","ping_status":"closed","template":"","meta":{"_mc_calendar":[],"footnotes":""},"class_list":["post-12","page","type-page","status-publish","hentry","post-preview"],"_links":{"self":[{"href":"https:\/\/tyyala.utu.fi\/prometheus\/wp-json\/wp\/v2\/pages\/12","targetHints":{"allow":["GET"]}}],"collection":[{"href":"https:\/\/tyyala.utu.fi\/prometheus\/wp-json\/wp\/v2\/pages"}],"about":[{"href":"https:\/\/tyyala.utu.fi\/prometheus\/wp-json\/wp\/v2\/types\/page"}],"author":[{"embeddable":true,"href":"https:\/\/tyyala.utu.fi\/prometheus\/wp-json\/wp\/v2\/users\/274"}],"replies":[{"embeddable":true,"href":"https:\/\/tyyala.utu.fi\/prometheus\/wp-json\/wp\/v2\/comments?post=12"}],"version-history":[{"count":19,"href":"https:\/\/tyyala.utu.fi\/prometheus\/wp-json\/wp\/v2\/pages\/12\/revisions"}],"predecessor-version":[{"id":2064,"href":"https:\/\/tyyala.utu.fi\/prometheus\/wp-json\/wp\/v2\/pages\/12\/revisions\/2064"}],"wp:attachment":[{"href":"https:\/\/tyyala.utu.fi\/prometheus\/wp-json\/wp\/v2\/media?parent=12"}],"curies":[{"name":"wp","href":"https:\/\/api.w.org\/{rel}","templated":true}]}}