{"id":11,"date":"2008-07-15T11:25:51","date_gmt":"2008-07-15T08:25:51","guid":{"rendered":"http:\/\/org.utu.fi:80\/tyyala\/prometheus\/?page_id=11"},"modified":"2017-05-25T00:24:52","modified_gmt":"2017-05-24T22:24:52","slug":"toiminta","status":"publish","type":"page","link":"https:\/\/tyyala.utu.fi\/prometheus\/tietoa\/toiminta\/","title":{"rendered":"Toiminta"},"content":{"rendered":"<p>Prometheuksen vapaa-ajantoiminnan n\u00e4kyvimm\u00e4n osan muodostavat erilaiset<strong> juhlat<\/strong>. Niist\u00e4 keskeisimpi\u00e4 ovat <strong>vapun<\/strong> ja muiden yleisten opiskelijarientojen lis\u00e4ksi perinteiset <strong>m\u00f6kkiretket<\/strong> ja <strong>mannusjuhla<\/strong>, naamiaisten merkeiss\u00e4 juhlistettava &#8220;maaliskuinen juhannus&#8221;. Vaikka perinteiset juhlat rytmitt\u00e4v\u00e4t mukavasti lukuvuotta, k\u00e4yt\u00e4nn\u00f6ss\u00e4 muutamme arjen juhlaksi my\u00f6s aina kun silt\u00e4 tuntuu.<\/p>\n<p>Toisaalta promelaiset tapaavat my\u00f6s viett\u00e4\u00e4 laatuaikaa <strong>lautapeli- ja elokuvailtojen<\/strong> sek\u00e4 mutkattoman hengailun merkeiss\u00e4. Ulkopelikautena pelaamme pelej\u00e4 <strong>jalkapallosta huispaukseen<\/strong>, ja kev\u00e4isin Prometheuksen edustusjoukkue kohtaa muut taiteiden tutkimuksen laitoksen ainej\u00e4rjest\u00f6t viihteellisess\u00e4 <strong>TaiteCupissa<\/strong>. Virkistyst\u00e4 \u00a0ja vatsant\u00e4ytett\u00e4 opiskelijan arkeen tuovat <strong>vohvelip\u00e4ivystykset<\/strong>, ja promelaisista saa my\u00f6s s\u00e4\u00e4nn\u00f6llisesti seuraa Yliopistoliikunnan ryhm\u00e4liikuntatunneille.<\/p>\n<p>Erilaiset <strong>kulttuurimenot<\/strong> kuuluvat oleellisesti Prometheuksen vapaa-ajantoimintaan. Teemme retki\u00e4<strong> teatteriin, konsertteihin, gallerioihin, elokuviin<\/strong> ja<strong> tapahtumiin<\/strong> niin Turkuun kuin kauemmaksikin \u2013 sinne, mihin kiinnostusta on.<\/p>\n<p>Promen toimintaa suunnitellaan\u00a0kahdesti kuussa <strong>hallituksen kokouksissa<\/strong>, jotka nimest\u00e4\u00e4n huolimatta ovat <strong>kaikille promelaisille avoimia<\/strong> leppoisia organisaatiotuokioita. Jos sinulla on ideoita siit\u00e4, mit\u00e4 meid\u00e4n pit\u00e4isi yhdess\u00e4 tehd\u00e4, kokoukseen saapuminen on paras v\u00e4yl\u00e4 niiden julki tuomiseen \u2013 ja hyv\u00e4 keino pysy\u00e4 meiningeiss\u00e4 mukana.<\/p>\n<p><strong>Miksi Prometheuksen toimintaan kannattaa osallistua?<\/strong> Yliopisto on iso paikka pienelle opiskelijalle, liian iso kenenk\u00e4\u00e4n viiteryhm\u00e4ksi. Prometheuksen kaltaiset ainej\u00e4rjest\u00f6t ovat useimpien opiskelijoiden l\u00e4himpi\u00e4 yhteis\u00f6j\u00e4 yliopistomaailmassa \u2013 se porukka, josta l\u00f6ytyv\u00e4t kaverit luennoille, piknikille ja baariin. Prometheuksen toiminnan kautta p\u00e4\u00e4set viett\u00e4m\u00e4\u00e4n opiskeluvuosiasi mit\u00e4 mainioimmassa seurassa, yhdess\u00e4 tehden ja el\u00e4m\u00e4\u00e4 ihmetellen.<\/p>\n<p>Seuraa tiedotusta, rohkaise mielesi ja tule mukaan!<\/p>\n","protected":false},"excerpt":{"rendered":"<p>Prometheuksen vapaa-ajantoiminnan n\u00e4kyvimm\u00e4n osan muodostavat erilaiset juhlat. Niist\u00e4 keskeisimpi\u00e4 ovat vapun ja muiden yleisten opiskelijarientojen lis\u00e4ksi perinteiset m\u00f6kkiretket ja mannusjuhla, naamiaisten merkeiss\u00e4 juhlistettava &#8220;maaliskuinen juhannus&#8221;. Vaikka perinteiset juhlat rytmitt\u00e4v\u00e4t mukavasti lukuvuotta, k\u00e4yt\u00e4nn\u00f6ss\u00e4 muutamme arjen juhlaksi my\u00f6s aina kun silt\u00e4 tuntuu. Toisaalta promelaiset tapaavat my\u00f6s viett\u00e4\u00e4 laatuaikaa lautapeli- ja elokuvailtojen sek\u00e4 mutkattoman hengailun merkeiss\u00e4. Ulkopelikautena pelaamme [&hellip;]<\/p>\n","protected":false},"author":274,"featured_media":0,"parent":8,"menu_order":2,"comment_status":"closed","ping_status":"closed","template":"","meta":{"_mc_calendar":[],"footnotes":""},"class_list":["post-11","page","type-page","status-publish","hentry","post-preview"],"_links":{"self":[{"href":"https:\/\/tyyala.utu.fi\/prometheus\/wp-json\/wp\/v2\/pages\/11","targetHints":{"allow":["GET"]}}],"collection":[{"href":"https:\/\/tyyala.utu.fi\/prometheus\/wp-json\/wp\/v2\/pages"}],"about":[{"href":"https:\/\/tyyala.utu.fi\/prometheus\/wp-json\/wp\/v2\/types\/page"}],"author":[{"embeddable":true,"href":"https:\/\/tyyala.utu.fi\/prometheus\/wp-json\/wp\/v2\/users\/274"}],"replies":[{"embeddable":true,"href":"https:\/\/tyyala.utu.fi\/prometheus\/wp-json\/wp\/v2\/comments?post=11"}],"version-history":[{"count":5,"href":"https:\/\/tyyala.utu.fi\/prometheus\/wp-json\/wp\/v2\/pages\/11\/revisions"}],"predecessor-version":[{"id":1590,"href":"https:\/\/tyyala.utu.fi\/prometheus\/wp-json\/wp\/v2\/pages\/11\/revisions\/1590"}],"up":[{"embeddable":true,"href":"https:\/\/tyyala.utu.fi\/prometheus\/wp-json\/wp\/v2\/pages\/8"}],"wp:attachment":[{"href":"https:\/\/tyyala.utu.fi\/prometheus\/wp-json\/wp\/v2\/media?parent=11"}],"curies":[{"name":"wp","href":"https:\/\/api.w.org\/{rel}","templated":true}]}}