{"id":10,"date":"2008-07-15T11:14:44","date_gmt":"2008-07-15T08:14:44","guid":{"rendered":"http:\/\/org.utu.fi:80\/tyyala\/prometheus\/?page_id=10"},"modified":"2020-03-10T20:29:59","modified_gmt":"2020-03-10T18:29:59","slug":"asiakirjoja","status":"publish","type":"page","link":"https:\/\/tyyala.utu.fi\/prometheus\/tietoa\/asiakirjoja\/","title":{"rendered":"Asiakirjoja"},"content":{"rendered":"<h3>Kauden 2020 asiakirjat<\/h3>\n<p>Ainej\u00e4rjest\u00f6n ja sen hallituksen toimintaa ohjaavat yht\u00e4\u00e4lt\u00e4 yhdistyksen viralliset s\u00e4\u00e4nn\u00f6t, toisaalta aina hallituskauden alussa laadittava toimintasuunnitelma. Yhdistyksen mennyt toiminta ja tekemiset selvi\u00e4v\u00e4t puolestaan k\u00e4tevimmin toimintakertomuksesta. N\u00e4m\u00e4 asiakirjat ovat hy\u00f6dyllist\u00e4 luettavaa kaikille, jotka haluavat ymm\u00e4rt\u00e4\u00e4 Promen toimintaa yhdistyksen\u00e4.<\/p>\n<ul>\n<li>Prometheuksen <a href=\"https:\/\/drive.google.com\/open?id=0B3MeK240qq-CaHJTNklVRy1ZU1E\">s\u00e4\u00e4nn\u00f6t<\/a><\/li>\n<li>Vuoden 2020 <a href=\"https:\/\/drive.google.com\/open?id=1eAtVM3s8u0p-u8n-s-IhGG0kQDyA1cgA\">toimintasuunnitelma<\/a>. Vuoden 2020 talousarvio.<\/li>\n<\/ul>\n<p><strong>Vanhoja asiakirjoja<\/strong><\/p>\n<ul>\n<li>Vuoden 2019 <a href=\"https:\/\/drive.google.com\/file\/d\/1pW0k4z-JNX9SKcbyPlq40T2sJP4SflFJ\/view?usp=sharing\">toimintasuunnitelma<\/a> sek\u00e4 vuoden 2019 alkuper\u00e4inen <a href=\"https:\/\/drive.google.com\/file\/d\/1YUkapB9Seo9cJyn-Im-V1pNcjBN8-40E\/view?usp=sharing\">talousarvio<\/a>. Yhdistyksen kev\u00e4tkokouksessa 26.3.2019 <a href=\"https:\/\/drive.google.com\/file\/d\/1E12LkZZ68C2WFhbajEUCX6kLkGp4Lxd6\/view?usp=sharing\">muokattu talousarvio<\/a>. Yhdistyksen ylim\u00e4\u00e4r\u00e4isess\u00e4 kokouksessa 1.10.2019 <a href=\"https:\/\/drive.google.com\/file\/d\/1NKCxv-VXn7NATykJvudsNaAIEjPpH1op\/view?usp=sharing\">muokattu talousarvio<\/a>.<\/li>\n<li><a href=\"https:\/\/drive.google.com\/file\/d\/0B3MeK240qq-CalpneGNrZlA5REU\/view?usp=sharing\">Vuoden 2017 toimintasuunnitelma<\/a> sek\u00e4 <a href=\"https:\/\/drive.google.com\/file\/d\/0B3MeK240qq-CM0pqTm1oNWZ2Tzg\/view?usp=sharing\">vuoden 2017 talousarvio<\/a><\/li>\n<li><a href=\"https:\/\/drive.google.com\/file\/d\/0B3MeK240qq-CdVdER1k0YmlDWEE\/view?usp=sharing\">Vuoden 2016 toimintasuunnitelma<\/a> sek\u00e4\u00a0<a href=\"https:\/\/drive.google.com\/file\/d\/0B3MeK240qq-CQklidEhQSFhfaUU\/view?usp=sharing\">vuoden 2016 talousarvio<\/a><\/li>\n<li><a title=\"Vuoden 2015 toimintasuunnitelma\" href=\"https:\/\/app.box.com\/s\/qg2lf0qy7dthg80glxkqy4rh4csw6xbk\" target=\"_blank\" rel=\"noopener noreferrer\">Vuoden 2015 toimintasuunnitelma<\/a> sek\u00e4 <a title=\"vuoden 2015 talousarvio\" href=\"https:\/\/app.box.com\/s\/o6mkmxg0ixggfxv0sodao3isfsqv9swd\" target=\"_blank\" rel=\"noopener noreferrer\">vuoden 2015 talousarvio<\/a><\/li>\n<\/ul>\n<h3><\/h3>\n","protected":false},"excerpt":{"rendered":"<p>Kauden 2020 asiakirjat Ainej\u00e4rjest\u00f6n ja sen hallituksen toimintaa ohjaavat yht\u00e4\u00e4lt\u00e4 yhdistyksen viralliset s\u00e4\u00e4nn\u00f6t, toisaalta aina hallituskauden alussa laadittava toimintasuunnitelma. Yhdistyksen mennyt toiminta ja tekemiset selvi\u00e4v\u00e4t puolestaan k\u00e4tevimmin toimintakertomuksesta. N\u00e4m\u00e4 asiakirjat ovat hy\u00f6dyllist\u00e4 luettavaa kaikille, jotka haluavat ymm\u00e4rt\u00e4\u00e4 Promen toimintaa yhdistyksen\u00e4. Prometheuksen s\u00e4\u00e4nn\u00f6t Vuoden 2020 toimintasuunnitelma. Vuoden 2020 talousarvio. Vanhoja asiakirjoja Vuoden 2019 toimintasuunnitelma sek\u00e4 vuoden [&hellip;]<\/p>\n","protected":false},"author":274,"featured_media":0,"parent":8,"menu_order":0,"comment_status":"closed","ping_status":"closed","template":"","meta":{"_mc_calendar":[],"footnotes":""},"class_list":["post-10","page","type-page","status-publish","hentry","post-preview"],"_links":{"self":[{"href":"https:\/\/tyyala.utu.fi\/prometheus\/wp-json\/wp\/v2\/pages\/10","targetHints":{"allow":["GET"]}}],"collection":[{"href":"https:\/\/tyyala.utu.fi\/prometheus\/wp-json\/wp\/v2\/pages"}],"about":[{"href":"https:\/\/tyyala.utu.fi\/prometheus\/wp-json\/wp\/v2\/types\/page"}],"author":[{"embeddable":true,"href":"https:\/\/tyyala.utu.fi\/prometheus\/wp-json\/wp\/v2\/users\/274"}],"replies":[{"embeddable":true,"href":"https:\/\/tyyala.utu.fi\/prometheus\/wp-json\/wp\/v2\/comments?post=10"}],"version-history":[{"count":74,"href":"https:\/\/tyyala.utu.fi\/prometheus\/wp-json\/wp\/v2\/pages\/10\/revisions"}],"predecessor-version":[{"id":2079,"href":"https:\/\/tyyala.utu.fi\/prometheus\/wp-json\/wp\/v2\/pages\/10\/revisions\/2079"}],"up":[{"embeddable":true,"href":"https:\/\/tyyala.utu.fi\/prometheus\/wp-json\/wp\/v2\/pages\/8"}],"wp:attachment":[{"href":"https:\/\/tyyala.utu.fi\/prometheus\/wp-json\/wp\/v2\/media?parent=10"}],"curies":[{"name":"wp","href":"https:\/\/api.w.org\/{rel}","templated":true}]}}